{"id":997599,"date":"2025-01-21T15:12:23","date_gmt":"2025-01-21T14:12:23","guid":{"rendered":"https:\/\/inoar.no\/?post_type=product&#038;p=997599"},"modified":"2025-01-21T15:13:13","modified_gmt":"2025-01-21T14:13:13","slug":"997599","status":"publish","type":"product","link":"https:\/\/inoar.no\/en\/product\/997599\/","title":{"rendered":"INOAR Botanic Oil + Argan oil"},"content":{"rendered":"<div class=\"vgblk-rw-wrapper limit-wrapper\">De verdenskjente aktive ingrediensene i arganoljen skaper eksepsjonell glans, gjenoppretter h\u00e5rets naturlige skj\u00f8nnhet og beskytter h\u00e5ret mot skader. Det er en eliksir for gjenoppretting av h\u00e5r og for \u00e5 f\u00e5 h\u00e5ret til \u00e5 se s<span class=\"readmore_text\">unt ut. Arganolje er et flott alternativ til saks for \u00e5 bekjempe t\u00f8rre h\u00e5rtupper.<\/span><\/p>\n<p>H\u00e5rolje for alle h\u00e5rtyper, styrker h\u00e5rstrukturen, hindrer splittede tupper, hjelper h\u00e5ret med \u00e5 n\u00e5 \u00f8nsket lengde raskere, fremmer h\u00e5rvekst. INOAR Botanic olje n\u00e6rer og styrker h\u00e5rstr\u00e5ene, gir mykhet, glatthet, intens glans, og gj\u00f8r det enklere \u00e5 gre ut h\u00e5ret.<\/p>\n<p>Ricinusolje \u2013 en naturlig ingrediens som fremmer h\u00e5rvekst, med antioksidative egenskaper og rik p\u00e5 linolsyre, Omega 6, Omega 9, vitamin E og mineraler.<\/p><\/div>\n<p><!-- .vgblk-rw-wrapper --><\/p>","protected":false},"excerpt":{"rendered":"<p>De verdenskjente aktive ingrediensene i arganoljen skaper eksepsjonell glans, gjenoppretter h\u00e5rets naturlige skj\u00f8nnhet og beskytter h\u00e5ret mot skader. Det er en eliksir for gjenoppretting av h\u00e5r og for \u00e5 f\u00e5 h\u00e5ret til \u00e5 se sunt ut. Arganolje er et flott alternativ til saks for \u00e5 bekjempe t\u00f8rre h\u00e5rtupper. H\u00e5rolje for alle h\u00e5rtyper, styrker h\u00e5rstrukturen, hindrer&#8230;<\/p>","protected":false},"featured_media":997600,"comment_status":"open","ping_status":"closed","template":"","meta":[],"product_brand":[],"product_cat":[106,151,156,152,163],"product_tag":[],"class_list":{"0":"post-997599","1":"product","2":"type-product","3":"status-publish","4":"has-post-thumbnail","6":"product_cat-argan-oil","7":"product_cat-for-hodebunnspleie","8":"product_cat-for-normalt-har","9":"product_cat-for-skadet-har","10":"product_cat-harolje","12":"first","13":"instock","14":"sale","15":"shipping-taxable","16":"purchasable","17":"product-type-simple"},"yoast_head":"<!-- This site is optimized with the Yoast SEO plugin v27.1.1 - https:\/\/yoast.com\/product\/yoast-seo-wordpress\/ -->\n<title>INOAR Botanic Oil + Argan oil - INOAR - H\u00e5rpleiespesialist<\/title>\n<meta name=\"robots\" content=\"index, follow, max-snippet:-1, max-image-preview:large, max-video-preview:-1\" \/>\n<link rel=\"canonical\" href=\"https:\/\/inoar.no\/en\/product\/997599\/\" \/>\n<meta property=\"og:locale\" content=\"en_US\" \/>\n<meta property=\"og:type\" content=\"article\" \/>\n<meta property=\"og:title\" content=\"INOAR Botanic Oil + Argan oil - INOAR - H\u00e5rpleiespesialist\" \/>\n<meta property=\"og:description\" content=\"De verdenskjente aktive ingrediensene i arganoljen skaper eksepsjonell glans, gjenoppretter h\u00e5rets naturlige skj\u00f8nnhet og beskytter h\u00e5ret mot skader. Det er en eliksir for gjenoppretting av h\u00e5r og for \u00e5 f\u00e5 h\u00e5ret til \u00e5 se sunt ut. Arganolje er et flott alternativ til saks for \u00e5 bekjempe t\u00f8rre h\u00e5rtupper. H\u00e5rolje for alle h\u00e5rtyper, styrker h\u00e5rstrukturen, hindrer...\" \/>\n<meta property=\"og:url\" content=\"https:\/\/inoar.no\/en\/product\/997599\/\" \/>\n<meta property=\"og:site_name\" content=\"INOAR - H\u00e5rpleiespesialist\" \/>\n<meta property=\"article:modified_time\" content=\"2025-01-21T14:13:13+00:00\" \/>\n<meta property=\"og:image\" content=\"https:\/\/inoar.no\/wp-content\/uploads\/2025\/01\/215-.png.jpeg\" \/>\n\t<meta property=\"og:image:width\" content=\"1080\" \/>\n\t<meta property=\"og:image:height\" content=\"1655\" \/>\n\t<meta property=\"og:image:type\" content=\"image\/jpeg\" \/>\n<meta name=\"twitter:card\" content=\"summary_large_image\" \/>\n<meta name=\"twitter:label1\" content=\"Est. reading time\" \/>\n\t<meta name=\"twitter:data1\" content=\"1 minute\" \/>\n<script type=\"application\/ld+json\" class=\"yoast-schema-graph\">{\"@context\":\"https:\/\/schema.org\",\"@graph\":[{\"@type\":\"WebPage\",\"@id\":\"https:\/\/inoar.no\/product\/997599\/\",\"url\":\"https:\/\/inoar.no\/product\/997599\/\",\"name\":\"INOAR Botanic Oil + Argan oil - INOAR - H\u00e5rpleiespesialist\",\"isPartOf\":{\"@id\":\"https:\/\/inoar.no\/#website\"},\"primaryImageOfPage\":{\"@id\":\"https:\/\/inoar.no\/product\/997599\/#primaryimage\"},\"image\":{\"@id\":\"https:\/\/inoar.no\/product\/997599\/#primaryimage\"},\"thumbnailUrl\":\"https:\/\/inoar.no\/wp-content\/uploads\/2025\/01\/215-.png.jpeg\",\"datePublished\":\"2025-01-21T14:12:23+00:00\",\"dateModified\":\"2025-01-21T14:13:13+00:00\",\"breadcrumb\":{\"@id\":\"https:\/\/inoar.no\/product\/997599\/#breadcrumb\"},\"inLanguage\":\"en-US\",\"potentialAction\":[{\"@type\":\"ReadAction\",\"target\":[\"https:\/\/inoar.no\/product\/997599\/\"]}]},{\"@type\":\"ImageObject\",\"inLanguage\":\"en-US\",\"@id\":\"https:\/\/inoar.no\/product\/997599\/#primaryimage\",\"url\":\"https:\/\/inoar.no\/wp-content\/uploads\/2025\/01\/215-.png.jpeg\",\"contentUrl\":\"https:\/\/inoar.no\/wp-content\/uploads\/2025\/01\/215-.png.jpeg\",\"width\":1080,\"height\":1655},{\"@type\":\"BreadcrumbList\",\"@id\":\"https:\/\/inoar.no\/product\/997599\/#breadcrumb\",\"itemListElement\":[{\"@type\":\"ListItem\",\"position\":1,\"name\":\"Home\",\"item\":\"https:\/\/inoar.no\/\"},{\"@type\":\"ListItem\",\"position\":2,\"name\":\"Butikk\",\"item\":\"https:\/\/inoar.no\/butikk\/\"},{\"@type\":\"ListItem\",\"position\":3,\"name\":\"INOAR Botanic Oil + Argan oil\"}]},{\"@type\":\"WebSite\",\"@id\":\"https:\/\/inoar.no\/#website\",\"url\":\"https:\/\/inoar.no\/\",\"name\":\"INOAR - H\u00e5rpleiespesialist\",\"description\":\"H\u00e5rpleiespesialist\",\"publisher\":{\"@id\":\"https:\/\/inoar.no\/#organization\"},\"potentialAction\":[{\"@type\":\"SearchAction\",\"target\":{\"@type\":\"EntryPoint\",\"urlTemplate\":\"https:\/\/inoar.no\/?s={search_term_string}\"},\"query-input\":{\"@type\":\"PropertyValueSpecification\",\"valueRequired\":true,\"valueName\":\"search_term_string\"}}],\"inLanguage\":\"en-US\"},{\"@type\":\"Organization\",\"@id\":\"https:\/\/inoar.no\/#organization\",\"name\":\"INOAR - H\u00e5rpleiespesialist\",\"url\":\"https:\/\/inoar.no\/\",\"logo\":{\"@type\":\"ImageObject\",\"inLanguage\":\"en-US\",\"@id\":\"https:\/\/inoar.no\/#\/schema\/logo\/image\/\",\"url\":\"https:\/\/inoar.no\/wp-content\/uploads\/2022\/03\/favicon.png\",\"contentUrl\":\"https:\/\/inoar.no\/wp-content\/uploads\/2022\/03\/favicon.png\",\"width\":512,\"height\":512,\"caption\":\"INOAR - H\u00e5rpleiespesialist\"},\"image\":{\"@id\":\"https:\/\/inoar.no\/#\/schema\/logo\/image\/\"}}]}<\/script>\n<!-- \/ Yoast SEO plugin. -->","yoast_head_json":{"title":"INOAR Botanic Oil + Argan oil - INOAR - H\u00e5rpleiespesialist","robots":{"index":"index","follow":"follow","max-snippet":"max-snippet:-1","max-image-preview":"max-image-preview:large","max-video-preview":"max-video-preview:-1"},"canonical":"https:\/\/inoar.no\/en\/product\/997599\/","og_locale":"en_US","og_type":"article","og_title":"INOAR Botanic Oil + Argan oil - INOAR - H\u00e5rpleiespesialist","og_description":"De verdenskjente aktive ingrediensene i arganoljen skaper eksepsjonell glans, gjenoppretter h\u00e5rets naturlige skj\u00f8nnhet og beskytter h\u00e5ret mot skader. Det er en eliksir for gjenoppretting av h\u00e5r og for \u00e5 f\u00e5 h\u00e5ret til \u00e5 se sunt ut. Arganolje er et flott alternativ til saks for \u00e5 bekjempe t\u00f8rre h\u00e5rtupper. H\u00e5rolje for alle h\u00e5rtyper, styrker h\u00e5rstrukturen, hindrer...","og_url":"https:\/\/inoar.no\/en\/product\/997599\/","og_site_name":"INOAR - H\u00e5rpleiespesialist","article_modified_time":"2025-01-21T14:13:13+00:00","og_image":[{"width":1080,"height":1655,"url":"https:\/\/inoar.no\/wp-content\/uploads\/2025\/01\/215-.png.jpeg","type":"image\/jpeg"}],"twitter_card":"summary_large_image","twitter_misc":{"Est. reading time":"1 minute"},"schema":{"@context":"https:\/\/schema.org","@graph":[{"@type":"WebPage","@id":"https:\/\/inoar.no\/product\/997599\/","url":"https:\/\/inoar.no\/product\/997599\/","name":"INOAR Botanic Oil + Argan oil - INOAR - H\u00e5rpleiespesialist","isPartOf":{"@id":"https:\/\/inoar.no\/#website"},"primaryImageOfPage":{"@id":"https:\/\/inoar.no\/product\/997599\/#primaryimage"},"image":{"@id":"https:\/\/inoar.no\/product\/997599\/#primaryimage"},"thumbnailUrl":"https:\/\/inoar.no\/wp-content\/uploads\/2025\/01\/215-.png.jpeg","datePublished":"2025-01-21T14:12:23+00:00","dateModified":"2025-01-21T14:13:13+00:00","breadcrumb":{"@id":"https:\/\/inoar.no\/product\/997599\/#breadcrumb"},"inLanguage":"en-US","potentialAction":[{"@type":"ReadAction","target":["https:\/\/inoar.no\/product\/997599\/"]}]},{"@type":"ImageObject","inLanguage":"en-US","@id":"https:\/\/inoar.no\/product\/997599\/#primaryimage","url":"https:\/\/inoar.no\/wp-content\/uploads\/2025\/01\/215-.png.jpeg","contentUrl":"https:\/\/inoar.no\/wp-content\/uploads\/2025\/01\/215-.png.jpeg","width":1080,"height":1655},{"@type":"BreadcrumbList","@id":"https:\/\/inoar.no\/product\/997599\/#breadcrumb","itemListElement":[{"@type":"ListItem","position":1,"name":"Home","item":"https:\/\/inoar.no\/"},{"@type":"ListItem","position":2,"name":"Butikk","item":"https:\/\/inoar.no\/butikk\/"},{"@type":"ListItem","position":3,"name":"INOAR Botanic Oil + Argan oil"}]},{"@type":"WebSite","@id":"https:\/\/inoar.no\/#website","url":"https:\/\/inoar.no\/","name":"INOAR - H\u00e5rpleiespesialist","description":"H\u00e5rpleiespesialist","publisher":{"@id":"https:\/\/inoar.no\/#organization"},"potentialAction":[{"@type":"SearchAction","target":{"@type":"EntryPoint","urlTemplate":"https:\/\/inoar.no\/?s={search_term_string}"},"query-input":{"@type":"PropertyValueSpecification","valueRequired":true,"valueName":"search_term_string"}}],"inLanguage":"en-US"},{"@type":"Organization","@id":"https:\/\/inoar.no\/#organization","name":"INOAR - H\u00e5rpleiespesialist","url":"https:\/\/inoar.no\/","logo":{"@type":"ImageObject","inLanguage":"en-US","@id":"https:\/\/inoar.no\/#\/schema\/logo\/image\/","url":"https:\/\/inoar.no\/wp-content\/uploads\/2022\/03\/favicon.png","contentUrl":"https:\/\/inoar.no\/wp-content\/uploads\/2022\/03\/favicon.png","width":512,"height":512,"caption":"INOAR - H\u00e5rpleiespesialist"},"image":{"@id":"https:\/\/inoar.no\/#\/schema\/logo\/image\/"}}]}},"_links":{"self":[{"href":"https:\/\/inoar.no\/en\/wp-json\/wp\/v2\/product\/997599","targetHints":{"allow":["GET"]}}],"collection":[{"href":"https:\/\/inoar.no\/en\/wp-json\/wp\/v2\/product"}],"about":[{"href":"https:\/\/inoar.no\/en\/wp-json\/wp\/v2\/types\/product"}],"replies":[{"embeddable":true,"href":"https:\/\/inoar.no\/en\/wp-json\/wp\/v2\/comments?post=997599"}],"version-history":[{"count":2,"href":"https:\/\/inoar.no\/en\/wp-json\/wp\/v2\/product\/997599\/revisions"}],"predecessor-version":[{"id":997602,"href":"https:\/\/inoar.no\/en\/wp-json\/wp\/v2\/product\/997599\/revisions\/997602"}],"wp:featuredmedia":[{"embeddable":true,"href":"https:\/\/inoar.no\/en\/wp-json\/wp\/v2\/media\/997600"}],"wp:attachment":[{"href":"https:\/\/inoar.no\/en\/wp-json\/wp\/v2\/media?parent=997599"}],"wp:term":[{"taxonomy":"product_brand","embeddable":true,"href":"https:\/\/inoar.no\/en\/wp-json\/wp\/v2\/product_brand?post=997599"},{"taxonomy":"product_cat","embeddable":true,"href":"https:\/\/inoar.no\/en\/wp-json\/wp\/v2\/product_cat?post=997599"},{"taxonomy":"product_tag","embeddable":true,"href":"https:\/\/inoar.no\/en\/wp-json\/wp\/v2\/product_tag?post=997599"}],"curies":[{"name":"wp","href":"https:\/\/api.w.org\/{rel}","templated":true}]}}