{"id":990964,"date":"2024-03-25T15:23:08","date_gmt":"2024-03-25T14:23:08","guid":{"rendered":"https:\/\/inoar.no\/?post_type=product&#038;p=990964"},"modified":"2025-05-15T21:04:56","modified_gmt":"2025-05-15T19:04:56","slug":"inoar-resistance-fibra-de-bambu-duo-kit-2x1000-ml","status":"publish","type":"product","link":"https:\/\/inoar.no\/en\/product\/inoar-resistance-fibra-de-bambu-duo-kit-2x1000-ml\/","title":{"rendered":"INOAR Resistance Fibra de Bambu Duo Kit 2&#215;1000 ml"},"content":{"rendered":"<div class=\"vgblk-rw-wrapper limit-wrapper\">Sjampo er for skadet h\u00e5r. INOAR Resistance Fibra de Bambu-sjampo styrker h\u00e5ret, skaper en eksepsjonell glans\u00a0\u00a0og forhindrer splitting av h\u00e5rtuppene. Produktet renser mildt uten \u00e5 tynge h\u00e5ret ned. Sjampoen er kjen<span class=\"readmore_text\">t for sine fuktighetsgivende egenskaper og egner seg best til \u00e5 glatte h\u00e5ret, redusere h\u00e5rtap og gj\u00f8re h\u00e5ret sterkere. Vegansk- og plantebasert-formell. Fri for petroleumsingredienser og fargestoffer. Ikke testet p\u00e5 dyr. Aktive ingredienser: bambus med sine fuktighetsgivende, n\u00e6rende og beskyttende egenskaper som gjenoppretter strukturen p\u00e5 h\u00e5rfibrene. Biotin (vitamin A) gj\u00f8r h\u00e5ret sterkere og fremmer h\u00e5rvekst, beskytter h\u00e5ret mot skader, splitting og beskytter mot skadelige milj\u00f8p\u00e5virkninger. Indikasjoner: for skadet h\u00e5r. Resultat: friskt, mykt og sterkt h\u00e5r fylt med glans. Bruk: masser en liten mengde sjampo i fuktig h\u00e5r. Skyll av. Gjenta om n\u00f8dvendig. Balsam er for skadet h\u00e5r. INOAR Resistance Fibra de Bamboo-balsam styrker h\u00e5ret, skaper en eksepsjonell glans og forhindrer at h\u00e5rtuppene splitter. Produktet tynger ikke h\u00e5ret ned. Balsamen beroliger h\u00e5ret, forbedrer glans og mykhet, og styrker h\u00e5rlagene. Vegansk- og plantebasert-formell. Fri for petroleumsingredienser og fargestoffer. Ikke testet p\u00e5 dyr.<\/span><\/div>\n<p><!-- .vgblk-rw-wrapper --><\/p>","protected":false},"excerpt":{"rendered":"<p>Sjampo er for skadet h\u00e5r. INOAR Resistance Fibra de Bambu-sjampo styrker h\u00e5ret, skaper en eksepsjonell glans\u00a0\u00a0og forhindrer splitting av h\u00e5rtuppene. Produktet renser mildt uten \u00e5 tynge h\u00e5ret ned. Sjampoen er kjent for sine fuktighetsgivende egenskaper og egner seg best til \u00e5 glatte h\u00e5ret, redusere h\u00e5rtap og gj\u00f8re h\u00e5ret sterkere. Vegansk- og plantebasert-formell. Fri for petroleumsingredienser&#8230;<\/p>","protected":false},"featured_media":990965,"comment_status":"open","ping_status":"closed","template":"","meta":[],"product_brand":[],"product_cat":[159,113,156,160,158],"product_tag":[],"class_list":{"0":"post-990964","1":"product","2":"type-product","3":"status-publish","4":"has-post-thumbnail","6":"product_cat-conditioner-og-balsam","7":"product_cat-fibra-de-bambu","8":"product_cat-for-normalt-har","9":"product_cat-harkur","10":"product_cat-sjampoo","12":"first","13":"outofstock","14":"shipping-taxable","15":"purchasable","16":"product-type-simple"},"yoast_head":"<!-- This site is optimized with the Yoast SEO plugin v27.1.1 - https:\/\/yoast.com\/product\/yoast-seo-wordpress\/ -->\n<title>INOAR Resistance Fibra de Bambu Duo Kit 2x1000 ml - INOAR - H\u00e5rpleiespesialist<\/title>\n<meta name=\"robots\" content=\"index, follow, max-snippet:-1, max-image-preview:large, max-video-preview:-1\" \/>\n<link rel=\"canonical\" href=\"https:\/\/inoar.no\/en\/product\/inoar-resistance-fibra-de-bambu-duo-kit-2x1000-ml\/\" \/>\n<meta property=\"og:locale\" content=\"en_US\" \/>\n<meta property=\"og:type\" content=\"article\" \/>\n<meta property=\"og:title\" content=\"INOAR Resistance Fibra de Bambu Duo Kit 2x1000 ml - INOAR - H\u00e5rpleiespesialist\" \/>\n<meta property=\"og:description\" content=\"Sjampo er for skadet h\u00e5r. INOAR Resistance Fibra de Bambu-sjampo styrker h\u00e5ret, skaper en eksepsjonell glans\u00a0\u00a0og forhindrer splitting av h\u00e5rtuppene. Produktet renser mildt uten \u00e5 tynge h\u00e5ret ned. Sjampoen er kjent for sine fuktighetsgivende egenskaper og egner seg best til \u00e5 glatte h\u00e5ret, redusere h\u00e5rtap og gj\u00f8re h\u00e5ret sterkere. Vegansk- og plantebasert-formell. Fri for petroleumsingredienser...\" \/>\n<meta property=\"og:url\" content=\"https:\/\/inoar.no\/en\/product\/inoar-resistance-fibra-de-bambu-duo-kit-2x1000-ml\/\" \/>\n<meta property=\"og:site_name\" content=\"INOAR - H\u00e5rpleiespesialist\" \/>\n<meta property=\"article:modified_time\" content=\"2025-05-15T19:04:56+00:00\" \/>\n<meta property=\"og:image\" content=\"https:\/\/inoar.no\/wp-content\/uploads\/2024\/03\/INOAR-Resistance-Fibra-de-Bambu-Duo-Kit.jpg\" \/>\n\t<meta property=\"og:image:width\" content=\"768\" \/>\n\t<meta property=\"og:image:height\" content=\"768\" \/>\n\t<meta property=\"og:image:type\" content=\"image\/jpeg\" \/>\n<meta name=\"twitter:card\" content=\"summary_large_image\" \/>\n<meta name=\"twitter:label1\" content=\"Est. reading time\" \/>\n\t<meta name=\"twitter:data1\" content=\"1 minute\" \/>\n<script type=\"application\/ld+json\" class=\"yoast-schema-graph\">{\"@context\":\"https:\/\/schema.org\",\"@graph\":[{\"@type\":\"WebPage\",\"@id\":\"https:\/\/inoar.no\/product\/inoar-resistance-fibra-de-bambu-duo-kit-2x1000-ml\/\",\"url\":\"https:\/\/inoar.no\/product\/inoar-resistance-fibra-de-bambu-duo-kit-2x1000-ml\/\",\"name\":\"INOAR Resistance Fibra de Bambu Duo Kit 2x1000 ml - INOAR - H\u00e5rpleiespesialist\",\"isPartOf\":{\"@id\":\"https:\/\/inoar.no\/#website\"},\"primaryImageOfPage\":{\"@id\":\"https:\/\/inoar.no\/product\/inoar-resistance-fibra-de-bambu-duo-kit-2x1000-ml\/#primaryimage\"},\"image\":{\"@id\":\"https:\/\/inoar.no\/product\/inoar-resistance-fibra-de-bambu-duo-kit-2x1000-ml\/#primaryimage\"},\"thumbnailUrl\":\"https:\/\/inoar.no\/wp-content\/uploads\/2024\/03\/INOAR-Resistance-Fibra-de-Bambu-Duo-Kit.jpg\",\"datePublished\":\"2024-03-25T14:23:08+00:00\",\"dateModified\":\"2025-05-15T19:04:56+00:00\",\"breadcrumb\":{\"@id\":\"https:\/\/inoar.no\/product\/inoar-resistance-fibra-de-bambu-duo-kit-2x1000-ml\/#breadcrumb\"},\"inLanguage\":\"en-US\",\"potentialAction\":[{\"@type\":\"ReadAction\",\"target\":[\"https:\/\/inoar.no\/product\/inoar-resistance-fibra-de-bambu-duo-kit-2x1000-ml\/\"]}]},{\"@type\":\"ImageObject\",\"inLanguage\":\"en-US\",\"@id\":\"https:\/\/inoar.no\/product\/inoar-resistance-fibra-de-bambu-duo-kit-2x1000-ml\/#primaryimage\",\"url\":\"https:\/\/inoar.no\/wp-content\/uploads\/2024\/03\/INOAR-Resistance-Fibra-de-Bambu-Duo-Kit.jpg\",\"contentUrl\":\"https:\/\/inoar.no\/wp-content\/uploads\/2024\/03\/INOAR-Resistance-Fibra-de-Bambu-Duo-Kit.jpg\",\"width\":768,\"height\":768},{\"@type\":\"BreadcrumbList\",\"@id\":\"https:\/\/inoar.no\/product\/inoar-resistance-fibra-de-bambu-duo-kit-2x1000-ml\/#breadcrumb\",\"itemListElement\":[{\"@type\":\"ListItem\",\"position\":1,\"name\":\"Home\",\"item\":\"https:\/\/inoar.no\/\"},{\"@type\":\"ListItem\",\"position\":2,\"name\":\"Butikk\",\"item\":\"https:\/\/inoar.no\/butikk\/\"},{\"@type\":\"ListItem\",\"position\":3,\"name\":\"INOAR Resistance Fibra de Bambu Duo Kit 2&#215;1000 ml\"}]},{\"@type\":\"WebSite\",\"@id\":\"https:\/\/inoar.no\/#website\",\"url\":\"https:\/\/inoar.no\/\",\"name\":\"INOAR - H\u00e5rpleiespesialist\",\"description\":\"H\u00e5rpleiespesialist\",\"publisher\":{\"@id\":\"https:\/\/inoar.no\/#organization\"},\"potentialAction\":[{\"@type\":\"SearchAction\",\"target\":{\"@type\":\"EntryPoint\",\"urlTemplate\":\"https:\/\/inoar.no\/?s={search_term_string}\"},\"query-input\":{\"@type\":\"PropertyValueSpecification\",\"valueRequired\":true,\"valueName\":\"search_term_string\"}}],\"inLanguage\":\"en-US\"},{\"@type\":\"Organization\",\"@id\":\"https:\/\/inoar.no\/#organization\",\"name\":\"INOAR - H\u00e5rpleiespesialist\",\"url\":\"https:\/\/inoar.no\/\",\"logo\":{\"@type\":\"ImageObject\",\"inLanguage\":\"en-US\",\"@id\":\"https:\/\/inoar.no\/#\/schema\/logo\/image\/\",\"url\":\"https:\/\/inoar.no\/wp-content\/uploads\/2022\/03\/favicon.png\",\"contentUrl\":\"https:\/\/inoar.no\/wp-content\/uploads\/2022\/03\/favicon.png\",\"width\":512,\"height\":512,\"caption\":\"INOAR - H\u00e5rpleiespesialist\"},\"image\":{\"@id\":\"https:\/\/inoar.no\/#\/schema\/logo\/image\/\"}}]}<\/script>\n<!-- \/ Yoast SEO plugin. -->","yoast_head_json":{"title":"INOAR Resistance Fibra de Bambu Duo Kit 2x1000 ml - INOAR - H\u00e5rpleiespesialist","robots":{"index":"index","follow":"follow","max-snippet":"max-snippet:-1","max-image-preview":"max-image-preview:large","max-video-preview":"max-video-preview:-1"},"canonical":"https:\/\/inoar.no\/en\/product\/inoar-resistance-fibra-de-bambu-duo-kit-2x1000-ml\/","og_locale":"en_US","og_type":"article","og_title":"INOAR Resistance Fibra de Bambu Duo Kit 2x1000 ml - INOAR - H\u00e5rpleiespesialist","og_description":"Sjampo er for skadet h\u00e5r. INOAR Resistance Fibra de Bambu-sjampo styrker h\u00e5ret, skaper en eksepsjonell glans\u00a0\u00a0og forhindrer splitting av h\u00e5rtuppene. Produktet renser mildt uten \u00e5 tynge h\u00e5ret ned. Sjampoen er kjent for sine fuktighetsgivende egenskaper og egner seg best til \u00e5 glatte h\u00e5ret, redusere h\u00e5rtap og gj\u00f8re h\u00e5ret sterkere. Vegansk- og plantebasert-formell. Fri for petroleumsingredienser...","og_url":"https:\/\/inoar.no\/en\/product\/inoar-resistance-fibra-de-bambu-duo-kit-2x1000-ml\/","og_site_name":"INOAR - H\u00e5rpleiespesialist","article_modified_time":"2025-05-15T19:04:56+00:00","og_image":[{"width":768,"height":768,"url":"https:\/\/inoar.no\/wp-content\/uploads\/2024\/03\/INOAR-Resistance-Fibra-de-Bambu-Duo-Kit.jpg","type":"image\/jpeg"}],"twitter_card":"summary_large_image","twitter_misc":{"Est. reading time":"1 minute"},"schema":{"@context":"https:\/\/schema.org","@graph":[{"@type":"WebPage","@id":"https:\/\/inoar.no\/product\/inoar-resistance-fibra-de-bambu-duo-kit-2x1000-ml\/","url":"https:\/\/inoar.no\/product\/inoar-resistance-fibra-de-bambu-duo-kit-2x1000-ml\/","name":"INOAR Resistance Fibra de Bambu Duo Kit 2x1000 ml - INOAR - H\u00e5rpleiespesialist","isPartOf":{"@id":"https:\/\/inoar.no\/#website"},"primaryImageOfPage":{"@id":"https:\/\/inoar.no\/product\/inoar-resistance-fibra-de-bambu-duo-kit-2x1000-ml\/#primaryimage"},"image":{"@id":"https:\/\/inoar.no\/product\/inoar-resistance-fibra-de-bambu-duo-kit-2x1000-ml\/#primaryimage"},"thumbnailUrl":"https:\/\/inoar.no\/wp-content\/uploads\/2024\/03\/INOAR-Resistance-Fibra-de-Bambu-Duo-Kit.jpg","datePublished":"2024-03-25T14:23:08+00:00","dateModified":"2025-05-15T19:04:56+00:00","breadcrumb":{"@id":"https:\/\/inoar.no\/product\/inoar-resistance-fibra-de-bambu-duo-kit-2x1000-ml\/#breadcrumb"},"inLanguage":"en-US","potentialAction":[{"@type":"ReadAction","target":["https:\/\/inoar.no\/product\/inoar-resistance-fibra-de-bambu-duo-kit-2x1000-ml\/"]}]},{"@type":"ImageObject","inLanguage":"en-US","@id":"https:\/\/inoar.no\/product\/inoar-resistance-fibra-de-bambu-duo-kit-2x1000-ml\/#primaryimage","url":"https:\/\/inoar.no\/wp-content\/uploads\/2024\/03\/INOAR-Resistance-Fibra-de-Bambu-Duo-Kit.jpg","contentUrl":"https:\/\/inoar.no\/wp-content\/uploads\/2024\/03\/INOAR-Resistance-Fibra-de-Bambu-Duo-Kit.jpg","width":768,"height":768},{"@type":"BreadcrumbList","@id":"https:\/\/inoar.no\/product\/inoar-resistance-fibra-de-bambu-duo-kit-2x1000-ml\/#breadcrumb","itemListElement":[{"@type":"ListItem","position":1,"name":"Home","item":"https:\/\/inoar.no\/"},{"@type":"ListItem","position":2,"name":"Butikk","item":"https:\/\/inoar.no\/butikk\/"},{"@type":"ListItem","position":3,"name":"INOAR Resistance Fibra de Bambu Duo Kit 2&#215;1000 ml"}]},{"@type":"WebSite","@id":"https:\/\/inoar.no\/#website","url":"https:\/\/inoar.no\/","name":"INOAR - H\u00e5rpleiespesialist","description":"H\u00e5rpleiespesialist","publisher":{"@id":"https:\/\/inoar.no\/#organization"},"potentialAction":[{"@type":"SearchAction","target":{"@type":"EntryPoint","urlTemplate":"https:\/\/inoar.no\/?s={search_term_string}"},"query-input":{"@type":"PropertyValueSpecification","valueRequired":true,"valueName":"search_term_string"}}],"inLanguage":"en-US"},{"@type":"Organization","@id":"https:\/\/inoar.no\/#organization","name":"INOAR - H\u00e5rpleiespesialist","url":"https:\/\/inoar.no\/","logo":{"@type":"ImageObject","inLanguage":"en-US","@id":"https:\/\/inoar.no\/#\/schema\/logo\/image\/","url":"https:\/\/inoar.no\/wp-content\/uploads\/2022\/03\/favicon.png","contentUrl":"https:\/\/inoar.no\/wp-content\/uploads\/2022\/03\/favicon.png","width":512,"height":512,"caption":"INOAR - H\u00e5rpleiespesialist"},"image":{"@id":"https:\/\/inoar.no\/#\/schema\/logo\/image\/"}}]}},"_links":{"self":[{"href":"https:\/\/inoar.no\/en\/wp-json\/wp\/v2\/product\/990964","targetHints":{"allow":["GET"]}}],"collection":[{"href":"https:\/\/inoar.no\/en\/wp-json\/wp\/v2\/product"}],"about":[{"href":"https:\/\/inoar.no\/en\/wp-json\/wp\/v2\/types\/product"}],"replies":[{"embeddable":true,"href":"https:\/\/inoar.no\/en\/wp-json\/wp\/v2\/comments?post=990964"}],"version-history":[{"count":2,"href":"https:\/\/inoar.no\/en\/wp-json\/wp\/v2\/product\/990964\/revisions"}],"predecessor-version":[{"id":990968,"href":"https:\/\/inoar.no\/en\/wp-json\/wp\/v2\/product\/990964\/revisions\/990968"}],"wp:featuredmedia":[{"embeddable":true,"href":"https:\/\/inoar.no\/en\/wp-json\/wp\/v2\/media\/990965"}],"wp:attachment":[{"href":"https:\/\/inoar.no\/en\/wp-json\/wp\/v2\/media?parent=990964"}],"wp:term":[{"taxonomy":"product_brand","embeddable":true,"href":"https:\/\/inoar.no\/en\/wp-json\/wp\/v2\/product_brand?post=990964"},{"taxonomy":"product_cat","embeddable":true,"href":"https:\/\/inoar.no\/en\/wp-json\/wp\/v2\/product_cat?post=990964"},{"taxonomy":"product_tag","embeddable":true,"href":"https:\/\/inoar.no\/en\/wp-json\/wp\/v2\/product_tag?post=990964"}],"curies":[{"name":"wp","href":"https:\/\/api.w.org\/{rel}","templated":true}]}}