{"id":990523,"date":"2023-08-27T15:26:36","date_gmt":"2023-08-27T13:26:36","guid":{"rendered":"https:\/\/inoar.no\/?post_type=product&#038;p=990523"},"modified":"2024-01-10T18:55:27","modified_gmt":"2024-01-10T17:55:27","slug":"inoar-botanic-oil-ricinusolje-30-ml","status":"publish","type":"product","link":"https:\/\/inoar.no\/en\/product\/inoar-botanic-oil-ricinusolje-30-ml\/","title":{"rendered":"INOAR Botanic Oil &#8211; ricinusolje, 30 ml"},"content":{"rendered":"<div class=\"vgblk-rw-wrapper limit-wrapper\">H\u00e5rolje for alle h\u00e5rtyper, styrker h\u00e5rstrukturen, hindrer splittede tupper, hjelper h\u00e5ret med \u00e5 n\u00e5 \u00f8nsket lengde raskere, fremmer h\u00e5rvekst. INOAR Botanic olje n\u00e6rer og styrker h\u00e5rstr\u00e5ene, gir mykhet, glatthet, intens glans, og gj\u00f8r det enklere \u00e5 gre ut h\u00e5ret.<\/p>\n<p>Ricinusolje &#8211; en naturlig ingrediens som fremmer h\u00e5rvekst, med antioksidative egenskaper og rik p\u00e5 linolsyre, Omega 6, Omega 9, vitamin E og mineraler.<\/p>\n<p>Ingen sulfater, plantebaserte produkter, vegansk sammensetning, ikke testet p\u00e5 dyr, resirkulerbar emballasje.<\/p>\n<p>Aktiv ingrediens: Ricinusolje<\/p>\n<p>Indikasjoner: For alle h\u00e5rtyper<\/p>\n<p>Bruk: Fordel noen dr\u00e5per i t\u00f8rt h\u00e5r over hele lengden, fokuser spesielt p\u00e5 de t\u00f8rreste omr\u00e5dene. Du kan massere h\u00e5roljen inn i hodebunnen og la den virke i noen minutter, deretter skyller du grundig med sjampo.<\/p><\/div>\n<p><!-- .vgblk-rw-wrapper --><\/p>","protected":false},"excerpt":{"rendered":"<p>H\u00e5rolje for alle h\u00e5rtyper, styrker h\u00e5rstrukturen, hindrer splittede tupper, hjelper h\u00e5ret med \u00e5 n\u00e5 \u00f8nsket lengde raskere, fremmer h\u00e5rvekst. INOAR Botanic olje n\u00e6rer og styrker h\u00e5rstr\u00e5ene, gir mykhet, glatthet, intens glans, og gj\u00f8r det enklere \u00e5 gre ut h\u00e5ret. Ricinusolje &#8211; en naturlig ingrediens som fremmer h\u00e5rvekst, med antioksidative egenskaper og rik p\u00e5 linolsyre, Omega&#8230;<\/p>","protected":false},"featured_media":990524,"comment_status":"open","ping_status":"closed","template":"","meta":[],"product_brand":[],"product_cat":[106,171,170,152,155,163],"product_tag":[],"class_list":{"0":"post-990523","1":"product","2":"type-product","3":"status-publish","4":"has-post-thumbnail","6":"product_cat-argan-oil","7":"product_cat-botanic-2","8":"product_cat-botanic","9":"product_cat-for-skadet-har","10":"product_cat-haret-skinner","11":"product_cat-harolje","13":"first","14":"instock","15":"shipping-taxable","16":"purchasable","17":"product-type-simple"},"yoast_head":"<!-- This site is optimized with the Yoast SEO plugin v27.1.1 - https:\/\/yoast.com\/product\/yoast-seo-wordpress\/ -->\n<title>INOAR Botanic Oil - ricinusolje, 30 ml - INOAR - H\u00e5rpleiespesialist<\/title>\n<meta name=\"robots\" content=\"index, follow, max-snippet:-1, max-image-preview:large, max-video-preview:-1\" \/>\n<link rel=\"canonical\" href=\"https:\/\/inoar.no\/en\/product\/inoar-botanic-oil-ricinusolje-30-ml\/\" \/>\n<meta property=\"og:locale\" content=\"en_US\" \/>\n<meta property=\"og:type\" content=\"article\" \/>\n<meta property=\"og:title\" content=\"INOAR Botanic Oil - ricinusolje, 30 ml - INOAR - H\u00e5rpleiespesialist\" \/>\n<meta property=\"og:description\" content=\"H\u00e5rolje for alle h\u00e5rtyper, styrker h\u00e5rstrukturen, hindrer splittede tupper, hjelper h\u00e5ret med \u00e5 n\u00e5 \u00f8nsket lengde raskere, fremmer h\u00e5rvekst. INOAR Botanic olje n\u00e6rer og styrker h\u00e5rstr\u00e5ene, gir mykhet, glatthet, intens glans, og gj\u00f8r det enklere \u00e5 gre ut h\u00e5ret. Ricinusolje &#8211; en naturlig ingrediens som fremmer h\u00e5rvekst, med antioksidative egenskaper og rik p\u00e5 linolsyre, Omega...\" \/>\n<meta property=\"og:url\" content=\"https:\/\/inoar.no\/en\/product\/inoar-botanic-oil-ricinusolje-30-ml\/\" \/>\n<meta property=\"og:site_name\" content=\"INOAR - H\u00e5rpleiespesialist\" \/>\n<meta property=\"article:modified_time\" content=\"2024-01-10T17:55:27+00:00\" \/>\n<meta property=\"og:image\" content=\"https:\/\/inoar.no\/wp-content\/uploads\/2023\/08\/7908124404984_FRONT.webp\" \/>\n\t<meta property=\"og:image:width\" content=\"1280\" \/>\n\t<meta property=\"og:image:height\" content=\"1280\" \/>\n\t<meta property=\"og:image:type\" content=\"image\/webp\" \/>\n<meta name=\"twitter:card\" content=\"summary_large_image\" \/>\n<meta name=\"twitter:label1\" content=\"Est. reading time\" \/>\n\t<meta name=\"twitter:data1\" content=\"1 minute\" \/>\n<script type=\"application\/ld+json\" class=\"yoast-schema-graph\">{\"@context\":\"https:\/\/schema.org\",\"@graph\":[{\"@type\":\"WebPage\",\"@id\":\"https:\/\/inoar.no\/product\/inoar-botanic-oil-ricinusolje-30-ml\/\",\"url\":\"https:\/\/inoar.no\/product\/inoar-botanic-oil-ricinusolje-30-ml\/\",\"name\":\"INOAR Botanic Oil - ricinusolje, 30 ml - INOAR - H\u00e5rpleiespesialist\",\"isPartOf\":{\"@id\":\"https:\/\/inoar.no\/#website\"},\"primaryImageOfPage\":{\"@id\":\"https:\/\/inoar.no\/product\/inoar-botanic-oil-ricinusolje-30-ml\/#primaryimage\"},\"image\":{\"@id\":\"https:\/\/inoar.no\/product\/inoar-botanic-oil-ricinusolje-30-ml\/#primaryimage\"},\"thumbnailUrl\":\"https:\/\/inoar.no\/wp-content\/uploads\/2023\/08\/7908124404984_FRONT.webp\",\"datePublished\":\"2023-08-27T13:26:36+00:00\",\"dateModified\":\"2024-01-10T17:55:27+00:00\",\"breadcrumb\":{\"@id\":\"https:\/\/inoar.no\/product\/inoar-botanic-oil-ricinusolje-30-ml\/#breadcrumb\"},\"inLanguage\":\"en-US\",\"potentialAction\":[{\"@type\":\"ReadAction\",\"target\":[\"https:\/\/inoar.no\/product\/inoar-botanic-oil-ricinusolje-30-ml\/\"]}]},{\"@type\":\"ImageObject\",\"inLanguage\":\"en-US\",\"@id\":\"https:\/\/inoar.no\/product\/inoar-botanic-oil-ricinusolje-30-ml\/#primaryimage\",\"url\":\"https:\/\/inoar.no\/wp-content\/uploads\/2023\/08\/7908124404984_FRONT.webp\",\"contentUrl\":\"https:\/\/inoar.no\/wp-content\/uploads\/2023\/08\/7908124404984_FRONT.webp\",\"width\":1280,\"height\":1280},{\"@type\":\"BreadcrumbList\",\"@id\":\"https:\/\/inoar.no\/product\/inoar-botanic-oil-ricinusolje-30-ml\/#breadcrumb\",\"itemListElement\":[{\"@type\":\"ListItem\",\"position\":1,\"name\":\"Home\",\"item\":\"https:\/\/inoar.no\/\"},{\"@type\":\"ListItem\",\"position\":2,\"name\":\"Butikk\",\"item\":\"https:\/\/inoar.no\/butikk\/\"},{\"@type\":\"ListItem\",\"position\":3,\"name\":\"INOAR Botanic Oil &#8211; ricinusolje, 30 ml\"}]},{\"@type\":\"WebSite\",\"@id\":\"https:\/\/inoar.no\/#website\",\"url\":\"https:\/\/inoar.no\/\",\"name\":\"INOAR - H\u00e5rpleiespesialist\",\"description\":\"H\u00e5rpleiespesialist\",\"publisher\":{\"@id\":\"https:\/\/inoar.no\/#organization\"},\"potentialAction\":[{\"@type\":\"SearchAction\",\"target\":{\"@type\":\"EntryPoint\",\"urlTemplate\":\"https:\/\/inoar.no\/?s={search_term_string}\"},\"query-input\":{\"@type\":\"PropertyValueSpecification\",\"valueRequired\":true,\"valueName\":\"search_term_string\"}}],\"inLanguage\":\"en-US\"},{\"@type\":\"Organization\",\"@id\":\"https:\/\/inoar.no\/#organization\",\"name\":\"INOAR - H\u00e5rpleiespesialist\",\"url\":\"https:\/\/inoar.no\/\",\"logo\":{\"@type\":\"ImageObject\",\"inLanguage\":\"en-US\",\"@id\":\"https:\/\/inoar.no\/#\/schema\/logo\/image\/\",\"url\":\"https:\/\/inoar.no\/wp-content\/uploads\/2022\/03\/favicon.png\",\"contentUrl\":\"https:\/\/inoar.no\/wp-content\/uploads\/2022\/03\/favicon.png\",\"width\":512,\"height\":512,\"caption\":\"INOAR - H\u00e5rpleiespesialist\"},\"image\":{\"@id\":\"https:\/\/inoar.no\/#\/schema\/logo\/image\/\"}}]}<\/script>\n<!-- \/ Yoast SEO plugin. -->","yoast_head_json":{"title":"INOAR Botanic Oil - ricinusolje, 30 ml - INOAR - H\u00e5rpleiespesialist","robots":{"index":"index","follow":"follow","max-snippet":"max-snippet:-1","max-image-preview":"max-image-preview:large","max-video-preview":"max-video-preview:-1"},"canonical":"https:\/\/inoar.no\/en\/product\/inoar-botanic-oil-ricinusolje-30-ml\/","og_locale":"en_US","og_type":"article","og_title":"INOAR Botanic Oil - ricinusolje, 30 ml - INOAR - H\u00e5rpleiespesialist","og_description":"H\u00e5rolje for alle h\u00e5rtyper, styrker h\u00e5rstrukturen, hindrer splittede tupper, hjelper h\u00e5ret med \u00e5 n\u00e5 \u00f8nsket lengde raskere, fremmer h\u00e5rvekst. INOAR Botanic olje n\u00e6rer og styrker h\u00e5rstr\u00e5ene, gir mykhet, glatthet, intens glans, og gj\u00f8r det enklere \u00e5 gre ut h\u00e5ret. Ricinusolje &#8211; en naturlig ingrediens som fremmer h\u00e5rvekst, med antioksidative egenskaper og rik p\u00e5 linolsyre, Omega...","og_url":"https:\/\/inoar.no\/en\/product\/inoar-botanic-oil-ricinusolje-30-ml\/","og_site_name":"INOAR - H\u00e5rpleiespesialist","article_modified_time":"2024-01-10T17:55:27+00:00","og_image":[{"width":1280,"height":1280,"url":"https:\/\/inoar.no\/wp-content\/uploads\/2023\/08\/7908124404984_FRONT.webp","type":"image\/webp"}],"twitter_card":"summary_large_image","twitter_misc":{"Est. reading time":"1 minute"},"schema":{"@context":"https:\/\/schema.org","@graph":[{"@type":"WebPage","@id":"https:\/\/inoar.no\/product\/inoar-botanic-oil-ricinusolje-30-ml\/","url":"https:\/\/inoar.no\/product\/inoar-botanic-oil-ricinusolje-30-ml\/","name":"INOAR Botanic Oil - ricinusolje, 30 ml - INOAR - H\u00e5rpleiespesialist","isPartOf":{"@id":"https:\/\/inoar.no\/#website"},"primaryImageOfPage":{"@id":"https:\/\/inoar.no\/product\/inoar-botanic-oil-ricinusolje-30-ml\/#primaryimage"},"image":{"@id":"https:\/\/inoar.no\/product\/inoar-botanic-oil-ricinusolje-30-ml\/#primaryimage"},"thumbnailUrl":"https:\/\/inoar.no\/wp-content\/uploads\/2023\/08\/7908124404984_FRONT.webp","datePublished":"2023-08-27T13:26:36+00:00","dateModified":"2024-01-10T17:55:27+00:00","breadcrumb":{"@id":"https:\/\/inoar.no\/product\/inoar-botanic-oil-ricinusolje-30-ml\/#breadcrumb"},"inLanguage":"en-US","potentialAction":[{"@type":"ReadAction","target":["https:\/\/inoar.no\/product\/inoar-botanic-oil-ricinusolje-30-ml\/"]}]},{"@type":"ImageObject","inLanguage":"en-US","@id":"https:\/\/inoar.no\/product\/inoar-botanic-oil-ricinusolje-30-ml\/#primaryimage","url":"https:\/\/inoar.no\/wp-content\/uploads\/2023\/08\/7908124404984_FRONT.webp","contentUrl":"https:\/\/inoar.no\/wp-content\/uploads\/2023\/08\/7908124404984_FRONT.webp","width":1280,"height":1280},{"@type":"BreadcrumbList","@id":"https:\/\/inoar.no\/product\/inoar-botanic-oil-ricinusolje-30-ml\/#breadcrumb","itemListElement":[{"@type":"ListItem","position":1,"name":"Home","item":"https:\/\/inoar.no\/"},{"@type":"ListItem","position":2,"name":"Butikk","item":"https:\/\/inoar.no\/butikk\/"},{"@type":"ListItem","position":3,"name":"INOAR Botanic Oil &#8211; ricinusolje, 30 ml"}]},{"@type":"WebSite","@id":"https:\/\/inoar.no\/#website","url":"https:\/\/inoar.no\/","name":"INOAR - H\u00e5rpleiespesialist","description":"H\u00e5rpleiespesialist","publisher":{"@id":"https:\/\/inoar.no\/#organization"},"potentialAction":[{"@type":"SearchAction","target":{"@type":"EntryPoint","urlTemplate":"https:\/\/inoar.no\/?s={search_term_string}"},"query-input":{"@type":"PropertyValueSpecification","valueRequired":true,"valueName":"search_term_string"}}],"inLanguage":"en-US"},{"@type":"Organization","@id":"https:\/\/inoar.no\/#organization","name":"INOAR - H\u00e5rpleiespesialist","url":"https:\/\/inoar.no\/","logo":{"@type":"ImageObject","inLanguage":"en-US","@id":"https:\/\/inoar.no\/#\/schema\/logo\/image\/","url":"https:\/\/inoar.no\/wp-content\/uploads\/2022\/03\/favicon.png","contentUrl":"https:\/\/inoar.no\/wp-content\/uploads\/2022\/03\/favicon.png","width":512,"height":512,"caption":"INOAR - H\u00e5rpleiespesialist"},"image":{"@id":"https:\/\/inoar.no\/#\/schema\/logo\/image\/"}}]}},"_links":{"self":[{"href":"https:\/\/inoar.no\/en\/wp-json\/wp\/v2\/product\/990523","targetHints":{"allow":["GET"]}}],"collection":[{"href":"https:\/\/inoar.no\/en\/wp-json\/wp\/v2\/product"}],"about":[{"href":"https:\/\/inoar.no\/en\/wp-json\/wp\/v2\/types\/product"}],"replies":[{"embeddable":true,"href":"https:\/\/inoar.no\/en\/wp-json\/wp\/v2\/comments?post=990523"}],"version-history":[{"count":1,"href":"https:\/\/inoar.no\/en\/wp-json\/wp\/v2\/product\/990523\/revisions"}],"predecessor-version":[{"id":990525,"href":"https:\/\/inoar.no\/en\/wp-json\/wp\/v2\/product\/990523\/revisions\/990525"}],"wp:featuredmedia":[{"embeddable":true,"href":"https:\/\/inoar.no\/en\/wp-json\/wp\/v2\/media\/990524"}],"wp:attachment":[{"href":"https:\/\/inoar.no\/en\/wp-json\/wp\/v2\/media?parent=990523"}],"wp:term":[{"taxonomy":"product_brand","embeddable":true,"href":"https:\/\/inoar.no\/en\/wp-json\/wp\/v2\/product_brand?post=990523"},{"taxonomy":"product_cat","embeddable":true,"href":"https:\/\/inoar.no\/en\/wp-json\/wp\/v2\/product_cat?post=990523"},{"taxonomy":"product_tag","embeddable":true,"href":"https:\/\/inoar.no\/en\/wp-json\/wp\/v2\/product_tag?post=990523"}],"curies":[{"name":"wp","href":"https:\/\/api.w.org\/{rel}","templated":true}]}}