{"id":990520,"date":"2023-08-27T14:06:19","date_gmt":"2023-08-27T12:06:19","guid":{"rendered":"https:\/\/inoar.no\/?post_type=product&#038;p=990520"},"modified":"2025-11-24T10:16:04","modified_gmt":"2025-11-24T09:16:04","slug":"inoar-rejutherapy-thermo-activated-leave-in-varmeaktivert-ikke-utskyllbar-balsam-200-ml","status":"publish","type":"product","link":"https:\/\/inoar.no\/en\/product\/inoar-rejutherapy-thermo-activated-leave-in-varmeaktivert-ikke-utskyllbar-balsam-200-ml\/","title":{"rendered":"INOAR Rejutherapy Thermo Activated Leave-in &#8211; varmeaktivert, ikke-utskyllbar balsam, 200 ml"},"content":{"rendered":"<div class=\"vgblk-rw-wrapper limit-wrapper\">INOAR Rejutherapy-serien har en eksklusiv 5G-teknologi som fyller ujevnheter p\u00e5 h\u00e5roverflaten, regenererer h\u00e5rstrukturen, forsegler h\u00e5rkutikulaen og \u00f8ker h\u00e5rets motstandskraft mot ytre p\u00e5virkninger.<\/p>\n<p>INOAR Rejutherapy Leave-in balsam er beriket med hyaluronsyre, sink, biotin og planteavledet kollagen. Produktet fyller sprekker p\u00e5 h\u00e5roverflaten, gjenoppretter skadede omr\u00e5der i h\u00e5ret, forsegler kutikulaen og \u00f8ker h\u00e5rets motstand mot ulike ytre skader. Dette produktet gir fantastiske resultater, h\u00e5ret blir mye mykere, fuktet og sterkere. Sprayes p\u00e5 v\u00e5tt, h\u00e5ndklet\u00f8rket h\u00e5r f\u00f8r du b\u00f8rster eller f\u00f8ner h\u00e5ret.<\/p>\n<p>Produktet aktiveres ved hjelp av varme, enten ved bruk av h\u00e5rf\u00f8ner eller rettetang.<\/p>\n<p>Indikasjoner: Passer utmerket for skadet, por\u00f8st og t\u00f8rt h\u00e5r.<\/p>\n<p>Aktive ingredienser: Hyaluronsyre, sink, biotin, planteavledet kollagen, Rejutherapy\u00ae-kompleks.<\/p>\n<p>Resultat: Styrkede, fuktige, glansfulle og sunne h\u00e5r.<\/p>\n<p>Bruk: Spray p\u00e5 v\u00e5tt, h\u00e5ndklet\u00f8rket h\u00e5r f\u00f8r du b\u00f8rster eller f\u00f8ner h\u00e5ret.<\/p><\/div>\n<p><!-- .vgblk-rw-wrapper --><\/p>","protected":false},"excerpt":{"rendered":"<p>INOAR Rejutherapy-serien har en eksklusiv 5G-teknologi som fyller ujevnheter p\u00e5 h\u00e5roverflaten, regenererer h\u00e5rstrukturen, forsegler h\u00e5rkutikulaen og \u00f8ker h\u00e5rets motstandskraft mot ytre p\u00e5virkninger. INOAR Rejutherapy Leave-in balsam er beriket med hyaluronsyre, sink, biotin og planteavledet kollagen. Produktet fyller sprekker p\u00e5 h\u00e5roverflaten, gjenoppretter skadede omr\u00e5der i h\u00e5ret, forsegler kutikulaen og \u00f8ker h\u00e5rets motstand mot ulike ytre skader&#8230;.<\/p>","protected":false},"featured_media":990521,"comment_status":"open","ping_status":"closed","template":"","meta":[],"product_brand":[],"product_cat":[15,152,155,169,162],"product_tag":[],"class_list":{"0":"post-990520","1":"product","2":"type-product","3":"status-publish","4":"has-post-thumbnail","6":"product_cat-uncategorised","7":"product_cat-for-skadet-har","8":"product_cat-haret-skinner","9":"product_cat-inoar-rejutherapy","10":"product_cat-leave-in","12":"first","13":"instock","14":"shipping-taxable","15":"purchasable","16":"product-type-simple"},"yoast_head":"<!-- This site is optimized with the Yoast SEO plugin v27.1.1 - https:\/\/yoast.com\/product\/yoast-seo-wordpress\/ -->\n<title>INOAR Rejutherapy Thermo Activated Leave-in - varmeaktivert, ikke-utskyllbar balsam, 200 ml - INOAR - H\u00e5rpleiespesialist<\/title>\n<meta name=\"robots\" content=\"index, follow, max-snippet:-1, max-image-preview:large, max-video-preview:-1\" \/>\n<link rel=\"canonical\" href=\"https:\/\/inoar.no\/en\/product\/inoar-rejutherapy-thermo-activated-leave-in-varmeaktivert-ikke-utskyllbar-balsam-200-ml\/\" \/>\n<meta property=\"og:locale\" content=\"en_US\" \/>\n<meta property=\"og:type\" content=\"article\" \/>\n<meta property=\"og:title\" content=\"INOAR Rejutherapy Thermo Activated Leave-in - varmeaktivert, ikke-utskyllbar balsam, 200 ml - INOAR - H\u00e5rpleiespesialist\" \/>\n<meta property=\"og:description\" content=\"INOAR Rejutherapy-serien har en eksklusiv 5G-teknologi som fyller ujevnheter p\u00e5 h\u00e5roverflaten, regenererer h\u00e5rstrukturen, forsegler h\u00e5rkutikulaen og \u00f8ker h\u00e5rets motstandskraft mot ytre p\u00e5virkninger. INOAR Rejutherapy Leave-in balsam er beriket med hyaluronsyre, sink, biotin og planteavledet kollagen. Produktet fyller sprekker p\u00e5 h\u00e5roverflaten, gjenoppretter skadede omr\u00e5der i h\u00e5ret, forsegler kutikulaen og \u00f8ker h\u00e5rets motstand mot ulike ytre skader....\" \/>\n<meta property=\"og:url\" content=\"https:\/\/inoar.no\/en\/product\/inoar-rejutherapy-thermo-activated-leave-in-varmeaktivert-ikke-utskyllbar-balsam-200-ml\/\" \/>\n<meta property=\"og:site_name\" content=\"INOAR - H\u00e5rpleiespesialist\" \/>\n<meta property=\"article:modified_time\" content=\"2025-11-24T09:16:04+00:00\" \/>\n<meta property=\"og:image\" content=\"https:\/\/inoar.no\/wp-content\/uploads\/2023\/08\/7908124405769_FRONT_1.webp\" \/>\n\t<meta property=\"og:image:width\" content=\"1280\" \/>\n\t<meta property=\"og:image:height\" content=\"1280\" \/>\n\t<meta property=\"og:image:type\" content=\"image\/webp\" \/>\n<meta name=\"twitter:card\" content=\"summary_large_image\" \/>\n<meta name=\"twitter:label1\" content=\"Est. reading time\" \/>\n\t<meta name=\"twitter:data1\" content=\"1 minute\" \/>\n<script type=\"application\/ld+json\" class=\"yoast-schema-graph\">{\"@context\":\"https:\/\/schema.org\",\"@graph\":[{\"@type\":\"WebPage\",\"@id\":\"https:\/\/inoar.no\/product\/inoar-rejutherapy-thermo-activated-leave-in-varmeaktivert-ikke-utskyllbar-balsam-200-ml\/\",\"url\":\"https:\/\/inoar.no\/product\/inoar-rejutherapy-thermo-activated-leave-in-varmeaktivert-ikke-utskyllbar-balsam-200-ml\/\",\"name\":\"INOAR Rejutherapy Thermo Activated Leave-in - varmeaktivert, ikke-utskyllbar balsam, 200 ml - INOAR - H\u00e5rpleiespesialist\",\"isPartOf\":{\"@id\":\"https:\/\/inoar.no\/#website\"},\"primaryImageOfPage\":{\"@id\":\"https:\/\/inoar.no\/product\/inoar-rejutherapy-thermo-activated-leave-in-varmeaktivert-ikke-utskyllbar-balsam-200-ml\/#primaryimage\"},\"image\":{\"@id\":\"https:\/\/inoar.no\/product\/inoar-rejutherapy-thermo-activated-leave-in-varmeaktivert-ikke-utskyllbar-balsam-200-ml\/#primaryimage\"},\"thumbnailUrl\":\"https:\/\/inoar.no\/wp-content\/uploads\/2023\/08\/7908124405769_FRONT_1.webp\",\"datePublished\":\"2023-08-27T12:06:19+00:00\",\"dateModified\":\"2025-11-24T09:16:04+00:00\",\"breadcrumb\":{\"@id\":\"https:\/\/inoar.no\/product\/inoar-rejutherapy-thermo-activated-leave-in-varmeaktivert-ikke-utskyllbar-balsam-200-ml\/#breadcrumb\"},\"inLanguage\":\"en-US\",\"potentialAction\":[{\"@type\":\"ReadAction\",\"target\":[\"https:\/\/inoar.no\/product\/inoar-rejutherapy-thermo-activated-leave-in-varmeaktivert-ikke-utskyllbar-balsam-200-ml\/\"]}]},{\"@type\":\"ImageObject\",\"inLanguage\":\"en-US\",\"@id\":\"https:\/\/inoar.no\/product\/inoar-rejutherapy-thermo-activated-leave-in-varmeaktivert-ikke-utskyllbar-balsam-200-ml\/#primaryimage\",\"url\":\"https:\/\/inoar.no\/wp-content\/uploads\/2023\/08\/7908124405769_FRONT_1.webp\",\"contentUrl\":\"https:\/\/inoar.no\/wp-content\/uploads\/2023\/08\/7908124405769_FRONT_1.webp\",\"width\":1280,\"height\":1280},{\"@type\":\"BreadcrumbList\",\"@id\":\"https:\/\/inoar.no\/product\/inoar-rejutherapy-thermo-activated-leave-in-varmeaktivert-ikke-utskyllbar-balsam-200-ml\/#breadcrumb\",\"itemListElement\":[{\"@type\":\"ListItem\",\"position\":1,\"name\":\"Home\",\"item\":\"https:\/\/inoar.no\/\"},{\"@type\":\"ListItem\",\"position\":2,\"name\":\"Butikk\",\"item\":\"https:\/\/inoar.no\/butikk\/\"},{\"@type\":\"ListItem\",\"position\":3,\"name\":\"INOAR Rejutherapy Thermo Activated Leave-in &#8211; varmeaktivert, ikke-utskyllbar balsam, 200 ml\"}]},{\"@type\":\"WebSite\",\"@id\":\"https:\/\/inoar.no\/#website\",\"url\":\"https:\/\/inoar.no\/\",\"name\":\"INOAR - H\u00e5rpleiespesialist\",\"description\":\"H\u00e5rpleiespesialist\",\"publisher\":{\"@id\":\"https:\/\/inoar.no\/#organization\"},\"potentialAction\":[{\"@type\":\"SearchAction\",\"target\":{\"@type\":\"EntryPoint\",\"urlTemplate\":\"https:\/\/inoar.no\/?s={search_term_string}\"},\"query-input\":{\"@type\":\"PropertyValueSpecification\",\"valueRequired\":true,\"valueName\":\"search_term_string\"}}],\"inLanguage\":\"en-US\"},{\"@type\":\"Organization\",\"@id\":\"https:\/\/inoar.no\/#organization\",\"name\":\"INOAR - H\u00e5rpleiespesialist\",\"url\":\"https:\/\/inoar.no\/\",\"logo\":{\"@type\":\"ImageObject\",\"inLanguage\":\"en-US\",\"@id\":\"https:\/\/inoar.no\/#\/schema\/logo\/image\/\",\"url\":\"https:\/\/inoar.no\/wp-content\/uploads\/2022\/03\/favicon.png\",\"contentUrl\":\"https:\/\/inoar.no\/wp-content\/uploads\/2022\/03\/favicon.png\",\"width\":512,\"height\":512,\"caption\":\"INOAR - H\u00e5rpleiespesialist\"},\"image\":{\"@id\":\"https:\/\/inoar.no\/#\/schema\/logo\/image\/\"}}]}<\/script>\n<!-- \/ Yoast SEO plugin. -->","yoast_head_json":{"title":"INOAR Rejutherapy Thermo Activated Leave-in - varmeaktivert, ikke-utskyllbar balsam, 200 ml - INOAR - H\u00e5rpleiespesialist","robots":{"index":"index","follow":"follow","max-snippet":"max-snippet:-1","max-image-preview":"max-image-preview:large","max-video-preview":"max-video-preview:-1"},"canonical":"https:\/\/inoar.no\/en\/product\/inoar-rejutherapy-thermo-activated-leave-in-varmeaktivert-ikke-utskyllbar-balsam-200-ml\/","og_locale":"en_US","og_type":"article","og_title":"INOAR Rejutherapy Thermo Activated Leave-in - varmeaktivert, ikke-utskyllbar balsam, 200 ml - INOAR - H\u00e5rpleiespesialist","og_description":"INOAR Rejutherapy-serien har en eksklusiv 5G-teknologi som fyller ujevnheter p\u00e5 h\u00e5roverflaten, regenererer h\u00e5rstrukturen, forsegler h\u00e5rkutikulaen og \u00f8ker h\u00e5rets motstandskraft mot ytre p\u00e5virkninger. INOAR Rejutherapy Leave-in balsam er beriket med hyaluronsyre, sink, biotin og planteavledet kollagen. Produktet fyller sprekker p\u00e5 h\u00e5roverflaten, gjenoppretter skadede omr\u00e5der i h\u00e5ret, forsegler kutikulaen og \u00f8ker h\u00e5rets motstand mot ulike ytre skader....","og_url":"https:\/\/inoar.no\/en\/product\/inoar-rejutherapy-thermo-activated-leave-in-varmeaktivert-ikke-utskyllbar-balsam-200-ml\/","og_site_name":"INOAR - H\u00e5rpleiespesialist","article_modified_time":"2025-11-24T09:16:04+00:00","og_image":[{"width":1280,"height":1280,"url":"https:\/\/inoar.no\/wp-content\/uploads\/2023\/08\/7908124405769_FRONT_1.webp","type":"image\/webp"}],"twitter_card":"summary_large_image","twitter_misc":{"Est. reading time":"1 minute"},"schema":{"@context":"https:\/\/schema.org","@graph":[{"@type":"WebPage","@id":"https:\/\/inoar.no\/product\/inoar-rejutherapy-thermo-activated-leave-in-varmeaktivert-ikke-utskyllbar-balsam-200-ml\/","url":"https:\/\/inoar.no\/product\/inoar-rejutherapy-thermo-activated-leave-in-varmeaktivert-ikke-utskyllbar-balsam-200-ml\/","name":"INOAR Rejutherapy Thermo Activated Leave-in - varmeaktivert, ikke-utskyllbar balsam, 200 ml - INOAR - H\u00e5rpleiespesialist","isPartOf":{"@id":"https:\/\/inoar.no\/#website"},"primaryImageOfPage":{"@id":"https:\/\/inoar.no\/product\/inoar-rejutherapy-thermo-activated-leave-in-varmeaktivert-ikke-utskyllbar-balsam-200-ml\/#primaryimage"},"image":{"@id":"https:\/\/inoar.no\/product\/inoar-rejutherapy-thermo-activated-leave-in-varmeaktivert-ikke-utskyllbar-balsam-200-ml\/#primaryimage"},"thumbnailUrl":"https:\/\/inoar.no\/wp-content\/uploads\/2023\/08\/7908124405769_FRONT_1.webp","datePublished":"2023-08-27T12:06:19+00:00","dateModified":"2025-11-24T09:16:04+00:00","breadcrumb":{"@id":"https:\/\/inoar.no\/product\/inoar-rejutherapy-thermo-activated-leave-in-varmeaktivert-ikke-utskyllbar-balsam-200-ml\/#breadcrumb"},"inLanguage":"en-US","potentialAction":[{"@type":"ReadAction","target":["https:\/\/inoar.no\/product\/inoar-rejutherapy-thermo-activated-leave-in-varmeaktivert-ikke-utskyllbar-balsam-200-ml\/"]}]},{"@type":"ImageObject","inLanguage":"en-US","@id":"https:\/\/inoar.no\/product\/inoar-rejutherapy-thermo-activated-leave-in-varmeaktivert-ikke-utskyllbar-balsam-200-ml\/#primaryimage","url":"https:\/\/inoar.no\/wp-content\/uploads\/2023\/08\/7908124405769_FRONT_1.webp","contentUrl":"https:\/\/inoar.no\/wp-content\/uploads\/2023\/08\/7908124405769_FRONT_1.webp","width":1280,"height":1280},{"@type":"BreadcrumbList","@id":"https:\/\/inoar.no\/product\/inoar-rejutherapy-thermo-activated-leave-in-varmeaktivert-ikke-utskyllbar-balsam-200-ml\/#breadcrumb","itemListElement":[{"@type":"ListItem","position":1,"name":"Home","item":"https:\/\/inoar.no\/"},{"@type":"ListItem","position":2,"name":"Butikk","item":"https:\/\/inoar.no\/butikk\/"},{"@type":"ListItem","position":3,"name":"INOAR Rejutherapy Thermo Activated Leave-in &#8211; varmeaktivert, ikke-utskyllbar balsam, 200 ml"}]},{"@type":"WebSite","@id":"https:\/\/inoar.no\/#website","url":"https:\/\/inoar.no\/","name":"INOAR - H\u00e5rpleiespesialist","description":"H\u00e5rpleiespesialist","publisher":{"@id":"https:\/\/inoar.no\/#organization"},"potentialAction":[{"@type":"SearchAction","target":{"@type":"EntryPoint","urlTemplate":"https:\/\/inoar.no\/?s={search_term_string}"},"query-input":{"@type":"PropertyValueSpecification","valueRequired":true,"valueName":"search_term_string"}}],"inLanguage":"en-US"},{"@type":"Organization","@id":"https:\/\/inoar.no\/#organization","name":"INOAR - H\u00e5rpleiespesialist","url":"https:\/\/inoar.no\/","logo":{"@type":"ImageObject","inLanguage":"en-US","@id":"https:\/\/inoar.no\/#\/schema\/logo\/image\/","url":"https:\/\/inoar.no\/wp-content\/uploads\/2022\/03\/favicon.png","contentUrl":"https:\/\/inoar.no\/wp-content\/uploads\/2022\/03\/favicon.png","width":512,"height":512,"caption":"INOAR - H\u00e5rpleiespesialist"},"image":{"@id":"https:\/\/inoar.no\/#\/schema\/logo\/image\/"}}]}},"_links":{"self":[{"href":"https:\/\/inoar.no\/en\/wp-json\/wp\/v2\/product\/990520","targetHints":{"allow":["GET"]}}],"collection":[{"href":"https:\/\/inoar.no\/en\/wp-json\/wp\/v2\/product"}],"about":[{"href":"https:\/\/inoar.no\/en\/wp-json\/wp\/v2\/types\/product"}],"replies":[{"embeddable":true,"href":"https:\/\/inoar.no\/en\/wp-json\/wp\/v2\/comments?post=990520"}],"version-history":[{"count":1,"href":"https:\/\/inoar.no\/en\/wp-json\/wp\/v2\/product\/990520\/revisions"}],"predecessor-version":[{"id":990522,"href":"https:\/\/inoar.no\/en\/wp-json\/wp\/v2\/product\/990520\/revisions\/990522"}],"wp:featuredmedia":[{"embeddable":true,"href":"https:\/\/inoar.no\/en\/wp-json\/wp\/v2\/media\/990521"}],"wp:attachment":[{"href":"https:\/\/inoar.no\/en\/wp-json\/wp\/v2\/media?parent=990520"}],"wp:term":[{"taxonomy":"product_brand","embeddable":true,"href":"https:\/\/inoar.no\/en\/wp-json\/wp\/v2\/product_brand?post=990520"},{"taxonomy":"product_cat","embeddable":true,"href":"https:\/\/inoar.no\/en\/wp-json\/wp\/v2\/product_cat?post=990520"},{"taxonomy":"product_tag","embeddable":true,"href":"https:\/\/inoar.no\/en\/wp-json\/wp\/v2\/product_tag?post=990520"}],"curies":[{"name":"wp","href":"https:\/\/api.w.org\/{rel}","templated":true}]}}