{"id":990508,"date":"2023-08-27T13:46:36","date_gmt":"2023-08-27T11:46:36","guid":{"rendered":"https:\/\/inoar.no\/?post_type=product&#038;p=990508"},"modified":"2023-11-23T19:41:05","modified_gmt":"2023-11-23T18:41:05","slug":"inoar-rejutherapy-shampoo-regenererende-sjampo-for-skadet-har-400-ml","status":"publish","type":"product","link":"https:\/\/inoar.no\/en\/product\/inoar-rejutherapy-shampoo-regenererende-sjampo-for-skadet-har-400-ml\/","title":{"rendered":"INOAR Rejutherapy Shampoo &#8211; regenererende sjampo for skadet h\u00e5r, 400 ml"},"content":{"rendered":"<div class=\"vgblk-rw-wrapper limit-wrapper\">INOAR Rejutherapy-serien har en unik 5G-teknologi som fyller ut ujevnheter i h\u00e5rstrukturen, regenererer h\u00e5rets struktur, forsegler h\u00e5rkutikulaen, og \u00f8ker h\u00e5rets motstandskraft mot ytre p\u00e5virkninger.<\/p>\n<p>INOAR Rejutherapy-seriens sjampo er beriket med hyaluronsyre, sink, biotin og planteavledet kollagen. Sjampoen vil gi imponerende resultater og sikre sunn h\u00e5rvekst.<\/p>\n<p>INOAR-ekspertenes r\u00e5d: For \u00e5 oppn\u00e5 bedre resultater anbefaler vi \u00e5 bruke hele Rejutherapy-serien.<\/p>\n<p>Indikasjoner: Passer utmerket for skadet, por\u00f8st og t\u00f8rt h\u00e5r.<\/p>\n<p>Aktive ingredienser: Hyaluronsyre, sink, biotin, planteavledet kollagen, Rejutherapy-kompleks.<\/p>\n<p>Resultat: Styrket, fuktet, glansfullt og sunt utseende h\u00e5r.<\/p>\n<p>Bruk: Masser sjampoen inn i hodebunnen og v\u00e5tt h\u00e5r, skyll grundig, gjenta prosessen om n\u00f8dvendig.<\/p><\/div>\n<p><!-- .vgblk-rw-wrapper --><\/p>","protected":false},"excerpt":{"rendered":"<p>INOAR Rejutherapy-serien har en unik 5G-teknologi som fyller ut ujevnheter i h\u00e5rstrukturen, regenererer h\u00e5rets struktur, forsegler h\u00e5rkutikulaen, og \u00f8ker h\u00e5rets motstandskraft mot ytre p\u00e5virkninger. INOAR Rejutherapy-seriens sjampo er beriket med hyaluronsyre, sink, biotin og planteavledet kollagen. Sjampoen vil gi imponerende resultater og sikre sunn h\u00e5rvekst. INOAR-ekspertenes r\u00e5d: For \u00e5 oppn\u00e5 bedre resultater anbefaler vi \u00e5&#8230;<\/p>","protected":false},"featured_media":990512,"comment_status":"open","ping_status":"closed","template":"","meta":[],"product_brand":[],"product_cat":[169,158],"product_tag":[],"class_list":{"0":"post-990508","1":"product","2":"type-product","3":"status-publish","4":"has-post-thumbnail","6":"product_cat-inoar-rejutherapy","7":"product_cat-sjampoo","9":"first","10":"outofstock","11":"shipping-taxable","12":"purchasable","13":"product-type-simple"},"yoast_head":"<!-- This site is optimized with the Yoast SEO plugin v27.1.1 - https:\/\/yoast.com\/product\/yoast-seo-wordpress\/ -->\n<title>INOAR Rejutherapy Shampoo - regenererende sjampo for skadet h\u00e5r, 400 ml - INOAR - H\u00e5rpleiespesialist<\/title>\n<meta name=\"robots\" content=\"index, follow, max-snippet:-1, max-image-preview:large, max-video-preview:-1\" \/>\n<link rel=\"canonical\" href=\"https:\/\/inoar.no\/en\/product\/inoar-rejutherapy-shampoo-regenererende-sjampo-for-skadet-har-400-ml\/\" \/>\n<meta property=\"og:locale\" content=\"en_US\" \/>\n<meta property=\"og:type\" content=\"article\" \/>\n<meta property=\"og:title\" content=\"INOAR Rejutherapy Shampoo - regenererende sjampo for skadet h\u00e5r, 400 ml - INOAR - H\u00e5rpleiespesialist\" \/>\n<meta property=\"og:description\" content=\"INOAR Rejutherapy-serien har en unik 5G-teknologi som fyller ut ujevnheter i h\u00e5rstrukturen, regenererer h\u00e5rets struktur, forsegler h\u00e5rkutikulaen, og \u00f8ker h\u00e5rets motstandskraft mot ytre p\u00e5virkninger. INOAR Rejutherapy-seriens sjampo er beriket med hyaluronsyre, sink, biotin og planteavledet kollagen. Sjampoen vil gi imponerende resultater og sikre sunn h\u00e5rvekst. INOAR-ekspertenes r\u00e5d: For \u00e5 oppn\u00e5 bedre resultater anbefaler vi \u00e5...\" \/>\n<meta property=\"og:url\" content=\"https:\/\/inoar.no\/en\/product\/inoar-rejutherapy-shampoo-regenererende-sjampo-for-skadet-har-400-ml\/\" \/>\n<meta property=\"og:site_name\" content=\"INOAR - H\u00e5rpleiespesialist\" \/>\n<meta property=\"article:modified_time\" content=\"2023-11-23T18:41:05+00:00\" \/>\n<meta property=\"og:image\" content=\"https:\/\/inoar.no\/wp-content\/uploads\/2023\/08\/7908124405745_FRONT-3.webp\" \/>\n\t<meta property=\"og:image:width\" content=\"1280\" \/>\n\t<meta property=\"og:image:height\" content=\"1280\" \/>\n\t<meta property=\"og:image:type\" content=\"image\/webp\" \/>\n<meta name=\"twitter:card\" content=\"summary_large_image\" \/>\n<meta name=\"twitter:label1\" content=\"Est. reading time\" \/>\n\t<meta name=\"twitter:data1\" content=\"1 minute\" \/>\n<script type=\"application\/ld+json\" class=\"yoast-schema-graph\">{\"@context\":\"https:\/\/schema.org\",\"@graph\":[{\"@type\":\"WebPage\",\"@id\":\"https:\/\/inoar.no\/product\/inoar-rejutherapy-shampoo-regenererende-sjampo-for-skadet-har-400-ml\/\",\"url\":\"https:\/\/inoar.no\/product\/inoar-rejutherapy-shampoo-regenererende-sjampo-for-skadet-har-400-ml\/\",\"name\":\"INOAR Rejutherapy Shampoo - regenererende sjampo for skadet h\u00e5r, 400 ml - INOAR - H\u00e5rpleiespesialist\",\"isPartOf\":{\"@id\":\"https:\/\/inoar.no\/#website\"},\"primaryImageOfPage\":{\"@id\":\"https:\/\/inoar.no\/product\/inoar-rejutherapy-shampoo-regenererende-sjampo-for-skadet-har-400-ml\/#primaryimage\"},\"image\":{\"@id\":\"https:\/\/inoar.no\/product\/inoar-rejutherapy-shampoo-regenererende-sjampo-for-skadet-har-400-ml\/#primaryimage\"},\"thumbnailUrl\":\"https:\/\/inoar.no\/wp-content\/uploads\/2023\/08\/7908124405745_FRONT-3.webp\",\"datePublished\":\"2023-08-27T11:46:36+00:00\",\"dateModified\":\"2023-11-23T18:41:05+00:00\",\"breadcrumb\":{\"@id\":\"https:\/\/inoar.no\/product\/inoar-rejutherapy-shampoo-regenererende-sjampo-for-skadet-har-400-ml\/#breadcrumb\"},\"inLanguage\":\"en-US\",\"potentialAction\":[{\"@type\":\"ReadAction\",\"target\":[\"https:\/\/inoar.no\/product\/inoar-rejutherapy-shampoo-regenererende-sjampo-for-skadet-har-400-ml\/\"]}]},{\"@type\":\"ImageObject\",\"inLanguage\":\"en-US\",\"@id\":\"https:\/\/inoar.no\/product\/inoar-rejutherapy-shampoo-regenererende-sjampo-for-skadet-har-400-ml\/#primaryimage\",\"url\":\"https:\/\/inoar.no\/wp-content\/uploads\/2023\/08\/7908124405745_FRONT-3.webp\",\"contentUrl\":\"https:\/\/inoar.no\/wp-content\/uploads\/2023\/08\/7908124405745_FRONT-3.webp\",\"width\":1280,\"height\":1280},{\"@type\":\"BreadcrumbList\",\"@id\":\"https:\/\/inoar.no\/product\/inoar-rejutherapy-shampoo-regenererende-sjampo-for-skadet-har-400-ml\/#breadcrumb\",\"itemListElement\":[{\"@type\":\"ListItem\",\"position\":1,\"name\":\"Home\",\"item\":\"https:\/\/inoar.no\/\"},{\"@type\":\"ListItem\",\"position\":2,\"name\":\"Butikk\",\"item\":\"https:\/\/inoar.no\/butikk\/\"},{\"@type\":\"ListItem\",\"position\":3,\"name\":\"INOAR Rejutherapy Shampoo &#8211; regenererende sjampo for skadet h\u00e5r, 400 ml\"}]},{\"@type\":\"WebSite\",\"@id\":\"https:\/\/inoar.no\/#website\",\"url\":\"https:\/\/inoar.no\/\",\"name\":\"INOAR - H\u00e5rpleiespesialist\",\"description\":\"H\u00e5rpleiespesialist\",\"publisher\":{\"@id\":\"https:\/\/inoar.no\/#organization\"},\"potentialAction\":[{\"@type\":\"SearchAction\",\"target\":{\"@type\":\"EntryPoint\",\"urlTemplate\":\"https:\/\/inoar.no\/?s={search_term_string}\"},\"query-input\":{\"@type\":\"PropertyValueSpecification\",\"valueRequired\":true,\"valueName\":\"search_term_string\"}}],\"inLanguage\":\"en-US\"},{\"@type\":\"Organization\",\"@id\":\"https:\/\/inoar.no\/#organization\",\"name\":\"INOAR - H\u00e5rpleiespesialist\",\"url\":\"https:\/\/inoar.no\/\",\"logo\":{\"@type\":\"ImageObject\",\"inLanguage\":\"en-US\",\"@id\":\"https:\/\/inoar.no\/#\/schema\/logo\/image\/\",\"url\":\"https:\/\/inoar.no\/wp-content\/uploads\/2022\/03\/favicon.png\",\"contentUrl\":\"https:\/\/inoar.no\/wp-content\/uploads\/2022\/03\/favicon.png\",\"width\":512,\"height\":512,\"caption\":\"INOAR - H\u00e5rpleiespesialist\"},\"image\":{\"@id\":\"https:\/\/inoar.no\/#\/schema\/logo\/image\/\"}}]}<\/script>\n<!-- \/ Yoast SEO plugin. -->","yoast_head_json":{"title":"INOAR Rejutherapy Shampoo - regenererende sjampo for skadet h\u00e5r, 400 ml - INOAR - H\u00e5rpleiespesialist","robots":{"index":"index","follow":"follow","max-snippet":"max-snippet:-1","max-image-preview":"max-image-preview:large","max-video-preview":"max-video-preview:-1"},"canonical":"https:\/\/inoar.no\/en\/product\/inoar-rejutherapy-shampoo-regenererende-sjampo-for-skadet-har-400-ml\/","og_locale":"en_US","og_type":"article","og_title":"INOAR Rejutherapy Shampoo - regenererende sjampo for skadet h\u00e5r, 400 ml - INOAR - H\u00e5rpleiespesialist","og_description":"INOAR Rejutherapy-serien har en unik 5G-teknologi som fyller ut ujevnheter i h\u00e5rstrukturen, regenererer h\u00e5rets struktur, forsegler h\u00e5rkutikulaen, og \u00f8ker h\u00e5rets motstandskraft mot ytre p\u00e5virkninger. INOAR Rejutherapy-seriens sjampo er beriket med hyaluronsyre, sink, biotin og planteavledet kollagen. Sjampoen vil gi imponerende resultater og sikre sunn h\u00e5rvekst. INOAR-ekspertenes r\u00e5d: For \u00e5 oppn\u00e5 bedre resultater anbefaler vi \u00e5...","og_url":"https:\/\/inoar.no\/en\/product\/inoar-rejutherapy-shampoo-regenererende-sjampo-for-skadet-har-400-ml\/","og_site_name":"INOAR - H\u00e5rpleiespesialist","article_modified_time":"2023-11-23T18:41:05+00:00","og_image":[{"width":1280,"height":1280,"url":"https:\/\/inoar.no\/wp-content\/uploads\/2023\/08\/7908124405745_FRONT-3.webp","type":"image\/webp"}],"twitter_card":"summary_large_image","twitter_misc":{"Est. reading time":"1 minute"},"schema":{"@context":"https:\/\/schema.org","@graph":[{"@type":"WebPage","@id":"https:\/\/inoar.no\/product\/inoar-rejutherapy-shampoo-regenererende-sjampo-for-skadet-har-400-ml\/","url":"https:\/\/inoar.no\/product\/inoar-rejutherapy-shampoo-regenererende-sjampo-for-skadet-har-400-ml\/","name":"INOAR Rejutherapy Shampoo - regenererende sjampo for skadet h\u00e5r, 400 ml - INOAR - H\u00e5rpleiespesialist","isPartOf":{"@id":"https:\/\/inoar.no\/#website"},"primaryImageOfPage":{"@id":"https:\/\/inoar.no\/product\/inoar-rejutherapy-shampoo-regenererende-sjampo-for-skadet-har-400-ml\/#primaryimage"},"image":{"@id":"https:\/\/inoar.no\/product\/inoar-rejutherapy-shampoo-regenererende-sjampo-for-skadet-har-400-ml\/#primaryimage"},"thumbnailUrl":"https:\/\/inoar.no\/wp-content\/uploads\/2023\/08\/7908124405745_FRONT-3.webp","datePublished":"2023-08-27T11:46:36+00:00","dateModified":"2023-11-23T18:41:05+00:00","breadcrumb":{"@id":"https:\/\/inoar.no\/product\/inoar-rejutherapy-shampoo-regenererende-sjampo-for-skadet-har-400-ml\/#breadcrumb"},"inLanguage":"en-US","potentialAction":[{"@type":"ReadAction","target":["https:\/\/inoar.no\/product\/inoar-rejutherapy-shampoo-regenererende-sjampo-for-skadet-har-400-ml\/"]}]},{"@type":"ImageObject","inLanguage":"en-US","@id":"https:\/\/inoar.no\/product\/inoar-rejutherapy-shampoo-regenererende-sjampo-for-skadet-har-400-ml\/#primaryimage","url":"https:\/\/inoar.no\/wp-content\/uploads\/2023\/08\/7908124405745_FRONT-3.webp","contentUrl":"https:\/\/inoar.no\/wp-content\/uploads\/2023\/08\/7908124405745_FRONT-3.webp","width":1280,"height":1280},{"@type":"BreadcrumbList","@id":"https:\/\/inoar.no\/product\/inoar-rejutherapy-shampoo-regenererende-sjampo-for-skadet-har-400-ml\/#breadcrumb","itemListElement":[{"@type":"ListItem","position":1,"name":"Home","item":"https:\/\/inoar.no\/"},{"@type":"ListItem","position":2,"name":"Butikk","item":"https:\/\/inoar.no\/butikk\/"},{"@type":"ListItem","position":3,"name":"INOAR Rejutherapy Shampoo &#8211; regenererende sjampo for skadet h\u00e5r, 400 ml"}]},{"@type":"WebSite","@id":"https:\/\/inoar.no\/#website","url":"https:\/\/inoar.no\/","name":"INOAR - H\u00e5rpleiespesialist","description":"H\u00e5rpleiespesialist","publisher":{"@id":"https:\/\/inoar.no\/#organization"},"potentialAction":[{"@type":"SearchAction","target":{"@type":"EntryPoint","urlTemplate":"https:\/\/inoar.no\/?s={search_term_string}"},"query-input":{"@type":"PropertyValueSpecification","valueRequired":true,"valueName":"search_term_string"}}],"inLanguage":"en-US"},{"@type":"Organization","@id":"https:\/\/inoar.no\/#organization","name":"INOAR - H\u00e5rpleiespesialist","url":"https:\/\/inoar.no\/","logo":{"@type":"ImageObject","inLanguage":"en-US","@id":"https:\/\/inoar.no\/#\/schema\/logo\/image\/","url":"https:\/\/inoar.no\/wp-content\/uploads\/2022\/03\/favicon.png","contentUrl":"https:\/\/inoar.no\/wp-content\/uploads\/2022\/03\/favicon.png","width":512,"height":512,"caption":"INOAR - H\u00e5rpleiespesialist"},"image":{"@id":"https:\/\/inoar.no\/#\/schema\/logo\/image\/"}}]}},"_links":{"self":[{"href":"https:\/\/inoar.no\/en\/wp-json\/wp\/v2\/product\/990508","targetHints":{"allow":["GET"]}}],"collection":[{"href":"https:\/\/inoar.no\/en\/wp-json\/wp\/v2\/product"}],"about":[{"href":"https:\/\/inoar.no\/en\/wp-json\/wp\/v2\/types\/product"}],"replies":[{"embeddable":true,"href":"https:\/\/inoar.no\/en\/wp-json\/wp\/v2\/comments?post=990508"}],"version-history":[{"count":4,"href":"https:\/\/inoar.no\/en\/wp-json\/wp\/v2\/product\/990508\/revisions"}],"predecessor-version":[{"id":997707,"href":"https:\/\/inoar.no\/en\/wp-json\/wp\/v2\/product\/990508\/revisions\/997707"}],"wp:featuredmedia":[{"embeddable":true,"href":"https:\/\/inoar.no\/en\/wp-json\/wp\/v2\/media\/990512"}],"wp:attachment":[{"href":"https:\/\/inoar.no\/en\/wp-json\/wp\/v2\/media?parent=990508"}],"wp:term":[{"taxonomy":"product_brand","embeddable":true,"href":"https:\/\/inoar.no\/en\/wp-json\/wp\/v2\/product_brand?post=990508"},{"taxonomy":"product_cat","embeddable":true,"href":"https:\/\/inoar.no\/en\/wp-json\/wp\/v2\/product_cat?post=990508"},{"taxonomy":"product_tag","embeddable":true,"href":"https:\/\/inoar.no\/en\/wp-json\/wp\/v2\/product_tag?post=990508"}],"curies":[{"name":"wp","href":"https:\/\/api.w.org\/{rel}","templated":true}]}}