{"id":990151,"date":"2023-03-30T16:59:54","date_gmt":"2023-03-30T14:59:54","guid":{"rendered":"https:\/\/inoar.no\/?post_type=product&#038;p=990151"},"modified":"2023-11-27T20:45:32","modified_gmt":"2023-11-27T19:45:32","slug":"reis-lett-med-inoar-fibra-de-bambu-pakke","status":"publish","type":"product","link":"https:\/\/inoar.no\/en\/product\/reis-lett-med-inoar-fibra-de-bambu-pakke\/","title":{"rendered":"Reis lett med INOAR Fibra de Bambu pakke"},"content":{"rendered":"","protected":false},"excerpt":{"rendered":"<p><span>Pakken inneholder:<\/span><\/p>\n<p>1. 50g INOAR CicatriFios Leave-in balsam<br \/>\n2. 45ml INOAR Resistance Fibra de Bambu h\u00e5rampulle<br \/>\n3. 7ml INOAR Resistance Fibra de Bambu Oil<\/p>\n<p><span>Leave-in balsam beskytter mot varmeskader og forhindrer brusete h\u00e5r. CicatriFios h\u00e5rpleie-linjen egner seg til \u00e5 gjenopprette skadet h\u00e5r. Produktene i denne linjen er en revolusjon innen daglig h\u00e5rpleie for \u00e5 gjenopprette h\u00e5rets struktur. Formelen til CicatriFios Leave-in balsam er beriket med RejuComplex3 som mykner h\u00e5ret, reduserer h\u00e5rsplitting og brusete h\u00e5r, gjenoppretter h\u00e5rvolum. Produktet gir ogs\u00e5 glans, gj\u00f8r h\u00e5rkammingen enklere og sikrer en langvarig effekt. CicatriFios Leave-In balsam gj\u00f8r h\u00e5ret glattere og beskytter mot varmen. Det er et godt valg for daglig h\u00e5rpleie takket v\u00e6re den dypvirkende formelen som gjenoppretter skjellaget. Egenskaper: * Enklere h\u00e5rkamming * Langvarig effekt * Eksepsjonell glans * Varmebeskyttelse * Beskyttelse mot h\u00e5rsplitting * Gjenoppretting * H\u00e5rmykhet *. Aktive ingredienser: RejuComplex3, arganolje. Indikasjoner: for alle h\u00e5rtyper, spesielt egnet til tynt og middels-tykt h\u00e5r. Resultat: glatt h\u00e5r som er beskyttet mot varmen. Bruk: fordel en liten mengde av produktet p\u00e5 fuktig eller t\u00f8rt h\u00e5r med hjelp av fingertuppene utover hele h\u00e5ret. Kam h\u00e5ret for \u00e5 fordele produktet jevnt. Trenger ikke \u00e5 skylles av.<\/span><\/p>\n<p><span>H\u00e5rampulle for svakt og skadet h\u00e5r. INOAR Resistance Fibra de Bambu-ampullen forbedrer h\u00e5rveksten, beskytter h\u00e5ret og styrker de svake h\u00e5rlagene. Takket v\u00e6re ampullen blir h\u00e5rlagene fornyet, h\u00e5ret f\u00e5r glans og de skadede h\u00e5romr\u00e5dene f\u00e5r dyp pleie. H\u00e5ret blir enda mykere og enklere \u00e5 kamme. Det er et flott produkt som virker p\u00e5 h\u00e5ret fra innsiden og ut. Aktive ingredienser: bambus med sine fuktighetsgivende, n\u00e6rende og beskyttende egenskaper. Biotin (vitamin A) fremmer h\u00e5rvekst ved \u00e5 virke p\u00e5 h\u00e5ret fra innsiden og ut. Indikasjoner: for skadet h\u00e5r. Resultat: sterkere og glansfullt h\u00e5r. Bruk: fordel en liten mengde med h\u00e5rampullen utover hele h\u00e5ret i h\u00e5ndklet\u00f8rket h\u00e5r etter sjamponering. P\u00e5f\u00f8r ekstra mengde p\u00e5 de mest slitte omr\u00e5dene, la det virke i 3 min, skyll deretter av med vann.<\/span><\/p>\n<p><span>Olje for h\u00e5rtupper. De naturlige ingrediensene i oljen trenger dypt inn i h\u00e5rets lag og fukter dem. Styrker h\u00e5rbindinger, reduserer hevelser, gir sunt h\u00e5rglans.Aktiv ingrediens: bambusekstrakt, biotin og vitamin AIndikasjoner: for alle h\u00e5rtyper Resultatet: beskyttede og mykere h\u00e5rspisser Slik bruker du: P\u00e5f\u00f8r p\u00e5 v\u00e5te, h\u00e5ndklet\u00f8rkede tupper eller i hele h\u00e5rets lengde. La produktet trekke inn, og f\u00f8n deretter t\u00f8rt.<\/span><\/p>","protected":false},"featured_media":990143,"comment_status":"open","ping_status":"closed","template":"","meta":[],"product_brand":[],"product_cat":[156,152,109,168],"product_tag":[],"class_list":{"0":"post-990151","1":"product","2":"type-product","3":"status-publish","4":"has-post-thumbnail","6":"product_cat-for-normalt-har","7":"product_cat-for-skadet-har","8":"product_cat-inoar-cicatrifios","9":"product_cat-reis-lett-med-inoar-pakke","11":"first","12":"outofstock","13":"sale","14":"shipping-taxable","15":"purchasable","16":"product-type-simple"},"yoast_head":"<!-- This site is optimized with the Yoast SEO plugin v27.1.1 - https:\/\/yoast.com\/product\/yoast-seo-wordpress\/ -->\n<title>Reis lett med INOAR Fibra de Bambu pakke - INOAR - H\u00e5rpleiespesialist<\/title>\n<meta name=\"description\" content=\"Pakken inneholder: 1. 50g INOAR CicatriFios Leave-in balsam 2. 45ml INOAR Resistance Fibra de Bambu h\u00e5rampulle 3. 7ml INOAR Resistance Fibra de Bambu. Produktene i denne linjen er en revolusjon innen daglig h\u00e5rpleie for \u00e5 gjenopprette\u00a0h\u00e5rets struktur. Formelen til CicatriFios Leave-in balsam er beriket med RejuComplex3 som mykner h\u00e5ret.\" \/>\n<meta name=\"robots\" content=\"index, follow, max-snippet:-1, max-image-preview:large, max-video-preview:-1\" \/>\n<link rel=\"canonical\" href=\"https:\/\/inoar.no\/en\/product\/reis-lett-med-inoar-fibra-de-bambu-pakke\/\" \/>\n<meta property=\"og:locale\" content=\"en_US\" \/>\n<meta property=\"og:type\" content=\"article\" \/>\n<meta property=\"og:title\" content=\"Reis lett med INOAR Fibra de Bambu pakke - INOAR - H\u00e5rpleiespesialist\" \/>\n<meta property=\"og:description\" content=\"Pakken inneholder: 1. 50g INOAR CicatriFios Leave-in balsam 2. 45ml INOAR Resistance Fibra de Bambu h\u00e5rampulle 3. 7ml INOAR Resistance Fibra de Bambu. Produktene i denne linjen er en revolusjon innen daglig h\u00e5rpleie for \u00e5 gjenopprette\u00a0h\u00e5rets struktur. Formelen til CicatriFios Leave-in balsam er beriket med RejuComplex3 som mykner h\u00e5ret.\" \/>\n<meta property=\"og:url\" content=\"https:\/\/inoar.no\/en\/product\/reis-lett-med-inoar-fibra-de-bambu-pakke\/\" \/>\n<meta property=\"og:site_name\" content=\"INOAR - H\u00e5rpleiespesialist\" \/>\n<meta property=\"article:modified_time\" content=\"2023-11-27T19:45:32+00:00\" \/>\n<meta property=\"og:image\" content=\"https:\/\/inoar.no\/wp-content\/uploads\/2023\/03\/2.png\" \/>\n\t<meta property=\"og:image:width\" content=\"1080\" \/>\n\t<meta property=\"og:image:height\" content=\"1080\" \/>\n\t<meta property=\"og:image:type\" content=\"image\/png\" \/>\n<meta name=\"twitter:card\" content=\"summary_large_image\" \/>\n<script type=\"application\/ld+json\" class=\"yoast-schema-graph\">{\"@context\":\"https:\/\/schema.org\",\"@graph\":[{\"@type\":\"WebPage\",\"@id\":\"https:\/\/inoar.no\/product\/reis-lett-med-inoar-fibra-de-bambu-pakke\/\",\"url\":\"https:\/\/inoar.no\/product\/reis-lett-med-inoar-fibra-de-bambu-pakke\/\",\"name\":\"Reis lett med INOAR Fibra de Bambu pakke - INOAR - H\u00e5rpleiespesialist\",\"isPartOf\":{\"@id\":\"https:\/\/inoar.no\/#website\"},\"primaryImageOfPage\":{\"@id\":\"https:\/\/inoar.no\/product\/reis-lett-med-inoar-fibra-de-bambu-pakke\/#primaryimage\"},\"image\":{\"@id\":\"https:\/\/inoar.no\/product\/reis-lett-med-inoar-fibra-de-bambu-pakke\/#primaryimage\"},\"thumbnailUrl\":\"https:\/\/inoar.no\/wp-content\/uploads\/2023\/03\/2.png\",\"datePublished\":\"2023-03-30T14:59:54+00:00\",\"dateModified\":\"2023-11-27T19:45:32+00:00\",\"description\":\"Pakken inneholder: 1. 50g INOAR CicatriFios Leave-in balsam 2. 45ml INOAR Resistance Fibra de Bambu h\u00e5rampulle 3. 7ml INOAR Resistance Fibra de Bambu. Produktene i denne linjen er en revolusjon innen daglig h\u00e5rpleie for \u00e5 gjenopprette\u00a0h\u00e5rets struktur. Formelen til CicatriFios Leave-in balsam er beriket med RejuComplex3 som mykner h\u00e5ret.\",\"breadcrumb\":{\"@id\":\"https:\/\/inoar.no\/product\/reis-lett-med-inoar-fibra-de-bambu-pakke\/#breadcrumb\"},\"inLanguage\":\"en-US\",\"potentialAction\":[{\"@type\":\"ReadAction\",\"target\":[\"https:\/\/inoar.no\/product\/reis-lett-med-inoar-fibra-de-bambu-pakke\/\"]}]},{\"@type\":\"ImageObject\",\"inLanguage\":\"en-US\",\"@id\":\"https:\/\/inoar.no\/product\/reis-lett-med-inoar-fibra-de-bambu-pakke\/#primaryimage\",\"url\":\"https:\/\/inoar.no\/wp-content\/uploads\/2023\/03\/2.png\",\"contentUrl\":\"https:\/\/inoar.no\/wp-content\/uploads\/2023\/03\/2.png\",\"width\":1080,\"height\":1080},{\"@type\":\"BreadcrumbList\",\"@id\":\"https:\/\/inoar.no\/product\/reis-lett-med-inoar-fibra-de-bambu-pakke\/#breadcrumb\",\"itemListElement\":[{\"@type\":\"ListItem\",\"position\":1,\"name\":\"Home\",\"item\":\"https:\/\/inoar.no\/\"},{\"@type\":\"ListItem\",\"position\":2,\"name\":\"Butikk\",\"item\":\"https:\/\/inoar.no\/butikk\/\"},{\"@type\":\"ListItem\",\"position\":3,\"name\":\"Reis lett med INOAR Fibra de Bambu pakke\"}]},{\"@type\":\"WebSite\",\"@id\":\"https:\/\/inoar.no\/#website\",\"url\":\"https:\/\/inoar.no\/\",\"name\":\"INOAR - H\u00e5rpleiespesialist\",\"description\":\"H\u00e5rpleiespesialist\",\"publisher\":{\"@id\":\"https:\/\/inoar.no\/#organization\"},\"potentialAction\":[{\"@type\":\"SearchAction\",\"target\":{\"@type\":\"EntryPoint\",\"urlTemplate\":\"https:\/\/inoar.no\/?s={search_term_string}\"},\"query-input\":{\"@type\":\"PropertyValueSpecification\",\"valueRequired\":true,\"valueName\":\"search_term_string\"}}],\"inLanguage\":\"en-US\"},{\"@type\":\"Organization\",\"@id\":\"https:\/\/inoar.no\/#organization\",\"name\":\"INOAR - H\u00e5rpleiespesialist\",\"url\":\"https:\/\/inoar.no\/\",\"logo\":{\"@type\":\"ImageObject\",\"inLanguage\":\"en-US\",\"@id\":\"https:\/\/inoar.no\/#\/schema\/logo\/image\/\",\"url\":\"https:\/\/inoar.no\/wp-content\/uploads\/2022\/03\/favicon.png\",\"contentUrl\":\"https:\/\/inoar.no\/wp-content\/uploads\/2022\/03\/favicon.png\",\"width\":512,\"height\":512,\"caption\":\"INOAR - H\u00e5rpleiespesialist\"},\"image\":{\"@id\":\"https:\/\/inoar.no\/#\/schema\/logo\/image\/\"}}]}<\/script>\n<!-- \/ Yoast SEO plugin. -->","yoast_head_json":{"title":"Reis lett med INOAR Fibra de Bambu pakke - INOAR - H\u00e5rpleiespesialist","description":"Pakken inneholder: 1. 50g INOAR CicatriFios Leave-in balsam 2. 45ml INOAR Resistance Fibra de Bambu h\u00e5rampulle 3. 7ml INOAR Resistance Fibra de Bambu. Produktene i denne linjen er en revolusjon innen daglig h\u00e5rpleie for \u00e5 gjenopprette\u00a0h\u00e5rets struktur. Formelen til CicatriFios Leave-in balsam er beriket med RejuComplex3 som mykner h\u00e5ret.","robots":{"index":"index","follow":"follow","max-snippet":"max-snippet:-1","max-image-preview":"max-image-preview:large","max-video-preview":"max-video-preview:-1"},"canonical":"https:\/\/inoar.no\/en\/product\/reis-lett-med-inoar-fibra-de-bambu-pakke\/","og_locale":"en_US","og_type":"article","og_title":"Reis lett med INOAR Fibra de Bambu pakke - INOAR - H\u00e5rpleiespesialist","og_description":"Pakken inneholder: 1. 50g INOAR CicatriFios Leave-in balsam 2. 45ml INOAR Resistance Fibra de Bambu h\u00e5rampulle 3. 7ml INOAR Resistance Fibra de Bambu. Produktene i denne linjen er en revolusjon innen daglig h\u00e5rpleie for \u00e5 gjenopprette\u00a0h\u00e5rets struktur. Formelen til CicatriFios Leave-in balsam er beriket med RejuComplex3 som mykner h\u00e5ret.","og_url":"https:\/\/inoar.no\/en\/product\/reis-lett-med-inoar-fibra-de-bambu-pakke\/","og_site_name":"INOAR - H\u00e5rpleiespesialist","article_modified_time":"2023-11-27T19:45:32+00:00","og_image":[{"width":1080,"height":1080,"url":"https:\/\/inoar.no\/wp-content\/uploads\/2023\/03\/2.png","type":"image\/png"}],"twitter_card":"summary_large_image","schema":{"@context":"https:\/\/schema.org","@graph":[{"@type":"WebPage","@id":"https:\/\/inoar.no\/product\/reis-lett-med-inoar-fibra-de-bambu-pakke\/","url":"https:\/\/inoar.no\/product\/reis-lett-med-inoar-fibra-de-bambu-pakke\/","name":"Reis lett med INOAR Fibra de Bambu pakke - INOAR - H\u00e5rpleiespesialist","isPartOf":{"@id":"https:\/\/inoar.no\/#website"},"primaryImageOfPage":{"@id":"https:\/\/inoar.no\/product\/reis-lett-med-inoar-fibra-de-bambu-pakke\/#primaryimage"},"image":{"@id":"https:\/\/inoar.no\/product\/reis-lett-med-inoar-fibra-de-bambu-pakke\/#primaryimage"},"thumbnailUrl":"https:\/\/inoar.no\/wp-content\/uploads\/2023\/03\/2.png","datePublished":"2023-03-30T14:59:54+00:00","dateModified":"2023-11-27T19:45:32+00:00","description":"Pakken inneholder: 1. 50g INOAR CicatriFios Leave-in balsam 2. 45ml INOAR Resistance Fibra de Bambu h\u00e5rampulle 3. 7ml INOAR Resistance Fibra de Bambu. Produktene i denne linjen er en revolusjon innen daglig h\u00e5rpleie for \u00e5 gjenopprette\u00a0h\u00e5rets struktur. Formelen til CicatriFios Leave-in balsam er beriket med RejuComplex3 som mykner h\u00e5ret.","breadcrumb":{"@id":"https:\/\/inoar.no\/product\/reis-lett-med-inoar-fibra-de-bambu-pakke\/#breadcrumb"},"inLanguage":"en-US","potentialAction":[{"@type":"ReadAction","target":["https:\/\/inoar.no\/product\/reis-lett-med-inoar-fibra-de-bambu-pakke\/"]}]},{"@type":"ImageObject","inLanguage":"en-US","@id":"https:\/\/inoar.no\/product\/reis-lett-med-inoar-fibra-de-bambu-pakke\/#primaryimage","url":"https:\/\/inoar.no\/wp-content\/uploads\/2023\/03\/2.png","contentUrl":"https:\/\/inoar.no\/wp-content\/uploads\/2023\/03\/2.png","width":1080,"height":1080},{"@type":"BreadcrumbList","@id":"https:\/\/inoar.no\/product\/reis-lett-med-inoar-fibra-de-bambu-pakke\/#breadcrumb","itemListElement":[{"@type":"ListItem","position":1,"name":"Home","item":"https:\/\/inoar.no\/"},{"@type":"ListItem","position":2,"name":"Butikk","item":"https:\/\/inoar.no\/butikk\/"},{"@type":"ListItem","position":3,"name":"Reis lett med INOAR Fibra de Bambu pakke"}]},{"@type":"WebSite","@id":"https:\/\/inoar.no\/#website","url":"https:\/\/inoar.no\/","name":"INOAR - H\u00e5rpleiespesialist","description":"H\u00e5rpleiespesialist","publisher":{"@id":"https:\/\/inoar.no\/#organization"},"potentialAction":[{"@type":"SearchAction","target":{"@type":"EntryPoint","urlTemplate":"https:\/\/inoar.no\/?s={search_term_string}"},"query-input":{"@type":"PropertyValueSpecification","valueRequired":true,"valueName":"search_term_string"}}],"inLanguage":"en-US"},{"@type":"Organization","@id":"https:\/\/inoar.no\/#organization","name":"INOAR - H\u00e5rpleiespesialist","url":"https:\/\/inoar.no\/","logo":{"@type":"ImageObject","inLanguage":"en-US","@id":"https:\/\/inoar.no\/#\/schema\/logo\/image\/","url":"https:\/\/inoar.no\/wp-content\/uploads\/2022\/03\/favicon.png","contentUrl":"https:\/\/inoar.no\/wp-content\/uploads\/2022\/03\/favicon.png","width":512,"height":512,"caption":"INOAR - H\u00e5rpleiespesialist"},"image":{"@id":"https:\/\/inoar.no\/#\/schema\/logo\/image\/"}}]}},"_links":{"self":[{"href":"https:\/\/inoar.no\/en\/wp-json\/wp\/v2\/product\/990151","targetHints":{"allow":["GET"]}}],"collection":[{"href":"https:\/\/inoar.no\/en\/wp-json\/wp\/v2\/product"}],"about":[{"href":"https:\/\/inoar.no\/en\/wp-json\/wp\/v2\/types\/product"}],"replies":[{"embeddable":true,"href":"https:\/\/inoar.no\/en\/wp-json\/wp\/v2\/comments?post=990151"}],"version-history":[{"count":3,"href":"https:\/\/inoar.no\/en\/wp-json\/wp\/v2\/product\/990151\/revisions"}],"predecessor-version":[{"id":990207,"href":"https:\/\/inoar.no\/en\/wp-json\/wp\/v2\/product\/990151\/revisions\/990207"}],"wp:featuredmedia":[{"embeddable":true,"href":"https:\/\/inoar.no\/en\/wp-json\/wp\/v2\/media\/990143"}],"wp:attachment":[{"href":"https:\/\/inoar.no\/en\/wp-json\/wp\/v2\/media?parent=990151"}],"wp:term":[{"taxonomy":"product_brand","embeddable":true,"href":"https:\/\/inoar.no\/en\/wp-json\/wp\/v2\/product_brand?post=990151"},{"taxonomy":"product_cat","embeddable":true,"href":"https:\/\/inoar.no\/en\/wp-json\/wp\/v2\/product_cat?post=990151"},{"taxonomy":"product_tag","embeddable":true,"href":"https:\/\/inoar.no\/en\/wp-json\/wp\/v2\/product_tag?post=990151"}],"curies":[{"name":"wp","href":"https:\/\/api.w.org\/{rel}","templated":true}]}}