{"id":990132,"date":"2023-03-30T16:39:34","date_gmt":"2023-03-30T14:39:34","guid":{"rendered":"https:\/\/inoar.no\/?post_type=product&#038;p=990132"},"modified":"2023-11-27T20:45:48","modified_gmt":"2023-11-27T19:45:48","slug":"reis-lett-med-inoar-cicatrifios-pakke","status":"publish","type":"product","link":"https:\/\/inoar.no\/en\/product\/reis-lett-med-inoar-cicatrifios-pakke\/","title":{"rendered":"Reis lett med INOAR CicatriFios pakke"},"content":{"rendered":"","protected":false},"excerpt":{"rendered":"<p>Pakken inneholder:<\/p>\n<p>1. 50g INOAR CicatriFios Leave-in balsam<br \/>\n2. 45ml INOAR CicatriFios h\u00e5rampulle<br \/>\n3. 7ml INOAR CicatriFios arganolje<\/p>\n<div>Leave-in balsam beskytter mot varmeskader og forhindrer brusete h\u00e5r. CicatriFios h\u00e5rpleie-linjen egner seg til \u00e5 gjenopprette skadet h\u00e5r. Produktene i denne linjen er en revolusjon innen daglig h\u00e5rpleie for \u00e5 gjenopprette\u00a0h\u00e5rets struktur. Formelen til CicatriFios Leave-in balsam er beriket med RejuComplex3 som mykner h\u00e5ret, reduserer h\u00e5rsplitting og brusete h\u00e5r, gjenoppretter h\u00e5rvolum. Produktet gir ogs\u00e5 glans, gj\u00f8r h\u00e5rkammingen enklere og sikrer en langvarig effekt. CicatriFios Leave-In balsam gj\u00f8r h\u00e5ret glattere og beskytter mot varmen. Det er et godt valg for daglig h\u00e5rpleie takket v\u00e6re den dypvirkende formelen som gjenoppretter skjellaget. Egenskaper: * Enklere h\u00e5rkamming * Langvarig effekt * Eksepsjonell glans * Varmebeskyttelse * Beskyttelse mot h\u00e5rsplitting * Gjenoppretting * H\u00e5rmykhet *. Aktive ingredienser: RejuComplex3, arganolje. Indikasjoner: for alle h\u00e5rtyper, spesielt egnet til tynt og middels-tykt h\u00e5r. Resultat: glatt h\u00e5r som er beskyttet mot varmen. Bruk: fordel en liten mengde av produktet p\u00e5 fuktig eller t\u00f8rt h\u00e5r med hjelp av fingertuppene utover hele h\u00e5ret. Kam h\u00e5ret for \u00e5 fordele produktet jevnt. Trenger ikke \u00e5 skylles av.<\/div>\n<p>&nbsp;<\/p>\n<div>CicatriFios h\u00e5rampuller har blitt til en ekte sensasjon innen forbedring av h\u00e5rtilstand. H\u00e5rampullen virker opp til tre ganger sterkere enn en vanlig h\u00e5rkur, takket v\u00e6re sin unike formel. Egenskaper: * Enklere \u00e5 kamme h\u00e5ret og mindre floker i h\u00e5ret * Langvarig oppsamlingseffekt * Eksepsjonell glans takket v\u00e6re lukket skjellaget og fylling av h\u00e5rsprekkene * Beskyttelse mot varmeskader * Gj\u00f8r h\u00e5ret glatt uten \u00e5 redusere volumet * Beskyttelse mot splitting av h\u00e5rtuppene og sterkere h\u00e5r * Forbedring av h\u00e5rstrukturen og beskyttelse av h\u00e5rlagene * Gj\u00f8r h\u00e5ret mykere og mer elastisk. Aktive ingredienser: RekuComplex3, arganolje. Indikasjoner: for alle h\u00e5rtyper, spesielt egnet til skadet og slitt h\u00e5r. Resultat: sterkere, glansfullt og enklere h\u00e5ndterlig h\u00e5r. Bruk: fordel en liten mengde p\u00e5 h\u00e5ndklet\u00f8rket h\u00e5r utover hele h\u00e5ret etter sjamponering. P\u00e5f\u00f8r ekstra mengde p\u00e5 de mest slitte omr\u00e5dene, la det virke i 5-10 min, skyll deretter av med vann. For best resultat, bruk balsam etter h\u00e5rampullen.<\/div>\n<p>&nbsp;<\/p>\n<div>De verdenskjente aktive ingrediensene i arganoljen skaper eksepsjonell glans, gjenoppretter h\u00e5rets naturlige skj\u00f8nnhet og beskytter h\u00e5ret mot skader. Det er en eliksir for gjenoppretting av h\u00e5r og for \u00e5 f\u00e5 h\u00e5ret til \u00e5 se sunt ut. Arganolje er et flott alternativ til saks for \u00e5 bekjempe t\u00f8rre h\u00e5rtupper. Arganolje skaper en beskyttende barriere som: * Gir n\u00e6ring og fuktighet til t\u00f8rt, por\u00f8st og slitt h\u00e5r; * Raskt og effektivt gjenoppretter skadede omr\u00e5der ved \u00e5 tilf\u00f8re vitaminer i h\u00e5rsprekkene (pga. rikelige mengder med vitamin E); * Gjenoppretter naturlig elastisitet, motstandsdyktighet og tilf\u00f8rer eksepsjonell glans; * Beskytter mot varmen og varmeskader; * Oljen tynger ikke h\u00e5ret ned, etterlater ikke en fet hinne, men absorberes \u00f8yeblikkelig; * Egnet til vanlig bruk; * Oljen er hovedsakelig egnet til gjenoppretting av h\u00e5ret, men kan ogs\u00e5 brukes som et forebyggende tiltak for normalt h\u00e5r; * Oljen kan brukes ved h\u00e5rfarging: noen dr\u00e5per, tilsatt i fargemiddelet, vil beskytte h\u00e5ret mot utt\u00f8rking. H\u00e5ret skal f\u00e5 ekstra fuktighet og et sunt utseende. Aktive ingredienser: arganolje. Indikasjoner: for alle h\u00e5rtyper. Resultat: mykt, glansfullt og beskyttet h\u00e5r. Bruk: p\u00e5f\u00f8r p\u00e5 v\u00e5te og h\u00e5ndklet\u00f8rkede h\u00e5rtupper eller utover hele h\u00e5ret. La produktet trekke inn og bruk h\u00e5rf\u00f8ner deretter.<\/div>","protected":false},"featured_media":990142,"comment_status":"open","ping_status":"closed","template":"","meta":[],"product_brand":[],"product_cat":[156,152,109,168],"product_tag":[],"class_list":{"0":"post-990132","1":"product","2":"type-product","3":"status-publish","4":"has-post-thumbnail","6":"product_cat-for-normalt-har","7":"product_cat-for-skadet-har","8":"product_cat-inoar-cicatrifios","9":"product_cat-reis-lett-med-inoar-pakke","11":"first","12":"outofstock","13":"sale","14":"shipping-taxable","15":"purchasable","16":"product-type-simple"},"yoast_head":"<!-- This site is optimized with the Yoast SEO plugin v27.1.1 - https:\/\/yoast.com\/product\/yoast-seo-wordpress\/ -->\n<title>Reis lett med INOAR CicatriFios pakke - INOAR - H\u00e5rpleiespesialist<\/title>\n<meta name=\"description\" content=\"Reis lett med inoar cicatrifios pakke. Produktene i denne linjen er en revolusjon innen daglig h\u00e5rpleie for \u00e5 gjenopprette\u00a0h\u00e5rets struktur. Formelen til CicatriFios Leave-in balsam er beriket med RejuComplex3 som mykner h\u00e5ret.\" \/>\n<meta name=\"robots\" content=\"index, follow, max-snippet:-1, max-image-preview:large, max-video-preview:-1\" \/>\n<link rel=\"canonical\" href=\"https:\/\/inoar.no\/en\/product\/reis-lett-med-inoar-cicatrifios-pakke\/\" \/>\n<meta property=\"og:locale\" content=\"en_US\" \/>\n<meta property=\"og:type\" content=\"article\" \/>\n<meta property=\"og:title\" content=\"Reis lett med INOAR CicatriFios pakke - INOAR - H\u00e5rpleiespesialist\" \/>\n<meta property=\"og:description\" content=\"Reis lett med inoar cicatrifios pakke. Produktene i denne linjen er en revolusjon innen daglig h\u00e5rpleie for \u00e5 gjenopprette\u00a0h\u00e5rets struktur. Formelen til CicatriFios Leave-in balsam er beriket med RejuComplex3 som mykner h\u00e5ret.\" \/>\n<meta property=\"og:url\" content=\"https:\/\/inoar.no\/en\/product\/reis-lett-med-inoar-cicatrifios-pakke\/\" \/>\n<meta property=\"og:site_name\" content=\"INOAR - H\u00e5rpleiespesialist\" \/>\n<meta property=\"article:modified_time\" content=\"2023-11-27T19:45:48+00:00\" \/>\n<meta property=\"og:image\" content=\"https:\/\/inoar.no\/wp-content\/uploads\/2023\/03\/1.png\" \/>\n\t<meta property=\"og:image:width\" content=\"1080\" \/>\n\t<meta property=\"og:image:height\" content=\"1080\" \/>\n\t<meta property=\"og:image:type\" content=\"image\/png\" \/>\n<meta name=\"twitter:card\" content=\"summary_large_image\" \/>\n<script type=\"application\/ld+json\" class=\"yoast-schema-graph\">{\"@context\":\"https:\/\/schema.org\",\"@graph\":[{\"@type\":\"WebPage\",\"@id\":\"https:\/\/inoar.no\/product\/reis-lett-med-inoar-cicatrifios-pakke\/\",\"url\":\"https:\/\/inoar.no\/product\/reis-lett-med-inoar-cicatrifios-pakke\/\",\"name\":\"Reis lett med INOAR CicatriFios pakke - INOAR - H\u00e5rpleiespesialist\",\"isPartOf\":{\"@id\":\"https:\/\/inoar.no\/#website\"},\"primaryImageOfPage\":{\"@id\":\"https:\/\/inoar.no\/product\/reis-lett-med-inoar-cicatrifios-pakke\/#primaryimage\"},\"image\":{\"@id\":\"https:\/\/inoar.no\/product\/reis-lett-med-inoar-cicatrifios-pakke\/#primaryimage\"},\"thumbnailUrl\":\"https:\/\/inoar.no\/wp-content\/uploads\/2023\/03\/1.png\",\"datePublished\":\"2023-03-30T14:39:34+00:00\",\"dateModified\":\"2023-11-27T19:45:48+00:00\",\"description\":\"Reis lett med inoar cicatrifios pakke. Produktene i denne linjen er en revolusjon innen daglig h\u00e5rpleie for \u00e5 gjenopprette\u00a0h\u00e5rets struktur. Formelen til CicatriFios Leave-in balsam er beriket med RejuComplex3 som mykner h\u00e5ret.\",\"breadcrumb\":{\"@id\":\"https:\/\/inoar.no\/product\/reis-lett-med-inoar-cicatrifios-pakke\/#breadcrumb\"},\"inLanguage\":\"en-US\",\"potentialAction\":[{\"@type\":\"ReadAction\",\"target\":[\"https:\/\/inoar.no\/product\/reis-lett-med-inoar-cicatrifios-pakke\/\"]}]},{\"@type\":\"ImageObject\",\"inLanguage\":\"en-US\",\"@id\":\"https:\/\/inoar.no\/product\/reis-lett-med-inoar-cicatrifios-pakke\/#primaryimage\",\"url\":\"https:\/\/inoar.no\/wp-content\/uploads\/2023\/03\/1.png\",\"contentUrl\":\"https:\/\/inoar.no\/wp-content\/uploads\/2023\/03\/1.png\",\"width\":1080,\"height\":1080},{\"@type\":\"BreadcrumbList\",\"@id\":\"https:\/\/inoar.no\/product\/reis-lett-med-inoar-cicatrifios-pakke\/#breadcrumb\",\"itemListElement\":[{\"@type\":\"ListItem\",\"position\":1,\"name\":\"Home\",\"item\":\"https:\/\/inoar.no\/\"},{\"@type\":\"ListItem\",\"position\":2,\"name\":\"Butikk\",\"item\":\"https:\/\/inoar.no\/butikk\/\"},{\"@type\":\"ListItem\",\"position\":3,\"name\":\"Reis lett med INOAR CicatriFios pakke\"}]},{\"@type\":\"WebSite\",\"@id\":\"https:\/\/inoar.no\/#website\",\"url\":\"https:\/\/inoar.no\/\",\"name\":\"INOAR - H\u00e5rpleiespesialist\",\"description\":\"H\u00e5rpleiespesialist\",\"publisher\":{\"@id\":\"https:\/\/inoar.no\/#organization\"},\"potentialAction\":[{\"@type\":\"SearchAction\",\"target\":{\"@type\":\"EntryPoint\",\"urlTemplate\":\"https:\/\/inoar.no\/?s={search_term_string}\"},\"query-input\":{\"@type\":\"PropertyValueSpecification\",\"valueRequired\":true,\"valueName\":\"search_term_string\"}}],\"inLanguage\":\"en-US\"},{\"@type\":\"Organization\",\"@id\":\"https:\/\/inoar.no\/#organization\",\"name\":\"INOAR - H\u00e5rpleiespesialist\",\"url\":\"https:\/\/inoar.no\/\",\"logo\":{\"@type\":\"ImageObject\",\"inLanguage\":\"en-US\",\"@id\":\"https:\/\/inoar.no\/#\/schema\/logo\/image\/\",\"url\":\"https:\/\/inoar.no\/wp-content\/uploads\/2022\/03\/favicon.png\",\"contentUrl\":\"https:\/\/inoar.no\/wp-content\/uploads\/2022\/03\/favicon.png\",\"width\":512,\"height\":512,\"caption\":\"INOAR - H\u00e5rpleiespesialist\"},\"image\":{\"@id\":\"https:\/\/inoar.no\/#\/schema\/logo\/image\/\"}}]}<\/script>\n<!-- \/ Yoast SEO plugin. -->","yoast_head_json":{"title":"Reis lett med INOAR CicatriFios pakke - INOAR - H\u00e5rpleiespesialist","description":"Reis lett med inoar cicatrifios pakke. Produktene i denne linjen er en revolusjon innen daglig h\u00e5rpleie for \u00e5 gjenopprette\u00a0h\u00e5rets struktur. Formelen til CicatriFios Leave-in balsam er beriket med RejuComplex3 som mykner h\u00e5ret.","robots":{"index":"index","follow":"follow","max-snippet":"max-snippet:-1","max-image-preview":"max-image-preview:large","max-video-preview":"max-video-preview:-1"},"canonical":"https:\/\/inoar.no\/en\/product\/reis-lett-med-inoar-cicatrifios-pakke\/","og_locale":"en_US","og_type":"article","og_title":"Reis lett med INOAR CicatriFios pakke - INOAR - H\u00e5rpleiespesialist","og_description":"Reis lett med inoar cicatrifios pakke. Produktene i denne linjen er en revolusjon innen daglig h\u00e5rpleie for \u00e5 gjenopprette\u00a0h\u00e5rets struktur. Formelen til CicatriFios Leave-in balsam er beriket med RejuComplex3 som mykner h\u00e5ret.","og_url":"https:\/\/inoar.no\/en\/product\/reis-lett-med-inoar-cicatrifios-pakke\/","og_site_name":"INOAR - H\u00e5rpleiespesialist","article_modified_time":"2023-11-27T19:45:48+00:00","og_image":[{"width":1080,"height":1080,"url":"https:\/\/inoar.no\/wp-content\/uploads\/2023\/03\/1.png","type":"image\/png"}],"twitter_card":"summary_large_image","schema":{"@context":"https:\/\/schema.org","@graph":[{"@type":"WebPage","@id":"https:\/\/inoar.no\/product\/reis-lett-med-inoar-cicatrifios-pakke\/","url":"https:\/\/inoar.no\/product\/reis-lett-med-inoar-cicatrifios-pakke\/","name":"Reis lett med INOAR CicatriFios pakke - INOAR - H\u00e5rpleiespesialist","isPartOf":{"@id":"https:\/\/inoar.no\/#website"},"primaryImageOfPage":{"@id":"https:\/\/inoar.no\/product\/reis-lett-med-inoar-cicatrifios-pakke\/#primaryimage"},"image":{"@id":"https:\/\/inoar.no\/product\/reis-lett-med-inoar-cicatrifios-pakke\/#primaryimage"},"thumbnailUrl":"https:\/\/inoar.no\/wp-content\/uploads\/2023\/03\/1.png","datePublished":"2023-03-30T14:39:34+00:00","dateModified":"2023-11-27T19:45:48+00:00","description":"Reis lett med inoar cicatrifios pakke. Produktene i denne linjen er en revolusjon innen daglig h\u00e5rpleie for \u00e5 gjenopprette\u00a0h\u00e5rets struktur. Formelen til CicatriFios Leave-in balsam er beriket med RejuComplex3 som mykner h\u00e5ret.","breadcrumb":{"@id":"https:\/\/inoar.no\/product\/reis-lett-med-inoar-cicatrifios-pakke\/#breadcrumb"},"inLanguage":"en-US","potentialAction":[{"@type":"ReadAction","target":["https:\/\/inoar.no\/product\/reis-lett-med-inoar-cicatrifios-pakke\/"]}]},{"@type":"ImageObject","inLanguage":"en-US","@id":"https:\/\/inoar.no\/product\/reis-lett-med-inoar-cicatrifios-pakke\/#primaryimage","url":"https:\/\/inoar.no\/wp-content\/uploads\/2023\/03\/1.png","contentUrl":"https:\/\/inoar.no\/wp-content\/uploads\/2023\/03\/1.png","width":1080,"height":1080},{"@type":"BreadcrumbList","@id":"https:\/\/inoar.no\/product\/reis-lett-med-inoar-cicatrifios-pakke\/#breadcrumb","itemListElement":[{"@type":"ListItem","position":1,"name":"Home","item":"https:\/\/inoar.no\/"},{"@type":"ListItem","position":2,"name":"Butikk","item":"https:\/\/inoar.no\/butikk\/"},{"@type":"ListItem","position":3,"name":"Reis lett med INOAR CicatriFios pakke"}]},{"@type":"WebSite","@id":"https:\/\/inoar.no\/#website","url":"https:\/\/inoar.no\/","name":"INOAR - H\u00e5rpleiespesialist","description":"H\u00e5rpleiespesialist","publisher":{"@id":"https:\/\/inoar.no\/#organization"},"potentialAction":[{"@type":"SearchAction","target":{"@type":"EntryPoint","urlTemplate":"https:\/\/inoar.no\/?s={search_term_string}"},"query-input":{"@type":"PropertyValueSpecification","valueRequired":true,"valueName":"search_term_string"}}],"inLanguage":"en-US"},{"@type":"Organization","@id":"https:\/\/inoar.no\/#organization","name":"INOAR - H\u00e5rpleiespesialist","url":"https:\/\/inoar.no\/","logo":{"@type":"ImageObject","inLanguage":"en-US","@id":"https:\/\/inoar.no\/#\/schema\/logo\/image\/","url":"https:\/\/inoar.no\/wp-content\/uploads\/2022\/03\/favicon.png","contentUrl":"https:\/\/inoar.no\/wp-content\/uploads\/2022\/03\/favicon.png","width":512,"height":512,"caption":"INOAR - H\u00e5rpleiespesialist"},"image":{"@id":"https:\/\/inoar.no\/#\/schema\/logo\/image\/"}}]}},"_links":{"self":[{"href":"https:\/\/inoar.no\/en\/wp-json\/wp\/v2\/product\/990132","targetHints":{"allow":["GET"]}}],"collection":[{"href":"https:\/\/inoar.no\/en\/wp-json\/wp\/v2\/product"}],"about":[{"href":"https:\/\/inoar.no\/en\/wp-json\/wp\/v2\/types\/product"}],"replies":[{"embeddable":true,"href":"https:\/\/inoar.no\/en\/wp-json\/wp\/v2\/comments?post=990132"}],"version-history":[{"count":17,"href":"https:\/\/inoar.no\/en\/wp-json\/wp\/v2\/product\/990132\/revisions"}],"predecessor-version":[{"id":990203,"href":"https:\/\/inoar.no\/en\/wp-json\/wp\/v2\/product\/990132\/revisions\/990203"}],"wp:featuredmedia":[{"embeddable":true,"href":"https:\/\/inoar.no\/en\/wp-json\/wp\/v2\/media\/990142"}],"wp:attachment":[{"href":"https:\/\/inoar.no\/en\/wp-json\/wp\/v2\/media?parent=990132"}],"wp:term":[{"taxonomy":"product_brand","embeddable":true,"href":"https:\/\/inoar.no\/en\/wp-json\/wp\/v2\/product_brand?post=990132"},{"taxonomy":"product_cat","embeddable":true,"href":"https:\/\/inoar.no\/en\/wp-json\/wp\/v2\/product_cat?post=990132"},{"taxonomy":"product_tag","embeddable":true,"href":"https:\/\/inoar.no\/en\/wp-json\/wp\/v2\/product_tag?post=990132"}],"curies":[{"name":"wp","href":"https:\/\/api.w.org\/{rel}","templated":true}]}}