{"id":989034,"date":"2022-11-22T23:25:16","date_gmt":"2022-11-22T22:25:16","guid":{"rendered":"https:\/\/inoar.no\/?post_type=product&#038;p=989034"},"modified":"2023-11-28T17:12:41","modified_gmt":"2023-11-28T16:12:41","slug":"inoar-resistance-fibra-de-bambu-oil-7ml","status":"publish","type":"product","link":"https:\/\/inoar.no\/en\/product\/inoar-resistance-fibra-de-bambu-oil-7ml\/","title":{"rendered":"INOAR Resistance Fibra de Bambu Oil &#8211; 7ml"},"content":{"rendered":"<div data-elementor-type=\"product-post\" data-elementor-id=\"989034\" class=\"elementor elementor-989034\">\n\t\t\t\t\t\t<section class=\"elementor-section elementor-top-section elementor-element elementor-element-616f507 elementor-section-boxed elementor-section-height-default elementor-section-height-default\" data-id=\"616f507\" data-element_type=\"section\" data-e-type=\"section\">\n\t\t\t\t\t\t<div class=\"elementor-container elementor-column-gap-default\">\n\t\t\t\t\t<div class=\"elementor-column elementor-col-100 elementor-top-column elementor-element elementor-element-345144f2\" data-id=\"345144f2\" data-element_type=\"column\" data-e-type=\"column\">\n\t\t\t<div class=\"elementor-widget-wrap elementor-element-populated\">\n\t\t\t\t\t\t<div class=\"elementor-element elementor-element-2579dd0 elementor-widget elementor-widget-text-editor\" data-id=\"2579dd0\" data-element_type=\"widget\" data-e-type=\"widget\" data-widget_type=\"text-editor.default\">\n\t\t\t\t<div class=\"elementor-widget-container\">\n\t\t\t\t\t\t\t\t\t<span class=\"jCAhz ChMk0b\"><span class=\"ryNqvb\">Olje for h\u00e5rtupper.<\/span><\/span>\r\n\r\n<span class=\"jCAhz ChMk0b\"><span class=\"ryNqvb\">De naturlige ingrediensene i oljen trenger dypt inn i h\u00e5rets lag og fukter dem.<\/span><\/span> <span class=\"jCAhz ChMk0b\"><span class=\"ryNqvb\">Styrker h\u00e5rbindinger, reduserer hevelser, gir sunt h\u00e5rglans.<\/span><\/span> <span class=\"jCAhz ChMk0b\"><span class=\"ryNqvb\">Aktiv ingrediens: bambusekstrakt, biotin og vitamin A<\/span><\/span> <span class=\"jCAhz ChMk0b\"><span class=\"ryNqvb\">Indikasjoner: for alle h\u00e5rtyper<\/span><\/span> <span class=\"jCAhz ChMk0b\"><span class=\"ryNqvb\">Resultatet: beskyttede og mykere h\u00e5rspisser<\/span><\/span> <span class=\"jCAhz ChMk0b\"><span class=\"ryNqvb\">Slik bruker du: P\u00e5f\u00f8r p\u00e5 v\u00e5te, h\u00e5ndklet\u00f8rkede tupper eller i hele h\u00e5rets lengde.<\/span><\/span> <span class=\"jCAhz ChMk0b\"><span class=\"ryNqvb\">La produktet trekke inn, og f\u00f8n deretter t\u00f8rt.<\/span><\/span>\t\t\t\t\t\t\t\t<\/div>\n\t\t\t\t<\/div>\n\t\t\t\t\t<\/div>\n\t\t<\/div>\n\t\t\t\t\t<\/div>\n\t\t<\/section>\n\t\t\t\t<\/div>","protected":false},"excerpt":{"rendered":"<p>Olje for h\u00e5rtupper. De naturlige ingrediensene i oljen trenger dypt inn i h\u00e5rets lag og fukter dem. Styrker h\u00e5rbindinger, reduserer hevelser, gir sunt h\u00e5rglans. Aktiv ingrediens: bambusekstrakt, biotin og vitamin A Indikasjoner: for alle h\u00e5rtyper Resultatet: beskyttede og mykere h\u00e5rspisser Slik bruker du: P\u00e5f\u00f8r p\u00e5 v\u00e5te, h\u00e5ndklet\u00f8rkede tupper eller i hele h\u00e5rets lengde. La produktet&#8230;<\/p>","protected":false},"featured_media":989035,"comment_status":"closed","ping_status":"closed","template":"","meta":[],"product_brand":[],"product_cat":[113,149,157,156,152,155,163,154,150,153],"product_tag":[],"class_list":{"0":"post-989034","1":"product","2":"type-product","3":"status-publish","4":"has-post-thumbnail","6":"product_cat-fibra-de-bambu","7":"product_cat-for-krollete-har","8":"product_cat-for-lyst-har-gul-nyanse-for-odeleggelse-granende","9":"product_cat-for-normalt-har","10":"product_cat-for-skadet-har","11":"product_cat-haret-skinner","12":"product_cat-harolje","13":"product_cat-krollete-har","14":"product_cat-svakt-har-haravfall","15":"product_cat-uregjerlig-krusete-har","17":"first","18":"outofstock","19":"shipping-taxable","20":"purchasable","21":"product-type-simple"},"yoast_head":"<!-- This site is optimized with the Yoast SEO plugin v27.1.1 - https:\/\/yoast.com\/product\/yoast-seo-wordpress\/ -->\n<title>INOAR Resistance Fibra de Bambu Oil - 7ml - INOAR - H\u00e5rpleiespesialist<\/title>\n<meta name=\"robots\" content=\"index, follow, max-snippet:-1, max-image-preview:large, max-video-preview:-1\" \/>\n<link rel=\"canonical\" href=\"https:\/\/inoar.no\/en\/product\/inoar-resistance-fibra-de-bambu-oil-7ml\/\" \/>\n<meta property=\"og:locale\" content=\"en_US\" \/>\n<meta property=\"og:type\" content=\"article\" \/>\n<meta property=\"og:title\" content=\"INOAR Resistance Fibra de Bambu Oil - 7ml - INOAR - H\u00e5rpleiespesialist\" \/>\n<meta property=\"og:description\" content=\"Olje for h\u00e5rtupper. De naturlige ingrediensene i oljen trenger dypt inn i h\u00e5rets lag og fukter dem. Styrker h\u00e5rbindinger, reduserer hevelser, gir sunt h\u00e5rglans. Aktiv ingrediens: bambusekstrakt, biotin og vitamin A Indikasjoner: for alle h\u00e5rtyper Resultatet: beskyttede og mykere h\u00e5rspisser Slik bruker du: P\u00e5f\u00f8r p\u00e5 v\u00e5te, h\u00e5ndklet\u00f8rkede tupper eller i hele h\u00e5rets lengde. La produktet...\" \/>\n<meta property=\"og:url\" content=\"https:\/\/inoar.no\/en\/product\/inoar-resistance-fibra-de-bambu-oil-7ml\/\" \/>\n<meta property=\"og:site_name\" content=\"INOAR - H\u00e5rpleiespesialist\" \/>\n<meta property=\"article:modified_time\" content=\"2023-11-28T16:12:41+00:00\" \/>\n<meta property=\"og:image\" content=\"https:\/\/inoar.no\/wp-content\/uploads\/2022\/11\/Resistance_Oleo_7ml_FRONT.webp\" \/>\n\t<meta property=\"og:image:width\" content=\"1280\" \/>\n\t<meta property=\"og:image:height\" content=\"1280\" \/>\n\t<meta property=\"og:image:type\" content=\"image\/webp\" \/>\n<meta name=\"twitter:card\" content=\"summary_large_image\" \/>\n<script type=\"application\/ld+json\" class=\"yoast-schema-graph\">{\"@context\":\"https:\/\/schema.org\",\"@graph\":[{\"@type\":\"WebPage\",\"@id\":\"https:\/\/inoar.no\/product\/inoar-resistance-fibra-de-bambu-oil-7ml\/\",\"url\":\"https:\/\/inoar.no\/product\/inoar-resistance-fibra-de-bambu-oil-7ml\/\",\"name\":\"INOAR Resistance Fibra de Bambu Oil - 7ml - INOAR - H\u00e5rpleiespesialist\",\"isPartOf\":{\"@id\":\"https:\/\/inoar.no\/#website\"},\"primaryImageOfPage\":{\"@id\":\"https:\/\/inoar.no\/product\/inoar-resistance-fibra-de-bambu-oil-7ml\/#primaryimage\"},\"image\":{\"@id\":\"https:\/\/inoar.no\/product\/inoar-resistance-fibra-de-bambu-oil-7ml\/#primaryimage\"},\"thumbnailUrl\":\"https:\/\/inoar.no\/wp-content\/uploads\/2022\/11\/Resistance_Oleo_7ml_FRONT.webp\",\"datePublished\":\"2022-11-22T22:25:16+00:00\",\"dateModified\":\"2023-11-28T16:12:41+00:00\",\"breadcrumb\":{\"@id\":\"https:\/\/inoar.no\/product\/inoar-resistance-fibra-de-bambu-oil-7ml\/#breadcrumb\"},\"inLanguage\":\"en-US\",\"potentialAction\":[{\"@type\":\"ReadAction\",\"target\":[\"https:\/\/inoar.no\/product\/inoar-resistance-fibra-de-bambu-oil-7ml\/\"]}]},{\"@type\":\"ImageObject\",\"inLanguage\":\"en-US\",\"@id\":\"https:\/\/inoar.no\/product\/inoar-resistance-fibra-de-bambu-oil-7ml\/#primaryimage\",\"url\":\"https:\/\/inoar.no\/wp-content\/uploads\/2022\/11\/Resistance_Oleo_7ml_FRONT.webp\",\"contentUrl\":\"https:\/\/inoar.no\/wp-content\/uploads\/2022\/11\/Resistance_Oleo_7ml_FRONT.webp\",\"width\":1280,\"height\":1280},{\"@type\":\"BreadcrumbList\",\"@id\":\"https:\/\/inoar.no\/product\/inoar-resistance-fibra-de-bambu-oil-7ml\/#breadcrumb\",\"itemListElement\":[{\"@type\":\"ListItem\",\"position\":1,\"name\":\"Home\",\"item\":\"https:\/\/inoar.no\/\"},{\"@type\":\"ListItem\",\"position\":2,\"name\":\"Butikk\",\"item\":\"https:\/\/inoar.no\/butikk\/\"},{\"@type\":\"ListItem\",\"position\":3,\"name\":\"INOAR Resistance Fibra de Bambu Oil &#8211; 7ml\"}]},{\"@type\":\"WebSite\",\"@id\":\"https:\/\/inoar.no\/#website\",\"url\":\"https:\/\/inoar.no\/\",\"name\":\"INOAR - H\u00e5rpleiespesialist\",\"description\":\"H\u00e5rpleiespesialist\",\"publisher\":{\"@id\":\"https:\/\/inoar.no\/#organization\"},\"potentialAction\":[{\"@type\":\"SearchAction\",\"target\":{\"@type\":\"EntryPoint\",\"urlTemplate\":\"https:\/\/inoar.no\/?s={search_term_string}\"},\"query-input\":{\"@type\":\"PropertyValueSpecification\",\"valueRequired\":true,\"valueName\":\"search_term_string\"}}],\"inLanguage\":\"en-US\"},{\"@type\":\"Organization\",\"@id\":\"https:\/\/inoar.no\/#organization\",\"name\":\"INOAR - H\u00e5rpleiespesialist\",\"url\":\"https:\/\/inoar.no\/\",\"logo\":{\"@type\":\"ImageObject\",\"inLanguage\":\"en-US\",\"@id\":\"https:\/\/inoar.no\/#\/schema\/logo\/image\/\",\"url\":\"https:\/\/inoar.no\/wp-content\/uploads\/2022\/03\/favicon.png\",\"contentUrl\":\"https:\/\/inoar.no\/wp-content\/uploads\/2022\/03\/favicon.png\",\"width\":512,\"height\":512,\"caption\":\"INOAR - H\u00e5rpleiespesialist\"},\"image\":{\"@id\":\"https:\/\/inoar.no\/#\/schema\/logo\/image\/\"}}]}<\/script>\n<!-- \/ Yoast SEO plugin. -->","yoast_head_json":{"title":"INOAR Resistance Fibra de Bambu Oil - 7ml - INOAR - H\u00e5rpleiespesialist","robots":{"index":"index","follow":"follow","max-snippet":"max-snippet:-1","max-image-preview":"max-image-preview:large","max-video-preview":"max-video-preview:-1"},"canonical":"https:\/\/inoar.no\/en\/product\/inoar-resistance-fibra-de-bambu-oil-7ml\/","og_locale":"en_US","og_type":"article","og_title":"INOAR Resistance Fibra de Bambu Oil - 7ml - INOAR - H\u00e5rpleiespesialist","og_description":"Olje for h\u00e5rtupper. De naturlige ingrediensene i oljen trenger dypt inn i h\u00e5rets lag og fukter dem. Styrker h\u00e5rbindinger, reduserer hevelser, gir sunt h\u00e5rglans. Aktiv ingrediens: bambusekstrakt, biotin og vitamin A Indikasjoner: for alle h\u00e5rtyper Resultatet: beskyttede og mykere h\u00e5rspisser Slik bruker du: P\u00e5f\u00f8r p\u00e5 v\u00e5te, h\u00e5ndklet\u00f8rkede tupper eller i hele h\u00e5rets lengde. La produktet...","og_url":"https:\/\/inoar.no\/en\/product\/inoar-resistance-fibra-de-bambu-oil-7ml\/","og_site_name":"INOAR - H\u00e5rpleiespesialist","article_modified_time":"2023-11-28T16:12:41+00:00","og_image":[{"width":1280,"height":1280,"url":"https:\/\/inoar.no\/wp-content\/uploads\/2022\/11\/Resistance_Oleo_7ml_FRONT.webp","type":"image\/webp"}],"twitter_card":"summary_large_image","schema":{"@context":"https:\/\/schema.org","@graph":[{"@type":"WebPage","@id":"https:\/\/inoar.no\/product\/inoar-resistance-fibra-de-bambu-oil-7ml\/","url":"https:\/\/inoar.no\/product\/inoar-resistance-fibra-de-bambu-oil-7ml\/","name":"INOAR Resistance Fibra de Bambu Oil - 7ml - INOAR - H\u00e5rpleiespesialist","isPartOf":{"@id":"https:\/\/inoar.no\/#website"},"primaryImageOfPage":{"@id":"https:\/\/inoar.no\/product\/inoar-resistance-fibra-de-bambu-oil-7ml\/#primaryimage"},"image":{"@id":"https:\/\/inoar.no\/product\/inoar-resistance-fibra-de-bambu-oil-7ml\/#primaryimage"},"thumbnailUrl":"https:\/\/inoar.no\/wp-content\/uploads\/2022\/11\/Resistance_Oleo_7ml_FRONT.webp","datePublished":"2022-11-22T22:25:16+00:00","dateModified":"2023-11-28T16:12:41+00:00","breadcrumb":{"@id":"https:\/\/inoar.no\/product\/inoar-resistance-fibra-de-bambu-oil-7ml\/#breadcrumb"},"inLanguage":"en-US","potentialAction":[{"@type":"ReadAction","target":["https:\/\/inoar.no\/product\/inoar-resistance-fibra-de-bambu-oil-7ml\/"]}]},{"@type":"ImageObject","inLanguage":"en-US","@id":"https:\/\/inoar.no\/product\/inoar-resistance-fibra-de-bambu-oil-7ml\/#primaryimage","url":"https:\/\/inoar.no\/wp-content\/uploads\/2022\/11\/Resistance_Oleo_7ml_FRONT.webp","contentUrl":"https:\/\/inoar.no\/wp-content\/uploads\/2022\/11\/Resistance_Oleo_7ml_FRONT.webp","width":1280,"height":1280},{"@type":"BreadcrumbList","@id":"https:\/\/inoar.no\/product\/inoar-resistance-fibra-de-bambu-oil-7ml\/#breadcrumb","itemListElement":[{"@type":"ListItem","position":1,"name":"Home","item":"https:\/\/inoar.no\/"},{"@type":"ListItem","position":2,"name":"Butikk","item":"https:\/\/inoar.no\/butikk\/"},{"@type":"ListItem","position":3,"name":"INOAR Resistance Fibra de Bambu Oil &#8211; 7ml"}]},{"@type":"WebSite","@id":"https:\/\/inoar.no\/#website","url":"https:\/\/inoar.no\/","name":"INOAR - H\u00e5rpleiespesialist","description":"H\u00e5rpleiespesialist","publisher":{"@id":"https:\/\/inoar.no\/#organization"},"potentialAction":[{"@type":"SearchAction","target":{"@type":"EntryPoint","urlTemplate":"https:\/\/inoar.no\/?s={search_term_string}"},"query-input":{"@type":"PropertyValueSpecification","valueRequired":true,"valueName":"search_term_string"}}],"inLanguage":"en-US"},{"@type":"Organization","@id":"https:\/\/inoar.no\/#organization","name":"INOAR - H\u00e5rpleiespesialist","url":"https:\/\/inoar.no\/","logo":{"@type":"ImageObject","inLanguage":"en-US","@id":"https:\/\/inoar.no\/#\/schema\/logo\/image\/","url":"https:\/\/inoar.no\/wp-content\/uploads\/2022\/03\/favicon.png","contentUrl":"https:\/\/inoar.no\/wp-content\/uploads\/2022\/03\/favicon.png","width":512,"height":512,"caption":"INOAR - H\u00e5rpleiespesialist"},"image":{"@id":"https:\/\/inoar.no\/#\/schema\/logo\/image\/"}}]}},"_links":{"self":[{"href":"https:\/\/inoar.no\/en\/wp-json\/wp\/v2\/product\/989034","targetHints":{"allow":["GET"]}}],"collection":[{"href":"https:\/\/inoar.no\/en\/wp-json\/wp\/v2\/product"}],"about":[{"href":"https:\/\/inoar.no\/en\/wp-json\/wp\/v2\/types\/product"}],"replies":[{"embeddable":true,"href":"https:\/\/inoar.no\/en\/wp-json\/wp\/v2\/comments?post=989034"}],"version-history":[{"count":4,"href":"https:\/\/inoar.no\/en\/wp-json\/wp\/v2\/product\/989034\/revisions"}],"predecessor-version":[{"id":989309,"href":"https:\/\/inoar.no\/en\/wp-json\/wp\/v2\/product\/989034\/revisions\/989309"}],"wp:featuredmedia":[{"embeddable":true,"href":"https:\/\/inoar.no\/en\/wp-json\/wp\/v2\/media\/989035"}],"wp:attachment":[{"href":"https:\/\/inoar.no\/en\/wp-json\/wp\/v2\/media?parent=989034"}],"wp:term":[{"taxonomy":"product_brand","embeddable":true,"href":"https:\/\/inoar.no\/en\/wp-json\/wp\/v2\/product_brand?post=989034"},{"taxonomy":"product_cat","embeddable":true,"href":"https:\/\/inoar.no\/en\/wp-json\/wp\/v2\/product_cat?post=989034"},{"taxonomy":"product_tag","embeddable":true,"href":"https:\/\/inoar.no\/en\/wp-json\/wp\/v2\/product_tag?post=989034"}],"curies":[{"name":"wp","href":"https:\/\/api.w.org\/{rel}","templated":true}]}}