{"id":989018,"date":"2022-11-22T21:37:35","date_gmt":"2022-11-22T20:37:35","guid":{"rendered":"https:\/\/inoar.no\/?post_type=product&#038;p=989018"},"modified":"2023-10-30T14:23:26","modified_gmt":"2023-10-30T13:23:26","slug":"go-vegan-balance-balsam","status":"publish","type":"product","link":"https:\/\/inoar.no\/en\/product\/go-vegan-balance-balsam\/","title":{"rendered":"Go Vegan Balance &#8211; Balsam"},"content":{"rendered":"","protected":false},"excerpt":{"rendered":"<p>Kilden til liv som ditt h\u00e5ret fortjener!<\/p>\n<p>Denne linjen er beriket med aloe vera, som er rik p\u00e5 vitaminer som gjenoppretter den naturlige balansen i hodebunnen og h\u00e5ret.<\/p>\n<p>Vil du h\u00f8re enda mer verdifull informasjon om denne linjen?<\/p>\n<p>Disse produktene skylles ut ekstremt raskt, s\u00e5 vi bruker mindre vann og sparer planetens ressurser! Flott, ikke sant?<\/p>","protected":false},"featured_media":989019,"comment_status":"closed","ping_status":"closed","template":"","meta":[],"product_brand":[],"product_cat":[159,156,118],"product_tag":[],"class_list":{"0":"post-989018","1":"product","2":"type-product","3":"status-publish","4":"has-post-thumbnail","6":"product_cat-conditioner-og-balsam","7":"product_cat-for-normalt-har","8":"product_cat-go-vegan","10":"first","11":"outofstock","12":"shipping-taxable","13":"purchasable","14":"product-type-simple"},"yoast_head":"<!-- This site is optimized with the Yoast SEO plugin v27.1.1 - https:\/\/yoast.com\/product\/yoast-seo-wordpress\/ -->\n<title>Go Vegan Balance - Balsam - INOAR - H\u00e5rpleiespesialist<\/title>\n<meta name=\"robots\" content=\"index, follow, max-snippet:-1, max-image-preview:large, max-video-preview:-1\" \/>\n<link rel=\"canonical\" href=\"https:\/\/inoar.no\/en\/product\/go-vegan-balance-balsam\/\" \/>\n<meta property=\"og:locale\" content=\"en_US\" \/>\n<meta property=\"og:type\" content=\"article\" \/>\n<meta property=\"og:title\" content=\"Go Vegan Balance - Balsam - INOAR - H\u00e5rpleiespesialist\" \/>\n<meta property=\"og:description\" content=\"Kilden til liv som ditt h\u00e5ret fortjener!  Denne linjen er beriket med aloe vera, som er rik p\u00e5 vitaminer som gjenoppretter den naturlige balansen i hodebunnen og h\u00e5ret.  Vil du h\u00f8re enda mer verdifull informasjon om denne linjen?  Disse produktene skylles ut ekstremt raskt, s\u00e5 vi bruker mindre vann og sparer planetens ressurser! Flott, ikke sant?\" \/>\n<meta property=\"og:url\" content=\"https:\/\/inoar.no\/en\/product\/go-vegan-balance-balsam\/\" \/>\n<meta property=\"og:site_name\" content=\"INOAR - H\u00e5rpleiespesialist\" \/>\n<meta property=\"article:modified_time\" content=\"2023-10-30T13:23:26+00:00\" \/>\n<meta property=\"og:image\" content=\"https:\/\/inoar.no\/wp-content\/uploads\/2022\/11\/7908124404151_FRONT_1500x.png\" \/>\n\t<meta property=\"og:image:width\" content=\"1500\" \/>\n\t<meta property=\"og:image:height\" content=\"1500\" \/>\n\t<meta property=\"og:image:type\" content=\"image\/png\" \/>\n<meta name=\"twitter:card\" content=\"summary_large_image\" \/>\n<script type=\"application\/ld+json\" class=\"yoast-schema-graph\">{\"@context\":\"https:\/\/schema.org\",\"@graph\":[{\"@type\":\"WebPage\",\"@id\":\"https:\/\/inoar.no\/product\/go-vegan-balance-balsam\/\",\"url\":\"https:\/\/inoar.no\/product\/go-vegan-balance-balsam\/\",\"name\":\"Go Vegan Balance - Balsam - INOAR - H\u00e5rpleiespesialist\",\"isPartOf\":{\"@id\":\"https:\/\/inoar.no\/#website\"},\"primaryImageOfPage\":{\"@id\":\"https:\/\/inoar.no\/product\/go-vegan-balance-balsam\/#primaryimage\"},\"image\":{\"@id\":\"https:\/\/inoar.no\/product\/go-vegan-balance-balsam\/#primaryimage\"},\"thumbnailUrl\":\"https:\/\/inoar.no\/wp-content\/uploads\/2022\/11\/7908124404151_FRONT_1500x.png\",\"datePublished\":\"2022-11-22T20:37:35+00:00\",\"dateModified\":\"2023-10-30T13:23:26+00:00\",\"breadcrumb\":{\"@id\":\"https:\/\/inoar.no\/product\/go-vegan-balance-balsam\/#breadcrumb\"},\"inLanguage\":\"en-US\",\"potentialAction\":[{\"@type\":\"ReadAction\",\"target\":[\"https:\/\/inoar.no\/product\/go-vegan-balance-balsam\/\"]}]},{\"@type\":\"ImageObject\",\"inLanguage\":\"en-US\",\"@id\":\"https:\/\/inoar.no\/product\/go-vegan-balance-balsam\/#primaryimage\",\"url\":\"https:\/\/inoar.no\/wp-content\/uploads\/2022\/11\/7908124404151_FRONT_1500x.png\",\"contentUrl\":\"https:\/\/inoar.no\/wp-content\/uploads\/2022\/11\/7908124404151_FRONT_1500x.png\",\"width\":1500,\"height\":1500},{\"@type\":\"BreadcrumbList\",\"@id\":\"https:\/\/inoar.no\/product\/go-vegan-balance-balsam\/#breadcrumb\",\"itemListElement\":[{\"@type\":\"ListItem\",\"position\":1,\"name\":\"Home\",\"item\":\"https:\/\/inoar.no\/\"},{\"@type\":\"ListItem\",\"position\":2,\"name\":\"Butikk\",\"item\":\"https:\/\/inoar.no\/butikk\/\"},{\"@type\":\"ListItem\",\"position\":3,\"name\":\"Go Vegan Balance &#8211; Balsam\"}]},{\"@type\":\"WebSite\",\"@id\":\"https:\/\/inoar.no\/#website\",\"url\":\"https:\/\/inoar.no\/\",\"name\":\"INOAR - H\u00e5rpleiespesialist\",\"description\":\"H\u00e5rpleiespesialist\",\"publisher\":{\"@id\":\"https:\/\/inoar.no\/#organization\"},\"potentialAction\":[{\"@type\":\"SearchAction\",\"target\":{\"@type\":\"EntryPoint\",\"urlTemplate\":\"https:\/\/inoar.no\/?s={search_term_string}\"},\"query-input\":{\"@type\":\"PropertyValueSpecification\",\"valueRequired\":true,\"valueName\":\"search_term_string\"}}],\"inLanguage\":\"en-US\"},{\"@type\":\"Organization\",\"@id\":\"https:\/\/inoar.no\/#organization\",\"name\":\"INOAR - H\u00e5rpleiespesialist\",\"url\":\"https:\/\/inoar.no\/\",\"logo\":{\"@type\":\"ImageObject\",\"inLanguage\":\"en-US\",\"@id\":\"https:\/\/inoar.no\/#\/schema\/logo\/image\/\",\"url\":\"https:\/\/inoar.no\/wp-content\/uploads\/2022\/03\/favicon.png\",\"contentUrl\":\"https:\/\/inoar.no\/wp-content\/uploads\/2022\/03\/favicon.png\",\"width\":512,\"height\":512,\"caption\":\"INOAR - H\u00e5rpleiespesialist\"},\"image\":{\"@id\":\"https:\/\/inoar.no\/#\/schema\/logo\/image\/\"}}]}<\/script>\n<!-- \/ Yoast SEO plugin. -->","yoast_head_json":{"title":"Go Vegan Balance - Balsam - INOAR - H\u00e5rpleiespesialist","robots":{"index":"index","follow":"follow","max-snippet":"max-snippet:-1","max-image-preview":"max-image-preview:large","max-video-preview":"max-video-preview:-1"},"canonical":"https:\/\/inoar.no\/en\/product\/go-vegan-balance-balsam\/","og_locale":"en_US","og_type":"article","og_title":"Go Vegan Balance - Balsam - INOAR - H\u00e5rpleiespesialist","og_description":"Kilden til liv som ditt h\u00e5ret fortjener!  Denne linjen er beriket med aloe vera, som er rik p\u00e5 vitaminer som gjenoppretter den naturlige balansen i hodebunnen og h\u00e5ret.  Vil du h\u00f8re enda mer verdifull informasjon om denne linjen?  Disse produktene skylles ut ekstremt raskt, s\u00e5 vi bruker mindre vann og sparer planetens ressurser! Flott, ikke sant?","og_url":"https:\/\/inoar.no\/en\/product\/go-vegan-balance-balsam\/","og_site_name":"INOAR - H\u00e5rpleiespesialist","article_modified_time":"2023-10-30T13:23:26+00:00","og_image":[{"width":1500,"height":1500,"url":"https:\/\/inoar.no\/wp-content\/uploads\/2022\/11\/7908124404151_FRONT_1500x.png","type":"image\/png"}],"twitter_card":"summary_large_image","schema":{"@context":"https:\/\/schema.org","@graph":[{"@type":"WebPage","@id":"https:\/\/inoar.no\/product\/go-vegan-balance-balsam\/","url":"https:\/\/inoar.no\/product\/go-vegan-balance-balsam\/","name":"Go Vegan Balance - Balsam - INOAR - H\u00e5rpleiespesialist","isPartOf":{"@id":"https:\/\/inoar.no\/#website"},"primaryImageOfPage":{"@id":"https:\/\/inoar.no\/product\/go-vegan-balance-balsam\/#primaryimage"},"image":{"@id":"https:\/\/inoar.no\/product\/go-vegan-balance-balsam\/#primaryimage"},"thumbnailUrl":"https:\/\/inoar.no\/wp-content\/uploads\/2022\/11\/7908124404151_FRONT_1500x.png","datePublished":"2022-11-22T20:37:35+00:00","dateModified":"2023-10-30T13:23:26+00:00","breadcrumb":{"@id":"https:\/\/inoar.no\/product\/go-vegan-balance-balsam\/#breadcrumb"},"inLanguage":"en-US","potentialAction":[{"@type":"ReadAction","target":["https:\/\/inoar.no\/product\/go-vegan-balance-balsam\/"]}]},{"@type":"ImageObject","inLanguage":"en-US","@id":"https:\/\/inoar.no\/product\/go-vegan-balance-balsam\/#primaryimage","url":"https:\/\/inoar.no\/wp-content\/uploads\/2022\/11\/7908124404151_FRONT_1500x.png","contentUrl":"https:\/\/inoar.no\/wp-content\/uploads\/2022\/11\/7908124404151_FRONT_1500x.png","width":1500,"height":1500},{"@type":"BreadcrumbList","@id":"https:\/\/inoar.no\/product\/go-vegan-balance-balsam\/#breadcrumb","itemListElement":[{"@type":"ListItem","position":1,"name":"Home","item":"https:\/\/inoar.no\/"},{"@type":"ListItem","position":2,"name":"Butikk","item":"https:\/\/inoar.no\/butikk\/"},{"@type":"ListItem","position":3,"name":"Go Vegan Balance &#8211; Balsam"}]},{"@type":"WebSite","@id":"https:\/\/inoar.no\/#website","url":"https:\/\/inoar.no\/","name":"INOAR - H\u00e5rpleiespesialist","description":"H\u00e5rpleiespesialist","publisher":{"@id":"https:\/\/inoar.no\/#organization"},"potentialAction":[{"@type":"SearchAction","target":{"@type":"EntryPoint","urlTemplate":"https:\/\/inoar.no\/?s={search_term_string}"},"query-input":{"@type":"PropertyValueSpecification","valueRequired":true,"valueName":"search_term_string"}}],"inLanguage":"en-US"},{"@type":"Organization","@id":"https:\/\/inoar.no\/#organization","name":"INOAR - H\u00e5rpleiespesialist","url":"https:\/\/inoar.no\/","logo":{"@type":"ImageObject","inLanguage":"en-US","@id":"https:\/\/inoar.no\/#\/schema\/logo\/image\/","url":"https:\/\/inoar.no\/wp-content\/uploads\/2022\/03\/favicon.png","contentUrl":"https:\/\/inoar.no\/wp-content\/uploads\/2022\/03\/favicon.png","width":512,"height":512,"caption":"INOAR - H\u00e5rpleiespesialist"},"image":{"@id":"https:\/\/inoar.no\/#\/schema\/logo\/image\/"}}]}},"_links":{"self":[{"href":"https:\/\/inoar.no\/en\/wp-json\/wp\/v2\/product\/989018","targetHints":{"allow":["GET"]}}],"collection":[{"href":"https:\/\/inoar.no\/en\/wp-json\/wp\/v2\/product"}],"about":[{"href":"https:\/\/inoar.no\/en\/wp-json\/wp\/v2\/types\/product"}],"replies":[{"embeddable":true,"href":"https:\/\/inoar.no\/en\/wp-json\/wp\/v2\/comments?post=989018"}],"version-history":[{"count":2,"href":"https:\/\/inoar.no\/en\/wp-json\/wp\/v2\/product\/989018\/revisions"}],"predecessor-version":[{"id":989324,"href":"https:\/\/inoar.no\/en\/wp-json\/wp\/v2\/product\/989018\/revisions\/989324"}],"wp:featuredmedia":[{"embeddable":true,"href":"https:\/\/inoar.no\/en\/wp-json\/wp\/v2\/media\/989019"}],"wp:attachment":[{"href":"https:\/\/inoar.no\/en\/wp-json\/wp\/v2\/media?parent=989018"}],"wp:term":[{"taxonomy":"product_brand","embeddable":true,"href":"https:\/\/inoar.no\/en\/wp-json\/wp\/v2\/product_brand?post=989018"},{"taxonomy":"product_cat","embeddable":true,"href":"https:\/\/inoar.no\/en\/wp-json\/wp\/v2\/product_cat?post=989018"},{"taxonomy":"product_tag","embeddable":true,"href":"https:\/\/inoar.no\/en\/wp-json\/wp\/v2\/product_tag?post=989018"}],"curies":[{"name":"wp","href":"https:\/\/api.w.org\/{rel}","templated":true}]}}