{"id":989012,"date":"2022-11-22T21:26:41","date_gmt":"2022-11-22T20:26:41","guid":{"rendered":"https:\/\/inoar.no\/?post_type=product&#038;p=989012"},"modified":"2024-01-30T22:31:51","modified_gmt":"2024-01-30T21:31:51","slug":"cicatrifios-perfect-blond-mask","status":"publish","type":"product","link":"https:\/\/inoar.no\/en\/product\/cicatrifios-perfect-blond-mask\/","title":{"rendered":"CicatriFios Perfect Blond &#8211; Mask"},"content":{"rendered":"","protected":false},"excerpt":{"rendered":"<p><strong>Neutraliserer gulskj\u00e6r og er egnet til lyst, gr\u00e5tt og lysnet h\u00e5r!<\/strong><\/p>\n<p>Sannsynligvis vil hver blondine v\u00e6re enig i at det er en skikkelig utfordring \u00e5 holde den kj\u00f8lige platinanyansen!<\/p>\n<p>Fargekorreksjon av lyst h\u00e5r med lilla pigment er en integrert prosess sammen med hyppig n\u00e6rings- og fuktighetstilf\u00f8rsel til lyst h\u00e5r. Som et resultat har INOAR kombinert alle disse tre funksjonene, utvidet CicatriFios-serien, og skapt nye produkter for \u00e5 n\u00f8ytralisere u\u00f8nskede nyanser av gult!<\/p>","protected":false},"featured_media":989013,"comment_status":"closed","ping_status":"closed","template":"","meta":[],"product_brand":[],"product_cat":[157,160,109],"product_tag":[],"class_list":{"0":"post-989012","1":"product","2":"type-product","3":"status-publish","4":"has-post-thumbnail","6":"product_cat-for-lyst-har-gul-nyanse-for-odeleggelse-granende","7":"product_cat-harkur","8":"product_cat-inoar-cicatrifios","10":"first","11":"outofstock","12":"sale","13":"shipping-taxable","14":"purchasable","15":"product-type-simple"},"yoast_head":"<!-- This site is optimized with the Yoast SEO plugin v27.1.1 - https:\/\/yoast.com\/product\/yoast-seo-wordpress\/ -->\n<title>CicatriFios Perfect Blond - Mask - INOAR - H\u00e5rpleiespesialist<\/title>\n<meta name=\"robots\" content=\"index, follow, max-snippet:-1, max-image-preview:large, max-video-preview:-1\" \/>\n<link rel=\"canonical\" href=\"https:\/\/inoar.no\/en\/product\/cicatrifios-perfect-blond-mask\/\" \/>\n<meta property=\"og:locale\" content=\"en_US\" \/>\n<meta property=\"og:type\" content=\"article\" \/>\n<meta property=\"og:title\" content=\"CicatriFios Perfect Blond - Mask - INOAR - H\u00e5rpleiespesialist\" \/>\n<meta property=\"og:description\" content=\"Neutraliserer gulskj\u00e6r og er egnet til lyst, gr\u00e5tt og lysnet h\u00e5r!  Sannsynligvis vil hver blondine v\u00e6re enig i at det er en skikkelig utfordring \u00e5 holde den kj\u00f8lige platinanyansen!  Fargekorreksjon av lyst h\u00e5r med lilla pigment er en integrert prosess sammen med hyppig n\u00e6rings- og fuktighetstilf\u00f8rsel til lyst h\u00e5r. Som et resultat har INOAR kombinert alle disse tre funksjonene, utvidet CicatriFios-serien, og skapt nye produkter for \u00e5 n\u00f8ytralisere u\u00f8nskede nyanser av gult!\" \/>\n<meta property=\"og:url\" content=\"https:\/\/inoar.no\/en\/product\/cicatrifios-perfect-blond-mask\/\" \/>\n<meta property=\"og:site_name\" content=\"INOAR - H\u00e5rpleiespesialist\" \/>\n<meta property=\"article:modified_time\" content=\"2024-01-30T21:31:51+00:00\" \/>\n<meta property=\"og:image\" content=\"https:\/\/inoar.no\/wp-content\/uploads\/2022\/11\/7908124405660_FRONT_1500x.png\" \/>\n\t<meta property=\"og:image:width\" content=\"1500\" \/>\n\t<meta property=\"og:image:height\" content=\"1500\" \/>\n\t<meta property=\"og:image:type\" content=\"image\/png\" \/>\n<meta name=\"twitter:card\" content=\"summary_large_image\" \/>\n<script type=\"application\/ld+json\" class=\"yoast-schema-graph\">{\"@context\":\"https:\/\/schema.org\",\"@graph\":[{\"@type\":\"WebPage\",\"@id\":\"https:\/\/inoar.no\/product\/cicatrifios-perfect-blond-mask\/\",\"url\":\"https:\/\/inoar.no\/product\/cicatrifios-perfect-blond-mask\/\",\"name\":\"CicatriFios Perfect Blond - Mask - INOAR - H\u00e5rpleiespesialist\",\"isPartOf\":{\"@id\":\"https:\/\/inoar.no\/#website\"},\"primaryImageOfPage\":{\"@id\":\"https:\/\/inoar.no\/product\/cicatrifios-perfect-blond-mask\/#primaryimage\"},\"image\":{\"@id\":\"https:\/\/inoar.no\/product\/cicatrifios-perfect-blond-mask\/#primaryimage\"},\"thumbnailUrl\":\"https:\/\/inoar.no\/wp-content\/uploads\/2022\/11\/7908124405660_FRONT_1500x.png\",\"datePublished\":\"2022-11-22T20:26:41+00:00\",\"dateModified\":\"2024-01-30T21:31:51+00:00\",\"breadcrumb\":{\"@id\":\"https:\/\/inoar.no\/product\/cicatrifios-perfect-blond-mask\/#breadcrumb\"},\"inLanguage\":\"en-US\",\"potentialAction\":[{\"@type\":\"ReadAction\",\"target\":[\"https:\/\/inoar.no\/product\/cicatrifios-perfect-blond-mask\/\"]}]},{\"@type\":\"ImageObject\",\"inLanguage\":\"en-US\",\"@id\":\"https:\/\/inoar.no\/product\/cicatrifios-perfect-blond-mask\/#primaryimage\",\"url\":\"https:\/\/inoar.no\/wp-content\/uploads\/2022\/11\/7908124405660_FRONT_1500x.png\",\"contentUrl\":\"https:\/\/inoar.no\/wp-content\/uploads\/2022\/11\/7908124405660_FRONT_1500x.png\",\"width\":1500,\"height\":1500},{\"@type\":\"BreadcrumbList\",\"@id\":\"https:\/\/inoar.no\/product\/cicatrifios-perfect-blond-mask\/#breadcrumb\",\"itemListElement\":[{\"@type\":\"ListItem\",\"position\":1,\"name\":\"Home\",\"item\":\"https:\/\/inoar.no\/\"},{\"@type\":\"ListItem\",\"position\":2,\"name\":\"Butikk\",\"item\":\"https:\/\/inoar.no\/butikk\/\"},{\"@type\":\"ListItem\",\"position\":3,\"name\":\"CicatriFios Perfect Blond &#8211; Mask\"}]},{\"@type\":\"WebSite\",\"@id\":\"https:\/\/inoar.no\/#website\",\"url\":\"https:\/\/inoar.no\/\",\"name\":\"INOAR - H\u00e5rpleiespesialist\",\"description\":\"H\u00e5rpleiespesialist\",\"publisher\":{\"@id\":\"https:\/\/inoar.no\/#organization\"},\"potentialAction\":[{\"@type\":\"SearchAction\",\"target\":{\"@type\":\"EntryPoint\",\"urlTemplate\":\"https:\/\/inoar.no\/?s={search_term_string}\"},\"query-input\":{\"@type\":\"PropertyValueSpecification\",\"valueRequired\":true,\"valueName\":\"search_term_string\"}}],\"inLanguage\":\"en-US\"},{\"@type\":\"Organization\",\"@id\":\"https:\/\/inoar.no\/#organization\",\"name\":\"INOAR - H\u00e5rpleiespesialist\",\"url\":\"https:\/\/inoar.no\/\",\"logo\":{\"@type\":\"ImageObject\",\"inLanguage\":\"en-US\",\"@id\":\"https:\/\/inoar.no\/#\/schema\/logo\/image\/\",\"url\":\"https:\/\/inoar.no\/wp-content\/uploads\/2022\/03\/favicon.png\",\"contentUrl\":\"https:\/\/inoar.no\/wp-content\/uploads\/2022\/03\/favicon.png\",\"width\":512,\"height\":512,\"caption\":\"INOAR - H\u00e5rpleiespesialist\"},\"image\":{\"@id\":\"https:\/\/inoar.no\/#\/schema\/logo\/image\/\"}}]}<\/script>\n<!-- \/ Yoast SEO plugin. -->","yoast_head_json":{"title":"CicatriFios Perfect Blond - Mask - INOAR - H\u00e5rpleiespesialist","robots":{"index":"index","follow":"follow","max-snippet":"max-snippet:-1","max-image-preview":"max-image-preview:large","max-video-preview":"max-video-preview:-1"},"canonical":"https:\/\/inoar.no\/en\/product\/cicatrifios-perfect-blond-mask\/","og_locale":"en_US","og_type":"article","og_title":"CicatriFios Perfect Blond - Mask - INOAR - H\u00e5rpleiespesialist","og_description":"Neutraliserer gulskj\u00e6r og er egnet til lyst, gr\u00e5tt og lysnet h\u00e5r!  Sannsynligvis vil hver blondine v\u00e6re enig i at det er en skikkelig utfordring \u00e5 holde den kj\u00f8lige platinanyansen!  Fargekorreksjon av lyst h\u00e5r med lilla pigment er en integrert prosess sammen med hyppig n\u00e6rings- og fuktighetstilf\u00f8rsel til lyst h\u00e5r. Som et resultat har INOAR kombinert alle disse tre funksjonene, utvidet CicatriFios-serien, og skapt nye produkter for \u00e5 n\u00f8ytralisere u\u00f8nskede nyanser av gult!","og_url":"https:\/\/inoar.no\/en\/product\/cicatrifios-perfect-blond-mask\/","og_site_name":"INOAR - H\u00e5rpleiespesialist","article_modified_time":"2024-01-30T21:31:51+00:00","og_image":[{"width":1500,"height":1500,"url":"https:\/\/inoar.no\/wp-content\/uploads\/2022\/11\/7908124405660_FRONT_1500x.png","type":"image\/png"}],"twitter_card":"summary_large_image","schema":{"@context":"https:\/\/schema.org","@graph":[{"@type":"WebPage","@id":"https:\/\/inoar.no\/product\/cicatrifios-perfect-blond-mask\/","url":"https:\/\/inoar.no\/product\/cicatrifios-perfect-blond-mask\/","name":"CicatriFios Perfect Blond - Mask - INOAR - H\u00e5rpleiespesialist","isPartOf":{"@id":"https:\/\/inoar.no\/#website"},"primaryImageOfPage":{"@id":"https:\/\/inoar.no\/product\/cicatrifios-perfect-blond-mask\/#primaryimage"},"image":{"@id":"https:\/\/inoar.no\/product\/cicatrifios-perfect-blond-mask\/#primaryimage"},"thumbnailUrl":"https:\/\/inoar.no\/wp-content\/uploads\/2022\/11\/7908124405660_FRONT_1500x.png","datePublished":"2022-11-22T20:26:41+00:00","dateModified":"2024-01-30T21:31:51+00:00","breadcrumb":{"@id":"https:\/\/inoar.no\/product\/cicatrifios-perfect-blond-mask\/#breadcrumb"},"inLanguage":"en-US","potentialAction":[{"@type":"ReadAction","target":["https:\/\/inoar.no\/product\/cicatrifios-perfect-blond-mask\/"]}]},{"@type":"ImageObject","inLanguage":"en-US","@id":"https:\/\/inoar.no\/product\/cicatrifios-perfect-blond-mask\/#primaryimage","url":"https:\/\/inoar.no\/wp-content\/uploads\/2022\/11\/7908124405660_FRONT_1500x.png","contentUrl":"https:\/\/inoar.no\/wp-content\/uploads\/2022\/11\/7908124405660_FRONT_1500x.png","width":1500,"height":1500},{"@type":"BreadcrumbList","@id":"https:\/\/inoar.no\/product\/cicatrifios-perfect-blond-mask\/#breadcrumb","itemListElement":[{"@type":"ListItem","position":1,"name":"Home","item":"https:\/\/inoar.no\/"},{"@type":"ListItem","position":2,"name":"Butikk","item":"https:\/\/inoar.no\/butikk\/"},{"@type":"ListItem","position":3,"name":"CicatriFios Perfect Blond &#8211; Mask"}]},{"@type":"WebSite","@id":"https:\/\/inoar.no\/#website","url":"https:\/\/inoar.no\/","name":"INOAR - H\u00e5rpleiespesialist","description":"H\u00e5rpleiespesialist","publisher":{"@id":"https:\/\/inoar.no\/#organization"},"potentialAction":[{"@type":"SearchAction","target":{"@type":"EntryPoint","urlTemplate":"https:\/\/inoar.no\/?s={search_term_string}"},"query-input":{"@type":"PropertyValueSpecification","valueRequired":true,"valueName":"search_term_string"}}],"inLanguage":"en-US"},{"@type":"Organization","@id":"https:\/\/inoar.no\/#organization","name":"INOAR - H\u00e5rpleiespesialist","url":"https:\/\/inoar.no\/","logo":{"@type":"ImageObject","inLanguage":"en-US","@id":"https:\/\/inoar.no\/#\/schema\/logo\/image\/","url":"https:\/\/inoar.no\/wp-content\/uploads\/2022\/03\/favicon.png","contentUrl":"https:\/\/inoar.no\/wp-content\/uploads\/2022\/03\/favicon.png","width":512,"height":512,"caption":"INOAR - H\u00e5rpleiespesialist"},"image":{"@id":"https:\/\/inoar.no\/#\/schema\/logo\/image\/"}}]}},"_links":{"self":[{"href":"https:\/\/inoar.no\/en\/wp-json\/wp\/v2\/product\/989012","targetHints":{"allow":["GET"]}}],"collection":[{"href":"https:\/\/inoar.no\/en\/wp-json\/wp\/v2\/product"}],"about":[{"href":"https:\/\/inoar.no\/en\/wp-json\/wp\/v2\/types\/product"}],"replies":[{"embeddable":true,"href":"https:\/\/inoar.no\/en\/wp-json\/wp\/v2\/comments?post=989012"}],"version-history":[{"count":2,"href":"https:\/\/inoar.no\/en\/wp-json\/wp\/v2\/product\/989012\/revisions"}],"predecessor-version":[{"id":989329,"href":"https:\/\/inoar.no\/en\/wp-json\/wp\/v2\/product\/989012\/revisions\/989329"}],"wp:featuredmedia":[{"embeddable":true,"href":"https:\/\/inoar.no\/en\/wp-json\/wp\/v2\/media\/989013"}],"wp:attachment":[{"href":"https:\/\/inoar.no\/en\/wp-json\/wp\/v2\/media?parent=989012"}],"wp:term":[{"taxonomy":"product_brand","embeddable":true,"href":"https:\/\/inoar.no\/en\/wp-json\/wp\/v2\/product_brand?post=989012"},{"taxonomy":"product_cat","embeddable":true,"href":"https:\/\/inoar.no\/en\/wp-json\/wp\/v2\/product_cat?post=989012"},{"taxonomy":"product_tag","embeddable":true,"href":"https:\/\/inoar.no\/en\/wp-json\/wp\/v2\/product_tag?post=989012"}],"curies":[{"name":"wp","href":"https:\/\/api.w.org\/{rel}","templated":true}]}}