{"id":988990,"date":"2022-11-22T20:43:47","date_gmt":"2022-11-22T19:43:47","guid":{"rendered":"https:\/\/inoar.no\/?post_type=product&#038;p=988990"},"modified":"2025-06-22T12:19:32","modified_gmt":"2025-06-22T10:19:32","slug":"leave-in-balsam-for-tort-har-gir-en-deilig-folelse-nydelig-har-reduserer-brusete-har-300-ml","status":"publish","type":"product","link":"https:\/\/inoar.no\/en\/product\/leave-in-balsam-for-tort-har-gir-en-deilig-folelse-nydelig-har-reduserer-brusete-har-300-ml\/","title":{"rendered":"Leave-In balsam for t\u00f8rt h\u00e5r gir en deilig f\u00f8lelse, nydelig h\u00e5r, reduserer brusete h\u00e5r 300 ml"},"content":{"rendered":"","protected":false},"excerpt":{"rendered":"<p>Leave-In balsam for t\u00f8rt h\u00e5r gir en deilig f\u00f8lelse, nydelig h\u00e5r, reduserer brusete h\u00e5r, gir glans og mykhet. Produktet er beriket med vitamin C, noe som n\u00e6rer h\u00e5ret under den daglige h\u00e5rrutinen. Balsamen beskytter mot dehydrering og ytre faktorer. Vitamin C, kokosn\u00f8ttolje, avokado og argan, er stoffer som er rike p\u00e5 fett, aminosyrer og antioksidanter. Disse ingrediensene fukter dypt, gir intens glans, mykhet og elastisitet.<\/p>","protected":false},"featured_media":988991,"comment_status":"closed","ping_status":"closed","template":"","meta":[],"product_brand":[],"product_cat":[156,107,162],"product_tag":[],"class_list":{"0":"post-988990","1":"product","2":"type-product","3":"status-publish","4":"has-post-thumbnail","6":"product_cat-for-normalt-har","7":"product_cat-inoar-blends","8":"product_cat-leave-in","10":"first","11":"instock","12":"shipping-taxable","13":"purchasable","14":"product-type-simple"},"yoast_head":"<!-- This site is optimized with the Yoast SEO plugin v27.1.1 - https:\/\/yoast.com\/product\/yoast-seo-wordpress\/ -->\n<title>Leave-In balsam for t\u00f8rt h\u00e5r gir en deilig f\u00f8lelse, nydelig h\u00e5r, reduserer brusete h\u00e5r 300 ml - INOAR - H\u00e5rpleiespesialist<\/title>\n<meta name=\"robots\" content=\"index, follow, max-snippet:-1, max-image-preview:large, max-video-preview:-1\" \/>\n<link rel=\"canonical\" href=\"https:\/\/inoar.no\/en\/product\/leave-in-balsam-for-tort-har-gir-en-deilig-folelse-nydelig-har-reduserer-brusete-har-300-ml\/\" \/>\n<meta property=\"og:locale\" content=\"en_US\" \/>\n<meta property=\"og:type\" content=\"article\" \/>\n<meta property=\"og:title\" content=\"Leave-In balsam for t\u00f8rt h\u00e5r gir en deilig f\u00f8lelse, nydelig h\u00e5r, reduserer brusete h\u00e5r 300 ml - INOAR - H\u00e5rpleiespesialist\" \/>\n<meta property=\"og:description\" content=\"Leave-In balsam for t\u00f8rt h\u00e5r gir en deilig f\u00f8lelse, nydelig h\u00e5r, reduserer brusete h\u00e5r, gir glans og mykhet. Produktet er beriket med vitamin C, noe som n\u00e6rer h\u00e5ret under den daglige h\u00e5rrutinen. Balsamen beskytter mot dehydrering og ytre faktorer. Vitamin C, kokosn\u00f8ttolje, avokado og argan, er stoffer som er rike p\u00e5 fett, aminosyrer og antioksidanter. Disse ingrediensene fukter dypt, gir intens glans, mykhet og elastisitet.\" \/>\n<meta property=\"og:url\" content=\"https:\/\/inoar.no\/en\/product\/leave-in-balsam-for-tort-har-gir-en-deilig-folelse-nydelig-har-reduserer-brusete-har-300-ml\/\" \/>\n<meta property=\"og:site_name\" content=\"INOAR - H\u00e5rpleiespesialist\" \/>\n<meta property=\"article:modified_time\" content=\"2025-06-22T10:19:32+00:00\" \/>\n<meta property=\"og:image\" content=\"https:\/\/inoar.no\/wp-content\/uploads\/2022\/11\/7908124401822_FRONT_1_1500x-1612974345997.png\" \/>\n\t<meta property=\"og:image:width\" content=\"480\" \/>\n\t<meta property=\"og:image:height\" content=\"480\" \/>\n\t<meta property=\"og:image:type\" content=\"image\/png\" \/>\n<meta name=\"twitter:card\" content=\"summary_large_image\" \/>\n<script type=\"application\/ld+json\" class=\"yoast-schema-graph\">{\"@context\":\"https:\/\/schema.org\",\"@graph\":[{\"@type\":\"WebPage\",\"@id\":\"https:\/\/inoar.no\/product\/leave-in-balsam-for-tort-har-gir-en-deilig-folelse-nydelig-har-reduserer-brusete-har-300-ml\/\",\"url\":\"https:\/\/inoar.no\/product\/leave-in-balsam-for-tort-har-gir-en-deilig-folelse-nydelig-har-reduserer-brusete-har-300-ml\/\",\"name\":\"Leave-In balsam for t\u00f8rt h\u00e5r gir en deilig f\u00f8lelse, nydelig h\u00e5r, reduserer brusete h\u00e5r 300 ml - INOAR - H\u00e5rpleiespesialist\",\"isPartOf\":{\"@id\":\"https:\/\/inoar.no\/#website\"},\"primaryImageOfPage\":{\"@id\":\"https:\/\/inoar.no\/product\/leave-in-balsam-for-tort-har-gir-en-deilig-folelse-nydelig-har-reduserer-brusete-har-300-ml\/#primaryimage\"},\"image\":{\"@id\":\"https:\/\/inoar.no\/product\/leave-in-balsam-for-tort-har-gir-en-deilig-folelse-nydelig-har-reduserer-brusete-har-300-ml\/#primaryimage\"},\"thumbnailUrl\":\"https:\/\/inoar.no\/wp-content\/uploads\/2022\/11\/7908124401822_FRONT_1_1500x-1612974345997.png\",\"datePublished\":\"2022-11-22T19:43:47+00:00\",\"dateModified\":\"2025-06-22T10:19:32+00:00\",\"breadcrumb\":{\"@id\":\"https:\/\/inoar.no\/product\/leave-in-balsam-for-tort-har-gir-en-deilig-folelse-nydelig-har-reduserer-brusete-har-300-ml\/#breadcrumb\"},\"inLanguage\":\"en-US\",\"potentialAction\":[{\"@type\":\"ReadAction\",\"target\":[\"https:\/\/inoar.no\/product\/leave-in-balsam-for-tort-har-gir-en-deilig-folelse-nydelig-har-reduserer-brusete-har-300-ml\/\"]}]},{\"@type\":\"ImageObject\",\"inLanguage\":\"en-US\",\"@id\":\"https:\/\/inoar.no\/product\/leave-in-balsam-for-tort-har-gir-en-deilig-folelse-nydelig-har-reduserer-brusete-har-300-ml\/#primaryimage\",\"url\":\"https:\/\/inoar.no\/wp-content\/uploads\/2022\/11\/7908124401822_FRONT_1_1500x-1612974345997.png\",\"contentUrl\":\"https:\/\/inoar.no\/wp-content\/uploads\/2022\/11\/7908124401822_FRONT_1_1500x-1612974345997.png\",\"width\":480,\"height\":480},{\"@type\":\"BreadcrumbList\",\"@id\":\"https:\/\/inoar.no\/product\/leave-in-balsam-for-tort-har-gir-en-deilig-folelse-nydelig-har-reduserer-brusete-har-300-ml\/#breadcrumb\",\"itemListElement\":[{\"@type\":\"ListItem\",\"position\":1,\"name\":\"Home\",\"item\":\"https:\/\/inoar.no\/\"},{\"@type\":\"ListItem\",\"position\":2,\"name\":\"Butikk\",\"item\":\"https:\/\/inoar.no\/butikk\/\"},{\"@type\":\"ListItem\",\"position\":3,\"name\":\"Leave-In balsam for t\u00f8rt h\u00e5r gir en deilig f\u00f8lelse, nydelig h\u00e5r, reduserer brusete h\u00e5r 300 ml\"}]},{\"@type\":\"WebSite\",\"@id\":\"https:\/\/inoar.no\/#website\",\"url\":\"https:\/\/inoar.no\/\",\"name\":\"INOAR - H\u00e5rpleiespesialist\",\"description\":\"H\u00e5rpleiespesialist\",\"publisher\":{\"@id\":\"https:\/\/inoar.no\/#organization\"},\"potentialAction\":[{\"@type\":\"SearchAction\",\"target\":{\"@type\":\"EntryPoint\",\"urlTemplate\":\"https:\/\/inoar.no\/?s={search_term_string}\"},\"query-input\":{\"@type\":\"PropertyValueSpecification\",\"valueRequired\":true,\"valueName\":\"search_term_string\"}}],\"inLanguage\":\"en-US\"},{\"@type\":\"Organization\",\"@id\":\"https:\/\/inoar.no\/#organization\",\"name\":\"INOAR - H\u00e5rpleiespesialist\",\"url\":\"https:\/\/inoar.no\/\",\"logo\":{\"@type\":\"ImageObject\",\"inLanguage\":\"en-US\",\"@id\":\"https:\/\/inoar.no\/#\/schema\/logo\/image\/\",\"url\":\"https:\/\/inoar.no\/wp-content\/uploads\/2022\/03\/favicon.png\",\"contentUrl\":\"https:\/\/inoar.no\/wp-content\/uploads\/2022\/03\/favicon.png\",\"width\":512,\"height\":512,\"caption\":\"INOAR - H\u00e5rpleiespesialist\"},\"image\":{\"@id\":\"https:\/\/inoar.no\/#\/schema\/logo\/image\/\"}}]}<\/script>\n<!-- \/ Yoast SEO plugin. -->","yoast_head_json":{"title":"Leave-In balsam for t\u00f8rt h\u00e5r gir en deilig f\u00f8lelse, nydelig h\u00e5r, reduserer brusete h\u00e5r 300 ml - INOAR - H\u00e5rpleiespesialist","robots":{"index":"index","follow":"follow","max-snippet":"max-snippet:-1","max-image-preview":"max-image-preview:large","max-video-preview":"max-video-preview:-1"},"canonical":"https:\/\/inoar.no\/en\/product\/leave-in-balsam-for-tort-har-gir-en-deilig-folelse-nydelig-har-reduserer-brusete-har-300-ml\/","og_locale":"en_US","og_type":"article","og_title":"Leave-In balsam for t\u00f8rt h\u00e5r gir en deilig f\u00f8lelse, nydelig h\u00e5r, reduserer brusete h\u00e5r 300 ml - INOAR - H\u00e5rpleiespesialist","og_description":"Leave-In balsam for t\u00f8rt h\u00e5r gir en deilig f\u00f8lelse, nydelig h\u00e5r, reduserer brusete h\u00e5r, gir glans og mykhet. Produktet er beriket med vitamin C, noe som n\u00e6rer h\u00e5ret under den daglige h\u00e5rrutinen. Balsamen beskytter mot dehydrering og ytre faktorer. Vitamin C, kokosn\u00f8ttolje, avokado og argan, er stoffer som er rike p\u00e5 fett, aminosyrer og antioksidanter. Disse ingrediensene fukter dypt, gir intens glans, mykhet og elastisitet.","og_url":"https:\/\/inoar.no\/en\/product\/leave-in-balsam-for-tort-har-gir-en-deilig-folelse-nydelig-har-reduserer-brusete-har-300-ml\/","og_site_name":"INOAR - H\u00e5rpleiespesialist","article_modified_time":"2025-06-22T10:19:32+00:00","og_image":[{"width":480,"height":480,"url":"https:\/\/inoar.no\/wp-content\/uploads\/2022\/11\/7908124401822_FRONT_1_1500x-1612974345997.png","type":"image\/png"}],"twitter_card":"summary_large_image","schema":{"@context":"https:\/\/schema.org","@graph":[{"@type":"WebPage","@id":"https:\/\/inoar.no\/product\/leave-in-balsam-for-tort-har-gir-en-deilig-folelse-nydelig-har-reduserer-brusete-har-300-ml\/","url":"https:\/\/inoar.no\/product\/leave-in-balsam-for-tort-har-gir-en-deilig-folelse-nydelig-har-reduserer-brusete-har-300-ml\/","name":"Leave-In balsam for t\u00f8rt h\u00e5r gir en deilig f\u00f8lelse, nydelig h\u00e5r, reduserer brusete h\u00e5r 300 ml - INOAR - H\u00e5rpleiespesialist","isPartOf":{"@id":"https:\/\/inoar.no\/#website"},"primaryImageOfPage":{"@id":"https:\/\/inoar.no\/product\/leave-in-balsam-for-tort-har-gir-en-deilig-folelse-nydelig-har-reduserer-brusete-har-300-ml\/#primaryimage"},"image":{"@id":"https:\/\/inoar.no\/product\/leave-in-balsam-for-tort-har-gir-en-deilig-folelse-nydelig-har-reduserer-brusete-har-300-ml\/#primaryimage"},"thumbnailUrl":"https:\/\/inoar.no\/wp-content\/uploads\/2022\/11\/7908124401822_FRONT_1_1500x-1612974345997.png","datePublished":"2022-11-22T19:43:47+00:00","dateModified":"2025-06-22T10:19:32+00:00","breadcrumb":{"@id":"https:\/\/inoar.no\/product\/leave-in-balsam-for-tort-har-gir-en-deilig-folelse-nydelig-har-reduserer-brusete-har-300-ml\/#breadcrumb"},"inLanguage":"en-US","potentialAction":[{"@type":"ReadAction","target":["https:\/\/inoar.no\/product\/leave-in-balsam-for-tort-har-gir-en-deilig-folelse-nydelig-har-reduserer-brusete-har-300-ml\/"]}]},{"@type":"ImageObject","inLanguage":"en-US","@id":"https:\/\/inoar.no\/product\/leave-in-balsam-for-tort-har-gir-en-deilig-folelse-nydelig-har-reduserer-brusete-har-300-ml\/#primaryimage","url":"https:\/\/inoar.no\/wp-content\/uploads\/2022\/11\/7908124401822_FRONT_1_1500x-1612974345997.png","contentUrl":"https:\/\/inoar.no\/wp-content\/uploads\/2022\/11\/7908124401822_FRONT_1_1500x-1612974345997.png","width":480,"height":480},{"@type":"BreadcrumbList","@id":"https:\/\/inoar.no\/product\/leave-in-balsam-for-tort-har-gir-en-deilig-folelse-nydelig-har-reduserer-brusete-har-300-ml\/#breadcrumb","itemListElement":[{"@type":"ListItem","position":1,"name":"Home","item":"https:\/\/inoar.no\/"},{"@type":"ListItem","position":2,"name":"Butikk","item":"https:\/\/inoar.no\/butikk\/"},{"@type":"ListItem","position":3,"name":"Leave-In balsam for t\u00f8rt h\u00e5r gir en deilig f\u00f8lelse, nydelig h\u00e5r, reduserer brusete h\u00e5r 300 ml"}]},{"@type":"WebSite","@id":"https:\/\/inoar.no\/#website","url":"https:\/\/inoar.no\/","name":"INOAR - H\u00e5rpleiespesialist","description":"H\u00e5rpleiespesialist","publisher":{"@id":"https:\/\/inoar.no\/#organization"},"potentialAction":[{"@type":"SearchAction","target":{"@type":"EntryPoint","urlTemplate":"https:\/\/inoar.no\/?s={search_term_string}"},"query-input":{"@type":"PropertyValueSpecification","valueRequired":true,"valueName":"search_term_string"}}],"inLanguage":"en-US"},{"@type":"Organization","@id":"https:\/\/inoar.no\/#organization","name":"INOAR - H\u00e5rpleiespesialist","url":"https:\/\/inoar.no\/","logo":{"@type":"ImageObject","inLanguage":"en-US","@id":"https:\/\/inoar.no\/#\/schema\/logo\/image\/","url":"https:\/\/inoar.no\/wp-content\/uploads\/2022\/03\/favicon.png","contentUrl":"https:\/\/inoar.no\/wp-content\/uploads\/2022\/03\/favicon.png","width":512,"height":512,"caption":"INOAR - H\u00e5rpleiespesialist"},"image":{"@id":"https:\/\/inoar.no\/#\/schema\/logo\/image\/"}}]}},"_links":{"self":[{"href":"https:\/\/inoar.no\/en\/wp-json\/wp\/v2\/product\/988990","targetHints":{"allow":["GET"]}}],"collection":[{"href":"https:\/\/inoar.no\/en\/wp-json\/wp\/v2\/product"}],"about":[{"href":"https:\/\/inoar.no\/en\/wp-json\/wp\/v2\/types\/product"}],"replies":[{"embeddable":true,"href":"https:\/\/inoar.no\/en\/wp-json\/wp\/v2\/comments?post=988990"}],"version-history":[{"count":2,"href":"https:\/\/inoar.no\/en\/wp-json\/wp\/v2\/product\/988990\/revisions"}],"predecessor-version":[{"id":989356,"href":"https:\/\/inoar.no\/en\/wp-json\/wp\/v2\/product\/988990\/revisions\/989356"}],"wp:featuredmedia":[{"embeddable":true,"href":"https:\/\/inoar.no\/en\/wp-json\/wp\/v2\/media\/988991"}],"wp:attachment":[{"href":"https:\/\/inoar.no\/en\/wp-json\/wp\/v2\/media?parent=988990"}],"wp:term":[{"taxonomy":"product_brand","embeddable":true,"href":"https:\/\/inoar.no\/en\/wp-json\/wp\/v2\/product_brand?post=988990"},{"taxonomy":"product_cat","embeddable":true,"href":"https:\/\/inoar.no\/en\/wp-json\/wp\/v2\/product_cat?post=988990"},{"taxonomy":"product_tag","embeddable":true,"href":"https:\/\/inoar.no\/en\/wp-json\/wp\/v2\/product_tag?post=988990"}],"curies":[{"name":"wp","href":"https:\/\/api.w.org\/{rel}","templated":true}]}}