{"id":988983,"date":"2022-11-22T20:40:01","date_gmt":"2022-11-22T19:40:01","guid":{"rendered":"https:\/\/inoar.no\/?post_type=product&#038;p=988983"},"modified":"2024-02-17T17:28:07","modified_gmt":"2024-02-17T16:28:07","slug":"inoar-blends-harkuren-beriket-med-vitamin-c-kompleks-fukter-intensivt-1000-g","status":"publish","type":"product","link":"https:\/\/inoar.no\/en\/product\/inoar-blends-harkuren-beriket-med-vitamin-c-kompleks-fukter-intensivt-1000-g\/","title":{"rendered":"INOAR Blends H\u00e5rkuren &#8211; beriket med vitamin C-kompleks fukter intensivt 1000 g"},"content":{"rendered":"","protected":false},"excerpt":{"rendered":"<p>INOAR Blends Mask beriket med vitamin C-kompleks fukter intensivt, gjenoppretter tapt glans og mykhet.<\/p>\n<p>Masken er beriket med vitamin C, som har en dyp effekt p\u00e5 h\u00e5ret. Som et resultat blir tapt h\u00e5r skj\u00f8nnhet gjenopprettet, de er beskyttet mot h\u00e5r dehydrering og skadelige ytre faktorer. Produktet er beriket med vitamin C, kokosn\u00f8tt, avokado og arganoljer, som har et h\u00f8yt innhold av aminosyrer og fungerer som antioksidanter, fukter dypt, gir glans, mykhet og elastisitet. For best resultat, bruk med INOAR Blends Shampoo.<\/p>\n<p>Aktive ingredienser: vitamin C, kokosn\u00f8tt, avokado og arganoljer<\/p>\n<p>Indikasjoner: for alle h\u00e5rtyper, spesielt egnet for t\u00f8rt h\u00e5r<\/p>\n<p>Resultatet: mykt, sk\u00e5nsomt, fuktighetsfylt h\u00e5r<\/p>\n<p>\u00c5 bruke: P\u00e5f\u00f8r masken over hele h\u00e5rlengden etter sjamponering, masser produktet i hver streng. La verkt\u00f8yet v\u00e6re p\u00e5 i 3 minutter. Skylle.<\/p>","protected":false},"featured_media":988984,"comment_status":"closed","ping_status":"closed","template":"","meta":[],"product_brand":[],"product_cat":[156,160,107],"product_tag":[],"class_list":{"0":"post-988983","1":"product","2":"type-product","3":"status-publish","4":"has-post-thumbnail","6":"product_cat-for-normalt-har","7":"product_cat-harkur","8":"product_cat-inoar-blends","10":"first","11":"outofstock","12":"shipping-taxable","13":"purchasable","14":"product-type-simple"},"yoast_head":"<!-- This site is optimized with the Yoast SEO plugin v27.1.1 - https:\/\/yoast.com\/product\/yoast-seo-wordpress\/ -->\n<title>INOAR Blends H\u00e5rkuren - beriket med vitamin C-kompleks fukter intensivt 1000 g - INOAR - H\u00e5rpleiespesialist<\/title>\n<meta name=\"robots\" content=\"index, follow, max-snippet:-1, max-image-preview:large, max-video-preview:-1\" \/>\n<link rel=\"canonical\" href=\"https:\/\/inoar.no\/en\/product\/inoar-blends-harkuren-beriket-med-vitamin-c-kompleks-fukter-intensivt-1000-g\/\" \/>\n<meta property=\"og:locale\" content=\"en_US\" \/>\n<meta property=\"og:type\" content=\"article\" \/>\n<meta property=\"og:title\" content=\"INOAR Blends H\u00e5rkuren - beriket med vitamin C-kompleks fukter intensivt 1000 g - INOAR - H\u00e5rpleiespesialist\" \/>\n<meta property=\"og:description\" content=\"INOAR Blends Mask beriket med vitamin C-kompleks fukter intensivt, gjenoppretter tapt glans og mykhet.  Masken er beriket med vitamin C, som har en dyp effekt p\u00e5 h\u00e5ret. Som et resultat blir tapt h\u00e5r skj\u00f8nnhet gjenopprettet, de er beskyttet mot h\u00e5r dehydrering og skadelige ytre faktorer. Produktet er beriket med vitamin C, kokosn\u00f8tt, avokado og arganoljer, som har et h\u00f8yt innhold av aminosyrer og fungerer som antioksidanter, fukter dypt, gir glans, mykhet og elastisitet. For best resultat, bruk med INOAR Blends Shampoo.  Aktive ingredienser: vitamin C, kokosn\u00f8tt, avokado og arganoljer  Indikasjoner: for alle h\u00e5rtyper, spesielt egnet for t\u00f8rt h\u00e5r  Resultatet: mykt, sk\u00e5nsomt, fuktighetsfylt h\u00e5r  \u00c5 bruke: P\u00e5f\u00f8r masken over hele h\u00e5rlengden etter sjamponering, masser produktet i hver streng. La verkt\u00f8yet v\u00e6re p\u00e5 i 3 minutter. Skylle.\" \/>\n<meta property=\"og:url\" content=\"https:\/\/inoar.no\/en\/product\/inoar-blends-harkuren-beriket-med-vitamin-c-kompleks-fukter-intensivt-1000-g\/\" \/>\n<meta property=\"og:site_name\" content=\"INOAR - H\u00e5rpleiespesialist\" \/>\n<meta property=\"article:modified_time\" content=\"2024-02-17T16:28:07+00:00\" \/>\n<meta property=\"og:image\" content=\"https:\/\/inoar.no\/wp-content\/uploads\/2022\/11\/BlendsMAsk1Kg_FRONT_1024x1024-1620754927914.png\" \/>\n\t<meta property=\"og:image:width\" content=\"1024\" \/>\n\t<meta property=\"og:image:height\" content=\"1024\" \/>\n\t<meta property=\"og:image:type\" content=\"image\/png\" \/>\n<meta name=\"twitter:card\" content=\"summary_large_image\" \/>\n<meta name=\"twitter:label1\" content=\"Est. reading time\" \/>\n\t<meta name=\"twitter:data1\" content=\"1 minute\" \/>\n<script type=\"application\/ld+json\" class=\"yoast-schema-graph\">{\"@context\":\"https:\/\/schema.org\",\"@graph\":[{\"@type\":\"WebPage\",\"@id\":\"https:\/\/inoar.no\/product\/inoar-blends-harkuren-beriket-med-vitamin-c-kompleks-fukter-intensivt-1000-g\/\",\"url\":\"https:\/\/inoar.no\/product\/inoar-blends-harkuren-beriket-med-vitamin-c-kompleks-fukter-intensivt-1000-g\/\",\"name\":\"INOAR Blends H\u00e5rkuren - beriket med vitamin C-kompleks fukter intensivt 1000 g - INOAR - H\u00e5rpleiespesialist\",\"isPartOf\":{\"@id\":\"https:\/\/inoar.no\/#website\"},\"primaryImageOfPage\":{\"@id\":\"https:\/\/inoar.no\/product\/inoar-blends-harkuren-beriket-med-vitamin-c-kompleks-fukter-intensivt-1000-g\/#primaryimage\"},\"image\":{\"@id\":\"https:\/\/inoar.no\/product\/inoar-blends-harkuren-beriket-med-vitamin-c-kompleks-fukter-intensivt-1000-g\/#primaryimage\"},\"thumbnailUrl\":\"https:\/\/inoar.no\/wp-content\/uploads\/2022\/11\/BlendsMAsk1Kg_FRONT_1024x1024-1620754927914.png\",\"datePublished\":\"2022-11-22T19:40:01+00:00\",\"dateModified\":\"2024-02-17T16:28:07+00:00\",\"breadcrumb\":{\"@id\":\"https:\/\/inoar.no\/product\/inoar-blends-harkuren-beriket-med-vitamin-c-kompleks-fukter-intensivt-1000-g\/#breadcrumb\"},\"inLanguage\":\"en-US\",\"potentialAction\":[{\"@type\":\"ReadAction\",\"target\":[\"https:\/\/inoar.no\/product\/inoar-blends-harkuren-beriket-med-vitamin-c-kompleks-fukter-intensivt-1000-g\/\"]}]},{\"@type\":\"ImageObject\",\"inLanguage\":\"en-US\",\"@id\":\"https:\/\/inoar.no\/product\/inoar-blends-harkuren-beriket-med-vitamin-c-kompleks-fukter-intensivt-1000-g\/#primaryimage\",\"url\":\"https:\/\/inoar.no\/wp-content\/uploads\/2022\/11\/BlendsMAsk1Kg_FRONT_1024x1024-1620754927914.png\",\"contentUrl\":\"https:\/\/inoar.no\/wp-content\/uploads\/2022\/11\/BlendsMAsk1Kg_FRONT_1024x1024-1620754927914.png\",\"width\":1024,\"height\":1024},{\"@type\":\"BreadcrumbList\",\"@id\":\"https:\/\/inoar.no\/product\/inoar-blends-harkuren-beriket-med-vitamin-c-kompleks-fukter-intensivt-1000-g\/#breadcrumb\",\"itemListElement\":[{\"@type\":\"ListItem\",\"position\":1,\"name\":\"Home\",\"item\":\"https:\/\/inoar.no\/\"},{\"@type\":\"ListItem\",\"position\":2,\"name\":\"Butikk\",\"item\":\"https:\/\/inoar.no\/butikk\/\"},{\"@type\":\"ListItem\",\"position\":3,\"name\":\"INOAR Blends H\u00e5rkuren &#8211; beriket med vitamin C-kompleks fukter intensivt 1000 g\"}]},{\"@type\":\"WebSite\",\"@id\":\"https:\/\/inoar.no\/#website\",\"url\":\"https:\/\/inoar.no\/\",\"name\":\"INOAR - H\u00e5rpleiespesialist\",\"description\":\"H\u00e5rpleiespesialist\",\"publisher\":{\"@id\":\"https:\/\/inoar.no\/#organization\"},\"potentialAction\":[{\"@type\":\"SearchAction\",\"target\":{\"@type\":\"EntryPoint\",\"urlTemplate\":\"https:\/\/inoar.no\/?s={search_term_string}\"},\"query-input\":{\"@type\":\"PropertyValueSpecification\",\"valueRequired\":true,\"valueName\":\"search_term_string\"}}],\"inLanguage\":\"en-US\"},{\"@type\":\"Organization\",\"@id\":\"https:\/\/inoar.no\/#organization\",\"name\":\"INOAR - H\u00e5rpleiespesialist\",\"url\":\"https:\/\/inoar.no\/\",\"logo\":{\"@type\":\"ImageObject\",\"inLanguage\":\"en-US\",\"@id\":\"https:\/\/inoar.no\/#\/schema\/logo\/image\/\",\"url\":\"https:\/\/inoar.no\/wp-content\/uploads\/2022\/03\/favicon.png\",\"contentUrl\":\"https:\/\/inoar.no\/wp-content\/uploads\/2022\/03\/favicon.png\",\"width\":512,\"height\":512,\"caption\":\"INOAR - H\u00e5rpleiespesialist\"},\"image\":{\"@id\":\"https:\/\/inoar.no\/#\/schema\/logo\/image\/\"}}]}<\/script>\n<!-- \/ Yoast SEO plugin. -->","yoast_head_json":{"title":"INOAR Blends H\u00e5rkuren - beriket med vitamin C-kompleks fukter intensivt 1000 g - INOAR - H\u00e5rpleiespesialist","robots":{"index":"index","follow":"follow","max-snippet":"max-snippet:-1","max-image-preview":"max-image-preview:large","max-video-preview":"max-video-preview:-1"},"canonical":"https:\/\/inoar.no\/en\/product\/inoar-blends-harkuren-beriket-med-vitamin-c-kompleks-fukter-intensivt-1000-g\/","og_locale":"en_US","og_type":"article","og_title":"INOAR Blends H\u00e5rkuren - beriket med vitamin C-kompleks fukter intensivt 1000 g - INOAR - H\u00e5rpleiespesialist","og_description":"INOAR Blends Mask beriket med vitamin C-kompleks fukter intensivt, gjenoppretter tapt glans og mykhet.  Masken er beriket med vitamin C, som har en dyp effekt p\u00e5 h\u00e5ret. Som et resultat blir tapt h\u00e5r skj\u00f8nnhet gjenopprettet, de er beskyttet mot h\u00e5r dehydrering og skadelige ytre faktorer. Produktet er beriket med vitamin C, kokosn\u00f8tt, avokado og arganoljer, som har et h\u00f8yt innhold av aminosyrer og fungerer som antioksidanter, fukter dypt, gir glans, mykhet og elastisitet. For best resultat, bruk med INOAR Blends Shampoo.  Aktive ingredienser: vitamin C, kokosn\u00f8tt, avokado og arganoljer  Indikasjoner: for alle h\u00e5rtyper, spesielt egnet for t\u00f8rt h\u00e5r  Resultatet: mykt, sk\u00e5nsomt, fuktighetsfylt h\u00e5r  \u00c5 bruke: P\u00e5f\u00f8r masken over hele h\u00e5rlengden etter sjamponering, masser produktet i hver streng. La verkt\u00f8yet v\u00e6re p\u00e5 i 3 minutter. Skylle.","og_url":"https:\/\/inoar.no\/en\/product\/inoar-blends-harkuren-beriket-med-vitamin-c-kompleks-fukter-intensivt-1000-g\/","og_site_name":"INOAR - H\u00e5rpleiespesialist","article_modified_time":"2024-02-17T16:28:07+00:00","og_image":[{"width":1024,"height":1024,"url":"https:\/\/inoar.no\/wp-content\/uploads\/2022\/11\/BlendsMAsk1Kg_FRONT_1024x1024-1620754927914.png","type":"image\/png"}],"twitter_card":"summary_large_image","twitter_misc":{"Est. reading time":"1 minute"},"schema":{"@context":"https:\/\/schema.org","@graph":[{"@type":"WebPage","@id":"https:\/\/inoar.no\/product\/inoar-blends-harkuren-beriket-med-vitamin-c-kompleks-fukter-intensivt-1000-g\/","url":"https:\/\/inoar.no\/product\/inoar-blends-harkuren-beriket-med-vitamin-c-kompleks-fukter-intensivt-1000-g\/","name":"INOAR Blends H\u00e5rkuren - beriket med vitamin C-kompleks fukter intensivt 1000 g - INOAR - H\u00e5rpleiespesialist","isPartOf":{"@id":"https:\/\/inoar.no\/#website"},"primaryImageOfPage":{"@id":"https:\/\/inoar.no\/product\/inoar-blends-harkuren-beriket-med-vitamin-c-kompleks-fukter-intensivt-1000-g\/#primaryimage"},"image":{"@id":"https:\/\/inoar.no\/product\/inoar-blends-harkuren-beriket-med-vitamin-c-kompleks-fukter-intensivt-1000-g\/#primaryimage"},"thumbnailUrl":"https:\/\/inoar.no\/wp-content\/uploads\/2022\/11\/BlendsMAsk1Kg_FRONT_1024x1024-1620754927914.png","datePublished":"2022-11-22T19:40:01+00:00","dateModified":"2024-02-17T16:28:07+00:00","breadcrumb":{"@id":"https:\/\/inoar.no\/product\/inoar-blends-harkuren-beriket-med-vitamin-c-kompleks-fukter-intensivt-1000-g\/#breadcrumb"},"inLanguage":"en-US","potentialAction":[{"@type":"ReadAction","target":["https:\/\/inoar.no\/product\/inoar-blends-harkuren-beriket-med-vitamin-c-kompleks-fukter-intensivt-1000-g\/"]}]},{"@type":"ImageObject","inLanguage":"en-US","@id":"https:\/\/inoar.no\/product\/inoar-blends-harkuren-beriket-med-vitamin-c-kompleks-fukter-intensivt-1000-g\/#primaryimage","url":"https:\/\/inoar.no\/wp-content\/uploads\/2022\/11\/BlendsMAsk1Kg_FRONT_1024x1024-1620754927914.png","contentUrl":"https:\/\/inoar.no\/wp-content\/uploads\/2022\/11\/BlendsMAsk1Kg_FRONT_1024x1024-1620754927914.png","width":1024,"height":1024},{"@type":"BreadcrumbList","@id":"https:\/\/inoar.no\/product\/inoar-blends-harkuren-beriket-med-vitamin-c-kompleks-fukter-intensivt-1000-g\/#breadcrumb","itemListElement":[{"@type":"ListItem","position":1,"name":"Home","item":"https:\/\/inoar.no\/"},{"@type":"ListItem","position":2,"name":"Butikk","item":"https:\/\/inoar.no\/butikk\/"},{"@type":"ListItem","position":3,"name":"INOAR Blends H\u00e5rkuren &#8211; beriket med vitamin C-kompleks fukter intensivt 1000 g"}]},{"@type":"WebSite","@id":"https:\/\/inoar.no\/#website","url":"https:\/\/inoar.no\/","name":"INOAR - H\u00e5rpleiespesialist","description":"H\u00e5rpleiespesialist","publisher":{"@id":"https:\/\/inoar.no\/#organization"},"potentialAction":[{"@type":"SearchAction","target":{"@type":"EntryPoint","urlTemplate":"https:\/\/inoar.no\/?s={search_term_string}"},"query-input":{"@type":"PropertyValueSpecification","valueRequired":true,"valueName":"search_term_string"}}],"inLanguage":"en-US"},{"@type":"Organization","@id":"https:\/\/inoar.no\/#organization","name":"INOAR - H\u00e5rpleiespesialist","url":"https:\/\/inoar.no\/","logo":{"@type":"ImageObject","inLanguage":"en-US","@id":"https:\/\/inoar.no\/#\/schema\/logo\/image\/","url":"https:\/\/inoar.no\/wp-content\/uploads\/2022\/03\/favicon.png","contentUrl":"https:\/\/inoar.no\/wp-content\/uploads\/2022\/03\/favicon.png","width":512,"height":512,"caption":"INOAR - H\u00e5rpleiespesialist"},"image":{"@id":"https:\/\/inoar.no\/#\/schema\/logo\/image\/"}}]}},"_links":{"self":[{"href":"https:\/\/inoar.no\/en\/wp-json\/wp\/v2\/product\/988983","targetHints":{"allow":["GET"]}}],"collection":[{"href":"https:\/\/inoar.no\/en\/wp-json\/wp\/v2\/product"}],"about":[{"href":"https:\/\/inoar.no\/en\/wp-json\/wp\/v2\/types\/product"}],"replies":[{"embeddable":true,"href":"https:\/\/inoar.no\/en\/wp-json\/wp\/v2\/comments?post=988983"}],"version-history":[{"count":3,"href":"https:\/\/inoar.no\/en\/wp-json\/wp\/v2\/product\/988983\/revisions"}],"predecessor-version":[{"id":989358,"href":"https:\/\/inoar.no\/en\/wp-json\/wp\/v2\/product\/988983\/revisions\/989358"}],"wp:featuredmedia":[{"embeddable":true,"href":"https:\/\/inoar.no\/en\/wp-json\/wp\/v2\/media\/988984"}],"wp:attachment":[{"href":"https:\/\/inoar.no\/en\/wp-json\/wp\/v2\/media?parent=988983"}],"wp:term":[{"taxonomy":"product_brand","embeddable":true,"href":"https:\/\/inoar.no\/en\/wp-json\/wp\/v2\/product_brand?post=988983"},{"taxonomy":"product_cat","embeddable":true,"href":"https:\/\/inoar.no\/en\/wp-json\/wp\/v2\/product_cat?post=988983"},{"taxonomy":"product_tag","embeddable":true,"href":"https:\/\/inoar.no\/en\/wp-json\/wp\/v2\/product_tag?post=988983"}],"curies":[{"name":"wp","href":"https:\/\/api.w.org\/{rel}","templated":true}]}}