{"id":988981,"date":"2022-11-22T20:37:51","date_gmt":"2022-11-22T19:37:51","guid":{"rendered":"https:\/\/inoar.no\/?post_type=product&#038;p=988981"},"modified":"2025-11-24T10:16:30","modified_gmt":"2025-11-24T09:16:30","slug":"inoar-blends-sjampo-med-vitamin-c-300-ml","status":"publish","type":"product","link":"https:\/\/inoar.no\/en\/product\/inoar-blends-sjampo-med-vitamin-c-300-ml\/","title":{"rendered":"INOAR Blends Sjampo &#8211; med vitamin C 300 ml"},"content":{"rendered":"","protected":false},"excerpt":{"rendered":"<p>Vitamin C-kompleks for t\u00f8rt h\u00e5r<\/p>\n<p>Blandingen av vegetabilske og veganske oljer i BLENDS-kolleksjonen sammen med vitamin C er ideelt for t\u00f8rt h\u00e5r. Oljeblandingen inneholder kokosn\u00f8ttolje (vitamin E og fettsyrer), avokado-olje (vitamin A, B, D og aminosyrer) og arganolje (omega-6 beriket med antioksidanter). Disse trenger seg dypt inn i h\u00e5ret og gir dyp fuktighet, glans, mykhet og elastisitet.<\/p>","protected":false},"featured_media":988974,"comment_status":"closed","ping_status":"closed","template":"","meta":[],"product_brand":[],"product_cat":[156,107,158],"product_tag":[],"class_list":{"0":"post-988981","1":"product","2":"type-product","3":"status-publish","4":"has-post-thumbnail","6":"product_cat-for-normalt-har","7":"product_cat-inoar-blends","8":"product_cat-sjampoo","10":"first","11":"outofstock","12":"shipping-taxable","13":"purchasable","14":"product-type-simple"},"yoast_head":"<!-- This site is optimized with the Yoast SEO plugin v27.1.1 - https:\/\/yoast.com\/product\/yoast-seo-wordpress\/ -->\n<title>INOAR Blends Sjampo - med vitamin C 300 ml - INOAR - H\u00e5rpleiespesialist<\/title>\n<meta name=\"robots\" content=\"index, follow, max-snippet:-1, max-image-preview:large, max-video-preview:-1\" \/>\n<link rel=\"canonical\" href=\"https:\/\/inoar.no\/en\/product\/inoar-blends-sjampo-med-vitamin-c-300-ml\/\" \/>\n<meta property=\"og:locale\" content=\"en_US\" \/>\n<meta property=\"og:type\" content=\"article\" \/>\n<meta property=\"og:title\" content=\"INOAR Blends Sjampo - med vitamin C 300 ml - INOAR - H\u00e5rpleiespesialist\" \/>\n<meta property=\"og:description\" content=\"Vitamin C-kompleks for t\u00f8rt h\u00e5r  Blandingen av vegetabilske og veganske oljer i BLENDS-kolleksjonen sammen med vitamin C er ideelt for t\u00f8rt h\u00e5r. Oljeblandingen inneholder kokosn\u00f8ttolje (vitamin E og fettsyrer), avokado-olje (vitamin A, B, D og aminosyrer) og arganolje (omega-6 beriket med antioksidanter). Disse trenger seg dypt inn i h\u00e5ret og gir dyp fuktighet, glans, mykhet og elastisitet.\" \/>\n<meta property=\"og:url\" content=\"https:\/\/inoar.no\/en\/product\/inoar-blends-sjampo-med-vitamin-c-300-ml\/\" \/>\n<meta property=\"og:site_name\" content=\"INOAR - H\u00e5rpleiespesialist\" \/>\n<meta property=\"article:modified_time\" content=\"2025-11-24T09:16:30+00:00\" \/>\n<meta property=\"og:image\" content=\"https:\/\/inoar.no\/wp-content\/uploads\/2022\/04\/shampoo.png\" \/>\n\t<meta property=\"og:image:width\" content=\"1500\" \/>\n\t<meta property=\"og:image:height\" content=\"1500\" \/>\n\t<meta property=\"og:image:type\" content=\"image\/png\" \/>\n<meta name=\"twitter:card\" content=\"summary_large_image\" \/>\n<script type=\"application\/ld+json\" class=\"yoast-schema-graph\">{\"@context\":\"https:\/\/schema.org\",\"@graph\":[{\"@type\":\"WebPage\",\"@id\":\"https:\/\/inoar.no\/product\/inoar-blends-sjampo-med-vitamin-c-300-ml\/\",\"url\":\"https:\/\/inoar.no\/product\/inoar-blends-sjampo-med-vitamin-c-300-ml\/\",\"name\":\"INOAR Blends Sjampo - med vitamin C 300 ml - INOAR - H\u00e5rpleiespesialist\",\"isPartOf\":{\"@id\":\"https:\/\/inoar.no\/#website\"},\"primaryImageOfPage\":{\"@id\":\"https:\/\/inoar.no\/product\/inoar-blends-sjampo-med-vitamin-c-300-ml\/#primaryimage\"},\"image\":{\"@id\":\"https:\/\/inoar.no\/product\/inoar-blends-sjampo-med-vitamin-c-300-ml\/#primaryimage\"},\"thumbnailUrl\":\"https:\/\/inoar.no\/wp-content\/uploads\/2022\/04\/shampoo.png\",\"datePublished\":\"2022-11-22T19:37:51+00:00\",\"dateModified\":\"2025-11-24T09:16:30+00:00\",\"breadcrumb\":{\"@id\":\"https:\/\/inoar.no\/product\/inoar-blends-sjampo-med-vitamin-c-300-ml\/#breadcrumb\"},\"inLanguage\":\"en-US\",\"potentialAction\":[{\"@type\":\"ReadAction\",\"target\":[\"https:\/\/inoar.no\/product\/inoar-blends-sjampo-med-vitamin-c-300-ml\/\"]}]},{\"@type\":\"ImageObject\",\"inLanguage\":\"en-US\",\"@id\":\"https:\/\/inoar.no\/product\/inoar-blends-sjampo-med-vitamin-c-300-ml\/#primaryimage\",\"url\":\"https:\/\/inoar.no\/wp-content\/uploads\/2022\/04\/shampoo.png\",\"contentUrl\":\"https:\/\/inoar.no\/wp-content\/uploads\/2022\/04\/shampoo.png\",\"width\":1500,\"height\":1500},{\"@type\":\"BreadcrumbList\",\"@id\":\"https:\/\/inoar.no\/product\/inoar-blends-sjampo-med-vitamin-c-300-ml\/#breadcrumb\",\"itemListElement\":[{\"@type\":\"ListItem\",\"position\":1,\"name\":\"Home\",\"item\":\"https:\/\/inoar.no\/\"},{\"@type\":\"ListItem\",\"position\":2,\"name\":\"Butikk\",\"item\":\"https:\/\/inoar.no\/butikk\/\"},{\"@type\":\"ListItem\",\"position\":3,\"name\":\"INOAR Blends Sjampo &#8211; med vitamin C 300 ml\"}]},{\"@type\":\"WebSite\",\"@id\":\"https:\/\/inoar.no\/#website\",\"url\":\"https:\/\/inoar.no\/\",\"name\":\"INOAR - H\u00e5rpleiespesialist\",\"description\":\"H\u00e5rpleiespesialist\",\"publisher\":{\"@id\":\"https:\/\/inoar.no\/#organization\"},\"potentialAction\":[{\"@type\":\"SearchAction\",\"target\":{\"@type\":\"EntryPoint\",\"urlTemplate\":\"https:\/\/inoar.no\/?s={search_term_string}\"},\"query-input\":{\"@type\":\"PropertyValueSpecification\",\"valueRequired\":true,\"valueName\":\"search_term_string\"}}],\"inLanguage\":\"en-US\"},{\"@type\":\"Organization\",\"@id\":\"https:\/\/inoar.no\/#organization\",\"name\":\"INOAR - H\u00e5rpleiespesialist\",\"url\":\"https:\/\/inoar.no\/\",\"logo\":{\"@type\":\"ImageObject\",\"inLanguage\":\"en-US\",\"@id\":\"https:\/\/inoar.no\/#\/schema\/logo\/image\/\",\"url\":\"https:\/\/inoar.no\/wp-content\/uploads\/2022\/03\/favicon.png\",\"contentUrl\":\"https:\/\/inoar.no\/wp-content\/uploads\/2022\/03\/favicon.png\",\"width\":512,\"height\":512,\"caption\":\"INOAR - H\u00e5rpleiespesialist\"},\"image\":{\"@id\":\"https:\/\/inoar.no\/#\/schema\/logo\/image\/\"}}]}<\/script>\n<!-- \/ Yoast SEO plugin. -->","yoast_head_json":{"title":"INOAR Blends Sjampo - med vitamin C 300 ml - INOAR - H\u00e5rpleiespesialist","robots":{"index":"index","follow":"follow","max-snippet":"max-snippet:-1","max-image-preview":"max-image-preview:large","max-video-preview":"max-video-preview:-1"},"canonical":"https:\/\/inoar.no\/en\/product\/inoar-blends-sjampo-med-vitamin-c-300-ml\/","og_locale":"en_US","og_type":"article","og_title":"INOAR Blends Sjampo - med vitamin C 300 ml - INOAR - H\u00e5rpleiespesialist","og_description":"Vitamin C-kompleks for t\u00f8rt h\u00e5r  Blandingen av vegetabilske og veganske oljer i BLENDS-kolleksjonen sammen med vitamin C er ideelt for t\u00f8rt h\u00e5r. Oljeblandingen inneholder kokosn\u00f8ttolje (vitamin E og fettsyrer), avokado-olje (vitamin A, B, D og aminosyrer) og arganolje (omega-6 beriket med antioksidanter). Disse trenger seg dypt inn i h\u00e5ret og gir dyp fuktighet, glans, mykhet og elastisitet.","og_url":"https:\/\/inoar.no\/en\/product\/inoar-blends-sjampo-med-vitamin-c-300-ml\/","og_site_name":"INOAR - H\u00e5rpleiespesialist","article_modified_time":"2025-11-24T09:16:30+00:00","og_image":[{"width":1500,"height":1500,"url":"https:\/\/inoar.no\/wp-content\/uploads\/2022\/04\/shampoo.png","type":"image\/png"}],"twitter_card":"summary_large_image","schema":{"@context":"https:\/\/schema.org","@graph":[{"@type":"WebPage","@id":"https:\/\/inoar.no\/product\/inoar-blends-sjampo-med-vitamin-c-300-ml\/","url":"https:\/\/inoar.no\/product\/inoar-blends-sjampo-med-vitamin-c-300-ml\/","name":"INOAR Blends Sjampo - med vitamin C 300 ml - INOAR - H\u00e5rpleiespesialist","isPartOf":{"@id":"https:\/\/inoar.no\/#website"},"primaryImageOfPage":{"@id":"https:\/\/inoar.no\/product\/inoar-blends-sjampo-med-vitamin-c-300-ml\/#primaryimage"},"image":{"@id":"https:\/\/inoar.no\/product\/inoar-blends-sjampo-med-vitamin-c-300-ml\/#primaryimage"},"thumbnailUrl":"https:\/\/inoar.no\/wp-content\/uploads\/2022\/04\/shampoo.png","datePublished":"2022-11-22T19:37:51+00:00","dateModified":"2025-11-24T09:16:30+00:00","breadcrumb":{"@id":"https:\/\/inoar.no\/product\/inoar-blends-sjampo-med-vitamin-c-300-ml\/#breadcrumb"},"inLanguage":"en-US","potentialAction":[{"@type":"ReadAction","target":["https:\/\/inoar.no\/product\/inoar-blends-sjampo-med-vitamin-c-300-ml\/"]}]},{"@type":"ImageObject","inLanguage":"en-US","@id":"https:\/\/inoar.no\/product\/inoar-blends-sjampo-med-vitamin-c-300-ml\/#primaryimage","url":"https:\/\/inoar.no\/wp-content\/uploads\/2022\/04\/shampoo.png","contentUrl":"https:\/\/inoar.no\/wp-content\/uploads\/2022\/04\/shampoo.png","width":1500,"height":1500},{"@type":"BreadcrumbList","@id":"https:\/\/inoar.no\/product\/inoar-blends-sjampo-med-vitamin-c-300-ml\/#breadcrumb","itemListElement":[{"@type":"ListItem","position":1,"name":"Home","item":"https:\/\/inoar.no\/"},{"@type":"ListItem","position":2,"name":"Butikk","item":"https:\/\/inoar.no\/butikk\/"},{"@type":"ListItem","position":3,"name":"INOAR Blends Sjampo &#8211; med vitamin C 300 ml"}]},{"@type":"WebSite","@id":"https:\/\/inoar.no\/#website","url":"https:\/\/inoar.no\/","name":"INOAR - H\u00e5rpleiespesialist","description":"H\u00e5rpleiespesialist","publisher":{"@id":"https:\/\/inoar.no\/#organization"},"potentialAction":[{"@type":"SearchAction","target":{"@type":"EntryPoint","urlTemplate":"https:\/\/inoar.no\/?s={search_term_string}"},"query-input":{"@type":"PropertyValueSpecification","valueRequired":true,"valueName":"search_term_string"}}],"inLanguage":"en-US"},{"@type":"Organization","@id":"https:\/\/inoar.no\/#organization","name":"INOAR - H\u00e5rpleiespesialist","url":"https:\/\/inoar.no\/","logo":{"@type":"ImageObject","inLanguage":"en-US","@id":"https:\/\/inoar.no\/#\/schema\/logo\/image\/","url":"https:\/\/inoar.no\/wp-content\/uploads\/2022\/03\/favicon.png","contentUrl":"https:\/\/inoar.no\/wp-content\/uploads\/2022\/03\/favicon.png","width":512,"height":512,"caption":"INOAR - H\u00e5rpleiespesialist"},"image":{"@id":"https:\/\/inoar.no\/#\/schema\/logo\/image\/"}}]}},"_links":{"self":[{"href":"https:\/\/inoar.no\/en\/wp-json\/wp\/v2\/product\/988981","targetHints":{"allow":["GET"]}}],"collection":[{"href":"https:\/\/inoar.no\/en\/wp-json\/wp\/v2\/product"}],"about":[{"href":"https:\/\/inoar.no\/en\/wp-json\/wp\/v2\/types\/product"}],"replies":[{"embeddable":true,"href":"https:\/\/inoar.no\/en\/wp-json\/wp\/v2\/comments?post=988981"}],"version-history":[{"count":3,"href":"https:\/\/inoar.no\/en\/wp-json\/wp\/v2\/product\/988981\/revisions"}],"predecessor-version":[{"id":989363,"href":"https:\/\/inoar.no\/en\/wp-json\/wp\/v2\/product\/988981\/revisions\/989363"}],"wp:featuredmedia":[{"embeddable":true,"href":"https:\/\/inoar.no\/en\/wp-json\/wp\/v2\/media\/988974"}],"wp:attachment":[{"href":"https:\/\/inoar.no\/en\/wp-json\/wp\/v2\/media?parent=988981"}],"wp:term":[{"taxonomy":"product_brand","embeddable":true,"href":"https:\/\/inoar.no\/en\/wp-json\/wp\/v2\/product_brand?post=988981"},{"taxonomy":"product_cat","embeddable":true,"href":"https:\/\/inoar.no\/en\/wp-json\/wp\/v2\/product_cat?post=988981"},{"taxonomy":"product_tag","embeddable":true,"href":"https:\/\/inoar.no\/en\/wp-json\/wp\/v2\/product_tag?post=988981"}],"curies":[{"name":"wp","href":"https:\/\/api.w.org\/{rel}","templated":true}]}}