{"id":988941,"date":"2022-11-22T19:37:28","date_gmt":"2022-11-22T18:37:28","guid":{"rendered":"https:\/\/inoar.no\/?post_type=product&#038;p=988941"},"modified":"2025-11-24T10:18:11","modified_gmt":"2025-11-24T09:18:11","slug":"inoar-cicatrifios-duo-kit-cicatrifios-harpleiesystem-er-designet-for-reparere-skadet-har-2x1000-ml","status":"publish","type":"product","link":"https:\/\/inoar.no\/en\/product\/inoar-cicatrifios-duo-kit-cicatrifios-harpleiesystem-er-designet-for-reparere-skadet-har-2x1000-ml\/","title":{"rendered":"INOAR CicatriFios Duo Kit &#8211; CicatriFios h\u00e5rpleiesystem er designet for reparere skadet h\u00e5r 2&#215;1000 ml"},"content":{"rendered":"","protected":false},"excerpt":{"rendered":"<p>CicatriFios h\u00e5rpleiesystem er designet for \u00e5 reparere skadet h\u00e5r. Denne linjen er en revolusjon innen daglig h\u00e5rpleie, og gir en mulighet til \u00e5 gjenopprette h\u00e5rets struktur. Formelen er beriket med RejuComplex3 som myker h\u00e5ret, reduserer sprekker, og gjenoppretter h\u00e5rets volum. Gir glans, gj\u00f8r kamingen lettere og garanterer en langvarig effekt.<\/p>\n<p>Funksjoner: Enklere \u00e5 kamme h\u00e5r, Langvarig effekt, Ekstrem glans, Varmebeskyttelse, Beskyttelse mot brudd p\u00e5 h\u00e5ret, Gjenoppretting, Mykning av h\u00e5ret.<\/p>\n<p>Aktive ingredienser: RejuComplex3, arganolje.<\/p>\n<p>Indikasjoner: for alle h\u00e5rtyper, spesielt egnet for skadet, svakt h\u00e5r.<\/p>\n<p>Resultat: gjenoppretter utseendet til sunt h\u00e5r, reduserer h\u00e5ret.<\/p>\n<p>Bruk: Spred en liten mengde sjampo p\u00e5 fuktig h\u00e5r og masser forsiktig med fingertuppene til det er skummende. Skyll med vann. Gjenta prosedyren om n\u00f8dvendig. Fordel deretter balsam jevnt over hele h\u00e5rlengden, la st\u00e5 i 5 minutter, skyll.<\/p>","protected":false},"featured_media":988942,"comment_status":"closed","ping_status":"closed","template":"","meta":[],"product_brand":[],"product_cat":[156,152,155,109,153],"product_tag":[],"class_list":{"0":"post-988941","1":"product","2":"type-product","3":"status-publish","4":"has-post-thumbnail","6":"product_cat-for-normalt-har","7":"product_cat-for-skadet-har","8":"product_cat-haret-skinner","9":"product_cat-inoar-cicatrifios","10":"product_cat-uregjerlig-krusete-har","12":"first","13":"outofstock","14":"shipping-taxable","15":"purchasable","16":"product-type-simple"},"yoast_head":"<!-- This site is optimized with the Yoast SEO plugin v27.1.1 - https:\/\/yoast.com\/product\/yoast-seo-wordpress\/ -->\n<title>INOAR CicatriFios Duo Kit - CicatriFios h\u00e5rpleiesystem er designet for reparere skadet h\u00e5r 2x1000 ml - INOAR - H\u00e5rpleiespesialist<\/title>\n<meta name=\"robots\" content=\"index, follow, max-snippet:-1, max-image-preview:large, max-video-preview:-1\" \/>\n<link rel=\"canonical\" href=\"https:\/\/inoar.no\/en\/product\/inoar-cicatrifios-duo-kit-cicatrifios-harpleiesystem-er-designet-for-reparere-skadet-har-2x1000-ml\/\" \/>\n<meta property=\"og:locale\" content=\"en_US\" \/>\n<meta property=\"og:type\" content=\"article\" \/>\n<meta property=\"og:title\" content=\"INOAR CicatriFios Duo Kit - CicatriFios h\u00e5rpleiesystem er designet for reparere skadet h\u00e5r 2x1000 ml - INOAR - H\u00e5rpleiespesialist\" \/>\n<meta property=\"og:description\" content=\"CicatriFios h\u00e5rpleiesystem er designet for \u00e5 reparere skadet h\u00e5r. Denne linjen er en revolusjon innen daglig h\u00e5rpleie, og gir en mulighet til \u00e5 gjenopprette h\u00e5rets struktur. Formelen er beriket med RejuComplex3 som myker h\u00e5ret, reduserer sprekker, og gjenoppretter h\u00e5rets volum. Gir glans, gj\u00f8r kamingen lettere og garanterer en langvarig effekt.  Funksjoner: Enklere \u00e5 kamme h\u00e5r, Langvarig effekt, Ekstrem glans, Varmebeskyttelse, Beskyttelse mot brudd p\u00e5 h\u00e5ret, Gjenoppretting, Mykning av h\u00e5ret.  Aktive ingredienser: RejuComplex3, arganolje.  Indikasjoner: for alle h\u00e5rtyper, spesielt egnet for skadet, svakt h\u00e5r.  Resultat: gjenoppretter utseendet til sunt h\u00e5r, reduserer h\u00e5ret.  Bruk: Spred en liten mengde sjampo p\u00e5 fuktig h\u00e5r og masser forsiktig med fingertuppene til det er skummende. Skyll med vann. Gjenta prosedyren om n\u00f8dvendig. Fordel deretter balsam jevnt over hele h\u00e5rlengden, la st\u00e5 i 5 minutter, skyll.\" \/>\n<meta property=\"og:url\" content=\"https:\/\/inoar.no\/en\/product\/inoar-cicatrifios-duo-kit-cicatrifios-harpleiesystem-er-designet-for-reparere-skadet-har-2x1000-ml\/\" \/>\n<meta property=\"og:site_name\" content=\"INOAR - H\u00e5rpleiespesialist\" \/>\n<meta property=\"article:modified_time\" content=\"2025-11-24T09:18:11+00:00\" \/>\n<meta property=\"og:image\" content=\"https:\/\/inoar.no\/wp-content\/uploads\/2022\/11\/611VeNBLm3L-1612818414946.jpg\" \/>\n\t<meta property=\"og:image:width\" content=\"861\" \/>\n\t<meta property=\"og:image:height\" content=\"1444\" \/>\n\t<meta property=\"og:image:type\" content=\"image\/jpeg\" \/>\n<meta name=\"twitter:card\" content=\"summary_large_image\" \/>\n<script type=\"application\/ld+json\" class=\"yoast-schema-graph\">{\"@context\":\"https:\/\/schema.org\",\"@graph\":[{\"@type\":\"WebPage\",\"@id\":\"https:\/\/inoar.no\/product\/inoar-cicatrifios-duo-kit-cicatrifios-harpleiesystem-er-designet-for-reparere-skadet-har-2x1000-ml\/\",\"url\":\"https:\/\/inoar.no\/product\/inoar-cicatrifios-duo-kit-cicatrifios-harpleiesystem-er-designet-for-reparere-skadet-har-2x1000-ml\/\",\"name\":\"INOAR CicatriFios Duo Kit - CicatriFios h\u00e5rpleiesystem er designet for reparere skadet h\u00e5r 2x1000 ml - INOAR - H\u00e5rpleiespesialist\",\"isPartOf\":{\"@id\":\"https:\/\/inoar.no\/#website\"},\"primaryImageOfPage\":{\"@id\":\"https:\/\/inoar.no\/product\/inoar-cicatrifios-duo-kit-cicatrifios-harpleiesystem-er-designet-for-reparere-skadet-har-2x1000-ml\/#primaryimage\"},\"image\":{\"@id\":\"https:\/\/inoar.no\/product\/inoar-cicatrifios-duo-kit-cicatrifios-harpleiesystem-er-designet-for-reparere-skadet-har-2x1000-ml\/#primaryimage\"},\"thumbnailUrl\":\"https:\/\/inoar.no\/wp-content\/uploads\/2022\/11\/611VeNBLm3L-1612818414946.jpg\",\"datePublished\":\"2022-11-22T18:37:28+00:00\",\"dateModified\":\"2025-11-24T09:18:11+00:00\",\"breadcrumb\":{\"@id\":\"https:\/\/inoar.no\/product\/inoar-cicatrifios-duo-kit-cicatrifios-harpleiesystem-er-designet-for-reparere-skadet-har-2x1000-ml\/#breadcrumb\"},\"inLanguage\":\"en-US\",\"potentialAction\":[{\"@type\":\"ReadAction\",\"target\":[\"https:\/\/inoar.no\/product\/inoar-cicatrifios-duo-kit-cicatrifios-harpleiesystem-er-designet-for-reparere-skadet-har-2x1000-ml\/\"]}]},{\"@type\":\"ImageObject\",\"inLanguage\":\"en-US\",\"@id\":\"https:\/\/inoar.no\/product\/inoar-cicatrifios-duo-kit-cicatrifios-harpleiesystem-er-designet-for-reparere-skadet-har-2x1000-ml\/#primaryimage\",\"url\":\"https:\/\/inoar.no\/wp-content\/uploads\/2022\/11\/611VeNBLm3L-1612818414946.jpg\",\"contentUrl\":\"https:\/\/inoar.no\/wp-content\/uploads\/2022\/11\/611VeNBLm3L-1612818414946.jpg\",\"width\":861,\"height\":1444},{\"@type\":\"BreadcrumbList\",\"@id\":\"https:\/\/inoar.no\/product\/inoar-cicatrifios-duo-kit-cicatrifios-harpleiesystem-er-designet-for-reparere-skadet-har-2x1000-ml\/#breadcrumb\",\"itemListElement\":[{\"@type\":\"ListItem\",\"position\":1,\"name\":\"Home\",\"item\":\"https:\/\/inoar.no\/\"},{\"@type\":\"ListItem\",\"position\":2,\"name\":\"Butikk\",\"item\":\"https:\/\/inoar.no\/butikk\/\"},{\"@type\":\"ListItem\",\"position\":3,\"name\":\"INOAR CicatriFios Duo Kit &#8211; CicatriFios h\u00e5rpleiesystem er designet for reparere skadet h\u00e5r 2&#215;1000 ml\"}]},{\"@type\":\"WebSite\",\"@id\":\"https:\/\/inoar.no\/#website\",\"url\":\"https:\/\/inoar.no\/\",\"name\":\"INOAR - H\u00e5rpleiespesialist\",\"description\":\"H\u00e5rpleiespesialist\",\"publisher\":{\"@id\":\"https:\/\/inoar.no\/#organization\"},\"potentialAction\":[{\"@type\":\"SearchAction\",\"target\":{\"@type\":\"EntryPoint\",\"urlTemplate\":\"https:\/\/inoar.no\/?s={search_term_string}\"},\"query-input\":{\"@type\":\"PropertyValueSpecification\",\"valueRequired\":true,\"valueName\":\"search_term_string\"}}],\"inLanguage\":\"en-US\"},{\"@type\":\"Organization\",\"@id\":\"https:\/\/inoar.no\/#organization\",\"name\":\"INOAR - H\u00e5rpleiespesialist\",\"url\":\"https:\/\/inoar.no\/\",\"logo\":{\"@type\":\"ImageObject\",\"inLanguage\":\"en-US\",\"@id\":\"https:\/\/inoar.no\/#\/schema\/logo\/image\/\",\"url\":\"https:\/\/inoar.no\/wp-content\/uploads\/2022\/03\/favicon.png\",\"contentUrl\":\"https:\/\/inoar.no\/wp-content\/uploads\/2022\/03\/favicon.png\",\"width\":512,\"height\":512,\"caption\":\"INOAR - H\u00e5rpleiespesialist\"},\"image\":{\"@id\":\"https:\/\/inoar.no\/#\/schema\/logo\/image\/\"}}]}<\/script>\n<!-- \/ Yoast SEO plugin. -->","yoast_head_json":{"title":"INOAR CicatriFios Duo Kit - CicatriFios h\u00e5rpleiesystem er designet for reparere skadet h\u00e5r 2x1000 ml - INOAR - H\u00e5rpleiespesialist","robots":{"index":"index","follow":"follow","max-snippet":"max-snippet:-1","max-image-preview":"max-image-preview:large","max-video-preview":"max-video-preview:-1"},"canonical":"https:\/\/inoar.no\/en\/product\/inoar-cicatrifios-duo-kit-cicatrifios-harpleiesystem-er-designet-for-reparere-skadet-har-2x1000-ml\/","og_locale":"en_US","og_type":"article","og_title":"INOAR CicatriFios Duo Kit - CicatriFios h\u00e5rpleiesystem er designet for reparere skadet h\u00e5r 2x1000 ml - INOAR - H\u00e5rpleiespesialist","og_description":"CicatriFios h\u00e5rpleiesystem er designet for \u00e5 reparere skadet h\u00e5r. Denne linjen er en revolusjon innen daglig h\u00e5rpleie, og gir en mulighet til \u00e5 gjenopprette h\u00e5rets struktur. Formelen er beriket med RejuComplex3 som myker h\u00e5ret, reduserer sprekker, og gjenoppretter h\u00e5rets volum. Gir glans, gj\u00f8r kamingen lettere og garanterer en langvarig effekt.  Funksjoner: Enklere \u00e5 kamme h\u00e5r, Langvarig effekt, Ekstrem glans, Varmebeskyttelse, Beskyttelse mot brudd p\u00e5 h\u00e5ret, Gjenoppretting, Mykning av h\u00e5ret.  Aktive ingredienser: RejuComplex3, arganolje.  Indikasjoner: for alle h\u00e5rtyper, spesielt egnet for skadet, svakt h\u00e5r.  Resultat: gjenoppretter utseendet til sunt h\u00e5r, reduserer h\u00e5ret.  Bruk: Spred en liten mengde sjampo p\u00e5 fuktig h\u00e5r og masser forsiktig med fingertuppene til det er skummende. Skyll med vann. Gjenta prosedyren om n\u00f8dvendig. Fordel deretter balsam jevnt over hele h\u00e5rlengden, la st\u00e5 i 5 minutter, skyll.","og_url":"https:\/\/inoar.no\/en\/product\/inoar-cicatrifios-duo-kit-cicatrifios-harpleiesystem-er-designet-for-reparere-skadet-har-2x1000-ml\/","og_site_name":"INOAR - H\u00e5rpleiespesialist","article_modified_time":"2025-11-24T09:18:11+00:00","og_image":[{"width":861,"height":1444,"url":"https:\/\/inoar.no\/wp-content\/uploads\/2022\/11\/611VeNBLm3L-1612818414946.jpg","type":"image\/jpeg"}],"twitter_card":"summary_large_image","schema":{"@context":"https:\/\/schema.org","@graph":[{"@type":"WebPage","@id":"https:\/\/inoar.no\/product\/inoar-cicatrifios-duo-kit-cicatrifios-harpleiesystem-er-designet-for-reparere-skadet-har-2x1000-ml\/","url":"https:\/\/inoar.no\/product\/inoar-cicatrifios-duo-kit-cicatrifios-harpleiesystem-er-designet-for-reparere-skadet-har-2x1000-ml\/","name":"INOAR CicatriFios Duo Kit - CicatriFios h\u00e5rpleiesystem er designet for reparere skadet h\u00e5r 2x1000 ml - INOAR - H\u00e5rpleiespesialist","isPartOf":{"@id":"https:\/\/inoar.no\/#website"},"primaryImageOfPage":{"@id":"https:\/\/inoar.no\/product\/inoar-cicatrifios-duo-kit-cicatrifios-harpleiesystem-er-designet-for-reparere-skadet-har-2x1000-ml\/#primaryimage"},"image":{"@id":"https:\/\/inoar.no\/product\/inoar-cicatrifios-duo-kit-cicatrifios-harpleiesystem-er-designet-for-reparere-skadet-har-2x1000-ml\/#primaryimage"},"thumbnailUrl":"https:\/\/inoar.no\/wp-content\/uploads\/2022\/11\/611VeNBLm3L-1612818414946.jpg","datePublished":"2022-11-22T18:37:28+00:00","dateModified":"2025-11-24T09:18:11+00:00","breadcrumb":{"@id":"https:\/\/inoar.no\/product\/inoar-cicatrifios-duo-kit-cicatrifios-harpleiesystem-er-designet-for-reparere-skadet-har-2x1000-ml\/#breadcrumb"},"inLanguage":"en-US","potentialAction":[{"@type":"ReadAction","target":["https:\/\/inoar.no\/product\/inoar-cicatrifios-duo-kit-cicatrifios-harpleiesystem-er-designet-for-reparere-skadet-har-2x1000-ml\/"]}]},{"@type":"ImageObject","inLanguage":"en-US","@id":"https:\/\/inoar.no\/product\/inoar-cicatrifios-duo-kit-cicatrifios-harpleiesystem-er-designet-for-reparere-skadet-har-2x1000-ml\/#primaryimage","url":"https:\/\/inoar.no\/wp-content\/uploads\/2022\/11\/611VeNBLm3L-1612818414946.jpg","contentUrl":"https:\/\/inoar.no\/wp-content\/uploads\/2022\/11\/611VeNBLm3L-1612818414946.jpg","width":861,"height":1444},{"@type":"BreadcrumbList","@id":"https:\/\/inoar.no\/product\/inoar-cicatrifios-duo-kit-cicatrifios-harpleiesystem-er-designet-for-reparere-skadet-har-2x1000-ml\/#breadcrumb","itemListElement":[{"@type":"ListItem","position":1,"name":"Home","item":"https:\/\/inoar.no\/"},{"@type":"ListItem","position":2,"name":"Butikk","item":"https:\/\/inoar.no\/butikk\/"},{"@type":"ListItem","position":3,"name":"INOAR CicatriFios Duo Kit &#8211; CicatriFios h\u00e5rpleiesystem er designet for reparere skadet h\u00e5r 2&#215;1000 ml"}]},{"@type":"WebSite","@id":"https:\/\/inoar.no\/#website","url":"https:\/\/inoar.no\/","name":"INOAR - H\u00e5rpleiespesialist","description":"H\u00e5rpleiespesialist","publisher":{"@id":"https:\/\/inoar.no\/#organization"},"potentialAction":[{"@type":"SearchAction","target":{"@type":"EntryPoint","urlTemplate":"https:\/\/inoar.no\/?s={search_term_string}"},"query-input":{"@type":"PropertyValueSpecification","valueRequired":true,"valueName":"search_term_string"}}],"inLanguage":"en-US"},{"@type":"Organization","@id":"https:\/\/inoar.no\/#organization","name":"INOAR - H\u00e5rpleiespesialist","url":"https:\/\/inoar.no\/","logo":{"@type":"ImageObject","inLanguage":"en-US","@id":"https:\/\/inoar.no\/#\/schema\/logo\/image\/","url":"https:\/\/inoar.no\/wp-content\/uploads\/2022\/03\/favicon.png","contentUrl":"https:\/\/inoar.no\/wp-content\/uploads\/2022\/03\/favicon.png","width":512,"height":512,"caption":"INOAR - H\u00e5rpleiespesialist"},"image":{"@id":"https:\/\/inoar.no\/#\/schema\/logo\/image\/"}}]}},"_links":{"self":[{"href":"https:\/\/inoar.no\/en\/wp-json\/wp\/v2\/product\/988941","targetHints":{"allow":["GET"]}}],"collection":[{"href":"https:\/\/inoar.no\/en\/wp-json\/wp\/v2\/product"}],"about":[{"href":"https:\/\/inoar.no\/en\/wp-json\/wp\/v2\/types\/product"}],"replies":[{"embeddable":true,"href":"https:\/\/inoar.no\/en\/wp-json\/wp\/v2\/comments?post=988941"}],"version-history":[{"count":3,"href":"https:\/\/inoar.no\/en\/wp-json\/wp\/v2\/product\/988941\/revisions"}],"predecessor-version":[{"id":989371,"href":"https:\/\/inoar.no\/en\/wp-json\/wp\/v2\/product\/988941\/revisions\/989371"}],"wp:featuredmedia":[{"embeddable":true,"href":"https:\/\/inoar.no\/en\/wp-json\/wp\/v2\/media\/988942"}],"wp:attachment":[{"href":"https:\/\/inoar.no\/en\/wp-json\/wp\/v2\/media?parent=988941"}],"wp:term":[{"taxonomy":"product_brand","embeddable":true,"href":"https:\/\/inoar.no\/en\/wp-json\/wp\/v2\/product_brand?post=988941"},{"taxonomy":"product_cat","embeddable":true,"href":"https:\/\/inoar.no\/en\/wp-json\/wp\/v2\/product_cat?post=988941"},{"taxonomy":"product_tag","embeddable":true,"href":"https:\/\/inoar.no\/en\/wp-json\/wp\/v2\/product_tag?post=988941"}],"curies":[{"name":"wp","href":"https:\/\/api.w.org\/{rel}","templated":true}]}}