{"id":988686,"date":"2022-11-10T17:41:24","date_gmt":"2022-11-10T16:41:24","guid":{"rendered":"https:\/\/inoar.no\/?post_type=product&#038;p=988686"},"modified":"2023-07-06T10:46:20","modified_gmt":"2023-07-06T08:46:20","slug":"inoar-cicatrifios-harkuren-til-cicatrifios-linjen-sorger-for-en-perfekt-hargjenoppretting-1000-g","status":"publish","type":"product","link":"https:\/\/inoar.no\/en\/product\/inoar-cicatrifios-harkuren-til-cicatrifios-linjen-sorger-for-en-perfekt-hargjenoppretting-1000-g\/","title":{"rendered":"INOAR CicatriFios H\u00e5rkuren til CicatriFios-linjen s\u00f8rger for en perfekt h\u00e5rgjenoppretting 1000 g"},"content":{"rendered":"","protected":false},"excerpt":{"rendered":"","protected":false},"featured_media":988864,"comment_status":"closed","ping_status":"closed","template":"","meta":[],"product_brand":[],"product_cat":[15,152,155,160,109,166,153],"product_tag":[],"class_list":{"0":"post-988686","1":"product","2":"type-product","3":"status-publish","4":"has-post-thumbnail","6":"product_cat-uncategorised","7":"product_cat-for-skadet-har","8":"product_cat-haret-skinner","9":"product_cat-harkur","10":"product_cat-inoar-cicatrifios","11":"product_cat-sales","12":"product_cat-uregjerlig-krusete-har","14":"first","15":"outofstock","16":"sale","17":"shipping-taxable","18":"purchasable","19":"product-type-simple"},"yoast_head":"<!-- This site is optimized with the Yoast SEO plugin v27.1.1 - https:\/\/yoast.com\/product\/yoast-seo-wordpress\/ -->\n<title>INOAR CicatriFios H\u00e5rkuren til CicatriFios-linjen s\u00f8rger for en perfekt h\u00e5rgjenoppretting 1000 g - INOAR - H\u00e5rpleiespesialist<\/title>\n<meta name=\"robots\" content=\"index, follow, max-snippet:-1, max-image-preview:large, max-video-preview:-1\" \/>\n<link rel=\"canonical\" href=\"https:\/\/inoar.no\/en\/product\/inoar-cicatrifios-harkuren-til-cicatrifios-linjen-sorger-for-en-perfekt-hargjenoppretting-1000-g\/\" \/>\n<meta property=\"og:locale\" content=\"en_US\" \/>\n<meta property=\"og:type\" content=\"article\" \/>\n<meta property=\"og:title\" content=\"INOAR CicatriFios H\u00e5rkuren til CicatriFios-linjen s\u00f8rger for en perfekt h\u00e5rgjenoppretting 1000 g - INOAR - H\u00e5rpleiespesialist\" \/>\n<meta property=\"og:url\" content=\"https:\/\/inoar.no\/en\/product\/inoar-cicatrifios-harkuren-til-cicatrifios-linjen-sorger-for-en-perfekt-hargjenoppretting-1000-g\/\" \/>\n<meta property=\"og:site_name\" content=\"INOAR - H\u00e5rpleiespesialist\" \/>\n<meta property=\"article:modified_time\" content=\"2023-07-06T08:46:20+00:00\" \/>\n<meta property=\"og:image\" content=\"https:\/\/inoar.no\/wp-content\/uploads\/2022\/11\/Cicatrifios_Mascara_RenovAbsolut_1Kg_1000x-16128203340781.png\" \/>\n\t<meta property=\"og:image:width\" content=\"1000\" \/>\n\t<meta property=\"og:image:height\" content=\"1000\" \/>\n\t<meta property=\"og:image:type\" content=\"image\/png\" \/>\n<meta name=\"twitter:card\" content=\"summary_large_image\" \/>\n<script type=\"application\/ld+json\" class=\"yoast-schema-graph\">{\"@context\":\"https:\/\/schema.org\",\"@graph\":[{\"@type\":\"WebPage\",\"@id\":\"https:\/\/inoar.no\/product\/inoar-cicatrifios-harkuren-til-cicatrifios-linjen-sorger-for-en-perfekt-hargjenoppretting-1000-g\/\",\"url\":\"https:\/\/inoar.no\/product\/inoar-cicatrifios-harkuren-til-cicatrifios-linjen-sorger-for-en-perfekt-hargjenoppretting-1000-g\/\",\"name\":\"INOAR CicatriFios H\u00e5rkuren til CicatriFios-linjen s\u00f8rger for en perfekt h\u00e5rgjenoppretting 1000 g - INOAR - H\u00e5rpleiespesialist\",\"isPartOf\":{\"@id\":\"https:\/\/inoar.no\/#website\"},\"primaryImageOfPage\":{\"@id\":\"https:\/\/inoar.no\/product\/inoar-cicatrifios-harkuren-til-cicatrifios-linjen-sorger-for-en-perfekt-hargjenoppretting-1000-g\/#primaryimage\"},\"image\":{\"@id\":\"https:\/\/inoar.no\/product\/inoar-cicatrifios-harkuren-til-cicatrifios-linjen-sorger-for-en-perfekt-hargjenoppretting-1000-g\/#primaryimage\"},\"thumbnailUrl\":\"https:\/\/inoar.no\/wp-content\/uploads\/2022\/11\/Cicatrifios_Mascara_RenovAbsolut_1Kg_1000x-16128203340781.png\",\"datePublished\":\"2022-11-10T16:41:24+00:00\",\"dateModified\":\"2023-07-06T08:46:20+00:00\",\"breadcrumb\":{\"@id\":\"https:\/\/inoar.no\/product\/inoar-cicatrifios-harkuren-til-cicatrifios-linjen-sorger-for-en-perfekt-hargjenoppretting-1000-g\/#breadcrumb\"},\"inLanguage\":\"en-US\",\"potentialAction\":[{\"@type\":\"ReadAction\",\"target\":[\"https:\/\/inoar.no\/product\/inoar-cicatrifios-harkuren-til-cicatrifios-linjen-sorger-for-en-perfekt-hargjenoppretting-1000-g\/\"]}]},{\"@type\":\"ImageObject\",\"inLanguage\":\"en-US\",\"@id\":\"https:\/\/inoar.no\/product\/inoar-cicatrifios-harkuren-til-cicatrifios-linjen-sorger-for-en-perfekt-hargjenoppretting-1000-g\/#primaryimage\",\"url\":\"https:\/\/inoar.no\/wp-content\/uploads\/2022\/11\/Cicatrifios_Mascara_RenovAbsolut_1Kg_1000x-16128203340781.png\",\"contentUrl\":\"https:\/\/inoar.no\/wp-content\/uploads\/2022\/11\/Cicatrifios_Mascara_RenovAbsolut_1Kg_1000x-16128203340781.png\",\"width\":1000,\"height\":1000},{\"@type\":\"BreadcrumbList\",\"@id\":\"https:\/\/inoar.no\/product\/inoar-cicatrifios-harkuren-til-cicatrifios-linjen-sorger-for-en-perfekt-hargjenoppretting-1000-g\/#breadcrumb\",\"itemListElement\":[{\"@type\":\"ListItem\",\"position\":1,\"name\":\"Home\",\"item\":\"https:\/\/inoar.no\/\"},{\"@type\":\"ListItem\",\"position\":2,\"name\":\"Butikk\",\"item\":\"https:\/\/inoar.no\/butikk\/\"},{\"@type\":\"ListItem\",\"position\":3,\"name\":\"INOAR CicatriFios H\u00e5rkuren til CicatriFios-linjen s\u00f8rger for en perfekt h\u00e5rgjenoppretting 1000 g\"}]},{\"@type\":\"WebSite\",\"@id\":\"https:\/\/inoar.no\/#website\",\"url\":\"https:\/\/inoar.no\/\",\"name\":\"INOAR - H\u00e5rpleiespesialist\",\"description\":\"H\u00e5rpleiespesialist\",\"publisher\":{\"@id\":\"https:\/\/inoar.no\/#organization\"},\"potentialAction\":[{\"@type\":\"SearchAction\",\"target\":{\"@type\":\"EntryPoint\",\"urlTemplate\":\"https:\/\/inoar.no\/?s={search_term_string}\"},\"query-input\":{\"@type\":\"PropertyValueSpecification\",\"valueRequired\":true,\"valueName\":\"search_term_string\"}}],\"inLanguage\":\"en-US\"},{\"@type\":\"Organization\",\"@id\":\"https:\/\/inoar.no\/#organization\",\"name\":\"INOAR - H\u00e5rpleiespesialist\",\"url\":\"https:\/\/inoar.no\/\",\"logo\":{\"@type\":\"ImageObject\",\"inLanguage\":\"en-US\",\"@id\":\"https:\/\/inoar.no\/#\/schema\/logo\/image\/\",\"url\":\"https:\/\/inoar.no\/wp-content\/uploads\/2022\/03\/favicon.png\",\"contentUrl\":\"https:\/\/inoar.no\/wp-content\/uploads\/2022\/03\/favicon.png\",\"width\":512,\"height\":512,\"caption\":\"INOAR - H\u00e5rpleiespesialist\"},\"image\":{\"@id\":\"https:\/\/inoar.no\/#\/schema\/logo\/image\/\"}}]}<\/script>\n<!-- \/ Yoast SEO plugin. -->","yoast_head_json":{"title":"INOAR CicatriFios H\u00e5rkuren til CicatriFios-linjen s\u00f8rger for en perfekt h\u00e5rgjenoppretting 1000 g - INOAR - H\u00e5rpleiespesialist","robots":{"index":"index","follow":"follow","max-snippet":"max-snippet:-1","max-image-preview":"max-image-preview:large","max-video-preview":"max-video-preview:-1"},"canonical":"https:\/\/inoar.no\/en\/product\/inoar-cicatrifios-harkuren-til-cicatrifios-linjen-sorger-for-en-perfekt-hargjenoppretting-1000-g\/","og_locale":"en_US","og_type":"article","og_title":"INOAR CicatriFios H\u00e5rkuren til CicatriFios-linjen s\u00f8rger for en perfekt h\u00e5rgjenoppretting 1000 g - INOAR - H\u00e5rpleiespesialist","og_url":"https:\/\/inoar.no\/en\/product\/inoar-cicatrifios-harkuren-til-cicatrifios-linjen-sorger-for-en-perfekt-hargjenoppretting-1000-g\/","og_site_name":"INOAR - H\u00e5rpleiespesialist","article_modified_time":"2023-07-06T08:46:20+00:00","og_image":[{"width":1000,"height":1000,"url":"https:\/\/inoar.no\/wp-content\/uploads\/2022\/11\/Cicatrifios_Mascara_RenovAbsolut_1Kg_1000x-16128203340781.png","type":"image\/png"}],"twitter_card":"summary_large_image","schema":{"@context":"https:\/\/schema.org","@graph":[{"@type":"WebPage","@id":"https:\/\/inoar.no\/product\/inoar-cicatrifios-harkuren-til-cicatrifios-linjen-sorger-for-en-perfekt-hargjenoppretting-1000-g\/","url":"https:\/\/inoar.no\/product\/inoar-cicatrifios-harkuren-til-cicatrifios-linjen-sorger-for-en-perfekt-hargjenoppretting-1000-g\/","name":"INOAR CicatriFios H\u00e5rkuren til CicatriFios-linjen s\u00f8rger for en perfekt h\u00e5rgjenoppretting 1000 g - INOAR - H\u00e5rpleiespesialist","isPartOf":{"@id":"https:\/\/inoar.no\/#website"},"primaryImageOfPage":{"@id":"https:\/\/inoar.no\/product\/inoar-cicatrifios-harkuren-til-cicatrifios-linjen-sorger-for-en-perfekt-hargjenoppretting-1000-g\/#primaryimage"},"image":{"@id":"https:\/\/inoar.no\/product\/inoar-cicatrifios-harkuren-til-cicatrifios-linjen-sorger-for-en-perfekt-hargjenoppretting-1000-g\/#primaryimage"},"thumbnailUrl":"https:\/\/inoar.no\/wp-content\/uploads\/2022\/11\/Cicatrifios_Mascara_RenovAbsolut_1Kg_1000x-16128203340781.png","datePublished":"2022-11-10T16:41:24+00:00","dateModified":"2023-07-06T08:46:20+00:00","breadcrumb":{"@id":"https:\/\/inoar.no\/product\/inoar-cicatrifios-harkuren-til-cicatrifios-linjen-sorger-for-en-perfekt-hargjenoppretting-1000-g\/#breadcrumb"},"inLanguage":"en-US","potentialAction":[{"@type":"ReadAction","target":["https:\/\/inoar.no\/product\/inoar-cicatrifios-harkuren-til-cicatrifios-linjen-sorger-for-en-perfekt-hargjenoppretting-1000-g\/"]}]},{"@type":"ImageObject","inLanguage":"en-US","@id":"https:\/\/inoar.no\/product\/inoar-cicatrifios-harkuren-til-cicatrifios-linjen-sorger-for-en-perfekt-hargjenoppretting-1000-g\/#primaryimage","url":"https:\/\/inoar.no\/wp-content\/uploads\/2022\/11\/Cicatrifios_Mascara_RenovAbsolut_1Kg_1000x-16128203340781.png","contentUrl":"https:\/\/inoar.no\/wp-content\/uploads\/2022\/11\/Cicatrifios_Mascara_RenovAbsolut_1Kg_1000x-16128203340781.png","width":1000,"height":1000},{"@type":"BreadcrumbList","@id":"https:\/\/inoar.no\/product\/inoar-cicatrifios-harkuren-til-cicatrifios-linjen-sorger-for-en-perfekt-hargjenoppretting-1000-g\/#breadcrumb","itemListElement":[{"@type":"ListItem","position":1,"name":"Home","item":"https:\/\/inoar.no\/"},{"@type":"ListItem","position":2,"name":"Butikk","item":"https:\/\/inoar.no\/butikk\/"},{"@type":"ListItem","position":3,"name":"INOAR CicatriFios H\u00e5rkuren til CicatriFios-linjen s\u00f8rger for en perfekt h\u00e5rgjenoppretting 1000 g"}]},{"@type":"WebSite","@id":"https:\/\/inoar.no\/#website","url":"https:\/\/inoar.no\/","name":"INOAR - H\u00e5rpleiespesialist","description":"H\u00e5rpleiespesialist","publisher":{"@id":"https:\/\/inoar.no\/#organization"},"potentialAction":[{"@type":"SearchAction","target":{"@type":"EntryPoint","urlTemplate":"https:\/\/inoar.no\/?s={search_term_string}"},"query-input":{"@type":"PropertyValueSpecification","valueRequired":true,"valueName":"search_term_string"}}],"inLanguage":"en-US"},{"@type":"Organization","@id":"https:\/\/inoar.no\/#organization","name":"INOAR - H\u00e5rpleiespesialist","url":"https:\/\/inoar.no\/","logo":{"@type":"ImageObject","inLanguage":"en-US","@id":"https:\/\/inoar.no\/#\/schema\/logo\/image\/","url":"https:\/\/inoar.no\/wp-content\/uploads\/2022\/03\/favicon.png","contentUrl":"https:\/\/inoar.no\/wp-content\/uploads\/2022\/03\/favicon.png","width":512,"height":512,"caption":"INOAR - H\u00e5rpleiespesialist"},"image":{"@id":"https:\/\/inoar.no\/#\/schema\/logo\/image\/"}}]}},"_links":{"self":[{"href":"https:\/\/inoar.no\/en\/wp-json\/wp\/v2\/product\/988686","targetHints":{"allow":["GET"]}}],"collection":[{"href":"https:\/\/inoar.no\/en\/wp-json\/wp\/v2\/product"}],"about":[{"href":"https:\/\/inoar.no\/en\/wp-json\/wp\/v2\/types\/product"}],"replies":[{"embeddable":true,"href":"https:\/\/inoar.no\/en\/wp-json\/wp\/v2\/comments?post=988686"}],"version-history":[{"count":2,"href":"https:\/\/inoar.no\/en\/wp-json\/wp\/v2\/product\/988686\/revisions"}],"predecessor-version":[{"id":990265,"href":"https:\/\/inoar.no\/en\/wp-json\/wp\/v2\/product\/988686\/revisions\/990265"}],"wp:featuredmedia":[{"embeddable":true,"href":"https:\/\/inoar.no\/en\/wp-json\/wp\/v2\/media\/988864"}],"wp:attachment":[{"href":"https:\/\/inoar.no\/en\/wp-json\/wp\/v2\/media?parent=988686"}],"wp:term":[{"taxonomy":"product_brand","embeddable":true,"href":"https:\/\/inoar.no\/en\/wp-json\/wp\/v2\/product_brand?post=988686"},{"taxonomy":"product_cat","embeddable":true,"href":"https:\/\/inoar.no\/en\/wp-json\/wp\/v2\/product_cat?post=988686"},{"taxonomy":"product_tag","embeddable":true,"href":"https:\/\/inoar.no\/en\/wp-json\/wp\/v2\/product_tag?post=988686"}],"curies":[{"name":"wp","href":"https:\/\/api.w.org\/{rel}","templated":true}]}}