{"id":988064,"date":"2022-04-22T14:17:18","date_gmt":"2022-04-22T12:17:18","guid":{"rendered":"https:\/\/inoar.no\/?post_type=product&#038;p=988064"},"modified":"2024-03-21T13:15:07","modified_gmt":"2024-03-21T12:15:07","slug":"4d-harkur","status":"publish","type":"product","link":"https:\/\/inoar.no\/en\/product\/4d-harkur\/","title":{"rendered":"4D &#8211; h\u00e5rkur"},"content":{"rendered":"","protected":false},"excerpt":{"rendered":"<p>INOAR 4D-h\u00e5rkur er egnet til alle h\u00e5rtyper. Produktet tilf\u00f8rer h\u00e5ret rikelig med energi og \u00f8ker dets motstand mot skadelige milj\u00f8p\u00e5virkninger ved \u00e5 styrke h\u00e5ret og fremme sunn h\u00e5rvekst.<br \/>\nINOAR 4D-h\u00e5rkur gir dyp fuktighet, lukker skjellaget og glatter ut h\u00e5roverflaten. Takket v\u00e6re de sterke og effektive komponentene som biotin og RejuComplex3, f\u00e5r h\u00e5ret naturlig glatthet.<br \/>\nAktive ingredienser:<br \/>\nRejuComplex3 gjenoppretter fullstendig strukturen p\u00e5 skadet h\u00e5r, glatter ut h\u00e5roverflaten og reduserer gradvis brusete h\u00e5r.<br \/>\nBiotin, som er ogs\u00e5 velkjent som vitamin B7, fremmer h\u00e5rveksten og styrker h\u00e5rsekken.<br \/>\nBabassu-sm\u00f8r er et veldig n\u00e6ringsrikt produkt som gir h\u00e5ret dyp fuktighet.<br \/>\nIndikasjoner: for alle h\u00e5rtyper, spesielt egnet til svakt h\u00e5r som krever intens pleie.<br \/>\nResultat: glatte og skinnende h\u00e5r.<br \/>\nBruk: p\u00e5f\u00f8r h\u00e5rkuren utover hele h\u00e5ret etter vask med sjampo. Masser h\u00e5rkuren godt inn i h\u00e5ret. La det virke i 3 min og skyll deretter av med vann.<\/p>","protected":false},"featured_media":988454,"comment_status":"closed","ping_status":"closed","template":"","meta":[],"product_brand":[],"product_cat":[104,155,160],"product_tag":[],"class_list":{"0":"post-988064","1":"product","2":"type-product","3":"status-publish","4":"has-post-thumbnail","6":"product_cat-4d","7":"product_cat-haret-skinner","8":"product_cat-harkur","10":"first","11":"outofstock","12":"shipping-taxable","13":"purchasable","14":"product-type-simple"},"yoast_head":"<!-- This site is optimized with the Yoast SEO plugin v27.5 - https:\/\/yoast.com\/product\/yoast-seo-wordpress\/ -->\n<title>4D - h\u00e5rkur - INOAR - H\u00e5rpleiespesialist<\/title>\n<meta name=\"robots\" content=\"index, follow, max-snippet:-1, max-image-preview:large, max-video-preview:-1\" \/>\n<link rel=\"canonical\" href=\"https:\/\/inoar.no\/en\/product\/4d-harkur\/\" \/>\n<meta property=\"og:locale\" content=\"en_US\" \/>\n<meta property=\"og:type\" content=\"article\" \/>\n<meta property=\"og:title\" content=\"4D - h\u00e5rkur - INOAR - H\u00e5rpleiespesialist\" \/>\n<meta property=\"og:description\" content=\"INOAR 4D-h\u00e5rkur er egnet til alle h\u00e5rtyper. Produktet tilf\u00f8rer h\u00e5ret rikelig med energi og \u00f8ker dets motstand mot skadelige milj\u00f8p\u00e5virkninger ved \u00e5 styrke h\u00e5ret og fremme sunn h\u00e5rvekst. INOAR 4D-h\u00e5rkur gir dyp fuktighet, lukker skjellaget og glatter ut h\u00e5roverflaten. Takket v\u00e6re de sterke og effektive komponentene som biotin og RejuComplex3, f\u00e5r h\u00e5ret naturlig glatthet. Aktive ingredienser: RejuComplex3 gjenoppretter fullstendig strukturen p\u00e5 skadet h\u00e5r, glatter ut h\u00e5roverflaten og reduserer gradvis brusete h\u00e5r. Biotin, som er ogs\u00e5 velkjent som vitamin B7, fremmer h\u00e5rveksten og styrker h\u00e5rsekken. Babassu-sm\u00f8r er et veldig n\u00e6ringsrikt produkt som gir h\u00e5ret dyp fuktighet. Indikasjoner: for alle h\u00e5rtyper, spesielt egnet til svakt h\u00e5r som krever intens pleie. Resultat: glatte og skinnende h\u00e5r. Bruk: p\u00e5f\u00f8r h\u00e5rkuren utover hele h\u00e5ret etter vask med sjampo. Masser h\u00e5rkuren godt inn i h\u00e5ret. La det virke i 3 min og skyll deretter av med vann.\" \/>\n<meta property=\"og:url\" content=\"https:\/\/inoar.no\/en\/product\/4d-harkur\/\" \/>\n<meta property=\"og:site_name\" content=\"INOAR - H\u00e5rpleiespesialist\" \/>\n<meta property=\"article:modified_time\" content=\"2024-03-21T12:15:07+00:00\" \/>\n<meta property=\"og:image\" content=\"https:\/\/inoar.no\/wp-content\/uploads\/2022\/04\/4Dmask.png\" \/>\n\t<meta property=\"og:image:width\" content=\"1500\" \/>\n\t<meta property=\"og:image:height\" content=\"1500\" \/>\n\t<meta property=\"og:image:type\" content=\"image\/png\" \/>\n<meta name=\"twitter:card\" content=\"summary_large_image\" \/>\n<script type=\"application\/ld+json\" class=\"yoast-schema-graph\">{\"@context\":\"https:\\\/\\\/schema.org\",\"@graph\":[{\"@type\":\"WebPage\",\"@id\":\"https:\\\/\\\/inoar.no\\\/product\\\/4d-harkur\\\/\",\"url\":\"https:\\\/\\\/inoar.no\\\/product\\\/4d-harkur\\\/\",\"name\":\"4D - h\u00e5rkur - INOAR - H\u00e5rpleiespesialist\",\"isPartOf\":{\"@id\":\"https:\\\/\\\/inoar.no\\\/#website\"},\"primaryImageOfPage\":{\"@id\":\"https:\\\/\\\/inoar.no\\\/product\\\/4d-harkur\\\/#primaryimage\"},\"image\":{\"@id\":\"https:\\\/\\\/inoar.no\\\/product\\\/4d-harkur\\\/#primaryimage\"},\"thumbnailUrl\":\"https:\\\/\\\/inoar.no\\\/wp-content\\\/uploads\\\/2022\\\/04\\\/4Dmask.png\",\"datePublished\":\"2022-04-22T12:17:18+00:00\",\"dateModified\":\"2024-03-21T12:15:07+00:00\",\"breadcrumb\":{\"@id\":\"https:\\\/\\\/inoar.no\\\/product\\\/4d-harkur\\\/#breadcrumb\"},\"inLanguage\":\"en-US\",\"potentialAction\":[{\"@type\":\"ReadAction\",\"target\":[\"https:\\\/\\\/inoar.no\\\/product\\\/4d-harkur\\\/\"]}]},{\"@type\":\"ImageObject\",\"inLanguage\":\"en-US\",\"@id\":\"https:\\\/\\\/inoar.no\\\/product\\\/4d-harkur\\\/#primaryimage\",\"url\":\"https:\\\/\\\/inoar.no\\\/wp-content\\\/uploads\\\/2022\\\/04\\\/4Dmask.png\",\"contentUrl\":\"https:\\\/\\\/inoar.no\\\/wp-content\\\/uploads\\\/2022\\\/04\\\/4Dmask.png\",\"width\":1500,\"height\":1500},{\"@type\":\"BreadcrumbList\",\"@id\":\"https:\\\/\\\/inoar.no\\\/product\\\/4d-harkur\\\/#breadcrumb\",\"itemListElement\":[{\"@type\":\"ListItem\",\"position\":1,\"name\":\"Home\",\"item\":\"https:\\\/\\\/inoar.no\\\/\"},{\"@type\":\"ListItem\",\"position\":2,\"name\":\"Butikk\",\"item\":\"https:\\\/\\\/inoar.no\\\/butikk\\\/\"},{\"@type\":\"ListItem\",\"position\":3,\"name\":\"4D &#8211; h\u00e5rkur\"}]},{\"@type\":\"WebSite\",\"@id\":\"https:\\\/\\\/inoar.no\\\/#website\",\"url\":\"https:\\\/\\\/inoar.no\\\/\",\"name\":\"INOAR - H\u00e5rpleiespesialist\",\"description\":\"H\u00e5rpleiespesialist\",\"publisher\":{\"@id\":\"https:\\\/\\\/inoar.no\\\/#organization\"},\"potentialAction\":[{\"@type\":\"SearchAction\",\"target\":{\"@type\":\"EntryPoint\",\"urlTemplate\":\"https:\\\/\\\/inoar.no\\\/?s={search_term_string}\"},\"query-input\":{\"@type\":\"PropertyValueSpecification\",\"valueRequired\":true,\"valueName\":\"search_term_string\"}}],\"inLanguage\":\"en-US\"},{\"@type\":\"Organization\",\"@id\":\"https:\\\/\\\/inoar.no\\\/#organization\",\"name\":\"INOAR - H\u00e5rpleiespesialist\",\"url\":\"https:\\\/\\\/inoar.no\\\/\",\"logo\":{\"@type\":\"ImageObject\",\"inLanguage\":\"en-US\",\"@id\":\"https:\\\/\\\/inoar.no\\\/#\\\/schema\\\/logo\\\/image\\\/\",\"url\":\"https:\\\/\\\/inoar.no\\\/wp-content\\\/uploads\\\/2022\\\/03\\\/favicon.png\",\"contentUrl\":\"https:\\\/\\\/inoar.no\\\/wp-content\\\/uploads\\\/2022\\\/03\\\/favicon.png\",\"width\":512,\"height\":512,\"caption\":\"INOAR - H\u00e5rpleiespesialist\"},\"image\":{\"@id\":\"https:\\\/\\\/inoar.no\\\/#\\\/schema\\\/logo\\\/image\\\/\"}}]}<\/script>\n<!-- \/ Yoast SEO plugin. -->","yoast_head_json":{"title":"4D - h\u00e5rkur - INOAR - H\u00e5rpleiespesialist","robots":{"index":"index","follow":"follow","max-snippet":"max-snippet:-1","max-image-preview":"max-image-preview:large","max-video-preview":"max-video-preview:-1"},"canonical":"https:\/\/inoar.no\/en\/product\/4d-harkur\/","og_locale":"en_US","og_type":"article","og_title":"4D - h\u00e5rkur - INOAR - H\u00e5rpleiespesialist","og_description":"INOAR 4D-h\u00e5rkur er egnet til alle h\u00e5rtyper. Produktet tilf\u00f8rer h\u00e5ret rikelig med energi og \u00f8ker dets motstand mot skadelige milj\u00f8p\u00e5virkninger ved \u00e5 styrke h\u00e5ret og fremme sunn h\u00e5rvekst. INOAR 4D-h\u00e5rkur gir dyp fuktighet, lukker skjellaget og glatter ut h\u00e5roverflaten. Takket v\u00e6re de sterke og effektive komponentene som biotin og RejuComplex3, f\u00e5r h\u00e5ret naturlig glatthet. Aktive ingredienser: RejuComplex3 gjenoppretter fullstendig strukturen p\u00e5 skadet h\u00e5r, glatter ut h\u00e5roverflaten og reduserer gradvis brusete h\u00e5r. Biotin, som er ogs\u00e5 velkjent som vitamin B7, fremmer h\u00e5rveksten og styrker h\u00e5rsekken. Babassu-sm\u00f8r er et veldig n\u00e6ringsrikt produkt som gir h\u00e5ret dyp fuktighet. Indikasjoner: for alle h\u00e5rtyper, spesielt egnet til svakt h\u00e5r som krever intens pleie. Resultat: glatte og skinnende h\u00e5r. Bruk: p\u00e5f\u00f8r h\u00e5rkuren utover hele h\u00e5ret etter vask med sjampo. Masser h\u00e5rkuren godt inn i h\u00e5ret. La det virke i 3 min og skyll deretter av med vann.","og_url":"https:\/\/inoar.no\/en\/product\/4d-harkur\/","og_site_name":"INOAR - H\u00e5rpleiespesialist","article_modified_time":"2024-03-21T12:15:07+00:00","og_image":[{"width":1500,"height":1500,"url":"https:\/\/inoar.no\/wp-content\/uploads\/2022\/04\/4Dmask.png","type":"image\/png"}],"twitter_card":"summary_large_image","schema":{"@context":"https:\/\/schema.org","@graph":[{"@type":"WebPage","@id":"https:\/\/inoar.no\/product\/4d-harkur\/","url":"https:\/\/inoar.no\/product\/4d-harkur\/","name":"4D - h\u00e5rkur - INOAR - H\u00e5rpleiespesialist","isPartOf":{"@id":"https:\/\/inoar.no\/#website"},"primaryImageOfPage":{"@id":"https:\/\/inoar.no\/product\/4d-harkur\/#primaryimage"},"image":{"@id":"https:\/\/inoar.no\/product\/4d-harkur\/#primaryimage"},"thumbnailUrl":"https:\/\/inoar.no\/wp-content\/uploads\/2022\/04\/4Dmask.png","datePublished":"2022-04-22T12:17:18+00:00","dateModified":"2024-03-21T12:15:07+00:00","breadcrumb":{"@id":"https:\/\/inoar.no\/product\/4d-harkur\/#breadcrumb"},"inLanguage":"en-US","potentialAction":[{"@type":"ReadAction","target":["https:\/\/inoar.no\/product\/4d-harkur\/"]}]},{"@type":"ImageObject","inLanguage":"en-US","@id":"https:\/\/inoar.no\/product\/4d-harkur\/#primaryimage","url":"https:\/\/inoar.no\/wp-content\/uploads\/2022\/04\/4Dmask.png","contentUrl":"https:\/\/inoar.no\/wp-content\/uploads\/2022\/04\/4Dmask.png","width":1500,"height":1500},{"@type":"BreadcrumbList","@id":"https:\/\/inoar.no\/product\/4d-harkur\/#breadcrumb","itemListElement":[{"@type":"ListItem","position":1,"name":"Home","item":"https:\/\/inoar.no\/"},{"@type":"ListItem","position":2,"name":"Butikk","item":"https:\/\/inoar.no\/butikk\/"},{"@type":"ListItem","position":3,"name":"4D &#8211; h\u00e5rkur"}]},{"@type":"WebSite","@id":"https:\/\/inoar.no\/#website","url":"https:\/\/inoar.no\/","name":"INOAR - H\u00e5rpleiespesialist","description":"H\u00e5rpleiespesialist","publisher":{"@id":"https:\/\/inoar.no\/#organization"},"potentialAction":[{"@type":"SearchAction","target":{"@type":"EntryPoint","urlTemplate":"https:\/\/inoar.no\/?s={search_term_string}"},"query-input":{"@type":"PropertyValueSpecification","valueRequired":true,"valueName":"search_term_string"}}],"inLanguage":"en-US"},{"@type":"Organization","@id":"https:\/\/inoar.no\/#organization","name":"INOAR - H\u00e5rpleiespesialist","url":"https:\/\/inoar.no\/","logo":{"@type":"ImageObject","inLanguage":"en-US","@id":"https:\/\/inoar.no\/#\/schema\/logo\/image\/","url":"https:\/\/inoar.no\/wp-content\/uploads\/2022\/03\/favicon.png","contentUrl":"https:\/\/inoar.no\/wp-content\/uploads\/2022\/03\/favicon.png","width":512,"height":512,"caption":"INOAR - H\u00e5rpleiespesialist"},"image":{"@id":"https:\/\/inoar.no\/#\/schema\/logo\/image\/"}}]}},"_links":{"self":[{"href":"https:\/\/inoar.no\/en\/wp-json\/wp\/v2\/product\/988064","targetHints":{"allow":["GET"]}}],"collection":[{"href":"https:\/\/inoar.no\/en\/wp-json\/wp\/v2\/product"}],"about":[{"href":"https:\/\/inoar.no\/en\/wp-json\/wp\/v2\/types\/product"}],"replies":[{"embeddable":true,"href":"https:\/\/inoar.no\/en\/wp-json\/wp\/v2\/comments?post=988064"}],"version-history":[{"count":1,"href":"https:\/\/inoar.no\/en\/wp-json\/wp\/v2\/product\/988064\/revisions"}],"predecessor-version":[{"id":988934,"href":"https:\/\/inoar.no\/en\/wp-json\/wp\/v2\/product\/988064\/revisions\/988934"}],"wp:featuredmedia":[{"embeddable":true,"href":"https:\/\/inoar.no\/en\/wp-json\/wp\/v2\/media\/988454"}],"wp:attachment":[{"href":"https:\/\/inoar.no\/en\/wp-json\/wp\/v2\/media?parent=988064"}],"wp:term":[{"taxonomy":"product_brand","embeddable":true,"href":"https:\/\/inoar.no\/en\/wp-json\/wp\/v2\/product_brand?post=988064"},{"taxonomy":"product_cat","embeddable":true,"href":"https:\/\/inoar.no\/en\/wp-json\/wp\/v2\/product_cat?post=988064"},{"taxonomy":"product_tag","embeddable":true,"href":"https:\/\/inoar.no\/en\/wp-json\/wp\/v2\/product_tag?post=988064"}],"curies":[{"name":"wp","href":"https:\/\/api.w.org\/{rel}","templated":true}]}}