{"id":988058,"date":"2022-04-22T14:14:46","date_gmt":"2022-04-22T12:14:46","guid":{"rendered":"https:\/\/inoar.no\/?post_type=product&#038;p=988058"},"modified":"2025-11-24T10:18:29","modified_gmt":"2025-11-24T09:18:29","slug":"4d-sjampo","status":"publish","type":"product","link":"https:\/\/inoar.no\/en\/product\/4d-sjampo\/","title":{"rendered":"4D &#8211; sjampo"},"content":{"rendered":"","protected":false},"excerpt":{"rendered":"<p>INOAR 4D-sjampo egner seg til alle h\u00e5rtyper. Produktet tilf\u00f8rer h\u00e5ret fire egenskaper: fremmer h\u00e5rvekst, gir glans, reduserer brusete h\u00e5r og gj\u00f8r h\u00e5ret glatt.<br \/>\nSjampoen er beriket med aktive ingredienser som biotin og babassu-sm\u00f8r, noe som gjenoppretter h\u00e5rstrukturen p\u00e5 skadet h\u00e5r, styrker h\u00e5rsekken, fremmer h\u00e5rveksten og gir dyp fuktighet. INOAR 4D-sjampo glatter ut h\u00e5roverflaten slik at resultatet blir skinnende og glatte h\u00e5r.<br \/>\nAktive ingredienser:<br \/>\nRejuComplex3 gjenoppretter strukturen p\u00e5 skadet h\u00e5r, glatter ut h\u00e5roverflaten og reduserer gradvis brusete h\u00e5r.<br \/>\nBiotin, som er ogs\u00e5 velkjent som vitamin B7, fremmer h\u00e5rveksten og styrker h\u00e5rsekken.<br \/>\nBabassu-sm\u00f8r er et veldig n\u00e6ringsrikt produkt som gir h\u00e5ret dyp fuktighet.<br \/>\nIndikasjoner: for alle h\u00e5rtyper, spesielt egnet til svakt h\u00e5r som krever intens pleie.<br \/>\nResultat: glatte og skinnende h\u00e5r.<\/p>","protected":false},"featured_media":988059,"comment_status":"closed","ping_status":"closed","template":"","meta":[],"product_brand":[],"product_cat":[104,155,158],"product_tag":[],"class_list":{"0":"post-988058","1":"product","2":"type-product","3":"status-publish","4":"has-post-thumbnail","6":"product_cat-4d","7":"product_cat-haret-skinner","8":"product_cat-sjampoo","10":"first","11":"instock","12":"shipping-taxable","13":"purchasable","14":"product-type-simple"},"yoast_head":"<!-- This site is optimized with the Yoast SEO plugin v27.1.1 - https:\/\/yoast.com\/product\/yoast-seo-wordpress\/ -->\n<title>4D - sjampo - INOAR - H\u00e5rpleiespesialist<\/title>\n<meta name=\"robots\" content=\"index, follow, max-snippet:-1, max-image-preview:large, max-video-preview:-1\" \/>\n<link rel=\"canonical\" href=\"https:\/\/inoar.no\/en\/product\/4d-sjampo\/\" \/>\n<meta property=\"og:locale\" content=\"en_US\" \/>\n<meta property=\"og:type\" content=\"article\" \/>\n<meta property=\"og:title\" content=\"4D - sjampo - INOAR - H\u00e5rpleiespesialist\" \/>\n<meta property=\"og:description\" content=\"INOAR 4D-sjampo egner seg til alle h\u00e5rtyper. Produktet tilf\u00f8rer h\u00e5ret fire egenskaper: fremmer h\u00e5rvekst, gir glans, reduserer brusete h\u00e5r og gj\u00f8r h\u00e5ret glatt. Sjampoen er beriket med aktive ingredienser som biotin og babassu-sm\u00f8r, noe som gjenoppretter h\u00e5rstrukturen p\u00e5 skadet h\u00e5r, styrker h\u00e5rsekken, fremmer h\u00e5rveksten og gir dyp fuktighet. INOAR 4D-sjampo glatter ut h\u00e5roverflaten slik at resultatet blir skinnende og glatte h\u00e5r. Aktive ingredienser: RejuComplex3 gjenoppretter strukturen p\u00e5 skadet h\u00e5r, glatter ut h\u00e5roverflaten og reduserer gradvis brusete h\u00e5r. Biotin, som er ogs\u00e5 velkjent som vitamin B7, fremmer h\u00e5rveksten og styrker h\u00e5rsekken. Babassu-sm\u00f8r er et veldig n\u00e6ringsrikt produkt som gir h\u00e5ret dyp fuktighet. Indikasjoner: for alle h\u00e5rtyper, spesielt egnet til svakt h\u00e5r som krever intens pleie. Resultat: glatte og skinnende h\u00e5r.\" \/>\n<meta property=\"og:url\" content=\"https:\/\/inoar.no\/en\/product\/4d-sjampo\/\" \/>\n<meta property=\"og:site_name\" content=\"INOAR - H\u00e5rpleiespesialist\" \/>\n<meta property=\"article:modified_time\" content=\"2025-11-24T09:18:29+00:00\" \/>\n<meta property=\"og:image\" content=\"https:\/\/inoar.no\/wp-content\/uploads\/2022\/04\/4D-sjampo.png\" \/>\n\t<meta property=\"og:image:width\" content=\"709\" \/>\n\t<meta property=\"og:image:height\" content=\"709\" \/>\n\t<meta property=\"og:image:type\" content=\"image\/png\" \/>\n<meta name=\"twitter:card\" content=\"summary_large_image\" \/>\n<script type=\"application\/ld+json\" class=\"yoast-schema-graph\">{\"@context\":\"https:\/\/schema.org\",\"@graph\":[{\"@type\":\"WebPage\",\"@id\":\"https:\/\/inoar.no\/product\/4d-sjampo\/\",\"url\":\"https:\/\/inoar.no\/product\/4d-sjampo\/\",\"name\":\"4D - sjampo - INOAR - H\u00e5rpleiespesialist\",\"isPartOf\":{\"@id\":\"https:\/\/inoar.no\/#website\"},\"primaryImageOfPage\":{\"@id\":\"https:\/\/inoar.no\/product\/4d-sjampo\/#primaryimage\"},\"image\":{\"@id\":\"https:\/\/inoar.no\/product\/4d-sjampo\/#primaryimage\"},\"thumbnailUrl\":\"https:\/\/inoar.no\/wp-content\/uploads\/2022\/04\/4D-sjampo.png\",\"datePublished\":\"2022-04-22T12:14:46+00:00\",\"dateModified\":\"2025-11-24T09:18:29+00:00\",\"breadcrumb\":{\"@id\":\"https:\/\/inoar.no\/product\/4d-sjampo\/#breadcrumb\"},\"inLanguage\":\"en-US\",\"potentialAction\":[{\"@type\":\"ReadAction\",\"target\":[\"https:\/\/inoar.no\/product\/4d-sjampo\/\"]}]},{\"@type\":\"ImageObject\",\"inLanguage\":\"en-US\",\"@id\":\"https:\/\/inoar.no\/product\/4d-sjampo\/#primaryimage\",\"url\":\"https:\/\/inoar.no\/wp-content\/uploads\/2022\/04\/4D-sjampo.png\",\"contentUrl\":\"https:\/\/inoar.no\/wp-content\/uploads\/2022\/04\/4D-sjampo.png\",\"width\":709,\"height\":709},{\"@type\":\"BreadcrumbList\",\"@id\":\"https:\/\/inoar.no\/product\/4d-sjampo\/#breadcrumb\",\"itemListElement\":[{\"@type\":\"ListItem\",\"position\":1,\"name\":\"Home\",\"item\":\"https:\/\/inoar.no\/\"},{\"@type\":\"ListItem\",\"position\":2,\"name\":\"Butikk\",\"item\":\"https:\/\/inoar.no\/butikk\/\"},{\"@type\":\"ListItem\",\"position\":3,\"name\":\"4D &#8211; sjampo\"}]},{\"@type\":\"WebSite\",\"@id\":\"https:\/\/inoar.no\/#website\",\"url\":\"https:\/\/inoar.no\/\",\"name\":\"INOAR - H\u00e5rpleiespesialist\",\"description\":\"H\u00e5rpleiespesialist\",\"publisher\":{\"@id\":\"https:\/\/inoar.no\/#organization\"},\"potentialAction\":[{\"@type\":\"SearchAction\",\"target\":{\"@type\":\"EntryPoint\",\"urlTemplate\":\"https:\/\/inoar.no\/?s={search_term_string}\"},\"query-input\":{\"@type\":\"PropertyValueSpecification\",\"valueRequired\":true,\"valueName\":\"search_term_string\"}}],\"inLanguage\":\"en-US\"},{\"@type\":\"Organization\",\"@id\":\"https:\/\/inoar.no\/#organization\",\"name\":\"INOAR - H\u00e5rpleiespesialist\",\"url\":\"https:\/\/inoar.no\/\",\"logo\":{\"@type\":\"ImageObject\",\"inLanguage\":\"en-US\",\"@id\":\"https:\/\/inoar.no\/#\/schema\/logo\/image\/\",\"url\":\"https:\/\/inoar.no\/wp-content\/uploads\/2022\/03\/favicon.png\",\"contentUrl\":\"https:\/\/inoar.no\/wp-content\/uploads\/2022\/03\/favicon.png\",\"width\":512,\"height\":512,\"caption\":\"INOAR - H\u00e5rpleiespesialist\"},\"image\":{\"@id\":\"https:\/\/inoar.no\/#\/schema\/logo\/image\/\"}}]}<\/script>\n<!-- \/ Yoast SEO plugin. -->","yoast_head_json":{"title":"4D - sjampo - INOAR - H\u00e5rpleiespesialist","robots":{"index":"index","follow":"follow","max-snippet":"max-snippet:-1","max-image-preview":"max-image-preview:large","max-video-preview":"max-video-preview:-1"},"canonical":"https:\/\/inoar.no\/en\/product\/4d-sjampo\/","og_locale":"en_US","og_type":"article","og_title":"4D - sjampo - INOAR - H\u00e5rpleiespesialist","og_description":"INOAR 4D-sjampo egner seg til alle h\u00e5rtyper. Produktet tilf\u00f8rer h\u00e5ret fire egenskaper: fremmer h\u00e5rvekst, gir glans, reduserer brusete h\u00e5r og gj\u00f8r h\u00e5ret glatt. Sjampoen er beriket med aktive ingredienser som biotin og babassu-sm\u00f8r, noe som gjenoppretter h\u00e5rstrukturen p\u00e5 skadet h\u00e5r, styrker h\u00e5rsekken, fremmer h\u00e5rveksten og gir dyp fuktighet. INOAR 4D-sjampo glatter ut h\u00e5roverflaten slik at resultatet blir skinnende og glatte h\u00e5r. Aktive ingredienser: RejuComplex3 gjenoppretter strukturen p\u00e5 skadet h\u00e5r, glatter ut h\u00e5roverflaten og reduserer gradvis brusete h\u00e5r. Biotin, som er ogs\u00e5 velkjent som vitamin B7, fremmer h\u00e5rveksten og styrker h\u00e5rsekken. Babassu-sm\u00f8r er et veldig n\u00e6ringsrikt produkt som gir h\u00e5ret dyp fuktighet. Indikasjoner: for alle h\u00e5rtyper, spesielt egnet til svakt h\u00e5r som krever intens pleie. Resultat: glatte og skinnende h\u00e5r.","og_url":"https:\/\/inoar.no\/en\/product\/4d-sjampo\/","og_site_name":"INOAR - H\u00e5rpleiespesialist","article_modified_time":"2025-11-24T09:18:29+00:00","og_image":[{"width":709,"height":709,"url":"https:\/\/inoar.no\/wp-content\/uploads\/2022\/04\/4D-sjampo.png","type":"image\/png"}],"twitter_card":"summary_large_image","schema":{"@context":"https:\/\/schema.org","@graph":[{"@type":"WebPage","@id":"https:\/\/inoar.no\/product\/4d-sjampo\/","url":"https:\/\/inoar.no\/product\/4d-sjampo\/","name":"4D - sjampo - INOAR - H\u00e5rpleiespesialist","isPartOf":{"@id":"https:\/\/inoar.no\/#website"},"primaryImageOfPage":{"@id":"https:\/\/inoar.no\/product\/4d-sjampo\/#primaryimage"},"image":{"@id":"https:\/\/inoar.no\/product\/4d-sjampo\/#primaryimage"},"thumbnailUrl":"https:\/\/inoar.no\/wp-content\/uploads\/2022\/04\/4D-sjampo.png","datePublished":"2022-04-22T12:14:46+00:00","dateModified":"2025-11-24T09:18:29+00:00","breadcrumb":{"@id":"https:\/\/inoar.no\/product\/4d-sjampo\/#breadcrumb"},"inLanguage":"en-US","potentialAction":[{"@type":"ReadAction","target":["https:\/\/inoar.no\/product\/4d-sjampo\/"]}]},{"@type":"ImageObject","inLanguage":"en-US","@id":"https:\/\/inoar.no\/product\/4d-sjampo\/#primaryimage","url":"https:\/\/inoar.no\/wp-content\/uploads\/2022\/04\/4D-sjampo.png","contentUrl":"https:\/\/inoar.no\/wp-content\/uploads\/2022\/04\/4D-sjampo.png","width":709,"height":709},{"@type":"BreadcrumbList","@id":"https:\/\/inoar.no\/product\/4d-sjampo\/#breadcrumb","itemListElement":[{"@type":"ListItem","position":1,"name":"Home","item":"https:\/\/inoar.no\/"},{"@type":"ListItem","position":2,"name":"Butikk","item":"https:\/\/inoar.no\/butikk\/"},{"@type":"ListItem","position":3,"name":"4D &#8211; sjampo"}]},{"@type":"WebSite","@id":"https:\/\/inoar.no\/#website","url":"https:\/\/inoar.no\/","name":"INOAR - H\u00e5rpleiespesialist","description":"H\u00e5rpleiespesialist","publisher":{"@id":"https:\/\/inoar.no\/#organization"},"potentialAction":[{"@type":"SearchAction","target":{"@type":"EntryPoint","urlTemplate":"https:\/\/inoar.no\/?s={search_term_string}"},"query-input":{"@type":"PropertyValueSpecification","valueRequired":true,"valueName":"search_term_string"}}],"inLanguage":"en-US"},{"@type":"Organization","@id":"https:\/\/inoar.no\/#organization","name":"INOAR - H\u00e5rpleiespesialist","url":"https:\/\/inoar.no\/","logo":{"@type":"ImageObject","inLanguage":"en-US","@id":"https:\/\/inoar.no\/#\/schema\/logo\/image\/","url":"https:\/\/inoar.no\/wp-content\/uploads\/2022\/03\/favicon.png","contentUrl":"https:\/\/inoar.no\/wp-content\/uploads\/2022\/03\/favicon.png","width":512,"height":512,"caption":"INOAR - H\u00e5rpleiespesialist"},"image":{"@id":"https:\/\/inoar.no\/#\/schema\/logo\/image\/"}}]}},"_links":{"self":[{"href":"https:\/\/inoar.no\/en\/wp-json\/wp\/v2\/product\/988058","targetHints":{"allow":["GET"]}}],"collection":[{"href":"https:\/\/inoar.no\/en\/wp-json\/wp\/v2\/product"}],"about":[{"href":"https:\/\/inoar.no\/en\/wp-json\/wp\/v2\/types\/product"}],"replies":[{"embeddable":true,"href":"https:\/\/inoar.no\/en\/wp-json\/wp\/v2\/comments?post=988058"}],"version-history":[{"count":2,"href":"https:\/\/inoar.no\/en\/wp-json\/wp\/v2\/product\/988058\/revisions"}],"predecessor-version":[{"id":988938,"href":"https:\/\/inoar.no\/en\/wp-json\/wp\/v2\/product\/988058\/revisions\/988938"}],"wp:featuredmedia":[{"embeddable":true,"href":"https:\/\/inoar.no\/en\/wp-json\/wp\/v2\/media\/988059"}],"wp:attachment":[{"href":"https:\/\/inoar.no\/en\/wp-json\/wp\/v2\/media?parent=988058"}],"wp:term":[{"taxonomy":"product_brand","embeddable":true,"href":"https:\/\/inoar.no\/en\/wp-json\/wp\/v2\/product_brand?post=988058"},{"taxonomy":"product_cat","embeddable":true,"href":"https:\/\/inoar.no\/en\/wp-json\/wp\/v2\/product_cat?post=988058"},{"taxonomy":"product_tag","embeddable":true,"href":"https:\/\/inoar.no\/en\/wp-json\/wp\/v2\/product_tag?post=988058"}],"curies":[{"name":"wp","href":"https:\/\/api.w.org\/{rel}","templated":true}]}}