{"id":988055,"date":"2022-04-22T14:13:31","date_gmt":"2022-04-22T12:13:31","guid":{"rendered":"https:\/\/inoar.no\/?post_type=product&#038;p=988055"},"modified":"2023-09-24T20:46:44","modified_gmt":"2023-09-24T18:46:44","slug":"argan-infusion-loss-control","status":"publish","type":"product","link":"https:\/\/inoar.no\/en\/product\/argan-infusion-loss-control\/","title":{"rendered":"Argan Infusion Loss Control"},"content":{"rendered":"","protected":false},"excerpt":{"rendered":"<p>H\u00e5rpleiesettet mot h\u00e5rtap og slitt h\u00e5r. Produktene styrker h\u00e5ret og fremmer veksten av nytt og sunt h\u00e5r. Perfekt for de som mangler h\u00e5rvolum og sliter med slitt og svakt h\u00e5r.<br \/>\nInneholder arganolje sammen med andre aktive ingredienser som aktiverer blodsirkulasjonen i hodebunnen og fremmer h\u00e5rveksten. Det gir ogs\u00e5 h\u00e5ret rikelig med fuktighet, mykner det opp, opprettholder h\u00e5rets naturlige skj\u00f8nnhet og styrker det.<br \/>\nSjampoen forbedrer blodsirkulasjonen i hodebunnen og fremmer h\u00e5rveksten, styrker h\u00e5ret. Balsam lukker skjellaget og gir h\u00e5ret enda mer glans og beskyttelse.<br \/>\nAktive ingredienser: arganolje, rosmarin, biotin.<br \/>\nResultat: sterkere og mer motstandsdyktig h\u00e5r.<br \/>\nSettet best\u00e5r av: Argan Infusion Loss Control-sjampo 500 ml + Argan Infusion Loss Control-balsam 250 ml<br \/>\nBruk: fordel en liten mengde med sjampo p\u00e5 fuktig h\u00e5r og masser det forsiktig inn med fingertuppene til det begynner \u00e5 skumme. Skyll av med vann. Gjenta prosedyren om n\u00f8dvendig. Fordel deretter balsam jevnt utover hele h\u00e5ret, la det virke i 5 min, skyll deretter av med vann.<\/p>","protected":false},"featured_media":988455,"comment_status":"closed","ping_status":"closed","template":"","meta":[],"product_brand":[],"product_cat":[117,150],"product_tag":[],"class_list":{"0":"post-988055","1":"product","2":"type-product","3":"status-publish","4":"has-post-thumbnail","6":"product_cat-argan-infusion","7":"product_cat-svakt-har-haravfall","9":"first","10":"outofstock","11":"shipping-taxable","12":"purchasable","13":"product-type-simple"},"yoast_head":"<!-- This site is optimized with the Yoast SEO plugin v27.1.1 - https:\/\/yoast.com\/product\/yoast-seo-wordpress\/ -->\n<title>Argan Infusion Loss Control - INOAR - H\u00e5rpleiespesialist<\/title>\n<meta name=\"robots\" content=\"index, follow, max-snippet:-1, max-image-preview:large, max-video-preview:-1\" \/>\n<link rel=\"canonical\" href=\"https:\/\/inoar.no\/en\/product\/argan-infusion-loss-control\/\" \/>\n<meta property=\"og:locale\" content=\"en_US\" \/>\n<meta property=\"og:type\" content=\"article\" \/>\n<meta property=\"og:title\" content=\"Argan Infusion Loss Control - INOAR - H\u00e5rpleiespesialist\" \/>\n<meta property=\"og:description\" content=\"H\u00e5rpleiesettet mot h\u00e5rtap og slitt h\u00e5r. Produktene styrker h\u00e5ret og fremmer veksten av nytt og sunt h\u00e5r. Perfekt for de som mangler h\u00e5rvolum og sliter med slitt og svakt h\u00e5r. Inneholder arganolje sammen med andre aktive ingredienser som aktiverer blodsirkulasjonen i hodebunnen og fremmer h\u00e5rveksten. Det gir ogs\u00e5 h\u00e5ret rikelig med fuktighet, mykner det opp, opprettholder h\u00e5rets naturlige skj\u00f8nnhet og styrker det. Sjampoen forbedrer blodsirkulasjonen i hodebunnen og fremmer h\u00e5rveksten, styrker h\u00e5ret. Balsam lukker skjellaget og gir h\u00e5ret enda mer glans og beskyttelse. Aktive ingredienser: arganolje, rosmarin, biotin. Resultat: sterkere og mer motstandsdyktig h\u00e5r. Settet best\u00e5r av: Argan Infusion Loss Control-sjampo 500 ml + Argan Infusion Loss Control-balsam 250 ml Bruk: fordel en liten mengde med sjampo p\u00e5 fuktig h\u00e5r og masser det forsiktig inn med fingertuppene til det begynner \u00e5 skumme. Skyll av med vann. Gjenta prosedyren om n\u00f8dvendig. Fordel deretter balsam jevnt utover hele h\u00e5ret, la det virke i 5 min, skyll deretter av med vann.\" \/>\n<meta property=\"og:url\" content=\"https:\/\/inoar.no\/en\/product\/argan-infusion-loss-control\/\" \/>\n<meta property=\"og:site_name\" content=\"INOAR - H\u00e5rpleiespesialist\" \/>\n<meta property=\"article:modified_time\" content=\"2023-09-24T18:46:44+00:00\" \/>\n<meta property=\"og:image\" content=\"https:\/\/inoar.no\/wp-content\/uploads\/2022\/04\/arganInfusion-set.png\" \/>\n\t<meta property=\"og:image:width\" content=\"1200\" \/>\n\t<meta property=\"og:image:height\" content=\"1200\" \/>\n\t<meta property=\"og:image:type\" content=\"image\/png\" \/>\n<meta name=\"twitter:card\" content=\"summary_large_image\" \/>\n<script type=\"application\/ld+json\" class=\"yoast-schema-graph\">{\"@context\":\"https:\/\/schema.org\",\"@graph\":[{\"@type\":\"WebPage\",\"@id\":\"https:\/\/inoar.no\/product\/argan-infusion-loss-control\/\",\"url\":\"https:\/\/inoar.no\/product\/argan-infusion-loss-control\/\",\"name\":\"Argan Infusion Loss Control - INOAR - H\u00e5rpleiespesialist\",\"isPartOf\":{\"@id\":\"https:\/\/inoar.no\/#website\"},\"primaryImageOfPage\":{\"@id\":\"https:\/\/inoar.no\/product\/argan-infusion-loss-control\/#primaryimage\"},\"image\":{\"@id\":\"https:\/\/inoar.no\/product\/argan-infusion-loss-control\/#primaryimage\"},\"thumbnailUrl\":\"https:\/\/inoar.no\/wp-content\/uploads\/2022\/04\/arganInfusion-set.png\",\"datePublished\":\"2022-04-22T12:13:31+00:00\",\"dateModified\":\"2023-09-24T18:46:44+00:00\",\"breadcrumb\":{\"@id\":\"https:\/\/inoar.no\/product\/argan-infusion-loss-control\/#breadcrumb\"},\"inLanguage\":\"en-US\",\"potentialAction\":[{\"@type\":\"ReadAction\",\"target\":[\"https:\/\/inoar.no\/product\/argan-infusion-loss-control\/\"]}]},{\"@type\":\"ImageObject\",\"inLanguage\":\"en-US\",\"@id\":\"https:\/\/inoar.no\/product\/argan-infusion-loss-control\/#primaryimage\",\"url\":\"https:\/\/inoar.no\/wp-content\/uploads\/2022\/04\/arganInfusion-set.png\",\"contentUrl\":\"https:\/\/inoar.no\/wp-content\/uploads\/2022\/04\/arganInfusion-set.png\",\"width\":1200,\"height\":1200},{\"@type\":\"BreadcrumbList\",\"@id\":\"https:\/\/inoar.no\/product\/argan-infusion-loss-control\/#breadcrumb\",\"itemListElement\":[{\"@type\":\"ListItem\",\"position\":1,\"name\":\"Home\",\"item\":\"https:\/\/inoar.no\/\"},{\"@type\":\"ListItem\",\"position\":2,\"name\":\"Butikk\",\"item\":\"https:\/\/inoar.no\/butikk\/\"},{\"@type\":\"ListItem\",\"position\":3,\"name\":\"Argan Infusion Loss Control\"}]},{\"@type\":\"WebSite\",\"@id\":\"https:\/\/inoar.no\/#website\",\"url\":\"https:\/\/inoar.no\/\",\"name\":\"INOAR - H\u00e5rpleiespesialist\",\"description\":\"H\u00e5rpleiespesialist\",\"publisher\":{\"@id\":\"https:\/\/inoar.no\/#organization\"},\"potentialAction\":[{\"@type\":\"SearchAction\",\"target\":{\"@type\":\"EntryPoint\",\"urlTemplate\":\"https:\/\/inoar.no\/?s={search_term_string}\"},\"query-input\":{\"@type\":\"PropertyValueSpecification\",\"valueRequired\":true,\"valueName\":\"search_term_string\"}}],\"inLanguage\":\"en-US\"},{\"@type\":\"Organization\",\"@id\":\"https:\/\/inoar.no\/#organization\",\"name\":\"INOAR - H\u00e5rpleiespesialist\",\"url\":\"https:\/\/inoar.no\/\",\"logo\":{\"@type\":\"ImageObject\",\"inLanguage\":\"en-US\",\"@id\":\"https:\/\/inoar.no\/#\/schema\/logo\/image\/\",\"url\":\"https:\/\/inoar.no\/wp-content\/uploads\/2022\/03\/favicon.png\",\"contentUrl\":\"https:\/\/inoar.no\/wp-content\/uploads\/2022\/03\/favicon.png\",\"width\":512,\"height\":512,\"caption\":\"INOAR - H\u00e5rpleiespesialist\"},\"image\":{\"@id\":\"https:\/\/inoar.no\/#\/schema\/logo\/image\/\"}}]}<\/script>\n<!-- \/ Yoast SEO plugin. -->","yoast_head_json":{"title":"Argan Infusion Loss Control - INOAR - H\u00e5rpleiespesialist","robots":{"index":"index","follow":"follow","max-snippet":"max-snippet:-1","max-image-preview":"max-image-preview:large","max-video-preview":"max-video-preview:-1"},"canonical":"https:\/\/inoar.no\/en\/product\/argan-infusion-loss-control\/","og_locale":"en_US","og_type":"article","og_title":"Argan Infusion Loss Control - INOAR - H\u00e5rpleiespesialist","og_description":"H\u00e5rpleiesettet mot h\u00e5rtap og slitt h\u00e5r. Produktene styrker h\u00e5ret og fremmer veksten av nytt og sunt h\u00e5r. Perfekt for de som mangler h\u00e5rvolum og sliter med slitt og svakt h\u00e5r. Inneholder arganolje sammen med andre aktive ingredienser som aktiverer blodsirkulasjonen i hodebunnen og fremmer h\u00e5rveksten. Det gir ogs\u00e5 h\u00e5ret rikelig med fuktighet, mykner det opp, opprettholder h\u00e5rets naturlige skj\u00f8nnhet og styrker det. Sjampoen forbedrer blodsirkulasjonen i hodebunnen og fremmer h\u00e5rveksten, styrker h\u00e5ret. Balsam lukker skjellaget og gir h\u00e5ret enda mer glans og beskyttelse. Aktive ingredienser: arganolje, rosmarin, biotin. Resultat: sterkere og mer motstandsdyktig h\u00e5r. Settet best\u00e5r av: Argan Infusion Loss Control-sjampo 500 ml + Argan Infusion Loss Control-balsam 250 ml Bruk: fordel en liten mengde med sjampo p\u00e5 fuktig h\u00e5r og masser det forsiktig inn med fingertuppene til det begynner \u00e5 skumme. Skyll av med vann. Gjenta prosedyren om n\u00f8dvendig. Fordel deretter balsam jevnt utover hele h\u00e5ret, la det virke i 5 min, skyll deretter av med vann.","og_url":"https:\/\/inoar.no\/en\/product\/argan-infusion-loss-control\/","og_site_name":"INOAR - H\u00e5rpleiespesialist","article_modified_time":"2023-09-24T18:46:44+00:00","og_image":[{"width":1200,"height":1200,"url":"https:\/\/inoar.no\/wp-content\/uploads\/2022\/04\/arganInfusion-set.png","type":"image\/png"}],"twitter_card":"summary_large_image","schema":{"@context":"https:\/\/schema.org","@graph":[{"@type":"WebPage","@id":"https:\/\/inoar.no\/product\/argan-infusion-loss-control\/","url":"https:\/\/inoar.no\/product\/argan-infusion-loss-control\/","name":"Argan Infusion Loss Control - INOAR - H\u00e5rpleiespesialist","isPartOf":{"@id":"https:\/\/inoar.no\/#website"},"primaryImageOfPage":{"@id":"https:\/\/inoar.no\/product\/argan-infusion-loss-control\/#primaryimage"},"image":{"@id":"https:\/\/inoar.no\/product\/argan-infusion-loss-control\/#primaryimage"},"thumbnailUrl":"https:\/\/inoar.no\/wp-content\/uploads\/2022\/04\/arganInfusion-set.png","datePublished":"2022-04-22T12:13:31+00:00","dateModified":"2023-09-24T18:46:44+00:00","breadcrumb":{"@id":"https:\/\/inoar.no\/product\/argan-infusion-loss-control\/#breadcrumb"},"inLanguage":"en-US","potentialAction":[{"@type":"ReadAction","target":["https:\/\/inoar.no\/product\/argan-infusion-loss-control\/"]}]},{"@type":"ImageObject","inLanguage":"en-US","@id":"https:\/\/inoar.no\/product\/argan-infusion-loss-control\/#primaryimage","url":"https:\/\/inoar.no\/wp-content\/uploads\/2022\/04\/arganInfusion-set.png","contentUrl":"https:\/\/inoar.no\/wp-content\/uploads\/2022\/04\/arganInfusion-set.png","width":1200,"height":1200},{"@type":"BreadcrumbList","@id":"https:\/\/inoar.no\/product\/argan-infusion-loss-control\/#breadcrumb","itemListElement":[{"@type":"ListItem","position":1,"name":"Home","item":"https:\/\/inoar.no\/"},{"@type":"ListItem","position":2,"name":"Butikk","item":"https:\/\/inoar.no\/butikk\/"},{"@type":"ListItem","position":3,"name":"Argan Infusion Loss Control"}]},{"@type":"WebSite","@id":"https:\/\/inoar.no\/#website","url":"https:\/\/inoar.no\/","name":"INOAR - H\u00e5rpleiespesialist","description":"H\u00e5rpleiespesialist","publisher":{"@id":"https:\/\/inoar.no\/#organization"},"potentialAction":[{"@type":"SearchAction","target":{"@type":"EntryPoint","urlTemplate":"https:\/\/inoar.no\/?s={search_term_string}"},"query-input":{"@type":"PropertyValueSpecification","valueRequired":true,"valueName":"search_term_string"}}],"inLanguage":"en-US"},{"@type":"Organization","@id":"https:\/\/inoar.no\/#organization","name":"INOAR - H\u00e5rpleiespesialist","url":"https:\/\/inoar.no\/","logo":{"@type":"ImageObject","inLanguage":"en-US","@id":"https:\/\/inoar.no\/#\/schema\/logo\/image\/","url":"https:\/\/inoar.no\/wp-content\/uploads\/2022\/03\/favicon.png","contentUrl":"https:\/\/inoar.no\/wp-content\/uploads\/2022\/03\/favicon.png","width":512,"height":512,"caption":"INOAR - H\u00e5rpleiespesialist"},"image":{"@id":"https:\/\/inoar.no\/#\/schema\/logo\/image\/"}}]}},"_links":{"self":[{"href":"https:\/\/inoar.no\/en\/wp-json\/wp\/v2\/product\/988055","targetHints":{"allow":["GET"]}}],"collection":[{"href":"https:\/\/inoar.no\/en\/wp-json\/wp\/v2\/product"}],"about":[{"href":"https:\/\/inoar.no\/en\/wp-json\/wp\/v2\/types\/product"}],"replies":[{"embeddable":true,"href":"https:\/\/inoar.no\/en\/wp-json\/wp\/v2\/comments?post=988055"}],"version-history":[{"count":1,"href":"https:\/\/inoar.no\/en\/wp-json\/wp\/v2\/product\/988055\/revisions"}],"predecessor-version":[{"id":988903,"href":"https:\/\/inoar.no\/en\/wp-json\/wp\/v2\/product\/988055\/revisions\/988903"}],"wp:featuredmedia":[{"embeddable":true,"href":"https:\/\/inoar.no\/en\/wp-json\/wp\/v2\/media\/988455"}],"wp:attachment":[{"href":"https:\/\/inoar.no\/en\/wp-json\/wp\/v2\/media?parent=988055"}],"wp:term":[{"taxonomy":"product_brand","embeddable":true,"href":"https:\/\/inoar.no\/en\/wp-json\/wp\/v2\/product_brand?post=988055"},{"taxonomy":"product_cat","embeddable":true,"href":"https:\/\/inoar.no\/en\/wp-json\/wp\/v2\/product_cat?post=988055"},{"taxonomy":"product_tag","embeddable":true,"href":"https:\/\/inoar.no\/en\/wp-json\/wp\/v2\/product_tag?post=988055"}],"curies":[{"name":"wp","href":"https:\/\/api.w.org\/{rel}","templated":true}]}}