{"id":988049,"date":"2022-04-22T13:46:49","date_gmt":"2022-04-22T11:46:49","guid":{"rendered":"https:\/\/inoar.no\/?post_type=product&#038;p=988049"},"modified":"2025-09-20T22:56:59","modified_gmt":"2025-09-20T20:56:59","slug":"blends-kolleksjonen","status":"publish","type":"product","link":"https:\/\/inoar.no\/en\/product\/blends-kolleksjonen\/","title":{"rendered":"INOAR Blends KIT &#8211; med vitamin C 1000 ml"},"content":{"rendered":"","protected":false},"excerpt":{"rendered":"<p>Vitamin C-kompleks for t\u00f8rt h\u00e5r<br \/>\nBlandingen av vegetabilske og veganske oljer i BLENDS-kolleksjonen sammen med vitamin C er ideelt for t\u00f8rt h\u00e5r. Oljeblandingen inneholder kokosn\u00f8ttolje (vitamin E og fettsyrer), avokado-olje (vitamin A, B, D og aminosyrer) og arganolje (omega-6 beriket med antioksidanter). Disse trenger seg dypt inn i h\u00e5ret og gir dyp fuktighet, glans, mykhet og elastisitet.<br \/>\nBlends-balsam inneholder vitamin C-kompleks og en blanding av botaniske og veganske oljer spesielt egnet til t\u00f8rt h\u00e5r.<br \/>\nLeave-In balsam for t\u00f8rt h\u00e5r gir en deilig f\u00f8lelse, nydelig h\u00e5r, reduserer brusete h\u00e5r, gir glans og mykhet. Produktet er beriket med vitamin C, noe som n\u00e6rer h\u00e5ret under den daglige h\u00e5rrutinen. Balsamen beskytter mot dehydrering og ytre faktorer. Vitamin C, kokosn\u00f8ttolje, avokado og argan, er stoffer som er rike p\u00e5 fett, aminosyrer og antioksidanter. Disse ingrediensene fukter dypt, gir intens glans, mykhet og elastisitet.<br \/>\nStylingkrem for t\u00f8rt h\u00e5r. Kremen gir intens fuktighet og glans. H\u00e5ret blir veldig mykt og behagelig \u00e5 ta p\u00e5.<br \/>\nINOAR Blends stylingkrem er rik p\u00e5 vitamin C, noe som n\u00e6rer h\u00e5ret umiddelbart under den daglige h\u00e5rpleierutinen. Produktet l\u00f8sner p\u00e5 h\u00e5ret og forhindrer brusete og slitt h\u00e5r.<br \/>\nKremen vil bidra til \u00e5 bevare sunt og vakkert h\u00e5r, beskytte det mot dehydrering og andre eksterne faktorer.<br \/>\nVitamin C, kokosn\u00f8tt, avokado og arganoljer er rike p\u00e5 fettsyrer, aminosyrer og antioksidanter, noe som gir h\u00e5ret dyp fuktighet, imponerende glans, mykhet og elastisitet.<\/p>","protected":false},"featured_media":988975,"comment_status":"closed","ping_status":"closed","template":"","meta":[],"product_brand":[],"product_cat":[156,107],"product_tag":[],"class_list":{"0":"post-988049","1":"product","2":"type-product","3":"status-publish","4":"has-post-thumbnail","6":"product_cat-for-normalt-har","7":"product_cat-inoar-blends","9":"first","10":"outofstock","11":"shipping-taxable","12":"purchasable","13":"product-type-simple"},"yoast_head":"<!-- This site is optimized with the Yoast SEO plugin v27.1.1 - https:\/\/yoast.com\/product\/yoast-seo-wordpress\/ -->\n<title>INOAR Blends KIT - med vitamin C 1000 ml - INOAR - H\u00e5rpleiespesialist<\/title>\n<meta name=\"robots\" content=\"index, follow, max-snippet:-1, max-image-preview:large, max-video-preview:-1\" \/>\n<link rel=\"canonical\" href=\"https:\/\/inoar.no\/en\/product\/blends-kolleksjonen\/\" \/>\n<meta property=\"og:locale\" content=\"en_US\" \/>\n<meta property=\"og:type\" content=\"article\" \/>\n<meta property=\"og:title\" content=\"INOAR Blends KIT - med vitamin C 1000 ml - INOAR - H\u00e5rpleiespesialist\" \/>\n<meta property=\"og:description\" content=\"Vitamin C-kompleks for t\u00f8rt h\u00e5r Blandingen av vegetabilske og veganske oljer i BLENDS-kolleksjonen sammen med vitamin C er ideelt for t\u00f8rt h\u00e5r. Oljeblandingen inneholder kokosn\u00f8ttolje (vitamin E og fettsyrer), avokado-olje (vitamin A, B, D og aminosyrer) og arganolje (omega-6 beriket med antioksidanter). Disse trenger seg dypt inn i h\u00e5ret og gir dyp fuktighet, glans, mykhet og elastisitet. Blends-balsam inneholder vitamin C-kompleks og en blanding av botaniske og veganske oljer spesielt egnet til t\u00f8rt h\u00e5r. Leave-In balsam for t\u00f8rt h\u00e5r gir en deilig f\u00f8lelse, nydelig h\u00e5r, reduserer brusete h\u00e5r, gir glans og mykhet. Produktet er beriket med vitamin C, noe som n\u00e6rer h\u00e5ret under den daglige h\u00e5rrutinen. Balsamen beskytter mot dehydrering og ytre faktorer. Vitamin C, kokosn\u00f8ttolje, avokado og argan, er stoffer som er rike p\u00e5 fett, aminosyrer og antioksidanter. Disse ingrediensene fukter dypt, gir intens glans, mykhet og elastisitet. Stylingkrem for t\u00f8rt h\u00e5r. Kremen gir intens fuktighet og glans. H\u00e5ret blir veldig mykt og behagelig \u00e5 ta p\u00e5. INOAR Blends stylingkrem er rik p\u00e5 vitamin C, noe som n\u00e6rer h\u00e5ret umiddelbart under den daglige h\u00e5rpleierutinen. Produktet l\u00f8sner p\u00e5 h\u00e5ret og forhindrer brusete og slitt h\u00e5r. Kremen vil bidra til \u00e5 bevare sunt og vakkert h\u00e5r, beskytte det mot dehydrering og andre eksterne faktorer. Vitamin C, kokosn\u00f8tt, avokado og arganoljer er rike p\u00e5 fettsyrer, aminosyrer og antioksidanter, noe som gir h\u00e5ret dyp fuktighet, imponerende glans, mykhet og elastisitet.\" \/>\n<meta property=\"og:url\" content=\"https:\/\/inoar.no\/en\/product\/blends-kolleksjonen\/\" \/>\n<meta property=\"og:site_name\" content=\"INOAR - H\u00e5rpleiespesialist\" \/>\n<meta property=\"article:modified_time\" content=\"2025-09-20T20:56:59+00:00\" \/>\n<meta property=\"og:image\" content=\"https:\/\/inoar.no\/wp-content\/uploads\/2022\/04\/Blends1L_FRONT_800x-1620754419972.png\" \/>\n\t<meta property=\"og:image:width\" content=\"800\" \/>\n\t<meta property=\"og:image:height\" content=\"800\" \/>\n\t<meta property=\"og:image:type\" content=\"image\/png\" \/>\n<meta name=\"twitter:card\" content=\"summary_large_image\" \/>\n<script type=\"application\/ld+json\" class=\"yoast-schema-graph\">{\"@context\":\"https:\/\/schema.org\",\"@graph\":[{\"@type\":\"WebPage\",\"@id\":\"https:\/\/inoar.no\/product\/blends-kolleksjonen\/\",\"url\":\"https:\/\/inoar.no\/product\/blends-kolleksjonen\/\",\"name\":\"INOAR Blends KIT - med vitamin C 1000 ml - INOAR - H\u00e5rpleiespesialist\",\"isPartOf\":{\"@id\":\"https:\/\/inoar.no\/#website\"},\"primaryImageOfPage\":{\"@id\":\"https:\/\/inoar.no\/product\/blends-kolleksjonen\/#primaryimage\"},\"image\":{\"@id\":\"https:\/\/inoar.no\/product\/blends-kolleksjonen\/#primaryimage\"},\"thumbnailUrl\":\"https:\/\/inoar.no\/wp-content\/uploads\/2022\/04\/Blends1L_FRONT_800x-1620754419972.png\",\"datePublished\":\"2022-04-22T11:46:49+00:00\",\"dateModified\":\"2025-09-20T20:56:59+00:00\",\"breadcrumb\":{\"@id\":\"https:\/\/inoar.no\/product\/blends-kolleksjonen\/#breadcrumb\"},\"inLanguage\":\"en-US\",\"potentialAction\":[{\"@type\":\"ReadAction\",\"target\":[\"https:\/\/inoar.no\/product\/blends-kolleksjonen\/\"]}]},{\"@type\":\"ImageObject\",\"inLanguage\":\"en-US\",\"@id\":\"https:\/\/inoar.no\/product\/blends-kolleksjonen\/#primaryimage\",\"url\":\"https:\/\/inoar.no\/wp-content\/uploads\/2022\/04\/Blends1L_FRONT_800x-1620754419972.png\",\"contentUrl\":\"https:\/\/inoar.no\/wp-content\/uploads\/2022\/04\/Blends1L_FRONT_800x-1620754419972.png\",\"width\":800,\"height\":800},{\"@type\":\"BreadcrumbList\",\"@id\":\"https:\/\/inoar.no\/product\/blends-kolleksjonen\/#breadcrumb\",\"itemListElement\":[{\"@type\":\"ListItem\",\"position\":1,\"name\":\"Home\",\"item\":\"https:\/\/inoar.no\/\"},{\"@type\":\"ListItem\",\"position\":2,\"name\":\"Butikk\",\"item\":\"https:\/\/inoar.no\/butikk\/\"},{\"@type\":\"ListItem\",\"position\":3,\"name\":\"INOAR Blends KIT &#8211; med vitamin C 1000 ml\"}]},{\"@type\":\"WebSite\",\"@id\":\"https:\/\/inoar.no\/#website\",\"url\":\"https:\/\/inoar.no\/\",\"name\":\"INOAR - H\u00e5rpleiespesialist\",\"description\":\"H\u00e5rpleiespesialist\",\"publisher\":{\"@id\":\"https:\/\/inoar.no\/#organization\"},\"potentialAction\":[{\"@type\":\"SearchAction\",\"target\":{\"@type\":\"EntryPoint\",\"urlTemplate\":\"https:\/\/inoar.no\/?s={search_term_string}\"},\"query-input\":{\"@type\":\"PropertyValueSpecification\",\"valueRequired\":true,\"valueName\":\"search_term_string\"}}],\"inLanguage\":\"en-US\"},{\"@type\":\"Organization\",\"@id\":\"https:\/\/inoar.no\/#organization\",\"name\":\"INOAR - H\u00e5rpleiespesialist\",\"url\":\"https:\/\/inoar.no\/\",\"logo\":{\"@type\":\"ImageObject\",\"inLanguage\":\"en-US\",\"@id\":\"https:\/\/inoar.no\/#\/schema\/logo\/image\/\",\"url\":\"https:\/\/inoar.no\/wp-content\/uploads\/2022\/03\/favicon.png\",\"contentUrl\":\"https:\/\/inoar.no\/wp-content\/uploads\/2022\/03\/favicon.png\",\"width\":512,\"height\":512,\"caption\":\"INOAR - H\u00e5rpleiespesialist\"},\"image\":{\"@id\":\"https:\/\/inoar.no\/#\/schema\/logo\/image\/\"}}]}<\/script>\n<!-- \/ Yoast SEO plugin. -->","yoast_head_json":{"title":"INOAR Blends KIT - med vitamin C 1000 ml - INOAR - H\u00e5rpleiespesialist","robots":{"index":"index","follow":"follow","max-snippet":"max-snippet:-1","max-image-preview":"max-image-preview:large","max-video-preview":"max-video-preview:-1"},"canonical":"https:\/\/inoar.no\/en\/product\/blends-kolleksjonen\/","og_locale":"en_US","og_type":"article","og_title":"INOAR Blends KIT - med vitamin C 1000 ml - INOAR - H\u00e5rpleiespesialist","og_description":"Vitamin C-kompleks for t\u00f8rt h\u00e5r Blandingen av vegetabilske og veganske oljer i BLENDS-kolleksjonen sammen med vitamin C er ideelt for t\u00f8rt h\u00e5r. Oljeblandingen inneholder kokosn\u00f8ttolje (vitamin E og fettsyrer), avokado-olje (vitamin A, B, D og aminosyrer) og arganolje (omega-6 beriket med antioksidanter). Disse trenger seg dypt inn i h\u00e5ret og gir dyp fuktighet, glans, mykhet og elastisitet. Blends-balsam inneholder vitamin C-kompleks og en blanding av botaniske og veganske oljer spesielt egnet til t\u00f8rt h\u00e5r. Leave-In balsam for t\u00f8rt h\u00e5r gir en deilig f\u00f8lelse, nydelig h\u00e5r, reduserer brusete h\u00e5r, gir glans og mykhet. Produktet er beriket med vitamin C, noe som n\u00e6rer h\u00e5ret under den daglige h\u00e5rrutinen. Balsamen beskytter mot dehydrering og ytre faktorer. Vitamin C, kokosn\u00f8ttolje, avokado og argan, er stoffer som er rike p\u00e5 fett, aminosyrer og antioksidanter. Disse ingrediensene fukter dypt, gir intens glans, mykhet og elastisitet. Stylingkrem for t\u00f8rt h\u00e5r. Kremen gir intens fuktighet og glans. H\u00e5ret blir veldig mykt og behagelig \u00e5 ta p\u00e5. INOAR Blends stylingkrem er rik p\u00e5 vitamin C, noe som n\u00e6rer h\u00e5ret umiddelbart under den daglige h\u00e5rpleierutinen. Produktet l\u00f8sner p\u00e5 h\u00e5ret og forhindrer brusete og slitt h\u00e5r. Kremen vil bidra til \u00e5 bevare sunt og vakkert h\u00e5r, beskytte det mot dehydrering og andre eksterne faktorer. Vitamin C, kokosn\u00f8tt, avokado og arganoljer er rike p\u00e5 fettsyrer, aminosyrer og antioksidanter, noe som gir h\u00e5ret dyp fuktighet, imponerende glans, mykhet og elastisitet.","og_url":"https:\/\/inoar.no\/en\/product\/blends-kolleksjonen\/","og_site_name":"INOAR - H\u00e5rpleiespesialist","article_modified_time":"2025-09-20T20:56:59+00:00","og_image":[{"width":800,"height":800,"url":"https:\/\/inoar.no\/wp-content\/uploads\/2022\/04\/Blends1L_FRONT_800x-1620754419972.png","type":"image\/png"}],"twitter_card":"summary_large_image","schema":{"@context":"https:\/\/schema.org","@graph":[{"@type":"WebPage","@id":"https:\/\/inoar.no\/product\/blends-kolleksjonen\/","url":"https:\/\/inoar.no\/product\/blends-kolleksjonen\/","name":"INOAR Blends KIT - med vitamin C 1000 ml - INOAR - H\u00e5rpleiespesialist","isPartOf":{"@id":"https:\/\/inoar.no\/#website"},"primaryImageOfPage":{"@id":"https:\/\/inoar.no\/product\/blends-kolleksjonen\/#primaryimage"},"image":{"@id":"https:\/\/inoar.no\/product\/blends-kolleksjonen\/#primaryimage"},"thumbnailUrl":"https:\/\/inoar.no\/wp-content\/uploads\/2022\/04\/Blends1L_FRONT_800x-1620754419972.png","datePublished":"2022-04-22T11:46:49+00:00","dateModified":"2025-09-20T20:56:59+00:00","breadcrumb":{"@id":"https:\/\/inoar.no\/product\/blends-kolleksjonen\/#breadcrumb"},"inLanguage":"en-US","potentialAction":[{"@type":"ReadAction","target":["https:\/\/inoar.no\/product\/blends-kolleksjonen\/"]}]},{"@type":"ImageObject","inLanguage":"en-US","@id":"https:\/\/inoar.no\/product\/blends-kolleksjonen\/#primaryimage","url":"https:\/\/inoar.no\/wp-content\/uploads\/2022\/04\/Blends1L_FRONT_800x-1620754419972.png","contentUrl":"https:\/\/inoar.no\/wp-content\/uploads\/2022\/04\/Blends1L_FRONT_800x-1620754419972.png","width":800,"height":800},{"@type":"BreadcrumbList","@id":"https:\/\/inoar.no\/product\/blends-kolleksjonen\/#breadcrumb","itemListElement":[{"@type":"ListItem","position":1,"name":"Home","item":"https:\/\/inoar.no\/"},{"@type":"ListItem","position":2,"name":"Butikk","item":"https:\/\/inoar.no\/butikk\/"},{"@type":"ListItem","position":3,"name":"INOAR Blends KIT &#8211; med vitamin C 1000 ml"}]},{"@type":"WebSite","@id":"https:\/\/inoar.no\/#website","url":"https:\/\/inoar.no\/","name":"INOAR - H\u00e5rpleiespesialist","description":"H\u00e5rpleiespesialist","publisher":{"@id":"https:\/\/inoar.no\/#organization"},"potentialAction":[{"@type":"SearchAction","target":{"@type":"EntryPoint","urlTemplate":"https:\/\/inoar.no\/?s={search_term_string}"},"query-input":{"@type":"PropertyValueSpecification","valueRequired":true,"valueName":"search_term_string"}}],"inLanguage":"en-US"},{"@type":"Organization","@id":"https:\/\/inoar.no\/#organization","name":"INOAR - H\u00e5rpleiespesialist","url":"https:\/\/inoar.no\/","logo":{"@type":"ImageObject","inLanguage":"en-US","@id":"https:\/\/inoar.no\/#\/schema\/logo\/image\/","url":"https:\/\/inoar.no\/wp-content\/uploads\/2022\/03\/favicon.png","contentUrl":"https:\/\/inoar.no\/wp-content\/uploads\/2022\/03\/favicon.png","width":512,"height":512,"caption":"INOAR - H\u00e5rpleiespesialist"},"image":{"@id":"https:\/\/inoar.no\/#\/schema\/logo\/image\/"}}]}},"_links":{"self":[{"href":"https:\/\/inoar.no\/en\/wp-json\/wp\/v2\/product\/988049","targetHints":{"allow":["GET"]}}],"collection":[{"href":"https:\/\/inoar.no\/en\/wp-json\/wp\/v2\/product"}],"about":[{"href":"https:\/\/inoar.no\/en\/wp-json\/wp\/v2\/types\/product"}],"replies":[{"embeddable":true,"href":"https:\/\/inoar.no\/en\/wp-json\/wp\/v2\/comments?post=988049"}],"version-history":[{"count":3,"href":"https:\/\/inoar.no\/en\/wp-json\/wp\/v2\/product\/988049\/revisions"}],"predecessor-version":[{"id":989375,"href":"https:\/\/inoar.no\/en\/wp-json\/wp\/v2\/product\/988049\/revisions\/989375"}],"wp:featuredmedia":[{"embeddable":true,"href":"https:\/\/inoar.no\/en\/wp-json\/wp\/v2\/media\/988975"}],"wp:attachment":[{"href":"https:\/\/inoar.no\/en\/wp-json\/wp\/v2\/media?parent=988049"}],"wp:term":[{"taxonomy":"product_brand","embeddable":true,"href":"https:\/\/inoar.no\/en\/wp-json\/wp\/v2\/product_brand?post=988049"},{"taxonomy":"product_cat","embeddable":true,"href":"https:\/\/inoar.no\/en\/wp-json\/wp\/v2\/product_cat?post=988049"},{"taxonomy":"product_tag","embeddable":true,"href":"https:\/\/inoar.no\/en\/wp-json\/wp\/v2\/product_tag?post=988049"}],"curies":[{"name":"wp","href":"https:\/\/api.w.org\/{rel}","templated":true}]}}