{"id":988043,"date":"2022-04-22T13:41:16","date_gmt":"2022-04-22T11:41:16","guid":{"rendered":"https:\/\/inoar.no\/?post_type=product&#038;p=988043"},"modified":"2022-05-04T20:25:38","modified_gmt":"2022-05-04T18:25:38","slug":"moroccan-dyprensende-sjampo","status":"publish","type":"product","link":"https:\/\/inoar.no\/en\/product\/moroccan-dyprensende-sjampo\/","title":{"rendered":"Moroccan dyprensende sjampo"},"content":{"rendered":"","protected":false},"excerpt":{"rendered":"<p>En dyprensende sjampo som fjerner overfl\u00f8dig fett og rester etter bruk av andre produkter. Den fjerner restene etter behandling med kjemiske produkter og etterlater h\u00e5ret rent, mykt og elastisk. Produktet \u00e5pner skjellaget og forbereder h\u00e5ret for neste trinn i h\u00e5rpleieprosedyren.<\/p>","protected":false},"featured_media":988044,"comment_status":"closed","ping_status":"closed","template":"","meta":[],"product_brand":[],"product_cat":[147],"product_tag":[],"class_list":{"0":"post-988043","1":"product","2":"type-product","3":"status-publish","4":"has-post-thumbnail","6":"product_cat-for-profesjonelle","8":"first","9":"instock","10":"shipping-taxable","11":"product-type-simple"},"yoast_head":"<!-- This site is optimized with the Yoast SEO plugin v27.1.1 - https:\/\/yoast.com\/product\/yoast-seo-wordpress\/ -->\n<title>Moroccan dyprensende sjampo - INOAR - H\u00e5rpleiespesialist<\/title>\n<meta name=\"robots\" content=\"index, follow, max-snippet:-1, max-image-preview:large, max-video-preview:-1\" \/>\n<link rel=\"canonical\" href=\"https:\/\/inoar.no\/en\/product\/moroccan-dyprensende-sjampo\/\" \/>\n<meta property=\"og:locale\" content=\"en_US\" \/>\n<meta property=\"og:type\" content=\"article\" \/>\n<meta property=\"og:title\" content=\"Moroccan dyprensende sjampo - INOAR - H\u00e5rpleiespesialist\" \/>\n<meta property=\"og:description\" content=\"En dyprensende sjampo som fjerner overfl\u00f8dig fett og rester etter bruk av andre produkter. Den fjerner restene etter behandling med kjemiske produkter og etterlater h\u00e5ret rent, mykt og elastisk. Produktet \u00e5pner skjellaget og forbereder h\u00e5ret for neste trinn i h\u00e5rpleieprosedyren.\" \/>\n<meta property=\"og:url\" content=\"https:\/\/inoar.no\/en\/product\/moroccan-dyprensende-sjampo\/\" \/>\n<meta property=\"og:site_name\" content=\"INOAR - H\u00e5rpleiespesialist\" \/>\n<meta property=\"article:modified_time\" content=\"2022-05-04T18:25:38+00:00\" \/>\n<meta property=\"og:image\" content=\"https:\/\/inoar.no\/wp-content\/uploads\/2022\/04\/Moroccan-dyprensende-sjampo.png\" \/>\n\t<meta property=\"og:image:width\" content=\"1200\" \/>\n\t<meta property=\"og:image:height\" content=\"1200\" \/>\n\t<meta property=\"og:image:type\" content=\"image\/png\" \/>\n<meta name=\"twitter:card\" content=\"summary_large_image\" \/>\n<script type=\"application\/ld+json\" class=\"yoast-schema-graph\">{\"@context\":\"https:\/\/schema.org\",\"@graph\":[{\"@type\":\"WebPage\",\"@id\":\"https:\/\/inoar.no\/product\/moroccan-dyprensende-sjampo\/\",\"url\":\"https:\/\/inoar.no\/product\/moroccan-dyprensende-sjampo\/\",\"name\":\"Moroccan dyprensende sjampo - INOAR - H\u00e5rpleiespesialist\",\"isPartOf\":{\"@id\":\"https:\/\/inoar.no\/#website\"},\"primaryImageOfPage\":{\"@id\":\"https:\/\/inoar.no\/product\/moroccan-dyprensende-sjampo\/#primaryimage\"},\"image\":{\"@id\":\"https:\/\/inoar.no\/product\/moroccan-dyprensende-sjampo\/#primaryimage\"},\"thumbnailUrl\":\"https:\/\/inoar.no\/wp-content\/uploads\/2022\/04\/Moroccan-dyprensende-sjampo.png\",\"datePublished\":\"2022-04-22T11:41:16+00:00\",\"dateModified\":\"2022-05-04T18:25:38+00:00\",\"breadcrumb\":{\"@id\":\"https:\/\/inoar.no\/product\/moroccan-dyprensende-sjampo\/#breadcrumb\"},\"inLanguage\":\"en-US\",\"potentialAction\":[{\"@type\":\"ReadAction\",\"target\":[\"https:\/\/inoar.no\/product\/moroccan-dyprensende-sjampo\/\"]}]},{\"@type\":\"ImageObject\",\"inLanguage\":\"en-US\",\"@id\":\"https:\/\/inoar.no\/product\/moroccan-dyprensende-sjampo\/#primaryimage\",\"url\":\"https:\/\/inoar.no\/wp-content\/uploads\/2022\/04\/Moroccan-dyprensende-sjampo.png\",\"contentUrl\":\"https:\/\/inoar.no\/wp-content\/uploads\/2022\/04\/Moroccan-dyprensende-sjampo.png\",\"width\":1200,\"height\":1200},{\"@type\":\"BreadcrumbList\",\"@id\":\"https:\/\/inoar.no\/product\/moroccan-dyprensende-sjampo\/#breadcrumb\",\"itemListElement\":[{\"@type\":\"ListItem\",\"position\":1,\"name\":\"Home\",\"item\":\"https:\/\/inoar.no\/\"},{\"@type\":\"ListItem\",\"position\":2,\"name\":\"Butikk\",\"item\":\"https:\/\/inoar.no\/butikk\/\"},{\"@type\":\"ListItem\",\"position\":3,\"name\":\"Moroccan dyprensende sjampo\"}]},{\"@type\":\"WebSite\",\"@id\":\"https:\/\/inoar.no\/#website\",\"url\":\"https:\/\/inoar.no\/\",\"name\":\"INOAR - H\u00e5rpleiespesialist\",\"description\":\"H\u00e5rpleiespesialist\",\"publisher\":{\"@id\":\"https:\/\/inoar.no\/#organization\"},\"potentialAction\":[{\"@type\":\"SearchAction\",\"target\":{\"@type\":\"EntryPoint\",\"urlTemplate\":\"https:\/\/inoar.no\/?s={search_term_string}\"},\"query-input\":{\"@type\":\"PropertyValueSpecification\",\"valueRequired\":true,\"valueName\":\"search_term_string\"}}],\"inLanguage\":\"en-US\"},{\"@type\":\"Organization\",\"@id\":\"https:\/\/inoar.no\/#organization\",\"name\":\"INOAR - H\u00e5rpleiespesialist\",\"url\":\"https:\/\/inoar.no\/\",\"logo\":{\"@type\":\"ImageObject\",\"inLanguage\":\"en-US\",\"@id\":\"https:\/\/inoar.no\/#\/schema\/logo\/image\/\",\"url\":\"https:\/\/inoar.no\/wp-content\/uploads\/2022\/03\/favicon.png\",\"contentUrl\":\"https:\/\/inoar.no\/wp-content\/uploads\/2022\/03\/favicon.png\",\"width\":512,\"height\":512,\"caption\":\"INOAR - H\u00e5rpleiespesialist\"},\"image\":{\"@id\":\"https:\/\/inoar.no\/#\/schema\/logo\/image\/\"}}]}<\/script>\n<!-- \/ Yoast SEO plugin. -->","yoast_head_json":{"title":"Moroccan dyprensende sjampo - INOAR - H\u00e5rpleiespesialist","robots":{"index":"index","follow":"follow","max-snippet":"max-snippet:-1","max-image-preview":"max-image-preview:large","max-video-preview":"max-video-preview:-1"},"canonical":"https:\/\/inoar.no\/en\/product\/moroccan-dyprensende-sjampo\/","og_locale":"en_US","og_type":"article","og_title":"Moroccan dyprensende sjampo - INOAR - H\u00e5rpleiespesialist","og_description":"En dyprensende sjampo som fjerner overfl\u00f8dig fett og rester etter bruk av andre produkter. Den fjerner restene etter behandling med kjemiske produkter og etterlater h\u00e5ret rent, mykt og elastisk. Produktet \u00e5pner skjellaget og forbereder h\u00e5ret for neste trinn i h\u00e5rpleieprosedyren.","og_url":"https:\/\/inoar.no\/en\/product\/moroccan-dyprensende-sjampo\/","og_site_name":"INOAR - H\u00e5rpleiespesialist","article_modified_time":"2022-05-04T18:25:38+00:00","og_image":[{"width":1200,"height":1200,"url":"https:\/\/inoar.no\/wp-content\/uploads\/2022\/04\/Moroccan-dyprensende-sjampo.png","type":"image\/png"}],"twitter_card":"summary_large_image","schema":{"@context":"https:\/\/schema.org","@graph":[{"@type":"WebPage","@id":"https:\/\/inoar.no\/product\/moroccan-dyprensende-sjampo\/","url":"https:\/\/inoar.no\/product\/moroccan-dyprensende-sjampo\/","name":"Moroccan dyprensende sjampo - INOAR - H\u00e5rpleiespesialist","isPartOf":{"@id":"https:\/\/inoar.no\/#website"},"primaryImageOfPage":{"@id":"https:\/\/inoar.no\/product\/moroccan-dyprensende-sjampo\/#primaryimage"},"image":{"@id":"https:\/\/inoar.no\/product\/moroccan-dyprensende-sjampo\/#primaryimage"},"thumbnailUrl":"https:\/\/inoar.no\/wp-content\/uploads\/2022\/04\/Moroccan-dyprensende-sjampo.png","datePublished":"2022-04-22T11:41:16+00:00","dateModified":"2022-05-04T18:25:38+00:00","breadcrumb":{"@id":"https:\/\/inoar.no\/product\/moroccan-dyprensende-sjampo\/#breadcrumb"},"inLanguage":"en-US","potentialAction":[{"@type":"ReadAction","target":["https:\/\/inoar.no\/product\/moroccan-dyprensende-sjampo\/"]}]},{"@type":"ImageObject","inLanguage":"en-US","@id":"https:\/\/inoar.no\/product\/moroccan-dyprensende-sjampo\/#primaryimage","url":"https:\/\/inoar.no\/wp-content\/uploads\/2022\/04\/Moroccan-dyprensende-sjampo.png","contentUrl":"https:\/\/inoar.no\/wp-content\/uploads\/2022\/04\/Moroccan-dyprensende-sjampo.png","width":1200,"height":1200},{"@type":"BreadcrumbList","@id":"https:\/\/inoar.no\/product\/moroccan-dyprensende-sjampo\/#breadcrumb","itemListElement":[{"@type":"ListItem","position":1,"name":"Home","item":"https:\/\/inoar.no\/"},{"@type":"ListItem","position":2,"name":"Butikk","item":"https:\/\/inoar.no\/butikk\/"},{"@type":"ListItem","position":3,"name":"Moroccan dyprensende sjampo"}]},{"@type":"WebSite","@id":"https:\/\/inoar.no\/#website","url":"https:\/\/inoar.no\/","name":"INOAR - H\u00e5rpleiespesialist","description":"H\u00e5rpleiespesialist","publisher":{"@id":"https:\/\/inoar.no\/#organization"},"potentialAction":[{"@type":"SearchAction","target":{"@type":"EntryPoint","urlTemplate":"https:\/\/inoar.no\/?s={search_term_string}"},"query-input":{"@type":"PropertyValueSpecification","valueRequired":true,"valueName":"search_term_string"}}],"inLanguage":"en-US"},{"@type":"Organization","@id":"https:\/\/inoar.no\/#organization","name":"INOAR - H\u00e5rpleiespesialist","url":"https:\/\/inoar.no\/","logo":{"@type":"ImageObject","inLanguage":"en-US","@id":"https:\/\/inoar.no\/#\/schema\/logo\/image\/","url":"https:\/\/inoar.no\/wp-content\/uploads\/2022\/03\/favicon.png","contentUrl":"https:\/\/inoar.no\/wp-content\/uploads\/2022\/03\/favicon.png","width":512,"height":512,"caption":"INOAR - H\u00e5rpleiespesialist"},"image":{"@id":"https:\/\/inoar.no\/#\/schema\/logo\/image\/"}}]}},"_links":{"self":[{"href":"https:\/\/inoar.no\/en\/wp-json\/wp\/v2\/product\/988043","targetHints":{"allow":["GET"]}}],"collection":[{"href":"https:\/\/inoar.no\/en\/wp-json\/wp\/v2\/product"}],"about":[{"href":"https:\/\/inoar.no\/en\/wp-json\/wp\/v2\/types\/product"}],"replies":[{"embeddable":true,"href":"https:\/\/inoar.no\/en\/wp-json\/wp\/v2\/comments?post=988043"}],"version-history":[{"count":0,"href":"https:\/\/inoar.no\/en\/wp-json\/wp\/v2\/product\/988043\/revisions"}],"wp:featuredmedia":[{"embeddable":true,"href":"https:\/\/inoar.no\/en\/wp-json\/wp\/v2\/media\/988044"}],"wp:attachment":[{"href":"https:\/\/inoar.no\/en\/wp-json\/wp\/v2\/media?parent=988043"}],"wp:term":[{"taxonomy":"product_brand","embeddable":true,"href":"https:\/\/inoar.no\/en\/wp-json\/wp\/v2\/product_brand?post=988043"},{"taxonomy":"product_cat","embeddable":true,"href":"https:\/\/inoar.no\/en\/wp-json\/wp\/v2\/product_cat?post=988043"},{"taxonomy":"product_tag","embeddable":true,"href":"https:\/\/inoar.no\/en\/wp-json\/wp\/v2\/product_tag?post=988043"}],"curies":[{"name":"wp","href":"https:\/\/api.w.org\/{rel}","templated":true}]}}