{"id":988040,"date":"2022-04-22T13:39:41","date_gmt":"2022-04-22T11:39:41","guid":{"rendered":"https:\/\/inoar.no\/?post_type=product&#038;p=988040"},"modified":"2022-11-16T12:19:23","modified_gmt":"2022-11-16T11:19:23","slug":"moroccan-keratinrettingssystem","status":"publish","type":"product","link":"https:\/\/inoar.no\/en\/product\/moroccan-keratinrettingssystem\/","title":{"rendered":"Moroccan keratinrettingssystem"},"content":{"rendered":"","protected":false},"excerpt":{"rendered":"<p>AUTENTISK KERATINPROSEDYRE FRA BRASIL<br \/>\nINOAR Moroccan er et verdenskjent keratinrettingssystem, som har revolusjonert skj\u00f8nnhetsindustrien. Produktene reduserer brusete og b\u00f8lgete h\u00e5r med opptil 80 %, gjenoppretter fuktighet og silkemykhet.<br \/>\nKeratinformelen til INOAR Moroccan er beriket med hvitleire og kakao-olje, noe som gir dyp fuktighet og glatthet til h\u00e5ret. De aktive ingrediensene skaper en fantastisk h\u00e5rtransformasjon og gjenoppretter h\u00e5rets naturlige skj\u00f8nnhet. H\u00e5ret blir glatt, mykt og skinnende etter prosedyren. Fra n\u00e5 av kan dy nyte ultra-luksuri\u00f8st h\u00e5r som krever minimal innsats. H\u00e5rpleierutinen blir mye kortere og enklere etter denne keratinprosedyren samtidig som h\u00e5ret blir mye enklere \u00e5 kamme og h\u00e5rtuppene floker seg ikke. H\u00e5ret blir ikke p\u00e5virket av v\u00e6rforhold, kr\u00f8ller seg ikke i fuktig luft og blir ikke elektrisk. Produktene passer ved behov for h\u00e5rpleie og effekten varer i opptil 4 m\u00e5neder.<br \/>\nDEN F\u00d8RSTE. BANEBRYTENDE. DEN ENESTE.<br \/>\nEGENSKAPER: glatter ut h\u00e5ret med opptil 60-80 %, reduserer brusete h\u00e5r med opptil 95 %, glatter flokete og uh\u00e5ndterlig h\u00e5r, gir dyp fuktighet, n\u00e6ring og silkemykhet. Produktene gjenoppretter naturlig fuktighetsbalanse og er spesielt egnet til farget og kjemisk behandlet h\u00e5r.<br \/>\nH\u00c5RET KAN VASKES ALLEREDE DEN SAMME DAGEN!<br \/>\nINOAR Maroccan er egnet til tynt, middels-tykt, b\u00f8lgete og brusete h\u00e5r. Prosedyren forbedrer tilstanden til h\u00e5roverflaten, styrker h\u00e5ret og forhindrer at det t\u00f8rker ut. Takket v\u00e6re den forbedrede formelen og unike ingredienser, har keratinen i Maroccan-produktene dyp fuktighetsgivende effekt. De aktive ingrediensene beskytter h\u00e5ret mot splitting og h\u00e5ret f\u00e5r n\u00e6ring. Tetthet og elastisitet gjenopprettes, noe som g\u00e5r tapt n\u00e5r man bruker varmeenheter. Aktive ingredienser: hvitleire og kakao-olje.<br \/>\nKUN TIL PROFESJONELL BRUK!<\/p>","protected":false},"featured_media":988041,"comment_status":"closed","ping_status":"closed","template":"","meta":[],"product_brand":[],"product_cat":[147],"product_tag":[],"class_list":{"0":"post-988040","1":"product","2":"type-product","3":"status-publish","4":"has-post-thumbnail","6":"product_cat-for-profesjonelle","8":"first","9":"instock","10":"shipping-taxable","11":"product-type-simple"},"yoast_head":"<!-- This site is optimized with the Yoast SEO plugin v27.1.1 - https:\/\/yoast.com\/product\/yoast-seo-wordpress\/ -->\n<title>Moroccan keratinrettingssystem - INOAR - H\u00e5rpleiespesialist<\/title>\n<meta name=\"robots\" content=\"index, follow, max-snippet:-1, max-image-preview:large, max-video-preview:-1\" \/>\n<link rel=\"canonical\" href=\"https:\/\/inoar.no\/en\/product\/moroccan-keratinrettingssystem\/\" \/>\n<meta property=\"og:locale\" content=\"en_US\" \/>\n<meta property=\"og:type\" content=\"article\" \/>\n<meta property=\"og:title\" content=\"Moroccan keratinrettingssystem - INOAR - H\u00e5rpleiespesialist\" \/>\n<meta property=\"og:description\" content=\"AUTENTISK KERATINPROSEDYRE FRA BRASIL INOAR Moroccan er et verdenskjent keratinrettingssystem, som har revolusjonert skj\u00f8nnhetsindustrien. Produktene reduserer brusete og b\u00f8lgete h\u00e5r med opptil 80 %, gjenoppretter fuktighet og silkemykhet. Keratinformelen til INOAR Moroccan er beriket med hvitleire og kakao-olje, noe som gir dyp fuktighet og glatthet til h\u00e5ret. De aktive ingrediensene skaper en fantastisk h\u00e5rtransformasjon og gjenoppretter h\u00e5rets naturlige skj\u00f8nnhet. H\u00e5ret blir glatt, mykt og skinnende etter prosedyren. Fra n\u00e5 av kan dy nyte ultra-luksuri\u00f8st h\u00e5r som krever minimal innsats. H\u00e5rpleierutinen blir mye kortere og enklere etter denne keratinprosedyren samtidig som h\u00e5ret blir mye enklere \u00e5 kamme og h\u00e5rtuppene floker seg ikke. H\u00e5ret blir ikke p\u00e5virket av v\u00e6rforhold, kr\u00f8ller seg ikke i fuktig luft og blir ikke elektrisk. Produktene passer ved behov for h\u00e5rpleie og effekten varer i opptil 4 m\u00e5neder. DEN F\u00d8RSTE. BANEBRYTENDE. DEN ENESTE. EGENSKAPER: glatter ut h\u00e5ret med opptil 60-80 %, reduserer brusete h\u00e5r med opptil 95 %, glatter flokete og uh\u00e5ndterlig h\u00e5r, gir dyp fuktighet, n\u00e6ring og silkemykhet. Produktene gjenoppretter naturlig fuktighetsbalanse og er spesielt egnet til farget og kjemisk behandlet h\u00e5r. H\u00c5RET KAN VASKES ALLEREDE DEN SAMME DAGEN! INOAR Maroccan er egnet til tynt, middels-tykt, b\u00f8lgete og brusete h\u00e5r. Prosedyren forbedrer tilstanden til h\u00e5roverflaten, styrker h\u00e5ret og forhindrer at det t\u00f8rker ut. Takket v\u00e6re den forbedrede formelen og unike ingredienser, har keratinen i Maroccan-produktene dyp fuktighetsgivende effekt. De aktive ingrediensene beskytter h\u00e5ret mot splitting og h\u00e5ret f\u00e5r n\u00e6ring. Tetthet og elastisitet gjenopprettes, noe som g\u00e5r tapt n\u00e5r man bruker varmeenheter. Aktive ingredienser: hvitleire og kakao-olje. KUN TIL PROFESJONELL BRUK!\" \/>\n<meta property=\"og:url\" content=\"https:\/\/inoar.no\/en\/product\/moroccan-keratinrettingssystem\/\" \/>\n<meta property=\"og:site_name\" content=\"INOAR - H\u00e5rpleiespesialist\" \/>\n<meta property=\"article:modified_time\" content=\"2022-11-16T11:19:23+00:00\" \/>\n<meta property=\"og:image\" content=\"https:\/\/inoar.no\/wp-content\/uploads\/2022\/04\/Moroccan-keratinrettingssystem.jpg\" \/>\n\t<meta property=\"og:image:width\" content=\"500\" \/>\n\t<meta property=\"og:image:height\" content=\"500\" \/>\n\t<meta property=\"og:image:type\" content=\"image\/jpeg\" \/>\n<meta name=\"twitter:card\" content=\"summary_large_image\" \/>\n<script type=\"application\/ld+json\" class=\"yoast-schema-graph\">{\"@context\":\"https:\/\/schema.org\",\"@graph\":[{\"@type\":\"WebPage\",\"@id\":\"https:\/\/inoar.no\/product\/moroccan-keratinrettingssystem\/\",\"url\":\"https:\/\/inoar.no\/product\/moroccan-keratinrettingssystem\/\",\"name\":\"Moroccan keratinrettingssystem - INOAR - H\u00e5rpleiespesialist\",\"isPartOf\":{\"@id\":\"https:\/\/inoar.no\/#website\"},\"primaryImageOfPage\":{\"@id\":\"https:\/\/inoar.no\/product\/moroccan-keratinrettingssystem\/#primaryimage\"},\"image\":{\"@id\":\"https:\/\/inoar.no\/product\/moroccan-keratinrettingssystem\/#primaryimage\"},\"thumbnailUrl\":\"https:\/\/inoar.no\/wp-content\/uploads\/2022\/04\/Moroccan-keratinrettingssystem.jpg\",\"datePublished\":\"2022-04-22T11:39:41+00:00\",\"dateModified\":\"2022-11-16T11:19:23+00:00\",\"breadcrumb\":{\"@id\":\"https:\/\/inoar.no\/product\/moroccan-keratinrettingssystem\/#breadcrumb\"},\"inLanguage\":\"en-US\",\"potentialAction\":[{\"@type\":\"ReadAction\",\"target\":[\"https:\/\/inoar.no\/product\/moroccan-keratinrettingssystem\/\"]}]},{\"@type\":\"ImageObject\",\"inLanguage\":\"en-US\",\"@id\":\"https:\/\/inoar.no\/product\/moroccan-keratinrettingssystem\/#primaryimage\",\"url\":\"https:\/\/inoar.no\/wp-content\/uploads\/2022\/04\/Moroccan-keratinrettingssystem.jpg\",\"contentUrl\":\"https:\/\/inoar.no\/wp-content\/uploads\/2022\/04\/Moroccan-keratinrettingssystem.jpg\",\"width\":500,\"height\":500},{\"@type\":\"BreadcrumbList\",\"@id\":\"https:\/\/inoar.no\/product\/moroccan-keratinrettingssystem\/#breadcrumb\",\"itemListElement\":[{\"@type\":\"ListItem\",\"position\":1,\"name\":\"Home\",\"item\":\"https:\/\/inoar.no\/\"},{\"@type\":\"ListItem\",\"position\":2,\"name\":\"Butikk\",\"item\":\"https:\/\/inoar.no\/butikk\/\"},{\"@type\":\"ListItem\",\"position\":3,\"name\":\"Moroccan keratinrettingssystem\"}]},{\"@type\":\"WebSite\",\"@id\":\"https:\/\/inoar.no\/#website\",\"url\":\"https:\/\/inoar.no\/\",\"name\":\"INOAR - H\u00e5rpleiespesialist\",\"description\":\"H\u00e5rpleiespesialist\",\"publisher\":{\"@id\":\"https:\/\/inoar.no\/#organization\"},\"potentialAction\":[{\"@type\":\"SearchAction\",\"target\":{\"@type\":\"EntryPoint\",\"urlTemplate\":\"https:\/\/inoar.no\/?s={search_term_string}\"},\"query-input\":{\"@type\":\"PropertyValueSpecification\",\"valueRequired\":true,\"valueName\":\"search_term_string\"}}],\"inLanguage\":\"en-US\"},{\"@type\":\"Organization\",\"@id\":\"https:\/\/inoar.no\/#organization\",\"name\":\"INOAR - H\u00e5rpleiespesialist\",\"url\":\"https:\/\/inoar.no\/\",\"logo\":{\"@type\":\"ImageObject\",\"inLanguage\":\"en-US\",\"@id\":\"https:\/\/inoar.no\/#\/schema\/logo\/image\/\",\"url\":\"https:\/\/inoar.no\/wp-content\/uploads\/2022\/03\/favicon.png\",\"contentUrl\":\"https:\/\/inoar.no\/wp-content\/uploads\/2022\/03\/favicon.png\",\"width\":512,\"height\":512,\"caption\":\"INOAR - H\u00e5rpleiespesialist\"},\"image\":{\"@id\":\"https:\/\/inoar.no\/#\/schema\/logo\/image\/\"}}]}<\/script>\n<!-- \/ Yoast SEO plugin. -->","yoast_head_json":{"title":"Moroccan keratinrettingssystem - INOAR - H\u00e5rpleiespesialist","robots":{"index":"index","follow":"follow","max-snippet":"max-snippet:-1","max-image-preview":"max-image-preview:large","max-video-preview":"max-video-preview:-1"},"canonical":"https:\/\/inoar.no\/en\/product\/moroccan-keratinrettingssystem\/","og_locale":"en_US","og_type":"article","og_title":"Moroccan keratinrettingssystem - INOAR - H\u00e5rpleiespesialist","og_description":"AUTENTISK KERATINPROSEDYRE FRA BRASIL INOAR Moroccan er et verdenskjent keratinrettingssystem, som har revolusjonert skj\u00f8nnhetsindustrien. Produktene reduserer brusete og b\u00f8lgete h\u00e5r med opptil 80 %, gjenoppretter fuktighet og silkemykhet. Keratinformelen til INOAR Moroccan er beriket med hvitleire og kakao-olje, noe som gir dyp fuktighet og glatthet til h\u00e5ret. De aktive ingrediensene skaper en fantastisk h\u00e5rtransformasjon og gjenoppretter h\u00e5rets naturlige skj\u00f8nnhet. H\u00e5ret blir glatt, mykt og skinnende etter prosedyren. Fra n\u00e5 av kan dy nyte ultra-luksuri\u00f8st h\u00e5r som krever minimal innsats. H\u00e5rpleierutinen blir mye kortere og enklere etter denne keratinprosedyren samtidig som h\u00e5ret blir mye enklere \u00e5 kamme og h\u00e5rtuppene floker seg ikke. H\u00e5ret blir ikke p\u00e5virket av v\u00e6rforhold, kr\u00f8ller seg ikke i fuktig luft og blir ikke elektrisk. Produktene passer ved behov for h\u00e5rpleie og effekten varer i opptil 4 m\u00e5neder. DEN F\u00d8RSTE. BANEBRYTENDE. DEN ENESTE. EGENSKAPER: glatter ut h\u00e5ret med opptil 60-80 %, reduserer brusete h\u00e5r med opptil 95 %, glatter flokete og uh\u00e5ndterlig h\u00e5r, gir dyp fuktighet, n\u00e6ring og silkemykhet. Produktene gjenoppretter naturlig fuktighetsbalanse og er spesielt egnet til farget og kjemisk behandlet h\u00e5r. H\u00c5RET KAN VASKES ALLEREDE DEN SAMME DAGEN! INOAR Maroccan er egnet til tynt, middels-tykt, b\u00f8lgete og brusete h\u00e5r. Prosedyren forbedrer tilstanden til h\u00e5roverflaten, styrker h\u00e5ret og forhindrer at det t\u00f8rker ut. Takket v\u00e6re den forbedrede formelen og unike ingredienser, har keratinen i Maroccan-produktene dyp fuktighetsgivende effekt. De aktive ingrediensene beskytter h\u00e5ret mot splitting og h\u00e5ret f\u00e5r n\u00e6ring. Tetthet og elastisitet gjenopprettes, noe som g\u00e5r tapt n\u00e5r man bruker varmeenheter. Aktive ingredienser: hvitleire og kakao-olje. KUN TIL PROFESJONELL BRUK!","og_url":"https:\/\/inoar.no\/en\/product\/moroccan-keratinrettingssystem\/","og_site_name":"INOAR - H\u00e5rpleiespesialist","article_modified_time":"2022-11-16T11:19:23+00:00","og_image":[{"width":500,"height":500,"url":"https:\/\/inoar.no\/wp-content\/uploads\/2022\/04\/Moroccan-keratinrettingssystem.jpg","type":"image\/jpeg"}],"twitter_card":"summary_large_image","schema":{"@context":"https:\/\/schema.org","@graph":[{"@type":"WebPage","@id":"https:\/\/inoar.no\/product\/moroccan-keratinrettingssystem\/","url":"https:\/\/inoar.no\/product\/moroccan-keratinrettingssystem\/","name":"Moroccan keratinrettingssystem - INOAR - H\u00e5rpleiespesialist","isPartOf":{"@id":"https:\/\/inoar.no\/#website"},"primaryImageOfPage":{"@id":"https:\/\/inoar.no\/product\/moroccan-keratinrettingssystem\/#primaryimage"},"image":{"@id":"https:\/\/inoar.no\/product\/moroccan-keratinrettingssystem\/#primaryimage"},"thumbnailUrl":"https:\/\/inoar.no\/wp-content\/uploads\/2022\/04\/Moroccan-keratinrettingssystem.jpg","datePublished":"2022-04-22T11:39:41+00:00","dateModified":"2022-11-16T11:19:23+00:00","breadcrumb":{"@id":"https:\/\/inoar.no\/product\/moroccan-keratinrettingssystem\/#breadcrumb"},"inLanguage":"en-US","potentialAction":[{"@type":"ReadAction","target":["https:\/\/inoar.no\/product\/moroccan-keratinrettingssystem\/"]}]},{"@type":"ImageObject","inLanguage":"en-US","@id":"https:\/\/inoar.no\/product\/moroccan-keratinrettingssystem\/#primaryimage","url":"https:\/\/inoar.no\/wp-content\/uploads\/2022\/04\/Moroccan-keratinrettingssystem.jpg","contentUrl":"https:\/\/inoar.no\/wp-content\/uploads\/2022\/04\/Moroccan-keratinrettingssystem.jpg","width":500,"height":500},{"@type":"BreadcrumbList","@id":"https:\/\/inoar.no\/product\/moroccan-keratinrettingssystem\/#breadcrumb","itemListElement":[{"@type":"ListItem","position":1,"name":"Home","item":"https:\/\/inoar.no\/"},{"@type":"ListItem","position":2,"name":"Butikk","item":"https:\/\/inoar.no\/butikk\/"},{"@type":"ListItem","position":3,"name":"Moroccan keratinrettingssystem"}]},{"@type":"WebSite","@id":"https:\/\/inoar.no\/#website","url":"https:\/\/inoar.no\/","name":"INOAR - H\u00e5rpleiespesialist","description":"H\u00e5rpleiespesialist","publisher":{"@id":"https:\/\/inoar.no\/#organization"},"potentialAction":[{"@type":"SearchAction","target":{"@type":"EntryPoint","urlTemplate":"https:\/\/inoar.no\/?s={search_term_string}"},"query-input":{"@type":"PropertyValueSpecification","valueRequired":true,"valueName":"search_term_string"}}],"inLanguage":"en-US"},{"@type":"Organization","@id":"https:\/\/inoar.no\/#organization","name":"INOAR - H\u00e5rpleiespesialist","url":"https:\/\/inoar.no\/","logo":{"@type":"ImageObject","inLanguage":"en-US","@id":"https:\/\/inoar.no\/#\/schema\/logo\/image\/","url":"https:\/\/inoar.no\/wp-content\/uploads\/2022\/03\/favicon.png","contentUrl":"https:\/\/inoar.no\/wp-content\/uploads\/2022\/03\/favicon.png","width":512,"height":512,"caption":"INOAR - H\u00e5rpleiespesialist"},"image":{"@id":"https:\/\/inoar.no\/#\/schema\/logo\/image\/"}}]}},"_links":{"self":[{"href":"https:\/\/inoar.no\/en\/wp-json\/wp\/v2\/product\/988040","targetHints":{"allow":["GET"]}}],"collection":[{"href":"https:\/\/inoar.no\/en\/wp-json\/wp\/v2\/product"}],"about":[{"href":"https:\/\/inoar.no\/en\/wp-json\/wp\/v2\/types\/product"}],"replies":[{"embeddable":true,"href":"https:\/\/inoar.no\/en\/wp-json\/wp\/v2\/comments?post=988040"}],"version-history":[{"count":1,"href":"https:\/\/inoar.no\/en\/wp-json\/wp\/v2\/product\/988040\/revisions"}],"predecessor-version":[{"id":988872,"href":"https:\/\/inoar.no\/en\/wp-json\/wp\/v2\/product\/988040\/revisions\/988872"}],"wp:featuredmedia":[{"embeddable":true,"href":"https:\/\/inoar.no\/en\/wp-json\/wp\/v2\/media\/988041"}],"wp:attachment":[{"href":"https:\/\/inoar.no\/en\/wp-json\/wp\/v2\/media?parent=988040"}],"wp:term":[{"taxonomy":"product_brand","embeddable":true,"href":"https:\/\/inoar.no\/en\/wp-json\/wp\/v2\/product_brand?post=988040"},{"taxonomy":"product_cat","embeddable":true,"href":"https:\/\/inoar.no\/en\/wp-json\/wp\/v2\/product_cat?post=988040"},{"taxonomy":"product_tag","embeddable":true,"href":"https:\/\/inoar.no\/en\/wp-json\/wp\/v2\/product_tag?post=988040"}],"curies":[{"name":"wp","href":"https:\/\/api.w.org\/{rel}","templated":true}]}}