{"id":988028,"date":"2022-04-22T08:59:26","date_gmt":"2022-04-22T06:59:26","guid":{"rendered":"https:\/\/inoar.no\/?post_type=product&#038;p=988028"},"modified":"2022-05-04T20:26:22","modified_gmt":"2022-05-04T18:26:22","slug":"botohair-system","status":"publish","type":"product","link":"https:\/\/inoar.no\/en\/product\/botohair-system\/","title":{"rendered":"BotoHAIR system"},"content":{"rendered":"","protected":false},"excerpt":{"rendered":"<p>EN FLOTT L\u00d8SNING FOR \u00c5 REDUSERE BRUSETE H\u00c5R<br \/>\nBotoHAIR er et system med en unik formell som fyller ut ujevnheter p\u00e5 h\u00e5rets overflate og skaper et beskyttende lag for \u00e5 dekke h\u00e5rets fiberlag (korteks). Den innovative formelen er fylt med proteiner og n\u00e6ringsstoffer som gir glans og luksuri\u00f8s silkemykhet. Produktet er en flott l\u00f8sning for \u00e5 redusere brusete h\u00e5r, sprekker, splittede h\u00e5rtupper og t\u00f8rrhet. BotoHair forbedrer ogs\u00e5 strukturen p\u00e5 b\u00f8lgete og kr\u00f8llete h\u00e5r, noe som gj\u00f8r h\u00e5ret lettere \u00e5 h\u00e5ndtere.<br \/>\nEGENSKAPER: reduserer brusete h\u00e5r med opptil 60-80 %, reduserer h\u00e5rb\u00f8lgene med 30 %, gjenoppretter naturlig fuktighetsbalanse, gjenoppretter den tapte mengden av keratin i h\u00e5rstrukturen, gjenoppretter proteinbalansen, h\u00e5ret blir lettere \u00e5 h\u00e5ndtere, gjenoppretter den tapte glansen og mykheten, glatter h\u00e5ret ut, forlenger effekten etter behandling med keratin, tynger ikke h\u00e5rr\u00f8ttene ned. Resultat: glatte og skinnende h\u00e5r i opptil 6 uker.<br \/>\nH\u00c5R KAN VASKES ALLEREDE DEN SAMME DAGEN! BotoHair-settet tilf\u00f8rer spesielt mye fuktighet og gjenoppretter h\u00e5ret. Produktet inneholder ekstra mengde med keratin, som s\u00f8rger for \u00e5 gj\u00f8re h\u00e5ret sterkere lukke skjellaget. Soya-, hvete- og silkeproteiner bidrar med \u00e5 gi h\u00e5ret fuktighet og n\u00e6ring. Den hydrolyserte keratinen i BotoHAIR fyller ut selv de minste h\u00e5rsprekkene. Produktene gj\u00f8r h\u00e5ret glattere uten \u00e5 tyngre h\u00e5rr\u00f8ttene ned, dermed er prosedyren egnet til alle h\u00e5rlengder: b\u00e5de korte og lange.<br \/>\nAktive ingredienser: kolagen, hydrolisert keratin, argan- og macadamia-oljer.<br \/>\nKUN TIL PROFESJONELL BRUK!<\/p>","protected":false},"featured_media":988029,"comment_status":"closed","ping_status":"closed","template":"","meta":[],"product_brand":[],"product_cat":[147],"product_tag":[],"class_list":{"0":"post-988028","1":"product","2":"type-product","3":"status-publish","4":"has-post-thumbnail","6":"product_cat-for-profesjonelle","8":"first","9":"instock","10":"shipping-taxable","11":"product-type-simple"},"yoast_head":"<!-- This site is optimized with the Yoast SEO plugin v27.1.1 - https:\/\/yoast.com\/product\/yoast-seo-wordpress\/ -->\n<title>BotoHAIR system - INOAR - H\u00e5rpleiespesialist<\/title>\n<meta name=\"robots\" content=\"index, follow, max-snippet:-1, max-image-preview:large, max-video-preview:-1\" \/>\n<link rel=\"canonical\" href=\"https:\/\/inoar.no\/en\/product\/botohair-system\/\" \/>\n<meta property=\"og:locale\" content=\"en_US\" \/>\n<meta property=\"og:type\" content=\"article\" \/>\n<meta property=\"og:title\" content=\"BotoHAIR system - INOAR - H\u00e5rpleiespesialist\" \/>\n<meta property=\"og:description\" content=\"EN FLOTT L\u00d8SNING FOR \u00c5 REDUSERE BRUSETE H\u00c5R BotoHAIR er et system med en unik formell som fyller ut ujevnheter p\u00e5 h\u00e5rets overflate og skaper et beskyttende lag for \u00e5 dekke h\u00e5rets fiberlag (korteks). Den innovative formelen er fylt med proteiner og n\u00e6ringsstoffer som gir glans og luksuri\u00f8s silkemykhet. Produktet er en flott l\u00f8sning for \u00e5 redusere brusete h\u00e5r, sprekker, splittede h\u00e5rtupper og t\u00f8rrhet. BotoHair forbedrer ogs\u00e5 strukturen p\u00e5 b\u00f8lgete og kr\u00f8llete h\u00e5r, noe som gj\u00f8r h\u00e5ret lettere \u00e5 h\u00e5ndtere.  EGENSKAPER: reduserer brusete h\u00e5r med opptil 60-80 %, reduserer h\u00e5rb\u00f8lgene med 30 %, gjenoppretter naturlig fuktighetsbalanse, gjenoppretter den tapte mengden av keratin i h\u00e5rstrukturen, gjenoppretter proteinbalansen, h\u00e5ret blir lettere \u00e5 h\u00e5ndtere, gjenoppretter den tapte glansen og mykheten, glatter h\u00e5ret ut, forlenger effekten etter behandling med keratin, tynger ikke h\u00e5rr\u00f8ttene ned. Resultat: glatte og skinnende h\u00e5r i opptil 6 uker. H\u00c5R KAN VASKES ALLEREDE DEN SAMME DAGEN! BotoHair-settet tilf\u00f8rer spesielt mye fuktighet og gjenoppretter h\u00e5ret. Produktet inneholder ekstra mengde med keratin, som s\u00f8rger for \u00e5 gj\u00f8re h\u00e5ret sterkere lukke skjellaget. Soya-, hvete- og silkeproteiner bidrar med \u00e5 gi h\u00e5ret fuktighet og n\u00e6ring. Den hydrolyserte keratinen i BotoHAIR fyller ut selv de minste h\u00e5rsprekkene. Produktene gj\u00f8r h\u00e5ret glattere uten \u00e5 tyngre h\u00e5rr\u00f8ttene ned, dermed er prosedyren egnet til alle h\u00e5rlengder: b\u00e5de korte og lange.  Aktive ingredienser: kolagen, hydrolisert keratin, argan- og macadamia-oljer.  KUN TIL PROFESJONELL BRUK!\" \/>\n<meta property=\"og:url\" content=\"https:\/\/inoar.no\/en\/product\/botohair-system\/\" \/>\n<meta property=\"og:site_name\" content=\"INOAR - H\u00e5rpleiespesialist\" \/>\n<meta property=\"article:modified_time\" content=\"2022-05-04T18:26:22+00:00\" \/>\n<meta property=\"og:image\" content=\"https:\/\/inoar.no\/wp-content\/uploads\/2022\/04\/BotoHAIR-system.png\" \/>\n\t<meta property=\"og:image:width\" content=\"1134\" \/>\n\t<meta property=\"og:image:height\" content=\"1134\" \/>\n\t<meta property=\"og:image:type\" content=\"image\/png\" \/>\n<meta name=\"twitter:card\" content=\"summary_large_image\" \/>\n<script type=\"application\/ld+json\" class=\"yoast-schema-graph\">{\"@context\":\"https:\/\/schema.org\",\"@graph\":[{\"@type\":\"WebPage\",\"@id\":\"https:\/\/inoar.no\/product\/botohair-system\/\",\"url\":\"https:\/\/inoar.no\/product\/botohair-system\/\",\"name\":\"BotoHAIR system - INOAR - H\u00e5rpleiespesialist\",\"isPartOf\":{\"@id\":\"https:\/\/inoar.no\/#website\"},\"primaryImageOfPage\":{\"@id\":\"https:\/\/inoar.no\/product\/botohair-system\/#primaryimage\"},\"image\":{\"@id\":\"https:\/\/inoar.no\/product\/botohair-system\/#primaryimage\"},\"thumbnailUrl\":\"https:\/\/inoar.no\/wp-content\/uploads\/2022\/04\/BotoHAIR-system.png\",\"datePublished\":\"2022-04-22T06:59:26+00:00\",\"dateModified\":\"2022-05-04T18:26:22+00:00\",\"breadcrumb\":{\"@id\":\"https:\/\/inoar.no\/product\/botohair-system\/#breadcrumb\"},\"inLanguage\":\"en-US\",\"potentialAction\":[{\"@type\":\"ReadAction\",\"target\":[\"https:\/\/inoar.no\/product\/botohair-system\/\"]}]},{\"@type\":\"ImageObject\",\"inLanguage\":\"en-US\",\"@id\":\"https:\/\/inoar.no\/product\/botohair-system\/#primaryimage\",\"url\":\"https:\/\/inoar.no\/wp-content\/uploads\/2022\/04\/BotoHAIR-system.png\",\"contentUrl\":\"https:\/\/inoar.no\/wp-content\/uploads\/2022\/04\/BotoHAIR-system.png\",\"width\":1134,\"height\":1134},{\"@type\":\"BreadcrumbList\",\"@id\":\"https:\/\/inoar.no\/product\/botohair-system\/#breadcrumb\",\"itemListElement\":[{\"@type\":\"ListItem\",\"position\":1,\"name\":\"Home\",\"item\":\"https:\/\/inoar.no\/\"},{\"@type\":\"ListItem\",\"position\":2,\"name\":\"Butikk\",\"item\":\"https:\/\/inoar.no\/butikk\/\"},{\"@type\":\"ListItem\",\"position\":3,\"name\":\"BotoHAIR system\"}]},{\"@type\":\"WebSite\",\"@id\":\"https:\/\/inoar.no\/#website\",\"url\":\"https:\/\/inoar.no\/\",\"name\":\"INOAR - H\u00e5rpleiespesialist\",\"description\":\"H\u00e5rpleiespesialist\",\"publisher\":{\"@id\":\"https:\/\/inoar.no\/#organization\"},\"potentialAction\":[{\"@type\":\"SearchAction\",\"target\":{\"@type\":\"EntryPoint\",\"urlTemplate\":\"https:\/\/inoar.no\/?s={search_term_string}\"},\"query-input\":{\"@type\":\"PropertyValueSpecification\",\"valueRequired\":true,\"valueName\":\"search_term_string\"}}],\"inLanguage\":\"en-US\"},{\"@type\":\"Organization\",\"@id\":\"https:\/\/inoar.no\/#organization\",\"name\":\"INOAR - H\u00e5rpleiespesialist\",\"url\":\"https:\/\/inoar.no\/\",\"logo\":{\"@type\":\"ImageObject\",\"inLanguage\":\"en-US\",\"@id\":\"https:\/\/inoar.no\/#\/schema\/logo\/image\/\",\"url\":\"https:\/\/inoar.no\/wp-content\/uploads\/2022\/03\/favicon.png\",\"contentUrl\":\"https:\/\/inoar.no\/wp-content\/uploads\/2022\/03\/favicon.png\",\"width\":512,\"height\":512,\"caption\":\"INOAR - H\u00e5rpleiespesialist\"},\"image\":{\"@id\":\"https:\/\/inoar.no\/#\/schema\/logo\/image\/\"}}]}<\/script>\n<!-- \/ Yoast SEO plugin. -->","yoast_head_json":{"title":"BotoHAIR system - INOAR - H\u00e5rpleiespesialist","robots":{"index":"index","follow":"follow","max-snippet":"max-snippet:-1","max-image-preview":"max-image-preview:large","max-video-preview":"max-video-preview:-1"},"canonical":"https:\/\/inoar.no\/en\/product\/botohair-system\/","og_locale":"en_US","og_type":"article","og_title":"BotoHAIR system - INOAR - H\u00e5rpleiespesialist","og_description":"EN FLOTT L\u00d8SNING FOR \u00c5 REDUSERE BRUSETE H\u00c5R BotoHAIR er et system med en unik formell som fyller ut ujevnheter p\u00e5 h\u00e5rets overflate og skaper et beskyttende lag for \u00e5 dekke h\u00e5rets fiberlag (korteks). Den innovative formelen er fylt med proteiner og n\u00e6ringsstoffer som gir glans og luksuri\u00f8s silkemykhet. Produktet er en flott l\u00f8sning for \u00e5 redusere brusete h\u00e5r, sprekker, splittede h\u00e5rtupper og t\u00f8rrhet. BotoHair forbedrer ogs\u00e5 strukturen p\u00e5 b\u00f8lgete og kr\u00f8llete h\u00e5r, noe som gj\u00f8r h\u00e5ret lettere \u00e5 h\u00e5ndtere.  EGENSKAPER: reduserer brusete h\u00e5r med opptil 60-80 %, reduserer h\u00e5rb\u00f8lgene med 30 %, gjenoppretter naturlig fuktighetsbalanse, gjenoppretter den tapte mengden av keratin i h\u00e5rstrukturen, gjenoppretter proteinbalansen, h\u00e5ret blir lettere \u00e5 h\u00e5ndtere, gjenoppretter den tapte glansen og mykheten, glatter h\u00e5ret ut, forlenger effekten etter behandling med keratin, tynger ikke h\u00e5rr\u00f8ttene ned. Resultat: glatte og skinnende h\u00e5r i opptil 6 uker. H\u00c5R KAN VASKES ALLEREDE DEN SAMME DAGEN! BotoHair-settet tilf\u00f8rer spesielt mye fuktighet og gjenoppretter h\u00e5ret. Produktet inneholder ekstra mengde med keratin, som s\u00f8rger for \u00e5 gj\u00f8re h\u00e5ret sterkere lukke skjellaget. Soya-, hvete- og silkeproteiner bidrar med \u00e5 gi h\u00e5ret fuktighet og n\u00e6ring. Den hydrolyserte keratinen i BotoHAIR fyller ut selv de minste h\u00e5rsprekkene. Produktene gj\u00f8r h\u00e5ret glattere uten \u00e5 tyngre h\u00e5rr\u00f8ttene ned, dermed er prosedyren egnet til alle h\u00e5rlengder: b\u00e5de korte og lange.  Aktive ingredienser: kolagen, hydrolisert keratin, argan- og macadamia-oljer.  KUN TIL PROFESJONELL BRUK!","og_url":"https:\/\/inoar.no\/en\/product\/botohair-system\/","og_site_name":"INOAR - H\u00e5rpleiespesialist","article_modified_time":"2022-05-04T18:26:22+00:00","og_image":[{"width":1134,"height":1134,"url":"https:\/\/inoar.no\/wp-content\/uploads\/2022\/04\/BotoHAIR-system.png","type":"image\/png"}],"twitter_card":"summary_large_image","schema":{"@context":"https:\/\/schema.org","@graph":[{"@type":"WebPage","@id":"https:\/\/inoar.no\/product\/botohair-system\/","url":"https:\/\/inoar.no\/product\/botohair-system\/","name":"BotoHAIR system - INOAR - H\u00e5rpleiespesialist","isPartOf":{"@id":"https:\/\/inoar.no\/#website"},"primaryImageOfPage":{"@id":"https:\/\/inoar.no\/product\/botohair-system\/#primaryimage"},"image":{"@id":"https:\/\/inoar.no\/product\/botohair-system\/#primaryimage"},"thumbnailUrl":"https:\/\/inoar.no\/wp-content\/uploads\/2022\/04\/BotoHAIR-system.png","datePublished":"2022-04-22T06:59:26+00:00","dateModified":"2022-05-04T18:26:22+00:00","breadcrumb":{"@id":"https:\/\/inoar.no\/product\/botohair-system\/#breadcrumb"},"inLanguage":"en-US","potentialAction":[{"@type":"ReadAction","target":["https:\/\/inoar.no\/product\/botohair-system\/"]}]},{"@type":"ImageObject","inLanguage":"en-US","@id":"https:\/\/inoar.no\/product\/botohair-system\/#primaryimage","url":"https:\/\/inoar.no\/wp-content\/uploads\/2022\/04\/BotoHAIR-system.png","contentUrl":"https:\/\/inoar.no\/wp-content\/uploads\/2022\/04\/BotoHAIR-system.png","width":1134,"height":1134},{"@type":"BreadcrumbList","@id":"https:\/\/inoar.no\/product\/botohair-system\/#breadcrumb","itemListElement":[{"@type":"ListItem","position":1,"name":"Home","item":"https:\/\/inoar.no\/"},{"@type":"ListItem","position":2,"name":"Butikk","item":"https:\/\/inoar.no\/butikk\/"},{"@type":"ListItem","position":3,"name":"BotoHAIR system"}]},{"@type":"WebSite","@id":"https:\/\/inoar.no\/#website","url":"https:\/\/inoar.no\/","name":"INOAR - H\u00e5rpleiespesialist","description":"H\u00e5rpleiespesialist","publisher":{"@id":"https:\/\/inoar.no\/#organization"},"potentialAction":[{"@type":"SearchAction","target":{"@type":"EntryPoint","urlTemplate":"https:\/\/inoar.no\/?s={search_term_string}"},"query-input":{"@type":"PropertyValueSpecification","valueRequired":true,"valueName":"search_term_string"}}],"inLanguage":"en-US"},{"@type":"Organization","@id":"https:\/\/inoar.no\/#organization","name":"INOAR - H\u00e5rpleiespesialist","url":"https:\/\/inoar.no\/","logo":{"@type":"ImageObject","inLanguage":"en-US","@id":"https:\/\/inoar.no\/#\/schema\/logo\/image\/","url":"https:\/\/inoar.no\/wp-content\/uploads\/2022\/03\/favicon.png","contentUrl":"https:\/\/inoar.no\/wp-content\/uploads\/2022\/03\/favicon.png","width":512,"height":512,"caption":"INOAR - H\u00e5rpleiespesialist"},"image":{"@id":"https:\/\/inoar.no\/#\/schema\/logo\/image\/"}}]}},"_links":{"self":[{"href":"https:\/\/inoar.no\/en\/wp-json\/wp\/v2\/product\/988028","targetHints":{"allow":["GET"]}}],"collection":[{"href":"https:\/\/inoar.no\/en\/wp-json\/wp\/v2\/product"}],"about":[{"href":"https:\/\/inoar.no\/en\/wp-json\/wp\/v2\/types\/product"}],"replies":[{"embeddable":true,"href":"https:\/\/inoar.no\/en\/wp-json\/wp\/v2\/comments?post=988028"}],"version-history":[{"count":1,"href":"https:\/\/inoar.no\/en\/wp-json\/wp\/v2\/product\/988028\/revisions"}],"predecessor-version":[{"id":989383,"href":"https:\/\/inoar.no\/en\/wp-json\/wp\/v2\/product\/988028\/revisions\/989383"}],"wp:featuredmedia":[{"embeddable":true,"href":"https:\/\/inoar.no\/en\/wp-json\/wp\/v2\/media\/988029"}],"wp:attachment":[{"href":"https:\/\/inoar.no\/en\/wp-json\/wp\/v2\/media?parent=988028"}],"wp:term":[{"taxonomy":"product_brand","embeddable":true,"href":"https:\/\/inoar.no\/en\/wp-json\/wp\/v2\/product_brand?post=988028"},{"taxonomy":"product_cat","embeddable":true,"href":"https:\/\/inoar.no\/en\/wp-json\/wp\/v2\/product_cat?post=988028"},{"taxonomy":"product_tag","embeddable":true,"href":"https:\/\/inoar.no\/en\/wp-json\/wp\/v2\/product_tag?post=988028"}],"curies":[{"name":"wp","href":"https:\/\/api.w.org\/{rel}","templated":true}]}}