{"id":988011,"date":"2022-04-21T20:31:28","date_gmt":"2022-04-21T18:31:28","guid":{"rendered":"https:\/\/inoar.no\/?post_type=product&#038;p=988011"},"modified":"2022-11-18T16:28:37","modified_gmt":"2022-11-18T15:28:37","slug":"daymoist-sjampo-og-balsam","status":"publish","type":"product","link":"https:\/\/inoar.no\/en\/product\/daymoist-sjampo-og-balsam\/","title":{"rendered":"Daymoist-sjampo og balsam"},"content":{"rendered":"","protected":false},"excerpt":{"rendered":"<p>Si farvel til skadet og svakt h\u00e5r! Daymoist produkter vil gi maksimalt med n\u00e6ring og mykhetsf\u00f8lelse for h\u00e5ret ditt. Sjampoen \u00f8ker h\u00e5rets elastisitet, beskytter fargen mot falming og forbereder h\u00e5ret for bruk av varmeverkt\u00f8y. Regelmessig bruk av sjampoen gj\u00f8r h\u00e5ret lettere \u00e5 kamme. H\u00e5ret f\u00e5r mer glans og fuktighet. Sjampoen endrer ikke p\u00e5 den n\u00e5v\u00e6rende h\u00e5rfargen, og er egnet til daglig bruk. Den eksklusive formelen i balsamen gir dyp fuktighet og gjenoppretter skadet h\u00e5r. Ved regelmessig bruk \u00f8ker h\u00e5rets elastisitet og varmeskadet h\u00e5r f\u00e5r beskyttelse. H\u00e5ret blir lettere \u00e5 kamme, f\u00e5r tilbake sin glans, og h\u00e5rfargen blir synlig mer intens. Indikasjoner: for tykt, middels-tykt, kjemisk behandlet og ekstra-t\u00f8rt h\u00e5r. Aktive ingredienser: ekstrakt fra maisstivelse og r\u00f8dbete. Resultat: h\u00e5ret f\u00e5r dyp fuktighet og beskyttelse mot varmeskader. Settet best\u00e5r av: Daymoist-sjampo 250 ml + Daymoist-balsam 250 ml. Bruk: masser sjampoen i fuktig h\u00e5r, skyll deretter grundig av. Gjenta prosedyren hvis n\u00f8dvendig. Fordel balsam jevnt utover hele h\u00e5ret, la det virke i 5 min, skyll av.<\/p>","protected":false},"featured_media":988012,"comment_status":"closed","ping_status":"closed","template":"","meta":[],"product_brand":[],"product_cat":[152,110,153],"product_tag":[],"class_list":{"0":"post-988011","1":"product","2":"type-product","3":"status-publish","4":"has-post-thumbnail","6":"product_cat-for-skadet-har","7":"product_cat-inoar-daymoist","8":"product_cat-uregjerlig-krusete-har","10":"first","11":"outofstock","12":"shipping-taxable","13":"purchasable","14":"product-type-simple"},"yoast_head":"<!-- This site is optimized with the Yoast SEO plugin v27.1.1 - https:\/\/yoast.com\/product\/yoast-seo-wordpress\/ -->\n<title>Daymoist-sjampo og balsam - INOAR - H\u00e5rpleiespesialist<\/title>\n<meta name=\"robots\" content=\"index, follow, max-snippet:-1, max-image-preview:large, max-video-preview:-1\" \/>\n<link rel=\"canonical\" href=\"https:\/\/inoar.no\/en\/product\/daymoist-sjampo-og-balsam\/\" \/>\n<meta property=\"og:locale\" content=\"en_US\" \/>\n<meta property=\"og:type\" content=\"article\" \/>\n<meta property=\"og:title\" content=\"Daymoist-sjampo og balsam - INOAR - H\u00e5rpleiespesialist\" \/>\n<meta property=\"og:description\" content=\"Si farvel til skadet og svakt h\u00e5r! Daymoist produkter vil gi maksimalt med n\u00e6ring og mykhetsf\u00f8lelse for h\u00e5ret ditt. Sjampoen \u00f8ker h\u00e5rets elastisitet, beskytter fargen mot falming og forbereder h\u00e5ret for bruk av varmeverkt\u00f8y. Regelmessig bruk av sjampoen gj\u00f8r h\u00e5ret lettere \u00e5 kamme. H\u00e5ret f\u00e5r mer glans og fuktighet. Sjampoen endrer ikke p\u00e5 den n\u00e5v\u00e6rende h\u00e5rfargen, og er egnet til daglig bruk. Den eksklusive formelen i balsamen gir dyp fuktighet og gjenoppretter skadet h\u00e5r. Ved regelmessig bruk \u00f8ker h\u00e5rets elastisitet og varmeskadet h\u00e5r f\u00e5r beskyttelse. H\u00e5ret blir lettere \u00e5 kamme, f\u00e5r tilbake sin glans, og h\u00e5rfargen blir synlig mer intens. Indikasjoner: for tykt, middels-tykt, kjemisk behandlet og ekstra-t\u00f8rt h\u00e5r. Aktive ingredienser: ekstrakt fra maisstivelse og r\u00f8dbete. Resultat: h\u00e5ret f\u00e5r dyp fuktighet og beskyttelse mot varmeskader. Settet best\u00e5r av: Daymoist-sjampo 250 ml + Daymoist-balsam 250 ml. Bruk: masser sjampoen i fuktig h\u00e5r, skyll deretter grundig av. Gjenta prosedyren hvis n\u00f8dvendig. Fordel balsam jevnt utover hele h\u00e5ret, la det virke i 5 min, skyll av.\" \/>\n<meta property=\"og:url\" content=\"https:\/\/inoar.no\/en\/product\/daymoist-sjampo-og-balsam\/\" \/>\n<meta property=\"og:site_name\" content=\"INOAR - H\u00e5rpleiespesialist\" \/>\n<meta property=\"article:modified_time\" content=\"2022-11-18T15:28:37+00:00\" \/>\n<meta property=\"og:image\" content=\"https:\/\/inoar.no\/wp-content\/uploads\/2022\/04\/Daymoist-sjampo-og-balsam.jpg\" \/>\n\t<meta property=\"og:image:width\" content=\"960\" \/>\n\t<meta property=\"og:image:height\" content=\"930\" \/>\n\t<meta property=\"og:image:type\" content=\"image\/jpeg\" \/>\n<meta name=\"twitter:card\" content=\"summary_large_image\" \/>\n<script type=\"application\/ld+json\" class=\"yoast-schema-graph\">{\"@context\":\"https:\/\/schema.org\",\"@graph\":[{\"@type\":\"WebPage\",\"@id\":\"https:\/\/inoar.no\/product\/daymoist-sjampo-og-balsam\/\",\"url\":\"https:\/\/inoar.no\/product\/daymoist-sjampo-og-balsam\/\",\"name\":\"Daymoist-sjampo og balsam - INOAR - H\u00e5rpleiespesialist\",\"isPartOf\":{\"@id\":\"https:\/\/inoar.no\/#website\"},\"primaryImageOfPage\":{\"@id\":\"https:\/\/inoar.no\/product\/daymoist-sjampo-og-balsam\/#primaryimage\"},\"image\":{\"@id\":\"https:\/\/inoar.no\/product\/daymoist-sjampo-og-balsam\/#primaryimage\"},\"thumbnailUrl\":\"https:\/\/inoar.no\/wp-content\/uploads\/2022\/04\/Daymoist-sjampo-og-balsam.jpg\",\"datePublished\":\"2022-04-21T18:31:28+00:00\",\"dateModified\":\"2022-11-18T15:28:37+00:00\",\"breadcrumb\":{\"@id\":\"https:\/\/inoar.no\/product\/daymoist-sjampo-og-balsam\/#breadcrumb\"},\"inLanguage\":\"en-US\",\"potentialAction\":[{\"@type\":\"ReadAction\",\"target\":[\"https:\/\/inoar.no\/product\/daymoist-sjampo-og-balsam\/\"]}]},{\"@type\":\"ImageObject\",\"inLanguage\":\"en-US\",\"@id\":\"https:\/\/inoar.no\/product\/daymoist-sjampo-og-balsam\/#primaryimage\",\"url\":\"https:\/\/inoar.no\/wp-content\/uploads\/2022\/04\/Daymoist-sjampo-og-balsam.jpg\",\"contentUrl\":\"https:\/\/inoar.no\/wp-content\/uploads\/2022\/04\/Daymoist-sjampo-og-balsam.jpg\",\"width\":960,\"height\":930},{\"@type\":\"BreadcrumbList\",\"@id\":\"https:\/\/inoar.no\/product\/daymoist-sjampo-og-balsam\/#breadcrumb\",\"itemListElement\":[{\"@type\":\"ListItem\",\"position\":1,\"name\":\"Home\",\"item\":\"https:\/\/inoar.no\/\"},{\"@type\":\"ListItem\",\"position\":2,\"name\":\"Butikk\",\"item\":\"https:\/\/inoar.no\/butikk\/\"},{\"@type\":\"ListItem\",\"position\":3,\"name\":\"Daymoist-sjampo og balsam\"}]},{\"@type\":\"WebSite\",\"@id\":\"https:\/\/inoar.no\/#website\",\"url\":\"https:\/\/inoar.no\/\",\"name\":\"INOAR - H\u00e5rpleiespesialist\",\"description\":\"H\u00e5rpleiespesialist\",\"publisher\":{\"@id\":\"https:\/\/inoar.no\/#organization\"},\"potentialAction\":[{\"@type\":\"SearchAction\",\"target\":{\"@type\":\"EntryPoint\",\"urlTemplate\":\"https:\/\/inoar.no\/?s={search_term_string}\"},\"query-input\":{\"@type\":\"PropertyValueSpecification\",\"valueRequired\":true,\"valueName\":\"search_term_string\"}}],\"inLanguage\":\"en-US\"},{\"@type\":\"Organization\",\"@id\":\"https:\/\/inoar.no\/#organization\",\"name\":\"INOAR - H\u00e5rpleiespesialist\",\"url\":\"https:\/\/inoar.no\/\",\"logo\":{\"@type\":\"ImageObject\",\"inLanguage\":\"en-US\",\"@id\":\"https:\/\/inoar.no\/#\/schema\/logo\/image\/\",\"url\":\"https:\/\/inoar.no\/wp-content\/uploads\/2022\/03\/favicon.png\",\"contentUrl\":\"https:\/\/inoar.no\/wp-content\/uploads\/2022\/03\/favicon.png\",\"width\":512,\"height\":512,\"caption\":\"INOAR - H\u00e5rpleiespesialist\"},\"image\":{\"@id\":\"https:\/\/inoar.no\/#\/schema\/logo\/image\/\"}}]}<\/script>\n<!-- \/ Yoast SEO plugin. -->","yoast_head_json":{"title":"Daymoist-sjampo og balsam - INOAR - H\u00e5rpleiespesialist","robots":{"index":"index","follow":"follow","max-snippet":"max-snippet:-1","max-image-preview":"max-image-preview:large","max-video-preview":"max-video-preview:-1"},"canonical":"https:\/\/inoar.no\/en\/product\/daymoist-sjampo-og-balsam\/","og_locale":"en_US","og_type":"article","og_title":"Daymoist-sjampo og balsam - INOAR - H\u00e5rpleiespesialist","og_description":"Si farvel til skadet og svakt h\u00e5r! Daymoist produkter vil gi maksimalt med n\u00e6ring og mykhetsf\u00f8lelse for h\u00e5ret ditt. Sjampoen \u00f8ker h\u00e5rets elastisitet, beskytter fargen mot falming og forbereder h\u00e5ret for bruk av varmeverkt\u00f8y. Regelmessig bruk av sjampoen gj\u00f8r h\u00e5ret lettere \u00e5 kamme. H\u00e5ret f\u00e5r mer glans og fuktighet. Sjampoen endrer ikke p\u00e5 den n\u00e5v\u00e6rende h\u00e5rfargen, og er egnet til daglig bruk. Den eksklusive formelen i balsamen gir dyp fuktighet og gjenoppretter skadet h\u00e5r. Ved regelmessig bruk \u00f8ker h\u00e5rets elastisitet og varmeskadet h\u00e5r f\u00e5r beskyttelse. H\u00e5ret blir lettere \u00e5 kamme, f\u00e5r tilbake sin glans, og h\u00e5rfargen blir synlig mer intens. Indikasjoner: for tykt, middels-tykt, kjemisk behandlet og ekstra-t\u00f8rt h\u00e5r. Aktive ingredienser: ekstrakt fra maisstivelse og r\u00f8dbete. Resultat: h\u00e5ret f\u00e5r dyp fuktighet og beskyttelse mot varmeskader. Settet best\u00e5r av: Daymoist-sjampo 250 ml + Daymoist-balsam 250 ml. Bruk: masser sjampoen i fuktig h\u00e5r, skyll deretter grundig av. Gjenta prosedyren hvis n\u00f8dvendig. Fordel balsam jevnt utover hele h\u00e5ret, la det virke i 5 min, skyll av.","og_url":"https:\/\/inoar.no\/en\/product\/daymoist-sjampo-og-balsam\/","og_site_name":"INOAR - H\u00e5rpleiespesialist","article_modified_time":"2022-11-18T15:28:37+00:00","og_image":[{"width":960,"height":930,"url":"https:\/\/inoar.no\/wp-content\/uploads\/2022\/04\/Daymoist-sjampo-og-balsam.jpg","type":"image\/jpeg"}],"twitter_card":"summary_large_image","schema":{"@context":"https:\/\/schema.org","@graph":[{"@type":"WebPage","@id":"https:\/\/inoar.no\/product\/daymoist-sjampo-og-balsam\/","url":"https:\/\/inoar.no\/product\/daymoist-sjampo-og-balsam\/","name":"Daymoist-sjampo og balsam - INOAR - H\u00e5rpleiespesialist","isPartOf":{"@id":"https:\/\/inoar.no\/#website"},"primaryImageOfPage":{"@id":"https:\/\/inoar.no\/product\/daymoist-sjampo-og-balsam\/#primaryimage"},"image":{"@id":"https:\/\/inoar.no\/product\/daymoist-sjampo-og-balsam\/#primaryimage"},"thumbnailUrl":"https:\/\/inoar.no\/wp-content\/uploads\/2022\/04\/Daymoist-sjampo-og-balsam.jpg","datePublished":"2022-04-21T18:31:28+00:00","dateModified":"2022-11-18T15:28:37+00:00","breadcrumb":{"@id":"https:\/\/inoar.no\/product\/daymoist-sjampo-og-balsam\/#breadcrumb"},"inLanguage":"en-US","potentialAction":[{"@type":"ReadAction","target":["https:\/\/inoar.no\/product\/daymoist-sjampo-og-balsam\/"]}]},{"@type":"ImageObject","inLanguage":"en-US","@id":"https:\/\/inoar.no\/product\/daymoist-sjampo-og-balsam\/#primaryimage","url":"https:\/\/inoar.no\/wp-content\/uploads\/2022\/04\/Daymoist-sjampo-og-balsam.jpg","contentUrl":"https:\/\/inoar.no\/wp-content\/uploads\/2022\/04\/Daymoist-sjampo-og-balsam.jpg","width":960,"height":930},{"@type":"BreadcrumbList","@id":"https:\/\/inoar.no\/product\/daymoist-sjampo-og-balsam\/#breadcrumb","itemListElement":[{"@type":"ListItem","position":1,"name":"Home","item":"https:\/\/inoar.no\/"},{"@type":"ListItem","position":2,"name":"Butikk","item":"https:\/\/inoar.no\/butikk\/"},{"@type":"ListItem","position":3,"name":"Daymoist-sjampo og balsam"}]},{"@type":"WebSite","@id":"https:\/\/inoar.no\/#website","url":"https:\/\/inoar.no\/","name":"INOAR - H\u00e5rpleiespesialist","description":"H\u00e5rpleiespesialist","publisher":{"@id":"https:\/\/inoar.no\/#organization"},"potentialAction":[{"@type":"SearchAction","target":{"@type":"EntryPoint","urlTemplate":"https:\/\/inoar.no\/?s={search_term_string}"},"query-input":{"@type":"PropertyValueSpecification","valueRequired":true,"valueName":"search_term_string"}}],"inLanguage":"en-US"},{"@type":"Organization","@id":"https:\/\/inoar.no\/#organization","name":"INOAR - H\u00e5rpleiespesialist","url":"https:\/\/inoar.no\/","logo":{"@type":"ImageObject","inLanguage":"en-US","@id":"https:\/\/inoar.no\/#\/schema\/logo\/image\/","url":"https:\/\/inoar.no\/wp-content\/uploads\/2022\/03\/favicon.png","contentUrl":"https:\/\/inoar.no\/wp-content\/uploads\/2022\/03\/favicon.png","width":512,"height":512,"caption":"INOAR - H\u00e5rpleiespesialist"},"image":{"@id":"https:\/\/inoar.no\/#\/schema\/logo\/image\/"}}]}},"_links":{"self":[{"href":"https:\/\/inoar.no\/en\/wp-json\/wp\/v2\/product\/988011","targetHints":{"allow":["GET"]}}],"collection":[{"href":"https:\/\/inoar.no\/en\/wp-json\/wp\/v2\/product"}],"about":[{"href":"https:\/\/inoar.no\/en\/wp-json\/wp\/v2\/types\/product"}],"replies":[{"embeddable":true,"href":"https:\/\/inoar.no\/en\/wp-json\/wp\/v2\/comments?post=988011"}],"version-history":[{"count":2,"href":"https:\/\/inoar.no\/en\/wp-json\/wp\/v2\/product\/988011\/revisions"}],"predecessor-version":[{"id":989388,"href":"https:\/\/inoar.no\/en\/wp-json\/wp\/v2\/product\/988011\/revisions\/989388"}],"wp:featuredmedia":[{"embeddable":true,"href":"https:\/\/inoar.no\/en\/wp-json\/wp\/v2\/media\/988012"}],"wp:attachment":[{"href":"https:\/\/inoar.no\/en\/wp-json\/wp\/v2\/media?parent=988011"}],"wp:term":[{"taxonomy":"product_brand","embeddable":true,"href":"https:\/\/inoar.no\/en\/wp-json\/wp\/v2\/product_brand?post=988011"},{"taxonomy":"product_cat","embeddable":true,"href":"https:\/\/inoar.no\/en\/wp-json\/wp\/v2\/product_cat?post=988011"},{"taxonomy":"product_tag","embeddable":true,"href":"https:\/\/inoar.no\/en\/wp-json\/wp\/v2\/product_tag?post=988011"}],"curies":[{"name":"wp","href":"https:\/\/api.w.org\/{rel}","templated":true}]}}