{"id":987996,"date":"2022-04-21T20:23:33","date_gmt":"2022-04-21T18:23:33","guid":{"rendered":"https:\/\/inoar.no\/?post_type=product&#038;p=987996"},"modified":"2025-11-24T10:19:28","modified_gmt":"2025-11-24T09:19:28","slug":"resistance-fibra-de-bambu-ampullen","status":"publish","type":"product","link":"https:\/\/inoar.no\/en\/product\/resistance-fibra-de-bambu-ampullen\/","title":{"rendered":"Resistance Fibra de Bambu-ampullen"},"content":{"rendered":"","protected":false},"excerpt":{"rendered":"<p>H\u00e5rampulle for svakt og skadet h\u00e5r. INOAR Resistance Fibra de Bambu-ampullen forbedrer h\u00e5rveksten, beskytter h\u00e5ret og styrker de svake h\u00e5rlagene. Takket v\u00e6re ampullen blir h\u00e5rlagene fornyet, h\u00e5ret f\u00e5r glans og de skadede h\u00e5romr\u00e5dene f\u00e5r dyp pleie. H\u00e5ret blir enda mykere og enklere \u00e5 kamme. Det er et flott produkt som virker p\u00e5 h\u00e5ret fra innsiden og ut. Aktive ingredienser: bambus med sine fuktighetsgivende, n\u00e6rende og beskyttende egenskaper. Biotin (vitamin A) fremmer h\u00e5rvekst ved \u00e5 virke p\u00e5 h\u00e5ret fra innsiden og ut. Indikasjoner: for skadet h\u00e5r. Resultat: sterkere og glansfullt h\u00e5r. Bruk: fordel en liten mengde med h\u00e5rampullen utover hele h\u00e5ret i h\u00e5ndklet\u00f8rket h\u00e5r etter sjamponering. P\u00e5f\u00f8r ekstra mengde p\u00e5 de mest slitte omr\u00e5dene, la det virke i 3 min, skyll deretter av med vann.<\/p>","protected":false},"featured_media":987997,"comment_status":"closed","ping_status":"closed","template":"","meta":[],"product_brand":[],"product_cat":[113,161,150],"product_tag":[],"class_list":{"0":"post-987996","1":"product","2":"type-product","3":"status-publish","4":"has-post-thumbnail","6":"product_cat-fibra-de-bambu","7":"product_cat-harampullen","8":"product_cat-svakt-har-haravfall","10":"first","11":"instock","12":"sale","13":"shipping-taxable","14":"purchasable","15":"product-type-simple"},"yoast_head":"<!-- This site is optimized with the Yoast SEO plugin v27.1.1 - https:\/\/yoast.com\/product\/yoast-seo-wordpress\/ -->\n<title>Resistance Fibra de Bambu-ampullen - INOAR - H\u00e5rpleiespesialist<\/title>\n<meta name=\"robots\" content=\"index, follow, max-snippet:-1, max-image-preview:large, max-video-preview:-1\" \/>\n<link rel=\"canonical\" href=\"https:\/\/inoar.no\/en\/product\/resistance-fibra-de-bambu-ampullen\/\" \/>\n<meta property=\"og:locale\" content=\"en_US\" \/>\n<meta property=\"og:type\" content=\"article\" \/>\n<meta property=\"og:title\" content=\"Resistance Fibra de Bambu-ampullen - INOAR - H\u00e5rpleiespesialist\" \/>\n<meta property=\"og:description\" content=\"H\u00e5rampulle for svakt og skadet h\u00e5r. INOAR Resistance Fibra de Bambu-ampullen forbedrer h\u00e5rveksten, beskytter h\u00e5ret og styrker de svake h\u00e5rlagene. Takket v\u00e6re ampullen blir h\u00e5rlagene fornyet, h\u00e5ret f\u00e5r glans og de skadede h\u00e5romr\u00e5dene f\u00e5r dyp pleie. H\u00e5ret blir enda mykere og enklere \u00e5 kamme. Det er et flott produkt som virker p\u00e5 h\u00e5ret fra innsiden og ut. Aktive ingredienser: bambus med sine fuktighetsgivende, n\u00e6rende og beskyttende egenskaper. Biotin (vitamin A) fremmer h\u00e5rvekst ved \u00e5 virke p\u00e5 h\u00e5ret fra innsiden og ut. Indikasjoner: for skadet h\u00e5r. Resultat: sterkere og glansfullt h\u00e5r. Bruk: fordel en liten mengde med h\u00e5rampullen utover hele h\u00e5ret i h\u00e5ndklet\u00f8rket h\u00e5r etter sjamponering. P\u00e5f\u00f8r ekstra mengde p\u00e5 de mest slitte omr\u00e5dene, la det virke i 3 min, skyll deretter av med vann.\" \/>\n<meta property=\"og:url\" content=\"https:\/\/inoar.no\/en\/product\/resistance-fibra-de-bambu-ampullen\/\" \/>\n<meta property=\"og:site_name\" content=\"INOAR - H\u00e5rpleiespesialist\" \/>\n<meta property=\"article:modified_time\" content=\"2025-11-24T09:19:28+00:00\" \/>\n<meta property=\"og:image\" content=\"https:\/\/inoar.no\/wp-content\/uploads\/2022\/04\/Resistance-Fibra-de-Bambu-ampullen.jpg\" \/>\n\t<meta property=\"og:image:width\" content=\"1242\" \/>\n\t<meta property=\"og:image:height\" content=\"1180\" \/>\n\t<meta property=\"og:image:type\" content=\"image\/jpeg\" \/>\n<meta name=\"twitter:card\" content=\"summary_large_image\" \/>\n<meta name=\"twitter:label1\" content=\"Est. reading time\" \/>\n\t<meta name=\"twitter:data1\" content=\"1 minute\" \/>\n<script type=\"application\/ld+json\" class=\"yoast-schema-graph\">{\"@context\":\"https:\/\/schema.org\",\"@graph\":[{\"@type\":\"WebPage\",\"@id\":\"https:\/\/inoar.no\/product\/resistance-fibra-de-bambu-ampullen\/\",\"url\":\"https:\/\/inoar.no\/product\/resistance-fibra-de-bambu-ampullen\/\",\"name\":\"Resistance Fibra de Bambu-ampullen - INOAR - H\u00e5rpleiespesialist\",\"isPartOf\":{\"@id\":\"https:\/\/inoar.no\/#website\"},\"primaryImageOfPage\":{\"@id\":\"https:\/\/inoar.no\/product\/resistance-fibra-de-bambu-ampullen\/#primaryimage\"},\"image\":{\"@id\":\"https:\/\/inoar.no\/product\/resistance-fibra-de-bambu-ampullen\/#primaryimage\"},\"thumbnailUrl\":\"https:\/\/inoar.no\/wp-content\/uploads\/2022\/04\/Resistance-Fibra-de-Bambu-ampullen.jpg\",\"datePublished\":\"2022-04-21T18:23:33+00:00\",\"dateModified\":\"2025-11-24T09:19:28+00:00\",\"breadcrumb\":{\"@id\":\"https:\/\/inoar.no\/product\/resistance-fibra-de-bambu-ampullen\/#breadcrumb\"},\"inLanguage\":\"en-US\",\"potentialAction\":[{\"@type\":\"ReadAction\",\"target\":[\"https:\/\/inoar.no\/product\/resistance-fibra-de-bambu-ampullen\/\"]}]},{\"@type\":\"ImageObject\",\"inLanguage\":\"en-US\",\"@id\":\"https:\/\/inoar.no\/product\/resistance-fibra-de-bambu-ampullen\/#primaryimage\",\"url\":\"https:\/\/inoar.no\/wp-content\/uploads\/2022\/04\/Resistance-Fibra-de-Bambu-ampullen.jpg\",\"contentUrl\":\"https:\/\/inoar.no\/wp-content\/uploads\/2022\/04\/Resistance-Fibra-de-Bambu-ampullen.jpg\",\"width\":1242,\"height\":1180},{\"@type\":\"BreadcrumbList\",\"@id\":\"https:\/\/inoar.no\/product\/resistance-fibra-de-bambu-ampullen\/#breadcrumb\",\"itemListElement\":[{\"@type\":\"ListItem\",\"position\":1,\"name\":\"Home\",\"item\":\"https:\/\/inoar.no\/\"},{\"@type\":\"ListItem\",\"position\":2,\"name\":\"Butikk\",\"item\":\"https:\/\/inoar.no\/butikk\/\"},{\"@type\":\"ListItem\",\"position\":3,\"name\":\"Resistance Fibra de Bambu-ampullen\"}]},{\"@type\":\"WebSite\",\"@id\":\"https:\/\/inoar.no\/#website\",\"url\":\"https:\/\/inoar.no\/\",\"name\":\"INOAR - H\u00e5rpleiespesialist\",\"description\":\"H\u00e5rpleiespesialist\",\"publisher\":{\"@id\":\"https:\/\/inoar.no\/#organization\"},\"potentialAction\":[{\"@type\":\"SearchAction\",\"target\":{\"@type\":\"EntryPoint\",\"urlTemplate\":\"https:\/\/inoar.no\/?s={search_term_string}\"},\"query-input\":{\"@type\":\"PropertyValueSpecification\",\"valueRequired\":true,\"valueName\":\"search_term_string\"}}],\"inLanguage\":\"en-US\"},{\"@type\":\"Organization\",\"@id\":\"https:\/\/inoar.no\/#organization\",\"name\":\"INOAR - H\u00e5rpleiespesialist\",\"url\":\"https:\/\/inoar.no\/\",\"logo\":{\"@type\":\"ImageObject\",\"inLanguage\":\"en-US\",\"@id\":\"https:\/\/inoar.no\/#\/schema\/logo\/image\/\",\"url\":\"https:\/\/inoar.no\/wp-content\/uploads\/2022\/03\/favicon.png\",\"contentUrl\":\"https:\/\/inoar.no\/wp-content\/uploads\/2022\/03\/favicon.png\",\"width\":512,\"height\":512,\"caption\":\"INOAR - H\u00e5rpleiespesialist\"},\"image\":{\"@id\":\"https:\/\/inoar.no\/#\/schema\/logo\/image\/\"}}]}<\/script>\n<!-- \/ Yoast SEO plugin. -->","yoast_head_json":{"title":"Resistance Fibra de Bambu-ampullen - INOAR - H\u00e5rpleiespesialist","robots":{"index":"index","follow":"follow","max-snippet":"max-snippet:-1","max-image-preview":"max-image-preview:large","max-video-preview":"max-video-preview:-1"},"canonical":"https:\/\/inoar.no\/en\/product\/resistance-fibra-de-bambu-ampullen\/","og_locale":"en_US","og_type":"article","og_title":"Resistance Fibra de Bambu-ampullen - INOAR - H\u00e5rpleiespesialist","og_description":"H\u00e5rampulle for svakt og skadet h\u00e5r. INOAR Resistance Fibra de Bambu-ampullen forbedrer h\u00e5rveksten, beskytter h\u00e5ret og styrker de svake h\u00e5rlagene. Takket v\u00e6re ampullen blir h\u00e5rlagene fornyet, h\u00e5ret f\u00e5r glans og de skadede h\u00e5romr\u00e5dene f\u00e5r dyp pleie. H\u00e5ret blir enda mykere og enklere \u00e5 kamme. Det er et flott produkt som virker p\u00e5 h\u00e5ret fra innsiden og ut. Aktive ingredienser: bambus med sine fuktighetsgivende, n\u00e6rende og beskyttende egenskaper. Biotin (vitamin A) fremmer h\u00e5rvekst ved \u00e5 virke p\u00e5 h\u00e5ret fra innsiden og ut. Indikasjoner: for skadet h\u00e5r. Resultat: sterkere og glansfullt h\u00e5r. Bruk: fordel en liten mengde med h\u00e5rampullen utover hele h\u00e5ret i h\u00e5ndklet\u00f8rket h\u00e5r etter sjamponering. P\u00e5f\u00f8r ekstra mengde p\u00e5 de mest slitte omr\u00e5dene, la det virke i 3 min, skyll deretter av med vann.","og_url":"https:\/\/inoar.no\/en\/product\/resistance-fibra-de-bambu-ampullen\/","og_site_name":"INOAR - H\u00e5rpleiespesialist","article_modified_time":"2025-11-24T09:19:28+00:00","og_image":[{"width":1242,"height":1180,"url":"https:\/\/inoar.no\/wp-content\/uploads\/2022\/04\/Resistance-Fibra-de-Bambu-ampullen.jpg","type":"image\/jpeg"}],"twitter_card":"summary_large_image","twitter_misc":{"Est. reading time":"1 minute"},"schema":{"@context":"https:\/\/schema.org","@graph":[{"@type":"WebPage","@id":"https:\/\/inoar.no\/product\/resistance-fibra-de-bambu-ampullen\/","url":"https:\/\/inoar.no\/product\/resistance-fibra-de-bambu-ampullen\/","name":"Resistance Fibra de Bambu-ampullen - INOAR - H\u00e5rpleiespesialist","isPartOf":{"@id":"https:\/\/inoar.no\/#website"},"primaryImageOfPage":{"@id":"https:\/\/inoar.no\/product\/resistance-fibra-de-bambu-ampullen\/#primaryimage"},"image":{"@id":"https:\/\/inoar.no\/product\/resistance-fibra-de-bambu-ampullen\/#primaryimage"},"thumbnailUrl":"https:\/\/inoar.no\/wp-content\/uploads\/2022\/04\/Resistance-Fibra-de-Bambu-ampullen.jpg","datePublished":"2022-04-21T18:23:33+00:00","dateModified":"2025-11-24T09:19:28+00:00","breadcrumb":{"@id":"https:\/\/inoar.no\/product\/resistance-fibra-de-bambu-ampullen\/#breadcrumb"},"inLanguage":"en-US","potentialAction":[{"@type":"ReadAction","target":["https:\/\/inoar.no\/product\/resistance-fibra-de-bambu-ampullen\/"]}]},{"@type":"ImageObject","inLanguage":"en-US","@id":"https:\/\/inoar.no\/product\/resistance-fibra-de-bambu-ampullen\/#primaryimage","url":"https:\/\/inoar.no\/wp-content\/uploads\/2022\/04\/Resistance-Fibra-de-Bambu-ampullen.jpg","contentUrl":"https:\/\/inoar.no\/wp-content\/uploads\/2022\/04\/Resistance-Fibra-de-Bambu-ampullen.jpg","width":1242,"height":1180},{"@type":"BreadcrumbList","@id":"https:\/\/inoar.no\/product\/resistance-fibra-de-bambu-ampullen\/#breadcrumb","itemListElement":[{"@type":"ListItem","position":1,"name":"Home","item":"https:\/\/inoar.no\/"},{"@type":"ListItem","position":2,"name":"Butikk","item":"https:\/\/inoar.no\/butikk\/"},{"@type":"ListItem","position":3,"name":"Resistance Fibra de Bambu-ampullen"}]},{"@type":"WebSite","@id":"https:\/\/inoar.no\/#website","url":"https:\/\/inoar.no\/","name":"INOAR - H\u00e5rpleiespesialist","description":"H\u00e5rpleiespesialist","publisher":{"@id":"https:\/\/inoar.no\/#organization"},"potentialAction":[{"@type":"SearchAction","target":{"@type":"EntryPoint","urlTemplate":"https:\/\/inoar.no\/?s={search_term_string}"},"query-input":{"@type":"PropertyValueSpecification","valueRequired":true,"valueName":"search_term_string"}}],"inLanguage":"en-US"},{"@type":"Organization","@id":"https:\/\/inoar.no\/#organization","name":"INOAR - H\u00e5rpleiespesialist","url":"https:\/\/inoar.no\/","logo":{"@type":"ImageObject","inLanguage":"en-US","@id":"https:\/\/inoar.no\/#\/schema\/logo\/image\/","url":"https:\/\/inoar.no\/wp-content\/uploads\/2022\/03\/favicon.png","contentUrl":"https:\/\/inoar.no\/wp-content\/uploads\/2022\/03\/favicon.png","width":512,"height":512,"caption":"INOAR - H\u00e5rpleiespesialist"},"image":{"@id":"https:\/\/inoar.no\/#\/schema\/logo\/image\/"}}]}},"_links":{"self":[{"href":"https:\/\/inoar.no\/en\/wp-json\/wp\/v2\/product\/987996","targetHints":{"allow":["GET"]}}],"collection":[{"href":"https:\/\/inoar.no\/en\/wp-json\/wp\/v2\/product"}],"about":[{"href":"https:\/\/inoar.no\/en\/wp-json\/wp\/v2\/types\/product"}],"replies":[{"embeddable":true,"href":"https:\/\/inoar.no\/en\/wp-json\/wp\/v2\/comments?post=987996"}],"version-history":[{"count":1,"href":"https:\/\/inoar.no\/en\/wp-json\/wp\/v2\/product\/987996\/revisions"}],"predecessor-version":[{"id":988907,"href":"https:\/\/inoar.no\/en\/wp-json\/wp\/v2\/product\/987996\/revisions\/988907"}],"wp:featuredmedia":[{"embeddable":true,"href":"https:\/\/inoar.no\/en\/wp-json\/wp\/v2\/media\/987997"}],"wp:attachment":[{"href":"https:\/\/inoar.no\/en\/wp-json\/wp\/v2\/media?parent=987996"}],"wp:term":[{"taxonomy":"product_brand","embeddable":true,"href":"https:\/\/inoar.no\/en\/wp-json\/wp\/v2\/product_brand?post=987996"},{"taxonomy":"product_cat","embeddable":true,"href":"https:\/\/inoar.no\/en\/wp-json\/wp\/v2\/product_cat?post=987996"},{"taxonomy":"product_tag","embeddable":true,"href":"https:\/\/inoar.no\/en\/wp-json\/wp\/v2\/product_tag?post=987996"}],"curies":[{"name":"wp","href":"https:\/\/api.w.org\/{rel}","templated":true}]}}