{"id":987990,"date":"2022-04-21T19:47:18","date_gmt":"2022-04-21T17:47:18","guid":{"rendered":"https:\/\/inoar.no\/?post_type=product&#038;p=987990"},"modified":"2023-11-22T00:52:52","modified_gmt":"2023-11-21T23:52:52","slug":"resistance-fibra-de-bamboo-balsam","status":"publish","type":"product","link":"https:\/\/inoar.no\/en\/product\/resistance-fibra-de-bamboo-balsam\/","title":{"rendered":"Resistance Fibra de Bamboo-balsam"},"content":{"rendered":"","protected":false},"excerpt":{"rendered":"<p>Balsam er for skadet h\u00e5r. INOAR Resistance Fibra de Bamboo-balsam styrker h\u00e5ret, skaper en eksepsjonell glans og forhindrer at h\u00e5rtuppene splitter. Produktet tynger ikke h\u00e5ret ned. Balsamen beroliger h\u00e5ret, forbedrer glans og mykhet, og styrker h\u00e5rlagene. Vegansk- og plantebasert-formell. Fri for petroleumsingredienser og fargestoffer. Ikke testet p\u00e5 dyr. Aktive ingredienser: bambus med sine fuktighetsgivende, n\u00e6rende og beskyttende egenskaper som gjenoppretter strukturen p\u00e5 h\u00e5rfibrene. Biotin (vitamin A) gj\u00f8r h\u00e5ret sterkere og fremmer h\u00e5rvekst, beskytter h\u00e5ret mot skader, splitting og beskytter mot skadelige milj\u00f8p\u00e5virkninger. Indikasjoner: for skadet h\u00e5r. Resultat: friskt, mykt og sterkt h\u00e5r fylt med glans. Bruk: masser balsamen utover hele h\u00e5ret etter sjamponering. Skyll av med vann.<\/p>","protected":false},"featured_media":987991,"comment_status":"closed","ping_status":"closed","template":"","meta":[],"product_brand":[],"product_cat":[159,113,150],"product_tag":[],"class_list":{"0":"post-987990","1":"product","2":"type-product","3":"status-publish","4":"has-post-thumbnail","6":"product_cat-conditioner-og-balsam","7":"product_cat-fibra-de-bambu","8":"product_cat-svakt-har-haravfall","10":"first","11":"outofstock","12":"shipping-taxable","13":"purchasable","14":"product-type-simple"},"yoast_head":"<!-- This site is optimized with the Yoast SEO plugin v27.5 - https:\/\/yoast.com\/product\/yoast-seo-wordpress\/ -->\n<title>Resistance Fibra de Bamboo-balsam - INOAR - H\u00e5rpleiespesialist<\/title>\n<meta name=\"robots\" content=\"index, follow, max-snippet:-1, max-image-preview:large, max-video-preview:-1\" \/>\n<link rel=\"canonical\" href=\"https:\/\/inoar.no\/en\/product\/resistance-fibra-de-bamboo-balsam\/\" \/>\n<meta property=\"og:locale\" content=\"en_US\" \/>\n<meta property=\"og:type\" content=\"article\" \/>\n<meta property=\"og:title\" content=\"Resistance Fibra de Bamboo-balsam - INOAR - H\u00e5rpleiespesialist\" \/>\n<meta property=\"og:description\" content=\"Balsam er for skadet h\u00e5r. INOAR Resistance Fibra de Bamboo-balsam styrker h\u00e5ret, skaper en eksepsjonell glans og forhindrer at h\u00e5rtuppene splitter. Produktet tynger ikke h\u00e5ret ned. Balsamen beroliger h\u00e5ret, forbedrer glans og mykhet, og styrker h\u00e5rlagene. Vegansk- og plantebasert-formell. Fri for petroleumsingredienser og fargestoffer. Ikke testet p\u00e5 dyr. Aktive ingredienser: bambus med sine fuktighetsgivende, n\u00e6rende og beskyttende egenskaper som gjenoppretter strukturen p\u00e5 h\u00e5rfibrene. Biotin (vitamin A) gj\u00f8r h\u00e5ret sterkere og fremmer h\u00e5rvekst, beskytter h\u00e5ret mot skader, splitting og beskytter mot skadelige milj\u00f8p\u00e5virkninger. Indikasjoner: for skadet h\u00e5r. Resultat: friskt, mykt og sterkt h\u00e5r fylt med glans. Bruk: masser balsamen utover hele h\u00e5ret etter sjamponering. Skyll av med vann.\" \/>\n<meta property=\"og:url\" content=\"https:\/\/inoar.no\/en\/product\/resistance-fibra-de-bamboo-balsam\/\" \/>\n<meta property=\"og:site_name\" content=\"INOAR - H\u00e5rpleiespesialist\" \/>\n<meta property=\"article:modified_time\" content=\"2023-11-21T23:52:52+00:00\" \/>\n<meta property=\"og:image\" content=\"https:\/\/inoar.no\/wp-content\/uploads\/2022\/04\/Resistance-Fibra-de-Bamboo-balsam.jpg\" \/>\n\t<meta property=\"og:image:width\" content=\"1242\" \/>\n\t<meta property=\"og:image:height\" content=\"1232\" \/>\n\t<meta property=\"og:image:type\" content=\"image\/jpeg\" \/>\n<meta name=\"twitter:card\" content=\"summary_large_image\" \/>\n<script type=\"application\/ld+json\" class=\"yoast-schema-graph\">{\"@context\":\"https:\\\/\\\/schema.org\",\"@graph\":[{\"@type\":\"WebPage\",\"@id\":\"https:\\\/\\\/inoar.no\\\/product\\\/resistance-fibra-de-bamboo-balsam\\\/\",\"url\":\"https:\\\/\\\/inoar.no\\\/product\\\/resistance-fibra-de-bamboo-balsam\\\/\",\"name\":\"Resistance Fibra de Bamboo-balsam - INOAR - H\u00e5rpleiespesialist\",\"isPartOf\":{\"@id\":\"https:\\\/\\\/inoar.no\\\/#website\"},\"primaryImageOfPage\":{\"@id\":\"https:\\\/\\\/inoar.no\\\/product\\\/resistance-fibra-de-bamboo-balsam\\\/#primaryimage\"},\"image\":{\"@id\":\"https:\\\/\\\/inoar.no\\\/product\\\/resistance-fibra-de-bamboo-balsam\\\/#primaryimage\"},\"thumbnailUrl\":\"https:\\\/\\\/inoar.no\\\/wp-content\\\/uploads\\\/2022\\\/04\\\/Resistance-Fibra-de-Bamboo-balsam.jpg\",\"datePublished\":\"2022-04-21T17:47:18+00:00\",\"dateModified\":\"2023-11-21T23:52:52+00:00\",\"breadcrumb\":{\"@id\":\"https:\\\/\\\/inoar.no\\\/product\\\/resistance-fibra-de-bamboo-balsam\\\/#breadcrumb\"},\"inLanguage\":\"en-US\",\"potentialAction\":[{\"@type\":\"ReadAction\",\"target\":[\"https:\\\/\\\/inoar.no\\\/product\\\/resistance-fibra-de-bamboo-balsam\\\/\"]}]},{\"@type\":\"ImageObject\",\"inLanguage\":\"en-US\",\"@id\":\"https:\\\/\\\/inoar.no\\\/product\\\/resistance-fibra-de-bamboo-balsam\\\/#primaryimage\",\"url\":\"https:\\\/\\\/inoar.no\\\/wp-content\\\/uploads\\\/2022\\\/04\\\/Resistance-Fibra-de-Bamboo-balsam.jpg\",\"contentUrl\":\"https:\\\/\\\/inoar.no\\\/wp-content\\\/uploads\\\/2022\\\/04\\\/Resistance-Fibra-de-Bamboo-balsam.jpg\",\"width\":1242,\"height\":1232},{\"@type\":\"BreadcrumbList\",\"@id\":\"https:\\\/\\\/inoar.no\\\/product\\\/resistance-fibra-de-bamboo-balsam\\\/#breadcrumb\",\"itemListElement\":[{\"@type\":\"ListItem\",\"position\":1,\"name\":\"Home\",\"item\":\"https:\\\/\\\/inoar.no\\\/\"},{\"@type\":\"ListItem\",\"position\":2,\"name\":\"Butikk\",\"item\":\"https:\\\/\\\/inoar.no\\\/butikk\\\/\"},{\"@type\":\"ListItem\",\"position\":3,\"name\":\"Resistance Fibra de Bamboo-balsam\"}]},{\"@type\":\"WebSite\",\"@id\":\"https:\\\/\\\/inoar.no\\\/#website\",\"url\":\"https:\\\/\\\/inoar.no\\\/\",\"name\":\"INOAR - H\u00e5rpleiespesialist\",\"description\":\"H\u00e5rpleiespesialist\",\"publisher\":{\"@id\":\"https:\\\/\\\/inoar.no\\\/#organization\"},\"potentialAction\":[{\"@type\":\"SearchAction\",\"target\":{\"@type\":\"EntryPoint\",\"urlTemplate\":\"https:\\\/\\\/inoar.no\\\/?s={search_term_string}\"},\"query-input\":{\"@type\":\"PropertyValueSpecification\",\"valueRequired\":true,\"valueName\":\"search_term_string\"}}],\"inLanguage\":\"en-US\"},{\"@type\":\"Organization\",\"@id\":\"https:\\\/\\\/inoar.no\\\/#organization\",\"name\":\"INOAR - H\u00e5rpleiespesialist\",\"url\":\"https:\\\/\\\/inoar.no\\\/\",\"logo\":{\"@type\":\"ImageObject\",\"inLanguage\":\"en-US\",\"@id\":\"https:\\\/\\\/inoar.no\\\/#\\\/schema\\\/logo\\\/image\\\/\",\"url\":\"https:\\\/\\\/inoar.no\\\/wp-content\\\/uploads\\\/2022\\\/03\\\/favicon.png\",\"contentUrl\":\"https:\\\/\\\/inoar.no\\\/wp-content\\\/uploads\\\/2022\\\/03\\\/favicon.png\",\"width\":512,\"height\":512,\"caption\":\"INOAR - H\u00e5rpleiespesialist\"},\"image\":{\"@id\":\"https:\\\/\\\/inoar.no\\\/#\\\/schema\\\/logo\\\/image\\\/\"}}]}<\/script>\n<!-- \/ Yoast SEO plugin. -->","yoast_head_json":{"title":"Resistance Fibra de Bamboo-balsam - INOAR - H\u00e5rpleiespesialist","robots":{"index":"index","follow":"follow","max-snippet":"max-snippet:-1","max-image-preview":"max-image-preview:large","max-video-preview":"max-video-preview:-1"},"canonical":"https:\/\/inoar.no\/en\/product\/resistance-fibra-de-bamboo-balsam\/","og_locale":"en_US","og_type":"article","og_title":"Resistance Fibra de Bamboo-balsam - INOAR - H\u00e5rpleiespesialist","og_description":"Balsam er for skadet h\u00e5r. INOAR Resistance Fibra de Bamboo-balsam styrker h\u00e5ret, skaper en eksepsjonell glans og forhindrer at h\u00e5rtuppene splitter. Produktet tynger ikke h\u00e5ret ned. Balsamen beroliger h\u00e5ret, forbedrer glans og mykhet, og styrker h\u00e5rlagene. Vegansk- og plantebasert-formell. Fri for petroleumsingredienser og fargestoffer. Ikke testet p\u00e5 dyr. Aktive ingredienser: bambus med sine fuktighetsgivende, n\u00e6rende og beskyttende egenskaper som gjenoppretter strukturen p\u00e5 h\u00e5rfibrene. Biotin (vitamin A) gj\u00f8r h\u00e5ret sterkere og fremmer h\u00e5rvekst, beskytter h\u00e5ret mot skader, splitting og beskytter mot skadelige milj\u00f8p\u00e5virkninger. Indikasjoner: for skadet h\u00e5r. Resultat: friskt, mykt og sterkt h\u00e5r fylt med glans. Bruk: masser balsamen utover hele h\u00e5ret etter sjamponering. Skyll av med vann.","og_url":"https:\/\/inoar.no\/en\/product\/resistance-fibra-de-bamboo-balsam\/","og_site_name":"INOAR - H\u00e5rpleiespesialist","article_modified_time":"2023-11-21T23:52:52+00:00","og_image":[{"width":1242,"height":1232,"url":"https:\/\/inoar.no\/wp-content\/uploads\/2022\/04\/Resistance-Fibra-de-Bamboo-balsam.jpg","type":"image\/jpeg"}],"twitter_card":"summary_large_image","schema":{"@context":"https:\/\/schema.org","@graph":[{"@type":"WebPage","@id":"https:\/\/inoar.no\/product\/resistance-fibra-de-bamboo-balsam\/","url":"https:\/\/inoar.no\/product\/resistance-fibra-de-bamboo-balsam\/","name":"Resistance Fibra de Bamboo-balsam - INOAR - H\u00e5rpleiespesialist","isPartOf":{"@id":"https:\/\/inoar.no\/#website"},"primaryImageOfPage":{"@id":"https:\/\/inoar.no\/product\/resistance-fibra-de-bamboo-balsam\/#primaryimage"},"image":{"@id":"https:\/\/inoar.no\/product\/resistance-fibra-de-bamboo-balsam\/#primaryimage"},"thumbnailUrl":"https:\/\/inoar.no\/wp-content\/uploads\/2022\/04\/Resistance-Fibra-de-Bamboo-balsam.jpg","datePublished":"2022-04-21T17:47:18+00:00","dateModified":"2023-11-21T23:52:52+00:00","breadcrumb":{"@id":"https:\/\/inoar.no\/product\/resistance-fibra-de-bamboo-balsam\/#breadcrumb"},"inLanguage":"en-US","potentialAction":[{"@type":"ReadAction","target":["https:\/\/inoar.no\/product\/resistance-fibra-de-bamboo-balsam\/"]}]},{"@type":"ImageObject","inLanguage":"en-US","@id":"https:\/\/inoar.no\/product\/resistance-fibra-de-bamboo-balsam\/#primaryimage","url":"https:\/\/inoar.no\/wp-content\/uploads\/2022\/04\/Resistance-Fibra-de-Bamboo-balsam.jpg","contentUrl":"https:\/\/inoar.no\/wp-content\/uploads\/2022\/04\/Resistance-Fibra-de-Bamboo-balsam.jpg","width":1242,"height":1232},{"@type":"BreadcrumbList","@id":"https:\/\/inoar.no\/product\/resistance-fibra-de-bamboo-balsam\/#breadcrumb","itemListElement":[{"@type":"ListItem","position":1,"name":"Home","item":"https:\/\/inoar.no\/"},{"@type":"ListItem","position":2,"name":"Butikk","item":"https:\/\/inoar.no\/butikk\/"},{"@type":"ListItem","position":3,"name":"Resistance Fibra de Bamboo-balsam"}]},{"@type":"WebSite","@id":"https:\/\/inoar.no\/#website","url":"https:\/\/inoar.no\/","name":"INOAR - H\u00e5rpleiespesialist","description":"H\u00e5rpleiespesialist","publisher":{"@id":"https:\/\/inoar.no\/#organization"},"potentialAction":[{"@type":"SearchAction","target":{"@type":"EntryPoint","urlTemplate":"https:\/\/inoar.no\/?s={search_term_string}"},"query-input":{"@type":"PropertyValueSpecification","valueRequired":true,"valueName":"search_term_string"}}],"inLanguage":"en-US"},{"@type":"Organization","@id":"https:\/\/inoar.no\/#organization","name":"INOAR - H\u00e5rpleiespesialist","url":"https:\/\/inoar.no\/","logo":{"@type":"ImageObject","inLanguage":"en-US","@id":"https:\/\/inoar.no\/#\/schema\/logo\/image\/","url":"https:\/\/inoar.no\/wp-content\/uploads\/2022\/03\/favicon.png","contentUrl":"https:\/\/inoar.no\/wp-content\/uploads\/2022\/03\/favicon.png","width":512,"height":512,"caption":"INOAR - H\u00e5rpleiespesialist"},"image":{"@id":"https:\/\/inoar.no\/#\/schema\/logo\/image\/"}}]}},"_links":{"self":[{"href":"https:\/\/inoar.no\/en\/wp-json\/wp\/v2\/product\/987990","targetHints":{"allow":["GET"]}}],"collection":[{"href":"https:\/\/inoar.no\/en\/wp-json\/wp\/v2\/product"}],"about":[{"href":"https:\/\/inoar.no\/en\/wp-json\/wp\/v2\/types\/product"}],"replies":[{"embeddable":true,"href":"https:\/\/inoar.no\/en\/wp-json\/wp\/v2\/comments?post=987990"}],"version-history":[{"count":1,"href":"https:\/\/inoar.no\/en\/wp-json\/wp\/v2\/product\/987990\/revisions"}],"predecessor-version":[{"id":988909,"href":"https:\/\/inoar.no\/en\/wp-json\/wp\/v2\/product\/987990\/revisions\/988909"}],"wp:featuredmedia":[{"embeddable":true,"href":"https:\/\/inoar.no\/en\/wp-json\/wp\/v2\/media\/987991"}],"wp:attachment":[{"href":"https:\/\/inoar.no\/en\/wp-json\/wp\/v2\/media?parent=987990"}],"wp:term":[{"taxonomy":"product_brand","embeddable":true,"href":"https:\/\/inoar.no\/en\/wp-json\/wp\/v2\/product_brand?post=987990"},{"taxonomy":"product_cat","embeddable":true,"href":"https:\/\/inoar.no\/en\/wp-json\/wp\/v2\/product_cat?post=987990"},{"taxonomy":"product_tag","embeddable":true,"href":"https:\/\/inoar.no\/en\/wp-json\/wp\/v2\/product_tag?post=987990"}],"curies":[{"name":"wp","href":"https:\/\/api.w.org\/{rel}","templated":true}]}}