{"id":987983,"date":"2022-04-21T19:37:02","date_gmt":"2022-04-21T17:37:02","guid":{"rendered":"https:\/\/inoar.no\/?post_type=product&#038;p=987983"},"modified":"2024-11-04T21:25:25","modified_gmt":"2024-11-04T20:25:25","slug":"cicatrifios-harampuller","status":"publish","type":"product","link":"https:\/\/inoar.no\/en\/product\/cicatrifios-harampuller\/","title":{"rendered":"CicatriFios h\u00e5rampuller"},"content":{"rendered":"","protected":false},"excerpt":{"rendered":"<p>CicatriFios h\u00e5rampuller har blitt til en ekte sensasjon innen forbedring av h\u00e5rtilstand. H\u00e5rampullen virker opp til tre ganger sterkere enn en vanlig h\u00e5rkur, takket v\u00e6re sin unike formel. Egenskaper: * Enklere \u00e5 kamme h\u00e5ret og mindre floker i h\u00e5ret * Langvarig oppsamlingseffekt * Eksepsjonell glans takket v\u00e6re lukket skjellaget og fylling av h\u00e5rsprekkene * Beskyttelse mot varmeskader * Gj\u00f8r h\u00e5ret glatt uten \u00e5 redusere volumet * Beskyttelse mot splitting av h\u00e5rtuppene og sterkere h\u00e5r * Forbedring av h\u00e5rstrukturen og beskyttelse av h\u00e5rlagene * Gj\u00f8r h\u00e5ret mykere og mer elastisk. Aktive ingredienser: RekuComplex3, arganolje. Indikasjoner: for alle h\u00e5rtyper, spesielt egnet til skadet og slitt h\u00e5r. Resultat: sterkere, glansfullt og enklere h\u00e5ndterlig h\u00e5r. Bruk: fordel en liten mengde p\u00e5 h\u00e5ndklet\u00f8rket h\u00e5r utover hele h\u00e5ret etter sjamponering. P\u00e5f\u00f8r ekstra mengde p\u00e5 de mest slitte omr\u00e5dene, la det virke i 5-10 min, skyll deretter av med vann. For best resultat, bruk balsam etter h\u00e5rampullen.<\/p>","protected":false},"featured_media":987984,"comment_status":"closed","ping_status":"closed","template":"","meta":[],"product_brand":[],"product_cat":[152,161,155,109,153],"product_tag":[],"class_list":{"0":"post-987983","1":"product","2":"type-product","3":"status-publish","4":"has-post-thumbnail","6":"product_cat-for-skadet-har","7":"product_cat-harampullen","8":"product_cat-haret-skinner","9":"product_cat-inoar-cicatrifios","10":"product_cat-uregjerlig-krusete-har","12":"first","13":"outofstock","14":"shipping-taxable","15":"purchasable","16":"product-type-simple"},"yoast_head":"<!-- This site is optimized with the Yoast SEO plugin v27.1.1 - https:\/\/yoast.com\/product\/yoast-seo-wordpress\/ -->\n<title>CicatriFios h\u00e5rampuller - INOAR - H\u00e5rpleiespesialist<\/title>\n<meta name=\"robots\" content=\"index, follow, max-snippet:-1, max-image-preview:large, max-video-preview:-1\" \/>\n<link rel=\"canonical\" href=\"https:\/\/inoar.no\/en\/product\/cicatrifios-harampuller\/\" \/>\n<meta property=\"og:locale\" content=\"en_US\" \/>\n<meta property=\"og:type\" content=\"article\" \/>\n<meta property=\"og:title\" content=\"CicatriFios h\u00e5rampuller - INOAR - H\u00e5rpleiespesialist\" \/>\n<meta property=\"og:description\" content=\"CicatriFios h\u00e5rampuller har blitt til en ekte sensasjon innen forbedring av h\u00e5rtilstand. H\u00e5rampullen virker opp til tre ganger sterkere enn en vanlig h\u00e5rkur, takket v\u00e6re sin unike formel. Egenskaper: * Enklere \u00e5 kamme h\u00e5ret og mindre floker i h\u00e5ret * Langvarig oppsamlingseffekt * Eksepsjonell glans takket v\u00e6re lukket skjellaget og fylling av h\u00e5rsprekkene * Beskyttelse mot varmeskader * Gj\u00f8r h\u00e5ret glatt uten \u00e5 redusere volumet * Beskyttelse mot splitting av h\u00e5rtuppene og sterkere h\u00e5r * Forbedring av h\u00e5rstrukturen og beskyttelse av h\u00e5rlagene * Gj\u00f8r h\u00e5ret mykere og mer elastisk. Aktive ingredienser: RekuComplex3, arganolje. Indikasjoner: for alle h\u00e5rtyper, spesielt egnet til skadet og slitt h\u00e5r. Resultat: sterkere, glansfullt og enklere h\u00e5ndterlig h\u00e5r. Bruk: fordel en liten mengde p\u00e5 h\u00e5ndklet\u00f8rket h\u00e5r utover hele h\u00e5ret etter sjamponering. P\u00e5f\u00f8r ekstra mengde p\u00e5 de mest slitte omr\u00e5dene, la det virke i 5-10 min, skyll deretter av med vann. For best resultat, bruk balsam etter h\u00e5rampullen.\" \/>\n<meta property=\"og:url\" content=\"https:\/\/inoar.no\/en\/product\/cicatrifios-harampuller\/\" \/>\n<meta property=\"og:site_name\" content=\"INOAR - H\u00e5rpleiespesialist\" \/>\n<meta property=\"article:modified_time\" content=\"2024-11-04T20:25:25+00:00\" \/>\n<meta property=\"og:image\" content=\"https:\/\/inoar.no\/wp-content\/uploads\/2022\/04\/CicatriFios-harampuller.jpg\" \/>\n\t<meta property=\"og:image:width\" content=\"1242\" \/>\n\t<meta property=\"og:image:height\" content=\"1230\" \/>\n\t<meta property=\"og:image:type\" content=\"image\/jpeg\" \/>\n<meta name=\"twitter:card\" content=\"summary_large_image\" \/>\n<script type=\"application\/ld+json\" class=\"yoast-schema-graph\">{\"@context\":\"https:\/\/schema.org\",\"@graph\":[{\"@type\":\"WebPage\",\"@id\":\"https:\/\/inoar.no\/product\/cicatrifios-harampuller\/\",\"url\":\"https:\/\/inoar.no\/product\/cicatrifios-harampuller\/\",\"name\":\"CicatriFios h\u00e5rampuller - INOAR - H\u00e5rpleiespesialist\",\"isPartOf\":{\"@id\":\"https:\/\/inoar.no\/#website\"},\"primaryImageOfPage\":{\"@id\":\"https:\/\/inoar.no\/product\/cicatrifios-harampuller\/#primaryimage\"},\"image\":{\"@id\":\"https:\/\/inoar.no\/product\/cicatrifios-harampuller\/#primaryimage\"},\"thumbnailUrl\":\"https:\/\/inoar.no\/wp-content\/uploads\/2022\/04\/CicatriFios-harampuller.jpg\",\"datePublished\":\"2022-04-21T17:37:02+00:00\",\"dateModified\":\"2024-11-04T20:25:25+00:00\",\"breadcrumb\":{\"@id\":\"https:\/\/inoar.no\/product\/cicatrifios-harampuller\/#breadcrumb\"},\"inLanguage\":\"en-US\",\"potentialAction\":[{\"@type\":\"ReadAction\",\"target\":[\"https:\/\/inoar.no\/product\/cicatrifios-harampuller\/\"]}]},{\"@type\":\"ImageObject\",\"inLanguage\":\"en-US\",\"@id\":\"https:\/\/inoar.no\/product\/cicatrifios-harampuller\/#primaryimage\",\"url\":\"https:\/\/inoar.no\/wp-content\/uploads\/2022\/04\/CicatriFios-harampuller.jpg\",\"contentUrl\":\"https:\/\/inoar.no\/wp-content\/uploads\/2022\/04\/CicatriFios-harampuller.jpg\",\"width\":1242,\"height\":1230},{\"@type\":\"BreadcrumbList\",\"@id\":\"https:\/\/inoar.no\/product\/cicatrifios-harampuller\/#breadcrumb\",\"itemListElement\":[{\"@type\":\"ListItem\",\"position\":1,\"name\":\"Home\",\"item\":\"https:\/\/inoar.no\/\"},{\"@type\":\"ListItem\",\"position\":2,\"name\":\"Butikk\",\"item\":\"https:\/\/inoar.no\/butikk\/\"},{\"@type\":\"ListItem\",\"position\":3,\"name\":\"CicatriFios h\u00e5rampuller\"}]},{\"@type\":\"WebSite\",\"@id\":\"https:\/\/inoar.no\/#website\",\"url\":\"https:\/\/inoar.no\/\",\"name\":\"INOAR - H\u00e5rpleiespesialist\",\"description\":\"H\u00e5rpleiespesialist\",\"publisher\":{\"@id\":\"https:\/\/inoar.no\/#organization\"},\"potentialAction\":[{\"@type\":\"SearchAction\",\"target\":{\"@type\":\"EntryPoint\",\"urlTemplate\":\"https:\/\/inoar.no\/?s={search_term_string}\"},\"query-input\":{\"@type\":\"PropertyValueSpecification\",\"valueRequired\":true,\"valueName\":\"search_term_string\"}}],\"inLanguage\":\"en-US\"},{\"@type\":\"Organization\",\"@id\":\"https:\/\/inoar.no\/#organization\",\"name\":\"INOAR - H\u00e5rpleiespesialist\",\"url\":\"https:\/\/inoar.no\/\",\"logo\":{\"@type\":\"ImageObject\",\"inLanguage\":\"en-US\",\"@id\":\"https:\/\/inoar.no\/#\/schema\/logo\/image\/\",\"url\":\"https:\/\/inoar.no\/wp-content\/uploads\/2022\/03\/favicon.png\",\"contentUrl\":\"https:\/\/inoar.no\/wp-content\/uploads\/2022\/03\/favicon.png\",\"width\":512,\"height\":512,\"caption\":\"INOAR - H\u00e5rpleiespesialist\"},\"image\":{\"@id\":\"https:\/\/inoar.no\/#\/schema\/logo\/image\/\"}}]}<\/script>\n<!-- \/ Yoast SEO plugin. -->","yoast_head_json":{"title":"CicatriFios h\u00e5rampuller - INOAR - H\u00e5rpleiespesialist","robots":{"index":"index","follow":"follow","max-snippet":"max-snippet:-1","max-image-preview":"max-image-preview:large","max-video-preview":"max-video-preview:-1"},"canonical":"https:\/\/inoar.no\/en\/product\/cicatrifios-harampuller\/","og_locale":"en_US","og_type":"article","og_title":"CicatriFios h\u00e5rampuller - INOAR - H\u00e5rpleiespesialist","og_description":"CicatriFios h\u00e5rampuller har blitt til en ekte sensasjon innen forbedring av h\u00e5rtilstand. H\u00e5rampullen virker opp til tre ganger sterkere enn en vanlig h\u00e5rkur, takket v\u00e6re sin unike formel. Egenskaper: * Enklere \u00e5 kamme h\u00e5ret og mindre floker i h\u00e5ret * Langvarig oppsamlingseffekt * Eksepsjonell glans takket v\u00e6re lukket skjellaget og fylling av h\u00e5rsprekkene * Beskyttelse mot varmeskader * Gj\u00f8r h\u00e5ret glatt uten \u00e5 redusere volumet * Beskyttelse mot splitting av h\u00e5rtuppene og sterkere h\u00e5r * Forbedring av h\u00e5rstrukturen og beskyttelse av h\u00e5rlagene * Gj\u00f8r h\u00e5ret mykere og mer elastisk. Aktive ingredienser: RekuComplex3, arganolje. Indikasjoner: for alle h\u00e5rtyper, spesielt egnet til skadet og slitt h\u00e5r. Resultat: sterkere, glansfullt og enklere h\u00e5ndterlig h\u00e5r. Bruk: fordel en liten mengde p\u00e5 h\u00e5ndklet\u00f8rket h\u00e5r utover hele h\u00e5ret etter sjamponering. P\u00e5f\u00f8r ekstra mengde p\u00e5 de mest slitte omr\u00e5dene, la det virke i 5-10 min, skyll deretter av med vann. For best resultat, bruk balsam etter h\u00e5rampullen.","og_url":"https:\/\/inoar.no\/en\/product\/cicatrifios-harampuller\/","og_site_name":"INOAR - H\u00e5rpleiespesialist","article_modified_time":"2024-11-04T20:25:25+00:00","og_image":[{"width":1242,"height":1230,"url":"https:\/\/inoar.no\/wp-content\/uploads\/2022\/04\/CicatriFios-harampuller.jpg","type":"image\/jpeg"}],"twitter_card":"summary_large_image","schema":{"@context":"https:\/\/schema.org","@graph":[{"@type":"WebPage","@id":"https:\/\/inoar.no\/product\/cicatrifios-harampuller\/","url":"https:\/\/inoar.no\/product\/cicatrifios-harampuller\/","name":"CicatriFios h\u00e5rampuller - INOAR - H\u00e5rpleiespesialist","isPartOf":{"@id":"https:\/\/inoar.no\/#website"},"primaryImageOfPage":{"@id":"https:\/\/inoar.no\/product\/cicatrifios-harampuller\/#primaryimage"},"image":{"@id":"https:\/\/inoar.no\/product\/cicatrifios-harampuller\/#primaryimage"},"thumbnailUrl":"https:\/\/inoar.no\/wp-content\/uploads\/2022\/04\/CicatriFios-harampuller.jpg","datePublished":"2022-04-21T17:37:02+00:00","dateModified":"2024-11-04T20:25:25+00:00","breadcrumb":{"@id":"https:\/\/inoar.no\/product\/cicatrifios-harampuller\/#breadcrumb"},"inLanguage":"en-US","potentialAction":[{"@type":"ReadAction","target":["https:\/\/inoar.no\/product\/cicatrifios-harampuller\/"]}]},{"@type":"ImageObject","inLanguage":"en-US","@id":"https:\/\/inoar.no\/product\/cicatrifios-harampuller\/#primaryimage","url":"https:\/\/inoar.no\/wp-content\/uploads\/2022\/04\/CicatriFios-harampuller.jpg","contentUrl":"https:\/\/inoar.no\/wp-content\/uploads\/2022\/04\/CicatriFios-harampuller.jpg","width":1242,"height":1230},{"@type":"BreadcrumbList","@id":"https:\/\/inoar.no\/product\/cicatrifios-harampuller\/#breadcrumb","itemListElement":[{"@type":"ListItem","position":1,"name":"Home","item":"https:\/\/inoar.no\/"},{"@type":"ListItem","position":2,"name":"Butikk","item":"https:\/\/inoar.no\/butikk\/"},{"@type":"ListItem","position":3,"name":"CicatriFios h\u00e5rampuller"}]},{"@type":"WebSite","@id":"https:\/\/inoar.no\/#website","url":"https:\/\/inoar.no\/","name":"INOAR - H\u00e5rpleiespesialist","description":"H\u00e5rpleiespesialist","publisher":{"@id":"https:\/\/inoar.no\/#organization"},"potentialAction":[{"@type":"SearchAction","target":{"@type":"EntryPoint","urlTemplate":"https:\/\/inoar.no\/?s={search_term_string}"},"query-input":{"@type":"PropertyValueSpecification","valueRequired":true,"valueName":"search_term_string"}}],"inLanguage":"en-US"},{"@type":"Organization","@id":"https:\/\/inoar.no\/#organization","name":"INOAR - H\u00e5rpleiespesialist","url":"https:\/\/inoar.no\/","logo":{"@type":"ImageObject","inLanguage":"en-US","@id":"https:\/\/inoar.no\/#\/schema\/logo\/image\/","url":"https:\/\/inoar.no\/wp-content\/uploads\/2022\/03\/favicon.png","contentUrl":"https:\/\/inoar.no\/wp-content\/uploads\/2022\/03\/favicon.png","width":512,"height":512,"caption":"INOAR - H\u00e5rpleiespesialist"},"image":{"@id":"https:\/\/inoar.no\/#\/schema\/logo\/image\/"}}]}},"_links":{"self":[{"href":"https:\/\/inoar.no\/en\/wp-json\/wp\/v2\/product\/987983","targetHints":{"allow":["GET"]}}],"collection":[{"href":"https:\/\/inoar.no\/en\/wp-json\/wp\/v2\/product"}],"about":[{"href":"https:\/\/inoar.no\/en\/wp-json\/wp\/v2\/types\/product"}],"replies":[{"embeddable":true,"href":"https:\/\/inoar.no\/en\/wp-json\/wp\/v2\/comments?post=987983"}],"version-history":[{"count":2,"href":"https:\/\/inoar.no\/en\/wp-json\/wp\/v2\/product\/987983\/revisions"}],"predecessor-version":[{"id":989393,"href":"https:\/\/inoar.no\/en\/wp-json\/wp\/v2\/product\/987983\/revisions\/989393"}],"wp:featuredmedia":[{"embeddable":true,"href":"https:\/\/inoar.no\/en\/wp-json\/wp\/v2\/media\/987984"}],"wp:attachment":[{"href":"https:\/\/inoar.no\/en\/wp-json\/wp\/v2\/media?parent=987983"}],"wp:term":[{"taxonomy":"product_brand","embeddable":true,"href":"https:\/\/inoar.no\/en\/wp-json\/wp\/v2\/product_brand?post=987983"},{"taxonomy":"product_cat","embeddable":true,"href":"https:\/\/inoar.no\/en\/wp-json\/wp\/v2\/product_cat?post=987983"},{"taxonomy":"product_tag","embeddable":true,"href":"https:\/\/inoar.no\/en\/wp-json\/wp\/v2\/product_tag?post=987983"}],"curies":[{"name":"wp","href":"https:\/\/api.w.org\/{rel}","templated":true}]}}