{"id":987980,"date":"2022-04-21T19:35:27","date_gmt":"2022-04-21T17:35:27","guid":{"rendered":"https:\/\/inoar.no\/?post_type=product&#038;p=987980"},"modified":"2023-11-23T19:48:49","modified_gmt":"2023-11-23T18:48:49","slug":"cicatrifios-leave-in-balsam","status":"publish","type":"product","link":"https:\/\/inoar.no\/en\/product\/cicatrifios-leave-in-balsam\/","title":{"rendered":"CicatriFios &#8211; Leave-in balsam"},"content":{"rendered":"","protected":false},"excerpt":{"rendered":"<p>Leave-in balsam beskytter mot varmeskader og forhindrer brusete h\u00e5r. CicatriFios h\u00e5rpleie-linjen egner seg til \u00e5 gjenopprette skadet h\u00e5r. Produktene i denne linjen er en revolusjon innen daglig h\u00e5rpleie for \u00e5 gjenopprette h\u00e5rets struktur. Formelen til CicatriFios Leave-in balsam er beriket med RejuComplex3 som mykner h\u00e5ret, reduserer h\u00e5rsplitting og brusete h\u00e5r, gjenoppretter h\u00e5rvolum. Produktet gir ogs\u00e5 glans, gj\u00f8r h\u00e5rkammingen enklere og sikrer en langvarig effekt. CicatriFios Leave-In balsam gj\u00f8r h\u00e5ret glattere og beskytter mot varmen. Det er et godt valg for daglig h\u00e5rpleie takket v\u00e6re den dypvirkende formelen som gjenoppretter skjellaget. Egenskaper: * Enklere h\u00e5rkamming * Langvarig effekt * Eksepsjonell glans * Varmebeskyttelse * Beskyttelse mot h\u00e5rsplitting * Gjenoppretting * H\u00e5rmykhet *. Aktive ingredienser: RejuComplex3, arganolje. Indikasjoner: for alle h\u00e5rtyper, spesielt egnet til tynt og middels-tykt h\u00e5r. Resultat: glatt h\u00e5r som er beskyttet mot varmen. Bruk: fordel en liten mengde av produktet p\u00e5 fuktig eller t\u00f8rt h\u00e5r med hjelp av fingertuppene utover hele h\u00e5ret. Kam h\u00e5ret for \u00e5 fordele produktet jevnt. Trenger ikke \u00e5 skylles av.<\/p>","protected":false},"featured_media":987981,"comment_status":"closed","ping_status":"closed","template":"","meta":[],"product_brand":[],"product_cat":[152,155,109,162,153],"product_tag":[],"class_list":{"0":"post-987980","1":"product","2":"type-product","3":"status-publish","4":"has-post-thumbnail","6":"product_cat-for-skadet-har","7":"product_cat-haret-skinner","8":"product_cat-inoar-cicatrifios","9":"product_cat-leave-in","10":"product_cat-uregjerlig-krusete-har","12":"first","13":"outofstock","14":"shipping-taxable","15":"purchasable","16":"product-type-simple"},"yoast_head":"<!-- This site is optimized with the Yoast SEO plugin v27.1.1 - https:\/\/yoast.com\/product\/yoast-seo-wordpress\/ -->\n<title>CicatriFios - Leave-in balsam - INOAR - H\u00e5rpleiespesialist<\/title>\n<meta name=\"robots\" content=\"index, follow, max-snippet:-1, max-image-preview:large, max-video-preview:-1\" \/>\n<link rel=\"canonical\" href=\"https:\/\/inoar.no\/en\/product\/cicatrifios-leave-in-balsam\/\" \/>\n<meta property=\"og:locale\" content=\"en_US\" \/>\n<meta property=\"og:type\" content=\"article\" \/>\n<meta property=\"og:title\" content=\"CicatriFios - Leave-in balsam - INOAR - H\u00e5rpleiespesialist\" \/>\n<meta property=\"og:description\" content=\"Leave-in balsam beskytter mot varmeskader og forhindrer brusete h\u00e5r. CicatriFios h\u00e5rpleie-linjen egner seg til \u00e5 gjenopprette skadet h\u00e5r. Produktene i denne linjen er en revolusjon innen daglig h\u00e5rpleie for \u00e5 gjenopprette h\u00e5rets struktur. Formelen til CicatriFios Leave-in balsam er beriket med RejuComplex3 som mykner h\u00e5ret, reduserer h\u00e5rsplitting og brusete h\u00e5r, gjenoppretter h\u00e5rvolum. Produktet gir ogs\u00e5 glans, gj\u00f8r h\u00e5rkammingen enklere og sikrer en langvarig effekt. CicatriFios Leave-In balsam gj\u00f8r h\u00e5ret glattere og beskytter mot varmen. Det er et godt valg for daglig h\u00e5rpleie takket v\u00e6re den dypvirkende formelen som gjenoppretter skjellaget. Egenskaper: * Enklere h\u00e5rkamming * Langvarig effekt * Eksepsjonell glans * Varmebeskyttelse * Beskyttelse mot h\u00e5rsplitting * Gjenoppretting * H\u00e5rmykhet *. Aktive ingredienser: RejuComplex3, arganolje. Indikasjoner: for alle h\u00e5rtyper, spesielt egnet til tynt og middels-tykt h\u00e5r. Resultat: glatt h\u00e5r som er beskyttet mot varmen. Bruk: fordel en liten mengde av produktet p\u00e5 fuktig eller t\u00f8rt h\u00e5r med hjelp av fingertuppene utover hele h\u00e5ret. Kam h\u00e5ret for \u00e5 fordele produktet jevnt. Trenger ikke \u00e5 skylles av.\" \/>\n<meta property=\"og:url\" content=\"https:\/\/inoar.no\/en\/product\/cicatrifios-leave-in-balsam\/\" \/>\n<meta property=\"og:site_name\" content=\"INOAR - H\u00e5rpleiespesialist\" \/>\n<meta property=\"article:modified_time\" content=\"2023-11-23T18:48:49+00:00\" \/>\n<meta property=\"og:image\" content=\"https:\/\/inoar.no\/wp-content\/uploads\/2022\/04\/CicatriFios-leave-in-balsam.jpg\" \/>\n\t<meta property=\"og:image:width\" content=\"1242\" \/>\n\t<meta property=\"og:image:height\" content=\"1225\" \/>\n\t<meta property=\"og:image:type\" content=\"image\/jpeg\" \/>\n<meta name=\"twitter:card\" content=\"summary_large_image\" \/>\n<script type=\"application\/ld+json\" class=\"yoast-schema-graph\">{\"@context\":\"https:\/\/schema.org\",\"@graph\":[{\"@type\":\"WebPage\",\"@id\":\"https:\/\/inoar.no\/product\/cicatrifios-leave-in-balsam\/\",\"url\":\"https:\/\/inoar.no\/product\/cicatrifios-leave-in-balsam\/\",\"name\":\"CicatriFios - Leave-in balsam - INOAR - H\u00e5rpleiespesialist\",\"isPartOf\":{\"@id\":\"https:\/\/inoar.no\/#website\"},\"primaryImageOfPage\":{\"@id\":\"https:\/\/inoar.no\/product\/cicatrifios-leave-in-balsam\/#primaryimage\"},\"image\":{\"@id\":\"https:\/\/inoar.no\/product\/cicatrifios-leave-in-balsam\/#primaryimage\"},\"thumbnailUrl\":\"https:\/\/inoar.no\/wp-content\/uploads\/2022\/04\/CicatriFios-leave-in-balsam.jpg\",\"datePublished\":\"2022-04-21T17:35:27+00:00\",\"dateModified\":\"2023-11-23T18:48:49+00:00\",\"breadcrumb\":{\"@id\":\"https:\/\/inoar.no\/product\/cicatrifios-leave-in-balsam\/#breadcrumb\"},\"inLanguage\":\"en-US\",\"potentialAction\":[{\"@type\":\"ReadAction\",\"target\":[\"https:\/\/inoar.no\/product\/cicatrifios-leave-in-balsam\/\"]}]},{\"@type\":\"ImageObject\",\"inLanguage\":\"en-US\",\"@id\":\"https:\/\/inoar.no\/product\/cicatrifios-leave-in-balsam\/#primaryimage\",\"url\":\"https:\/\/inoar.no\/wp-content\/uploads\/2022\/04\/CicatriFios-leave-in-balsam.jpg\",\"contentUrl\":\"https:\/\/inoar.no\/wp-content\/uploads\/2022\/04\/CicatriFios-leave-in-balsam.jpg\",\"width\":1242,\"height\":1225},{\"@type\":\"BreadcrumbList\",\"@id\":\"https:\/\/inoar.no\/product\/cicatrifios-leave-in-balsam\/#breadcrumb\",\"itemListElement\":[{\"@type\":\"ListItem\",\"position\":1,\"name\":\"Home\",\"item\":\"https:\/\/inoar.no\/\"},{\"@type\":\"ListItem\",\"position\":2,\"name\":\"Butikk\",\"item\":\"https:\/\/inoar.no\/butikk\/\"},{\"@type\":\"ListItem\",\"position\":3,\"name\":\"CicatriFios &#8211; Leave-in balsam\"}]},{\"@type\":\"WebSite\",\"@id\":\"https:\/\/inoar.no\/#website\",\"url\":\"https:\/\/inoar.no\/\",\"name\":\"INOAR - H\u00e5rpleiespesialist\",\"description\":\"H\u00e5rpleiespesialist\",\"publisher\":{\"@id\":\"https:\/\/inoar.no\/#organization\"},\"potentialAction\":[{\"@type\":\"SearchAction\",\"target\":{\"@type\":\"EntryPoint\",\"urlTemplate\":\"https:\/\/inoar.no\/?s={search_term_string}\"},\"query-input\":{\"@type\":\"PropertyValueSpecification\",\"valueRequired\":true,\"valueName\":\"search_term_string\"}}],\"inLanguage\":\"en-US\"},{\"@type\":\"Organization\",\"@id\":\"https:\/\/inoar.no\/#organization\",\"name\":\"INOAR - H\u00e5rpleiespesialist\",\"url\":\"https:\/\/inoar.no\/\",\"logo\":{\"@type\":\"ImageObject\",\"inLanguage\":\"en-US\",\"@id\":\"https:\/\/inoar.no\/#\/schema\/logo\/image\/\",\"url\":\"https:\/\/inoar.no\/wp-content\/uploads\/2022\/03\/favicon.png\",\"contentUrl\":\"https:\/\/inoar.no\/wp-content\/uploads\/2022\/03\/favicon.png\",\"width\":512,\"height\":512,\"caption\":\"INOAR - H\u00e5rpleiespesialist\"},\"image\":{\"@id\":\"https:\/\/inoar.no\/#\/schema\/logo\/image\/\"}}]}<\/script>\n<!-- \/ Yoast SEO plugin. -->","yoast_head_json":{"title":"CicatriFios - Leave-in balsam - INOAR - H\u00e5rpleiespesialist","robots":{"index":"index","follow":"follow","max-snippet":"max-snippet:-1","max-image-preview":"max-image-preview:large","max-video-preview":"max-video-preview:-1"},"canonical":"https:\/\/inoar.no\/en\/product\/cicatrifios-leave-in-balsam\/","og_locale":"en_US","og_type":"article","og_title":"CicatriFios - Leave-in balsam - INOAR - H\u00e5rpleiespesialist","og_description":"Leave-in balsam beskytter mot varmeskader og forhindrer brusete h\u00e5r. CicatriFios h\u00e5rpleie-linjen egner seg til \u00e5 gjenopprette skadet h\u00e5r. Produktene i denne linjen er en revolusjon innen daglig h\u00e5rpleie for \u00e5 gjenopprette h\u00e5rets struktur. Formelen til CicatriFios Leave-in balsam er beriket med RejuComplex3 som mykner h\u00e5ret, reduserer h\u00e5rsplitting og brusete h\u00e5r, gjenoppretter h\u00e5rvolum. Produktet gir ogs\u00e5 glans, gj\u00f8r h\u00e5rkammingen enklere og sikrer en langvarig effekt. CicatriFios Leave-In balsam gj\u00f8r h\u00e5ret glattere og beskytter mot varmen. Det er et godt valg for daglig h\u00e5rpleie takket v\u00e6re den dypvirkende formelen som gjenoppretter skjellaget. Egenskaper: * Enklere h\u00e5rkamming * Langvarig effekt * Eksepsjonell glans * Varmebeskyttelse * Beskyttelse mot h\u00e5rsplitting * Gjenoppretting * H\u00e5rmykhet *. Aktive ingredienser: RejuComplex3, arganolje. Indikasjoner: for alle h\u00e5rtyper, spesielt egnet til tynt og middels-tykt h\u00e5r. Resultat: glatt h\u00e5r som er beskyttet mot varmen. Bruk: fordel en liten mengde av produktet p\u00e5 fuktig eller t\u00f8rt h\u00e5r med hjelp av fingertuppene utover hele h\u00e5ret. Kam h\u00e5ret for \u00e5 fordele produktet jevnt. Trenger ikke \u00e5 skylles av.","og_url":"https:\/\/inoar.no\/en\/product\/cicatrifios-leave-in-balsam\/","og_site_name":"INOAR - H\u00e5rpleiespesialist","article_modified_time":"2023-11-23T18:48:49+00:00","og_image":[{"width":1242,"height":1225,"url":"https:\/\/inoar.no\/wp-content\/uploads\/2022\/04\/CicatriFios-leave-in-balsam.jpg","type":"image\/jpeg"}],"twitter_card":"summary_large_image","schema":{"@context":"https:\/\/schema.org","@graph":[{"@type":"WebPage","@id":"https:\/\/inoar.no\/product\/cicatrifios-leave-in-balsam\/","url":"https:\/\/inoar.no\/product\/cicatrifios-leave-in-balsam\/","name":"CicatriFios - Leave-in balsam - INOAR - H\u00e5rpleiespesialist","isPartOf":{"@id":"https:\/\/inoar.no\/#website"},"primaryImageOfPage":{"@id":"https:\/\/inoar.no\/product\/cicatrifios-leave-in-balsam\/#primaryimage"},"image":{"@id":"https:\/\/inoar.no\/product\/cicatrifios-leave-in-balsam\/#primaryimage"},"thumbnailUrl":"https:\/\/inoar.no\/wp-content\/uploads\/2022\/04\/CicatriFios-leave-in-balsam.jpg","datePublished":"2022-04-21T17:35:27+00:00","dateModified":"2023-11-23T18:48:49+00:00","breadcrumb":{"@id":"https:\/\/inoar.no\/product\/cicatrifios-leave-in-balsam\/#breadcrumb"},"inLanguage":"en-US","potentialAction":[{"@type":"ReadAction","target":["https:\/\/inoar.no\/product\/cicatrifios-leave-in-balsam\/"]}]},{"@type":"ImageObject","inLanguage":"en-US","@id":"https:\/\/inoar.no\/product\/cicatrifios-leave-in-balsam\/#primaryimage","url":"https:\/\/inoar.no\/wp-content\/uploads\/2022\/04\/CicatriFios-leave-in-balsam.jpg","contentUrl":"https:\/\/inoar.no\/wp-content\/uploads\/2022\/04\/CicatriFios-leave-in-balsam.jpg","width":1242,"height":1225},{"@type":"BreadcrumbList","@id":"https:\/\/inoar.no\/product\/cicatrifios-leave-in-balsam\/#breadcrumb","itemListElement":[{"@type":"ListItem","position":1,"name":"Home","item":"https:\/\/inoar.no\/"},{"@type":"ListItem","position":2,"name":"Butikk","item":"https:\/\/inoar.no\/butikk\/"},{"@type":"ListItem","position":3,"name":"CicatriFios &#8211; Leave-in balsam"}]},{"@type":"WebSite","@id":"https:\/\/inoar.no\/#website","url":"https:\/\/inoar.no\/","name":"INOAR - H\u00e5rpleiespesialist","description":"H\u00e5rpleiespesialist","publisher":{"@id":"https:\/\/inoar.no\/#organization"},"potentialAction":[{"@type":"SearchAction","target":{"@type":"EntryPoint","urlTemplate":"https:\/\/inoar.no\/?s={search_term_string}"},"query-input":{"@type":"PropertyValueSpecification","valueRequired":true,"valueName":"search_term_string"}}],"inLanguage":"en-US"},{"@type":"Organization","@id":"https:\/\/inoar.no\/#organization","name":"INOAR - H\u00e5rpleiespesialist","url":"https:\/\/inoar.no\/","logo":{"@type":"ImageObject","inLanguage":"en-US","@id":"https:\/\/inoar.no\/#\/schema\/logo\/image\/","url":"https:\/\/inoar.no\/wp-content\/uploads\/2022\/03\/favicon.png","contentUrl":"https:\/\/inoar.no\/wp-content\/uploads\/2022\/03\/favicon.png","width":512,"height":512,"caption":"INOAR - H\u00e5rpleiespesialist"},"image":{"@id":"https:\/\/inoar.no\/#\/schema\/logo\/image\/"}}]}},"_links":{"self":[{"href":"https:\/\/inoar.no\/en\/wp-json\/wp\/v2\/product\/987980","targetHints":{"allow":["GET"]}}],"collection":[{"href":"https:\/\/inoar.no\/en\/wp-json\/wp\/v2\/product"}],"about":[{"href":"https:\/\/inoar.no\/en\/wp-json\/wp\/v2\/types\/product"}],"replies":[{"embeddable":true,"href":"https:\/\/inoar.no\/en\/wp-json\/wp\/v2\/comments?post=987980"}],"version-history":[{"count":2,"href":"https:\/\/inoar.no\/en\/wp-json\/wp\/v2\/product\/987980\/revisions"}],"predecessor-version":[{"id":989394,"href":"https:\/\/inoar.no\/en\/wp-json\/wp\/v2\/product\/987980\/revisions\/989394"}],"wp:featuredmedia":[{"embeddable":true,"href":"https:\/\/inoar.no\/en\/wp-json\/wp\/v2\/media\/987981"}],"wp:attachment":[{"href":"https:\/\/inoar.no\/en\/wp-json\/wp\/v2\/media?parent=987980"}],"wp:term":[{"taxonomy":"product_brand","embeddable":true,"href":"https:\/\/inoar.no\/en\/wp-json\/wp\/v2\/product_brand?post=987980"},{"taxonomy":"product_cat","embeddable":true,"href":"https:\/\/inoar.no\/en\/wp-json\/wp\/v2\/product_cat?post=987980"},{"taxonomy":"product_tag","embeddable":true,"href":"https:\/\/inoar.no\/en\/wp-json\/wp\/v2\/product_tag?post=987980"}],"curies":[{"name":"wp","href":"https:\/\/api.w.org\/{rel}","templated":true}]}}