{"id":987977,"date":"2022-04-21T19:32:46","date_gmt":"2022-04-21T17:32:46","guid":{"rendered":"https:\/\/inoar.no\/?post_type=product&#038;p=987977"},"modified":"2023-11-27T20:54:03","modified_gmt":"2023-11-27T19:54:03","slug":"cicatrifios-hydration-mask","status":"publish","type":"product","link":"https:\/\/inoar.no\/en\/product\/cicatrifios-hydration-mask\/","title":{"rendered":"CicatriFios &#8211; Hydration Mask"},"content":{"rendered":"","protected":false},"excerpt":{"rendered":"<p>H\u00e5rkuren til CicatriFios-linjen s\u00f8rger for en perfekt h\u00e5rgjenoppretting takket v\u00e6re de unike ingrediensene, som tilf\u00f8rer h\u00e5ret ekstra fuktighet. Etter bruk av h\u00e5rkuren, blir h\u00e5ret ditt mettet med n\u00e6ringsstoffer og f\u00e5r ekstra glans uten at det blir brusete! Egenskaper: * Enklere h\u00e5rkamming * Langvarig effekt * Eksepsjonell glans * Varmebeskyttelse * Gradvis reduksjon av brusete h\u00e5r * Beskyttelse mot h\u00e5rsplitting * Gjenoppretting * H\u00e5rmykhet. Aktive ingredienser: RejuComplex3, arganolje. Indikasjoner: for alle h\u00e5rtyper, spesielt egnet til skadet og slitt h\u00e5r. Resultat: gjenoppretter utseendet til sunt h\u00e5r, tar v\u00e6re p\u00e5 h\u00e5rets volum og reduserer brusete h\u00e5r. Bruk: t\u00f8rk h\u00e5ret med et h\u00e5ndkle etter sjamponering, og fordel en liten mengde h\u00e5rkur utover hele h\u00e5ret. P\u00e5f\u00f8r ekstra mengde h\u00e5rkur p\u00e5 de mest slitte omr\u00e5dene, la det virke i 5-10 min, og skyll deretter av med vann.<\/p>","protected":false},"featured_media":987978,"comment_status":"closed","ping_status":"closed","template":"","meta":[],"product_brand":[],"product_cat":[152,155,160,109,166,153],"product_tag":[],"class_list":{"0":"post-987977","1":"product","2":"type-product","3":"status-publish","4":"has-post-thumbnail","6":"product_cat-for-skadet-har","7":"product_cat-haret-skinner","8":"product_cat-harkur","9":"product_cat-inoar-cicatrifios","10":"product_cat-sales","11":"product_cat-uregjerlig-krusete-har","13":"first","14":"outofstock","15":"shipping-taxable","16":"purchasable","17":"product-type-simple"},"yoast_head":"<!-- This site is optimized with the Yoast SEO plugin v27.1.1 - https:\/\/yoast.com\/product\/yoast-seo-wordpress\/ -->\n<title>CicatriFios - Hydration Mask - INOAR - H\u00e5rpleiespesialist<\/title>\n<meta name=\"robots\" content=\"index, follow, max-snippet:-1, max-image-preview:large, max-video-preview:-1\" \/>\n<link rel=\"canonical\" href=\"https:\/\/inoar.no\/en\/product\/cicatrifios-hydration-mask\/\" \/>\n<meta property=\"og:locale\" content=\"en_US\" \/>\n<meta property=\"og:type\" content=\"article\" \/>\n<meta property=\"og:title\" content=\"CicatriFios - Hydration Mask - INOAR - H\u00e5rpleiespesialist\" \/>\n<meta property=\"og:description\" content=\"H\u00e5rkuren til CicatriFios-linjen s\u00f8rger for en perfekt h\u00e5rgjenoppretting takket v\u00e6re de unike ingrediensene, som tilf\u00f8rer h\u00e5ret ekstra fuktighet. Etter bruk av h\u00e5rkuren, blir h\u00e5ret ditt mettet med n\u00e6ringsstoffer og f\u00e5r ekstra glans uten at det blir brusete! Egenskaper: * Enklere h\u00e5rkamming * Langvarig effekt * Eksepsjonell glans * Varmebeskyttelse * Gradvis reduksjon av brusete h\u00e5r * Beskyttelse mot h\u00e5rsplitting * Gjenoppretting * H\u00e5rmykhet. Aktive ingredienser: RejuComplex3, arganolje. Indikasjoner: for alle h\u00e5rtyper, spesielt egnet til skadet og slitt h\u00e5r. Resultat: gjenoppretter utseendet til sunt h\u00e5r, tar v\u00e6re p\u00e5 h\u00e5rets volum og reduserer brusete h\u00e5r. Bruk: t\u00f8rk h\u00e5ret med et h\u00e5ndkle etter sjamponering, og fordel en liten mengde h\u00e5rkur utover hele h\u00e5ret. P\u00e5f\u00f8r ekstra mengde h\u00e5rkur p\u00e5 de mest slitte omr\u00e5dene, la det virke i 5-10 min, og skyll deretter av med vann.\" \/>\n<meta property=\"og:url\" content=\"https:\/\/inoar.no\/en\/product\/cicatrifios-hydration-mask\/\" \/>\n<meta property=\"og:site_name\" content=\"INOAR - H\u00e5rpleiespesialist\" \/>\n<meta property=\"article:modified_time\" content=\"2023-11-27T19:54:03+00:00\" \/>\n<meta property=\"og:image\" content=\"https:\/\/inoar.no\/wp-content\/uploads\/2022\/04\/CicatriFios-hydration-mask.jpg\" \/>\n\t<meta property=\"og:image:width\" content=\"1242\" \/>\n\t<meta property=\"og:image:height\" content=\"1016\" \/>\n\t<meta property=\"og:image:type\" content=\"image\/jpeg\" \/>\n<meta name=\"twitter:card\" content=\"summary_large_image\" \/>\n<script type=\"application\/ld+json\" class=\"yoast-schema-graph\">{\"@context\":\"https:\/\/schema.org\",\"@graph\":[{\"@type\":\"WebPage\",\"@id\":\"https:\/\/inoar.no\/product\/cicatrifios-hydration-mask\/\",\"url\":\"https:\/\/inoar.no\/product\/cicatrifios-hydration-mask\/\",\"name\":\"CicatriFios - Hydration Mask - INOAR - H\u00e5rpleiespesialist\",\"isPartOf\":{\"@id\":\"https:\/\/inoar.no\/#website\"},\"primaryImageOfPage\":{\"@id\":\"https:\/\/inoar.no\/product\/cicatrifios-hydration-mask\/#primaryimage\"},\"image\":{\"@id\":\"https:\/\/inoar.no\/product\/cicatrifios-hydration-mask\/#primaryimage\"},\"thumbnailUrl\":\"https:\/\/inoar.no\/wp-content\/uploads\/2022\/04\/CicatriFios-hydration-mask.jpg\",\"datePublished\":\"2022-04-21T17:32:46+00:00\",\"dateModified\":\"2023-11-27T19:54:03+00:00\",\"breadcrumb\":{\"@id\":\"https:\/\/inoar.no\/product\/cicatrifios-hydration-mask\/#breadcrumb\"},\"inLanguage\":\"en-US\",\"potentialAction\":[{\"@type\":\"ReadAction\",\"target\":[\"https:\/\/inoar.no\/product\/cicatrifios-hydration-mask\/\"]}]},{\"@type\":\"ImageObject\",\"inLanguage\":\"en-US\",\"@id\":\"https:\/\/inoar.no\/product\/cicatrifios-hydration-mask\/#primaryimage\",\"url\":\"https:\/\/inoar.no\/wp-content\/uploads\/2022\/04\/CicatriFios-hydration-mask.jpg\",\"contentUrl\":\"https:\/\/inoar.no\/wp-content\/uploads\/2022\/04\/CicatriFios-hydration-mask.jpg\",\"width\":1242,\"height\":1016},{\"@type\":\"BreadcrumbList\",\"@id\":\"https:\/\/inoar.no\/product\/cicatrifios-hydration-mask\/#breadcrumb\",\"itemListElement\":[{\"@type\":\"ListItem\",\"position\":1,\"name\":\"Home\",\"item\":\"https:\/\/inoar.no\/\"},{\"@type\":\"ListItem\",\"position\":2,\"name\":\"Butikk\",\"item\":\"https:\/\/inoar.no\/butikk\/\"},{\"@type\":\"ListItem\",\"position\":3,\"name\":\"CicatriFios &#8211; Hydration Mask\"}]},{\"@type\":\"WebSite\",\"@id\":\"https:\/\/inoar.no\/#website\",\"url\":\"https:\/\/inoar.no\/\",\"name\":\"INOAR - H\u00e5rpleiespesialist\",\"description\":\"H\u00e5rpleiespesialist\",\"publisher\":{\"@id\":\"https:\/\/inoar.no\/#organization\"},\"potentialAction\":[{\"@type\":\"SearchAction\",\"target\":{\"@type\":\"EntryPoint\",\"urlTemplate\":\"https:\/\/inoar.no\/?s={search_term_string}\"},\"query-input\":{\"@type\":\"PropertyValueSpecification\",\"valueRequired\":true,\"valueName\":\"search_term_string\"}}],\"inLanguage\":\"en-US\"},{\"@type\":\"Organization\",\"@id\":\"https:\/\/inoar.no\/#organization\",\"name\":\"INOAR - H\u00e5rpleiespesialist\",\"url\":\"https:\/\/inoar.no\/\",\"logo\":{\"@type\":\"ImageObject\",\"inLanguage\":\"en-US\",\"@id\":\"https:\/\/inoar.no\/#\/schema\/logo\/image\/\",\"url\":\"https:\/\/inoar.no\/wp-content\/uploads\/2022\/03\/favicon.png\",\"contentUrl\":\"https:\/\/inoar.no\/wp-content\/uploads\/2022\/03\/favicon.png\",\"width\":512,\"height\":512,\"caption\":\"INOAR - H\u00e5rpleiespesialist\"},\"image\":{\"@id\":\"https:\/\/inoar.no\/#\/schema\/logo\/image\/\"}}]}<\/script>\n<!-- \/ Yoast SEO plugin. -->","yoast_head_json":{"title":"CicatriFios - Hydration Mask - INOAR - H\u00e5rpleiespesialist","robots":{"index":"index","follow":"follow","max-snippet":"max-snippet:-1","max-image-preview":"max-image-preview:large","max-video-preview":"max-video-preview:-1"},"canonical":"https:\/\/inoar.no\/en\/product\/cicatrifios-hydration-mask\/","og_locale":"en_US","og_type":"article","og_title":"CicatriFios - Hydration Mask - INOAR - H\u00e5rpleiespesialist","og_description":"H\u00e5rkuren til CicatriFios-linjen s\u00f8rger for en perfekt h\u00e5rgjenoppretting takket v\u00e6re de unike ingrediensene, som tilf\u00f8rer h\u00e5ret ekstra fuktighet. Etter bruk av h\u00e5rkuren, blir h\u00e5ret ditt mettet med n\u00e6ringsstoffer og f\u00e5r ekstra glans uten at det blir brusete! Egenskaper: * Enklere h\u00e5rkamming * Langvarig effekt * Eksepsjonell glans * Varmebeskyttelse * Gradvis reduksjon av brusete h\u00e5r * Beskyttelse mot h\u00e5rsplitting * Gjenoppretting * H\u00e5rmykhet. Aktive ingredienser: RejuComplex3, arganolje. Indikasjoner: for alle h\u00e5rtyper, spesielt egnet til skadet og slitt h\u00e5r. Resultat: gjenoppretter utseendet til sunt h\u00e5r, tar v\u00e6re p\u00e5 h\u00e5rets volum og reduserer brusete h\u00e5r. Bruk: t\u00f8rk h\u00e5ret med et h\u00e5ndkle etter sjamponering, og fordel en liten mengde h\u00e5rkur utover hele h\u00e5ret. P\u00e5f\u00f8r ekstra mengde h\u00e5rkur p\u00e5 de mest slitte omr\u00e5dene, la det virke i 5-10 min, og skyll deretter av med vann.","og_url":"https:\/\/inoar.no\/en\/product\/cicatrifios-hydration-mask\/","og_site_name":"INOAR - H\u00e5rpleiespesialist","article_modified_time":"2023-11-27T19:54:03+00:00","og_image":[{"width":1242,"height":1016,"url":"https:\/\/inoar.no\/wp-content\/uploads\/2022\/04\/CicatriFios-hydration-mask.jpg","type":"image\/jpeg"}],"twitter_card":"summary_large_image","schema":{"@context":"https:\/\/schema.org","@graph":[{"@type":"WebPage","@id":"https:\/\/inoar.no\/product\/cicatrifios-hydration-mask\/","url":"https:\/\/inoar.no\/product\/cicatrifios-hydration-mask\/","name":"CicatriFios - Hydration Mask - INOAR - H\u00e5rpleiespesialist","isPartOf":{"@id":"https:\/\/inoar.no\/#website"},"primaryImageOfPage":{"@id":"https:\/\/inoar.no\/product\/cicatrifios-hydration-mask\/#primaryimage"},"image":{"@id":"https:\/\/inoar.no\/product\/cicatrifios-hydration-mask\/#primaryimage"},"thumbnailUrl":"https:\/\/inoar.no\/wp-content\/uploads\/2022\/04\/CicatriFios-hydration-mask.jpg","datePublished":"2022-04-21T17:32:46+00:00","dateModified":"2023-11-27T19:54:03+00:00","breadcrumb":{"@id":"https:\/\/inoar.no\/product\/cicatrifios-hydration-mask\/#breadcrumb"},"inLanguage":"en-US","potentialAction":[{"@type":"ReadAction","target":["https:\/\/inoar.no\/product\/cicatrifios-hydration-mask\/"]}]},{"@type":"ImageObject","inLanguage":"en-US","@id":"https:\/\/inoar.no\/product\/cicatrifios-hydration-mask\/#primaryimage","url":"https:\/\/inoar.no\/wp-content\/uploads\/2022\/04\/CicatriFios-hydration-mask.jpg","contentUrl":"https:\/\/inoar.no\/wp-content\/uploads\/2022\/04\/CicatriFios-hydration-mask.jpg","width":1242,"height":1016},{"@type":"BreadcrumbList","@id":"https:\/\/inoar.no\/product\/cicatrifios-hydration-mask\/#breadcrumb","itemListElement":[{"@type":"ListItem","position":1,"name":"Home","item":"https:\/\/inoar.no\/"},{"@type":"ListItem","position":2,"name":"Butikk","item":"https:\/\/inoar.no\/butikk\/"},{"@type":"ListItem","position":3,"name":"CicatriFios &#8211; Hydration Mask"}]},{"@type":"WebSite","@id":"https:\/\/inoar.no\/#website","url":"https:\/\/inoar.no\/","name":"INOAR - H\u00e5rpleiespesialist","description":"H\u00e5rpleiespesialist","publisher":{"@id":"https:\/\/inoar.no\/#organization"},"potentialAction":[{"@type":"SearchAction","target":{"@type":"EntryPoint","urlTemplate":"https:\/\/inoar.no\/?s={search_term_string}"},"query-input":{"@type":"PropertyValueSpecification","valueRequired":true,"valueName":"search_term_string"}}],"inLanguage":"en-US"},{"@type":"Organization","@id":"https:\/\/inoar.no\/#organization","name":"INOAR - H\u00e5rpleiespesialist","url":"https:\/\/inoar.no\/","logo":{"@type":"ImageObject","inLanguage":"en-US","@id":"https:\/\/inoar.no\/#\/schema\/logo\/image\/","url":"https:\/\/inoar.no\/wp-content\/uploads\/2022\/03\/favicon.png","contentUrl":"https:\/\/inoar.no\/wp-content\/uploads\/2022\/03\/favicon.png","width":512,"height":512,"caption":"INOAR - H\u00e5rpleiespesialist"},"image":{"@id":"https:\/\/inoar.no\/#\/schema\/logo\/image\/"}}]}},"_links":{"self":[{"href":"https:\/\/inoar.no\/en\/wp-json\/wp\/v2\/product\/987977","targetHints":{"allow":["GET"]}}],"collection":[{"href":"https:\/\/inoar.no\/en\/wp-json\/wp\/v2\/product"}],"about":[{"href":"https:\/\/inoar.no\/en\/wp-json\/wp\/v2\/types\/product"}],"replies":[{"embeddable":true,"href":"https:\/\/inoar.no\/en\/wp-json\/wp\/v2\/comments?post=987977"}],"version-history":[{"count":1,"href":"https:\/\/inoar.no\/en\/wp-json\/wp\/v2\/product\/987977\/revisions"}],"predecessor-version":[{"id":988917,"href":"https:\/\/inoar.no\/en\/wp-json\/wp\/v2\/product\/987977\/revisions\/988917"}],"wp:featuredmedia":[{"embeddable":true,"href":"https:\/\/inoar.no\/en\/wp-json\/wp\/v2\/media\/987978"}],"wp:attachment":[{"href":"https:\/\/inoar.no\/en\/wp-json\/wp\/v2\/media?parent=987977"}],"wp:term":[{"taxonomy":"product_brand","embeddable":true,"href":"https:\/\/inoar.no\/en\/wp-json\/wp\/v2\/product_brand?post=987977"},{"taxonomy":"product_cat","embeddable":true,"href":"https:\/\/inoar.no\/en\/wp-json\/wp\/v2\/product_cat?post=987977"},{"taxonomy":"product_tag","embeddable":true,"href":"https:\/\/inoar.no\/en\/wp-json\/wp\/v2\/product_tag?post=987977"}],"curies":[{"name":"wp","href":"https:\/\/api.w.org\/{rel}","templated":true}]}}