{"id":987971,"date":"2022-04-21T19:26:20","date_gmt":"2022-04-21T17:26:20","guid":{"rendered":"https:\/\/inoar.no\/?post_type=product&#038;p=987971"},"modified":"2023-11-22T00:39:31","modified_gmt":"2023-11-21T23:39:31","slug":"divine-curls-mascara","status":"publish","type":"product","link":"https:\/\/inoar.no\/en\/product\/divine-curls-mascara\/","title":{"rendered":"Divine Curls-mascara"},"content":{"rendered":"","protected":false},"excerpt":{"rendered":"<p>H\u00e5rkur for kr\u00f8llete og b\u00f8lgete h\u00e5r, som vil sikre elastisiteten til kr\u00f8llene dine hele dagen! H\u00e5rkuren er beriket med vitaminer, pegui-olje, kokosolje og sheasm\u00f8r. Det fremhever skj\u00f8nnheten i kr\u00f8llene og gj\u00f8r dem elastiske og glatte. Takket v\u00e6re den nye teknologien tilf\u00f8rer h\u00e5rkuren rikelig med fuktighet b\u00e5de for h\u00e5rstr\u00e5ene og r\u00f8ttene, slik at n\u00e5r h\u00e5ret vokser ut blir det mye sterkere. H\u00e5rkuren aktiverer \u00abhukommelsen\u00bb til kr\u00f8llene, og kr\u00f8llene forblir fleksible og glatte gjennom dagen. Inneholder ikke sulfater, parabener, syntetiske fargestoffer, mineraloljer eller parafin. Aktive ingredienser: pegui-olje, arganolje, macadamia-olje, ekstrakt av gylne linfr\u00f8. Indikasjoner: for b\u00f8lgete, kr\u00f8llete h\u00e5r, egnet ogs\u00e5 til t\u00f8rt h\u00e5r. Resultat: myke, glansfulle og fleksible kr\u00f8ller. Bruk: fordel jevnt p\u00e5 rent, h\u00e5ndklet\u00f8rket h\u00e5r. La det virke i 10 min, skyll deretter grundig av med vann.<\/p>","protected":false},"featured_media":987972,"comment_status":"closed","ping_status":"closed","template":"","meta":[],"product_brand":[],"product_cat":[149,160,111,166],"product_tag":[],"class_list":{"0":"post-987971","1":"product","2":"type-product","3":"status-publish","4":"has-post-thumbnail","6":"product_cat-for-krollete-har","7":"product_cat-harkur","8":"product_cat-inoar-divine","9":"product_cat-sales","11":"first","12":"outofstock","13":"sale","14":"shipping-taxable","15":"purchasable","16":"product-type-simple"},"yoast_head":"<!-- This site is optimized with the Yoast SEO plugin v27.1.1 - https:\/\/yoast.com\/product\/yoast-seo-wordpress\/ -->\n<title>Divine Curls-mascara - INOAR - H\u00e5rpleiespesialist<\/title>\n<meta name=\"robots\" content=\"index, follow, max-snippet:-1, max-image-preview:large, max-video-preview:-1\" \/>\n<link rel=\"canonical\" href=\"https:\/\/inoar.no\/en\/product\/divine-curls-mascara\/\" \/>\n<meta property=\"og:locale\" content=\"en_US\" \/>\n<meta property=\"og:type\" content=\"article\" \/>\n<meta property=\"og:title\" content=\"Divine Curls-mascara - INOAR - H\u00e5rpleiespesialist\" \/>\n<meta property=\"og:description\" content=\"H\u00e5rkur for kr\u00f8llete og b\u00f8lgete h\u00e5r, som vil sikre elastisiteten til kr\u00f8llene dine hele dagen! H\u00e5rkuren er beriket med vitaminer, pegui-olje, kokosolje og sheasm\u00f8r. Det fremhever skj\u00f8nnheten i kr\u00f8llene og gj\u00f8r dem elastiske og glatte. Takket v\u00e6re den nye teknologien tilf\u00f8rer h\u00e5rkuren rikelig med fuktighet b\u00e5de for h\u00e5rstr\u00e5ene og r\u00f8ttene, slik at n\u00e5r h\u00e5ret vokser ut blir det mye sterkere. H\u00e5rkuren aktiverer \u00abhukommelsen\u00bb til kr\u00f8llene, og kr\u00f8llene forblir fleksible og glatte gjennom dagen. Inneholder ikke sulfater, parabener, syntetiske fargestoffer, mineraloljer eller parafin. Aktive ingredienser: pegui-olje, arganolje, macadamia-olje, ekstrakt av gylne linfr\u00f8. Indikasjoner: for b\u00f8lgete, kr\u00f8llete h\u00e5r, egnet ogs\u00e5 til t\u00f8rt h\u00e5r. Resultat: myke, glansfulle og fleksible kr\u00f8ller. Bruk: fordel jevnt p\u00e5 rent, h\u00e5ndklet\u00f8rket h\u00e5r. La det virke i 10 min, skyll deretter grundig av med vann.\" \/>\n<meta property=\"og:url\" content=\"https:\/\/inoar.no\/en\/product\/divine-curls-mascara\/\" \/>\n<meta property=\"og:site_name\" content=\"INOAR - H\u00e5rpleiespesialist\" \/>\n<meta property=\"article:modified_time\" content=\"2023-11-21T23:39:31+00:00\" \/>\n<meta property=\"og:image\" content=\"https:\/\/inoar.no\/wp-content\/uploads\/2022\/04\/Divine-curls-maskara.jpg\" \/>\n\t<meta property=\"og:image:width\" content=\"1242\" \/>\n\t<meta property=\"og:image:height\" content=\"1111\" \/>\n\t<meta property=\"og:image:type\" content=\"image\/jpeg\" \/>\n<meta name=\"twitter:card\" content=\"summary_large_image\" \/>\n<script type=\"application\/ld+json\" class=\"yoast-schema-graph\">{\"@context\":\"https:\/\/schema.org\",\"@graph\":[{\"@type\":\"WebPage\",\"@id\":\"https:\/\/inoar.no\/product\/divine-curls-mascara\/\",\"url\":\"https:\/\/inoar.no\/product\/divine-curls-mascara\/\",\"name\":\"Divine Curls-mascara - INOAR - H\u00e5rpleiespesialist\",\"isPartOf\":{\"@id\":\"https:\/\/inoar.no\/#website\"},\"primaryImageOfPage\":{\"@id\":\"https:\/\/inoar.no\/product\/divine-curls-mascara\/#primaryimage\"},\"image\":{\"@id\":\"https:\/\/inoar.no\/product\/divine-curls-mascara\/#primaryimage\"},\"thumbnailUrl\":\"https:\/\/inoar.no\/wp-content\/uploads\/2022\/04\/Divine-curls-maskara.jpg\",\"datePublished\":\"2022-04-21T17:26:20+00:00\",\"dateModified\":\"2023-11-21T23:39:31+00:00\",\"breadcrumb\":{\"@id\":\"https:\/\/inoar.no\/product\/divine-curls-mascara\/#breadcrumb\"},\"inLanguage\":\"en-US\",\"potentialAction\":[{\"@type\":\"ReadAction\",\"target\":[\"https:\/\/inoar.no\/product\/divine-curls-mascara\/\"]}]},{\"@type\":\"ImageObject\",\"inLanguage\":\"en-US\",\"@id\":\"https:\/\/inoar.no\/product\/divine-curls-mascara\/#primaryimage\",\"url\":\"https:\/\/inoar.no\/wp-content\/uploads\/2022\/04\/Divine-curls-maskara.jpg\",\"contentUrl\":\"https:\/\/inoar.no\/wp-content\/uploads\/2022\/04\/Divine-curls-maskara.jpg\",\"width\":1242,\"height\":1111},{\"@type\":\"BreadcrumbList\",\"@id\":\"https:\/\/inoar.no\/product\/divine-curls-mascara\/#breadcrumb\",\"itemListElement\":[{\"@type\":\"ListItem\",\"position\":1,\"name\":\"Home\",\"item\":\"https:\/\/inoar.no\/\"},{\"@type\":\"ListItem\",\"position\":2,\"name\":\"Butikk\",\"item\":\"https:\/\/inoar.no\/butikk\/\"},{\"@type\":\"ListItem\",\"position\":3,\"name\":\"Divine Curls-mascara\"}]},{\"@type\":\"WebSite\",\"@id\":\"https:\/\/inoar.no\/#website\",\"url\":\"https:\/\/inoar.no\/\",\"name\":\"INOAR - H\u00e5rpleiespesialist\",\"description\":\"H\u00e5rpleiespesialist\",\"publisher\":{\"@id\":\"https:\/\/inoar.no\/#organization\"},\"potentialAction\":[{\"@type\":\"SearchAction\",\"target\":{\"@type\":\"EntryPoint\",\"urlTemplate\":\"https:\/\/inoar.no\/?s={search_term_string}\"},\"query-input\":{\"@type\":\"PropertyValueSpecification\",\"valueRequired\":true,\"valueName\":\"search_term_string\"}}],\"inLanguage\":\"en-US\"},{\"@type\":\"Organization\",\"@id\":\"https:\/\/inoar.no\/#organization\",\"name\":\"INOAR - H\u00e5rpleiespesialist\",\"url\":\"https:\/\/inoar.no\/\",\"logo\":{\"@type\":\"ImageObject\",\"inLanguage\":\"en-US\",\"@id\":\"https:\/\/inoar.no\/#\/schema\/logo\/image\/\",\"url\":\"https:\/\/inoar.no\/wp-content\/uploads\/2022\/03\/favicon.png\",\"contentUrl\":\"https:\/\/inoar.no\/wp-content\/uploads\/2022\/03\/favicon.png\",\"width\":512,\"height\":512,\"caption\":\"INOAR - H\u00e5rpleiespesialist\"},\"image\":{\"@id\":\"https:\/\/inoar.no\/#\/schema\/logo\/image\/\"}}]}<\/script>\n<!-- \/ Yoast SEO plugin. -->","yoast_head_json":{"title":"Divine Curls-mascara - INOAR - H\u00e5rpleiespesialist","robots":{"index":"index","follow":"follow","max-snippet":"max-snippet:-1","max-image-preview":"max-image-preview:large","max-video-preview":"max-video-preview:-1"},"canonical":"https:\/\/inoar.no\/en\/product\/divine-curls-mascara\/","og_locale":"en_US","og_type":"article","og_title":"Divine Curls-mascara - INOAR - H\u00e5rpleiespesialist","og_description":"H\u00e5rkur for kr\u00f8llete og b\u00f8lgete h\u00e5r, som vil sikre elastisiteten til kr\u00f8llene dine hele dagen! H\u00e5rkuren er beriket med vitaminer, pegui-olje, kokosolje og sheasm\u00f8r. Det fremhever skj\u00f8nnheten i kr\u00f8llene og gj\u00f8r dem elastiske og glatte. Takket v\u00e6re den nye teknologien tilf\u00f8rer h\u00e5rkuren rikelig med fuktighet b\u00e5de for h\u00e5rstr\u00e5ene og r\u00f8ttene, slik at n\u00e5r h\u00e5ret vokser ut blir det mye sterkere. H\u00e5rkuren aktiverer \u00abhukommelsen\u00bb til kr\u00f8llene, og kr\u00f8llene forblir fleksible og glatte gjennom dagen. Inneholder ikke sulfater, parabener, syntetiske fargestoffer, mineraloljer eller parafin. Aktive ingredienser: pegui-olje, arganolje, macadamia-olje, ekstrakt av gylne linfr\u00f8. Indikasjoner: for b\u00f8lgete, kr\u00f8llete h\u00e5r, egnet ogs\u00e5 til t\u00f8rt h\u00e5r. Resultat: myke, glansfulle og fleksible kr\u00f8ller. Bruk: fordel jevnt p\u00e5 rent, h\u00e5ndklet\u00f8rket h\u00e5r. La det virke i 10 min, skyll deretter grundig av med vann.","og_url":"https:\/\/inoar.no\/en\/product\/divine-curls-mascara\/","og_site_name":"INOAR - H\u00e5rpleiespesialist","article_modified_time":"2023-11-21T23:39:31+00:00","og_image":[{"width":1242,"height":1111,"url":"https:\/\/inoar.no\/wp-content\/uploads\/2022\/04\/Divine-curls-maskara.jpg","type":"image\/jpeg"}],"twitter_card":"summary_large_image","schema":{"@context":"https:\/\/schema.org","@graph":[{"@type":"WebPage","@id":"https:\/\/inoar.no\/product\/divine-curls-mascara\/","url":"https:\/\/inoar.no\/product\/divine-curls-mascara\/","name":"Divine Curls-mascara - INOAR - H\u00e5rpleiespesialist","isPartOf":{"@id":"https:\/\/inoar.no\/#website"},"primaryImageOfPage":{"@id":"https:\/\/inoar.no\/product\/divine-curls-mascara\/#primaryimage"},"image":{"@id":"https:\/\/inoar.no\/product\/divine-curls-mascara\/#primaryimage"},"thumbnailUrl":"https:\/\/inoar.no\/wp-content\/uploads\/2022\/04\/Divine-curls-maskara.jpg","datePublished":"2022-04-21T17:26:20+00:00","dateModified":"2023-11-21T23:39:31+00:00","breadcrumb":{"@id":"https:\/\/inoar.no\/product\/divine-curls-mascara\/#breadcrumb"},"inLanguage":"en-US","potentialAction":[{"@type":"ReadAction","target":["https:\/\/inoar.no\/product\/divine-curls-mascara\/"]}]},{"@type":"ImageObject","inLanguage":"en-US","@id":"https:\/\/inoar.no\/product\/divine-curls-mascara\/#primaryimage","url":"https:\/\/inoar.no\/wp-content\/uploads\/2022\/04\/Divine-curls-maskara.jpg","contentUrl":"https:\/\/inoar.no\/wp-content\/uploads\/2022\/04\/Divine-curls-maskara.jpg","width":1242,"height":1111},{"@type":"BreadcrumbList","@id":"https:\/\/inoar.no\/product\/divine-curls-mascara\/#breadcrumb","itemListElement":[{"@type":"ListItem","position":1,"name":"Home","item":"https:\/\/inoar.no\/"},{"@type":"ListItem","position":2,"name":"Butikk","item":"https:\/\/inoar.no\/butikk\/"},{"@type":"ListItem","position":3,"name":"Divine Curls-mascara"}]},{"@type":"WebSite","@id":"https:\/\/inoar.no\/#website","url":"https:\/\/inoar.no\/","name":"INOAR - H\u00e5rpleiespesialist","description":"H\u00e5rpleiespesialist","publisher":{"@id":"https:\/\/inoar.no\/#organization"},"potentialAction":[{"@type":"SearchAction","target":{"@type":"EntryPoint","urlTemplate":"https:\/\/inoar.no\/?s={search_term_string}"},"query-input":{"@type":"PropertyValueSpecification","valueRequired":true,"valueName":"search_term_string"}}],"inLanguage":"en-US"},{"@type":"Organization","@id":"https:\/\/inoar.no\/#organization","name":"INOAR - H\u00e5rpleiespesialist","url":"https:\/\/inoar.no\/","logo":{"@type":"ImageObject","inLanguage":"en-US","@id":"https:\/\/inoar.no\/#\/schema\/logo\/image\/","url":"https:\/\/inoar.no\/wp-content\/uploads\/2022\/03\/favicon.png","contentUrl":"https:\/\/inoar.no\/wp-content\/uploads\/2022\/03\/favicon.png","width":512,"height":512,"caption":"INOAR - H\u00e5rpleiespesialist"},"image":{"@id":"https:\/\/inoar.no\/#\/schema\/logo\/image\/"}}]}},"_links":{"self":[{"href":"https:\/\/inoar.no\/en\/wp-json\/wp\/v2\/product\/987971","targetHints":{"allow":["GET"]}}],"collection":[{"href":"https:\/\/inoar.no\/en\/wp-json\/wp\/v2\/product"}],"about":[{"href":"https:\/\/inoar.no\/en\/wp-json\/wp\/v2\/types\/product"}],"replies":[{"embeddable":true,"href":"https:\/\/inoar.no\/en\/wp-json\/wp\/v2\/comments?post=987971"}],"version-history":[{"count":1,"href":"https:\/\/inoar.no\/en\/wp-json\/wp\/v2\/product\/987971\/revisions"}],"predecessor-version":[{"id":988931,"href":"https:\/\/inoar.no\/en\/wp-json\/wp\/v2\/product\/987971\/revisions\/988931"}],"wp:featuredmedia":[{"embeddable":true,"href":"https:\/\/inoar.no\/en\/wp-json\/wp\/v2\/media\/987972"}],"wp:attachment":[{"href":"https:\/\/inoar.no\/en\/wp-json\/wp\/v2\/media?parent=987971"}],"wp:term":[{"taxonomy":"product_brand","embeddable":true,"href":"https:\/\/inoar.no\/en\/wp-json\/wp\/v2\/product_brand?post=987971"},{"taxonomy":"product_cat","embeddable":true,"href":"https:\/\/inoar.no\/en\/wp-json\/wp\/v2\/product_cat?post=987971"},{"taxonomy":"product_tag","embeddable":true,"href":"https:\/\/inoar.no\/en\/wp-json\/wp\/v2\/product_tag?post=987971"}],"curies":[{"name":"wp","href":"https:\/\/api.w.org\/{rel}","templated":true}]}}