{"id":987968,"date":"2022-04-21T19:23:15","date_gmt":"2022-04-21T17:23:15","guid":{"rendered":"https:\/\/inoar.no\/?post_type=product&#038;p=987968"},"modified":"2024-07-03T23:02:12","modified_gmt":"2024-07-03T21:02:12","slug":"divine-curls-sjampo-og-divine-curls-balsam","status":"publish","type":"product","link":"https:\/\/inoar.no\/en\/product\/divine-curls-sjampo-og-divine-curls-balsam\/","title":{"rendered":"Divine Curls-sjampo og Divine Curls-balsam"},"content":{"rendered":"","protected":false},"excerpt":{"rendered":"<p>Produktene er spesielt utviklet for kr\u00f8llete og b\u00f8lgete h\u00e5r. Sjampoen skummer ikke, men renser h\u00e5ret godt og t\u00f8rker det ikke ut. Balsam tilf\u00f8rer fuktighet uten \u00e5 tynge h\u00e5ret ned. Takket v\u00e6re de aktive ingrediensene fra gylne linfr\u00f8, forblir kr\u00f8llene vakre, fleksible og elastiske gjennom dagen. Aktive ingredienser: pegui-olje, arganolje, macadamia-olje og ekstrakt av gylne linfr\u00f8. Indikasjoner: for kr\u00f8llete, b\u00f8lgete h\u00e5r, egnet ogs\u00e5 til t\u00f8rt h\u00e5r. Resultat: myke, glansfulle og elastiske kr\u00f8ller. Settet best\u00e5r av: Divine Curls-sjampo 250 ml og Divine Curls-balsam 250 ml. Bruk: masser sjampo inn i fuktig h\u00e5r, skyll deretter grundig av, gjenta prosedyren om n\u00f8dvendig. Fordel deretter balsamen jevnt utover hele h\u00e5ret og la det virke i 5 min, skyll deretter av.<\/p>","protected":false},"featured_media":987969,"comment_status":"closed","ping_status":"closed","template":"","meta":[],"product_brand":[],"product_cat":[149,111,166],"product_tag":[],"class_list":{"0":"post-987968","1":"product","2":"type-product","3":"status-publish","4":"has-post-thumbnail","6":"product_cat-for-krollete-har","7":"product_cat-inoar-divine","8":"product_cat-sales","10":"first","11":"outofstock","12":"sale","13":"shipping-taxable","14":"purchasable","15":"product-type-simple"},"yoast_head":"<!-- This site is optimized with the Yoast SEO plugin v27.1.1 - https:\/\/yoast.com\/product\/yoast-seo-wordpress\/ -->\n<title>Divine Curls-sjampo og Divine Curls-balsam - INOAR - H\u00e5rpleiespesialist<\/title>\n<meta name=\"robots\" content=\"index, follow, max-snippet:-1, max-image-preview:large, max-video-preview:-1\" \/>\n<link rel=\"canonical\" href=\"https:\/\/inoar.no\/en\/product\/divine-curls-sjampo-og-divine-curls-balsam\/\" \/>\n<meta property=\"og:locale\" content=\"en_US\" \/>\n<meta property=\"og:type\" content=\"article\" \/>\n<meta property=\"og:title\" content=\"Divine Curls-sjampo og Divine Curls-balsam - INOAR - H\u00e5rpleiespesialist\" \/>\n<meta property=\"og:description\" content=\"Produktene er spesielt utviklet for kr\u00f8llete og b\u00f8lgete h\u00e5r. Sjampoen skummer ikke, men renser h\u00e5ret godt og t\u00f8rker det ikke ut. Balsam tilf\u00f8rer fuktighet uten \u00e5 tynge h\u00e5ret ned. Takket v\u00e6re de aktive ingrediensene fra gylne linfr\u00f8, forblir kr\u00f8llene vakre, fleksible og elastiske gjennom dagen. Aktive ingredienser: pegui-olje, arganolje, macadamia-olje og ekstrakt av gylne linfr\u00f8. Indikasjoner: for kr\u00f8llete, b\u00f8lgete h\u00e5r, egnet ogs\u00e5 til t\u00f8rt h\u00e5r. Resultat: myke, glansfulle og elastiske kr\u00f8ller. Settet best\u00e5r av: Divine Curls-sjampo 250 ml og Divine Curls-balsam 250 ml. Bruk: masser sjampo inn i fuktig h\u00e5r, skyll deretter grundig av, gjenta prosedyren om n\u00f8dvendig. Fordel deretter balsamen jevnt utover hele h\u00e5ret og la det virke i 5 min, skyll deretter av.\" \/>\n<meta property=\"og:url\" content=\"https:\/\/inoar.no\/en\/product\/divine-curls-sjampo-og-divine-curls-balsam\/\" \/>\n<meta property=\"og:site_name\" content=\"INOAR - H\u00e5rpleiespesialist\" \/>\n<meta property=\"article:modified_time\" content=\"2024-07-03T21:02:12+00:00\" \/>\n<meta property=\"og:image\" content=\"https:\/\/inoar.no\/wp-content\/uploads\/2022\/04\/Divine-Curls-sjampo-og-Divine-Curls-balsam.jpg\" \/>\n\t<meta property=\"og:image:width\" content=\"1242\" \/>\n\t<meta property=\"og:image:height\" content=\"1222\" \/>\n\t<meta property=\"og:image:type\" content=\"image\/jpeg\" \/>\n<meta name=\"twitter:card\" content=\"summary_large_image\" \/>\n<script type=\"application\/ld+json\" class=\"yoast-schema-graph\">{\"@context\":\"https:\/\/schema.org\",\"@graph\":[{\"@type\":\"WebPage\",\"@id\":\"https:\/\/inoar.no\/product\/divine-curls-sjampo-og-divine-curls-balsam\/\",\"url\":\"https:\/\/inoar.no\/product\/divine-curls-sjampo-og-divine-curls-balsam\/\",\"name\":\"Divine Curls-sjampo og Divine Curls-balsam - INOAR - H\u00e5rpleiespesialist\",\"isPartOf\":{\"@id\":\"https:\/\/inoar.no\/#website\"},\"primaryImageOfPage\":{\"@id\":\"https:\/\/inoar.no\/product\/divine-curls-sjampo-og-divine-curls-balsam\/#primaryimage\"},\"image\":{\"@id\":\"https:\/\/inoar.no\/product\/divine-curls-sjampo-og-divine-curls-balsam\/#primaryimage\"},\"thumbnailUrl\":\"https:\/\/inoar.no\/wp-content\/uploads\/2022\/04\/Divine-Curls-sjampo-og-Divine-Curls-balsam.jpg\",\"datePublished\":\"2022-04-21T17:23:15+00:00\",\"dateModified\":\"2024-07-03T21:02:12+00:00\",\"breadcrumb\":{\"@id\":\"https:\/\/inoar.no\/product\/divine-curls-sjampo-og-divine-curls-balsam\/#breadcrumb\"},\"inLanguage\":\"en-US\",\"potentialAction\":[{\"@type\":\"ReadAction\",\"target\":[\"https:\/\/inoar.no\/product\/divine-curls-sjampo-og-divine-curls-balsam\/\"]}]},{\"@type\":\"ImageObject\",\"inLanguage\":\"en-US\",\"@id\":\"https:\/\/inoar.no\/product\/divine-curls-sjampo-og-divine-curls-balsam\/#primaryimage\",\"url\":\"https:\/\/inoar.no\/wp-content\/uploads\/2022\/04\/Divine-Curls-sjampo-og-Divine-Curls-balsam.jpg\",\"contentUrl\":\"https:\/\/inoar.no\/wp-content\/uploads\/2022\/04\/Divine-Curls-sjampo-og-Divine-Curls-balsam.jpg\",\"width\":1242,\"height\":1222},{\"@type\":\"BreadcrumbList\",\"@id\":\"https:\/\/inoar.no\/product\/divine-curls-sjampo-og-divine-curls-balsam\/#breadcrumb\",\"itemListElement\":[{\"@type\":\"ListItem\",\"position\":1,\"name\":\"Home\",\"item\":\"https:\/\/inoar.no\/\"},{\"@type\":\"ListItem\",\"position\":2,\"name\":\"Butikk\",\"item\":\"https:\/\/inoar.no\/butikk\/\"},{\"@type\":\"ListItem\",\"position\":3,\"name\":\"Divine Curls-sjampo og Divine Curls-balsam\"}]},{\"@type\":\"WebSite\",\"@id\":\"https:\/\/inoar.no\/#website\",\"url\":\"https:\/\/inoar.no\/\",\"name\":\"INOAR - H\u00e5rpleiespesialist\",\"description\":\"H\u00e5rpleiespesialist\",\"publisher\":{\"@id\":\"https:\/\/inoar.no\/#organization\"},\"potentialAction\":[{\"@type\":\"SearchAction\",\"target\":{\"@type\":\"EntryPoint\",\"urlTemplate\":\"https:\/\/inoar.no\/?s={search_term_string}\"},\"query-input\":{\"@type\":\"PropertyValueSpecification\",\"valueRequired\":true,\"valueName\":\"search_term_string\"}}],\"inLanguage\":\"en-US\"},{\"@type\":\"Organization\",\"@id\":\"https:\/\/inoar.no\/#organization\",\"name\":\"INOAR - H\u00e5rpleiespesialist\",\"url\":\"https:\/\/inoar.no\/\",\"logo\":{\"@type\":\"ImageObject\",\"inLanguage\":\"en-US\",\"@id\":\"https:\/\/inoar.no\/#\/schema\/logo\/image\/\",\"url\":\"https:\/\/inoar.no\/wp-content\/uploads\/2022\/03\/favicon.png\",\"contentUrl\":\"https:\/\/inoar.no\/wp-content\/uploads\/2022\/03\/favicon.png\",\"width\":512,\"height\":512,\"caption\":\"INOAR - H\u00e5rpleiespesialist\"},\"image\":{\"@id\":\"https:\/\/inoar.no\/#\/schema\/logo\/image\/\"}}]}<\/script>\n<!-- \/ Yoast SEO plugin. -->","yoast_head_json":{"title":"Divine Curls-sjampo og Divine Curls-balsam - INOAR - H\u00e5rpleiespesialist","robots":{"index":"index","follow":"follow","max-snippet":"max-snippet:-1","max-image-preview":"max-image-preview:large","max-video-preview":"max-video-preview:-1"},"canonical":"https:\/\/inoar.no\/en\/product\/divine-curls-sjampo-og-divine-curls-balsam\/","og_locale":"en_US","og_type":"article","og_title":"Divine Curls-sjampo og Divine Curls-balsam - INOAR - H\u00e5rpleiespesialist","og_description":"Produktene er spesielt utviklet for kr\u00f8llete og b\u00f8lgete h\u00e5r. Sjampoen skummer ikke, men renser h\u00e5ret godt og t\u00f8rker det ikke ut. Balsam tilf\u00f8rer fuktighet uten \u00e5 tynge h\u00e5ret ned. Takket v\u00e6re de aktive ingrediensene fra gylne linfr\u00f8, forblir kr\u00f8llene vakre, fleksible og elastiske gjennom dagen. Aktive ingredienser: pegui-olje, arganolje, macadamia-olje og ekstrakt av gylne linfr\u00f8. Indikasjoner: for kr\u00f8llete, b\u00f8lgete h\u00e5r, egnet ogs\u00e5 til t\u00f8rt h\u00e5r. Resultat: myke, glansfulle og elastiske kr\u00f8ller. Settet best\u00e5r av: Divine Curls-sjampo 250 ml og Divine Curls-balsam 250 ml. Bruk: masser sjampo inn i fuktig h\u00e5r, skyll deretter grundig av, gjenta prosedyren om n\u00f8dvendig. Fordel deretter balsamen jevnt utover hele h\u00e5ret og la det virke i 5 min, skyll deretter av.","og_url":"https:\/\/inoar.no\/en\/product\/divine-curls-sjampo-og-divine-curls-balsam\/","og_site_name":"INOAR - H\u00e5rpleiespesialist","article_modified_time":"2024-07-03T21:02:12+00:00","og_image":[{"width":1242,"height":1222,"url":"https:\/\/inoar.no\/wp-content\/uploads\/2022\/04\/Divine-Curls-sjampo-og-Divine-Curls-balsam.jpg","type":"image\/jpeg"}],"twitter_card":"summary_large_image","schema":{"@context":"https:\/\/schema.org","@graph":[{"@type":"WebPage","@id":"https:\/\/inoar.no\/product\/divine-curls-sjampo-og-divine-curls-balsam\/","url":"https:\/\/inoar.no\/product\/divine-curls-sjampo-og-divine-curls-balsam\/","name":"Divine Curls-sjampo og Divine Curls-balsam - INOAR - H\u00e5rpleiespesialist","isPartOf":{"@id":"https:\/\/inoar.no\/#website"},"primaryImageOfPage":{"@id":"https:\/\/inoar.no\/product\/divine-curls-sjampo-og-divine-curls-balsam\/#primaryimage"},"image":{"@id":"https:\/\/inoar.no\/product\/divine-curls-sjampo-og-divine-curls-balsam\/#primaryimage"},"thumbnailUrl":"https:\/\/inoar.no\/wp-content\/uploads\/2022\/04\/Divine-Curls-sjampo-og-Divine-Curls-balsam.jpg","datePublished":"2022-04-21T17:23:15+00:00","dateModified":"2024-07-03T21:02:12+00:00","breadcrumb":{"@id":"https:\/\/inoar.no\/product\/divine-curls-sjampo-og-divine-curls-balsam\/#breadcrumb"},"inLanguage":"en-US","potentialAction":[{"@type":"ReadAction","target":["https:\/\/inoar.no\/product\/divine-curls-sjampo-og-divine-curls-balsam\/"]}]},{"@type":"ImageObject","inLanguage":"en-US","@id":"https:\/\/inoar.no\/product\/divine-curls-sjampo-og-divine-curls-balsam\/#primaryimage","url":"https:\/\/inoar.no\/wp-content\/uploads\/2022\/04\/Divine-Curls-sjampo-og-Divine-Curls-balsam.jpg","contentUrl":"https:\/\/inoar.no\/wp-content\/uploads\/2022\/04\/Divine-Curls-sjampo-og-Divine-Curls-balsam.jpg","width":1242,"height":1222},{"@type":"BreadcrumbList","@id":"https:\/\/inoar.no\/product\/divine-curls-sjampo-og-divine-curls-balsam\/#breadcrumb","itemListElement":[{"@type":"ListItem","position":1,"name":"Home","item":"https:\/\/inoar.no\/"},{"@type":"ListItem","position":2,"name":"Butikk","item":"https:\/\/inoar.no\/butikk\/"},{"@type":"ListItem","position":3,"name":"Divine Curls-sjampo og Divine Curls-balsam"}]},{"@type":"WebSite","@id":"https:\/\/inoar.no\/#website","url":"https:\/\/inoar.no\/","name":"INOAR - H\u00e5rpleiespesialist","description":"H\u00e5rpleiespesialist","publisher":{"@id":"https:\/\/inoar.no\/#organization"},"potentialAction":[{"@type":"SearchAction","target":{"@type":"EntryPoint","urlTemplate":"https:\/\/inoar.no\/?s={search_term_string}"},"query-input":{"@type":"PropertyValueSpecification","valueRequired":true,"valueName":"search_term_string"}}],"inLanguage":"en-US"},{"@type":"Organization","@id":"https:\/\/inoar.no\/#organization","name":"INOAR - H\u00e5rpleiespesialist","url":"https:\/\/inoar.no\/","logo":{"@type":"ImageObject","inLanguage":"en-US","@id":"https:\/\/inoar.no\/#\/schema\/logo\/image\/","url":"https:\/\/inoar.no\/wp-content\/uploads\/2022\/03\/favicon.png","contentUrl":"https:\/\/inoar.no\/wp-content\/uploads\/2022\/03\/favicon.png","width":512,"height":512,"caption":"INOAR - H\u00e5rpleiespesialist"},"image":{"@id":"https:\/\/inoar.no\/#\/schema\/logo\/image\/"}}]}},"_links":{"self":[{"href":"https:\/\/inoar.no\/en\/wp-json\/wp\/v2\/product\/987968","targetHints":{"allow":["GET"]}}],"collection":[{"href":"https:\/\/inoar.no\/en\/wp-json\/wp\/v2\/product"}],"about":[{"href":"https:\/\/inoar.no\/en\/wp-json\/wp\/v2\/types\/product"}],"replies":[{"embeddable":true,"href":"https:\/\/inoar.no\/en\/wp-json\/wp\/v2\/comments?post=987968"}],"version-history":[{"count":3,"href":"https:\/\/inoar.no\/en\/wp-json\/wp\/v2\/product\/987968\/revisions"}],"predecessor-version":[{"id":989343,"href":"https:\/\/inoar.no\/en\/wp-json\/wp\/v2\/product\/987968\/revisions\/989343"}],"wp:featuredmedia":[{"embeddable":true,"href":"https:\/\/inoar.no\/en\/wp-json\/wp\/v2\/media\/987969"}],"wp:attachment":[{"href":"https:\/\/inoar.no\/en\/wp-json\/wp\/v2\/media?parent=987968"}],"wp:term":[{"taxonomy":"product_brand","embeddable":true,"href":"https:\/\/inoar.no\/en\/wp-json\/wp\/v2\/product_brand?post=987968"},{"taxonomy":"product_cat","embeddable":true,"href":"https:\/\/inoar.no\/en\/wp-json\/wp\/v2\/product_cat?post=987968"},{"taxonomy":"product_tag","embeddable":true,"href":"https:\/\/inoar.no\/en\/wp-json\/wp\/v2\/product_tag?post=987968"}],"curies":[{"name":"wp","href":"https:\/\/api.w.org\/{rel}","templated":true}]}}