{"id":987958,"date":"2022-04-21T19:11:46","date_gmt":"2022-04-21T17:11:46","guid":{"rendered":"https:\/\/inoar.no\/?post_type=product&#038;p=987958"},"modified":"2023-10-30T14:27:15","modified_gmt":"2023-10-30T13:27:15","slug":"anti-yellow-mask","status":"publish","type":"product","link":"https:\/\/inoar.no\/en\/product\/anti-yellow-mask\/","title":{"rendered":"INOAR Speed Blond Mask &#8211; h\u00e5rmaske for blondt h\u00e5r 500 g"},"content":{"rendered":"","protected":false},"excerpt":{"rendered":"<p>Speed Blond-h\u00e5rkur er egnet til \u00e5 f\u00e5 frem platina- og gr\u00e5toner for lyst, bleket eller stripet h\u00e5r. Det anbefales \u00e5 bruke h\u00e5rkuren for \u00e5 redusere eller fullstendig kvitte seg med gulskj\u00e6r, beskytte h\u00e5rfargen mot falming og fremheve gr\u00e5toner. Produktet gir rikelig med fuktighet, lyse toner og tilf\u00f8rer h\u00e5ret mykhet og glans. Indikasjoner: for alle h\u00e5rtyper med u\u00f8nsket gulskj\u00e6r. Aktive ingredienser: arganolje, ekstrakt fra kornblomst, azulene og rosmarin. Resultat: h\u00e5ret f\u00e5r en kald platina-tone og gulskj\u00e6ret blir fjernet. Bruk: p\u00e5f\u00f8r p\u00e5 rent, h\u00e5ndklet\u00f8rket h\u00e5r og fordel jevnt. La det trekke inn i 10-15 min og skyll deretter grundig av med vann.<\/p>","protected":false},"featured_media":988955,"comment_status":"closed","ping_status":"closed","template":"","meta":[],"product_brand":[],"product_cat":[157,160,115],"product_tag":[],"class_list":{"0":"post-987958","1":"product","2":"type-product","3":"status-publish","4":"has-post-thumbnail","6":"product_cat-for-lyst-har-gul-nyanse-for-odeleggelse-granende","7":"product_cat-harkur","8":"product_cat-speed-blond","10":"first","11":"outofstock","12":"shipping-taxable","13":"purchasable","14":"product-type-simple"},"yoast_head":"<!-- This site is optimized with the Yoast SEO plugin v27.6 - https:\/\/yoast.com\/product\/yoast-seo-wordpress\/ -->\n<title>INOAR Speed Blond Mask - h\u00e5rmaske for blondt h\u00e5r 500 g - INOAR - H\u00e5rpleiespesialist<\/title>\n<meta name=\"robots\" content=\"index, follow, max-snippet:-1, max-image-preview:large, max-video-preview:-1\" \/>\n<link rel=\"canonical\" href=\"https:\/\/inoar.no\/en\/product\/anti-yellow-mask\/\" \/>\n<meta property=\"og:locale\" content=\"en_US\" \/>\n<meta property=\"og:type\" content=\"article\" \/>\n<meta property=\"og:title\" content=\"INOAR Speed Blond Mask - h\u00e5rmaske for blondt h\u00e5r 500 g - INOAR - H\u00e5rpleiespesialist\" \/>\n<meta property=\"og:description\" content=\"Speed Blond-h\u00e5rkur er egnet til \u00e5 f\u00e5 frem platina- og gr\u00e5toner for lyst, bleket eller stripet h\u00e5r. Det anbefales \u00e5 bruke h\u00e5rkuren for \u00e5 redusere eller fullstendig kvitte seg med gulskj\u00e6r, beskytte h\u00e5rfargen mot falming og fremheve gr\u00e5toner. Produktet gir rikelig med fuktighet, lyse toner og tilf\u00f8rer h\u00e5ret mykhet og glans. Indikasjoner: for alle h\u00e5rtyper med u\u00f8nsket gulskj\u00e6r. Aktive ingredienser: arganolje, ekstrakt fra kornblomst, azulene og rosmarin. Resultat: h\u00e5ret f\u00e5r en kald platina-tone og gulskj\u00e6ret blir fjernet. Bruk: p\u00e5f\u00f8r p\u00e5 rent, h\u00e5ndklet\u00f8rket h\u00e5r og fordel jevnt. La det trekke inn i 10-15 min og skyll deretter grundig av med vann.\" \/>\n<meta property=\"og:url\" content=\"https:\/\/inoar.no\/en\/product\/anti-yellow-mask\/\" \/>\n<meta property=\"og:site_name\" content=\"INOAR - H\u00e5rpleiespesialist\" \/>\n<meta property=\"article:modified_time\" content=\"2023-10-30T13:27:15+00:00\" \/>\n<meta property=\"og:image\" content=\"https:\/\/inoar.no\/wp-content\/uploads\/2022\/04\/Inoar_Absolut_SpeedBlond_Mascara_500g_FRONT-16128238208771.png\" \/>\n\t<meta property=\"og:image:width\" content=\"1500\" \/>\n\t<meta property=\"og:image:height\" content=\"1500\" \/>\n\t<meta property=\"og:image:type\" content=\"image\/png\" \/>\n<meta name=\"twitter:card\" content=\"summary_large_image\" \/>\n<script type=\"application\/ld+json\" class=\"yoast-schema-graph\">{\"@context\":\"https:\\\/\\\/schema.org\",\"@graph\":[{\"@type\":\"WebPage\",\"@id\":\"https:\\\/\\\/inoar.no\\\/product\\\/anti-yellow-mask\\\/\",\"url\":\"https:\\\/\\\/inoar.no\\\/product\\\/anti-yellow-mask\\\/\",\"name\":\"INOAR Speed Blond Mask - h\u00e5rmaske for blondt h\u00e5r 500 g - INOAR - H\u00e5rpleiespesialist\",\"isPartOf\":{\"@id\":\"https:\\\/\\\/inoar.no\\\/#website\"},\"primaryImageOfPage\":{\"@id\":\"https:\\\/\\\/inoar.no\\\/product\\\/anti-yellow-mask\\\/#primaryimage\"},\"image\":{\"@id\":\"https:\\\/\\\/inoar.no\\\/product\\\/anti-yellow-mask\\\/#primaryimage\"},\"thumbnailUrl\":\"https:\\\/\\\/inoar.no\\\/wp-content\\\/uploads\\\/2022\\\/04\\\/Inoar_Absolut_SpeedBlond_Mascara_500g_FRONT-16128238208771.png\",\"datePublished\":\"2022-04-21T17:11:46+00:00\",\"dateModified\":\"2023-10-30T13:27:15+00:00\",\"breadcrumb\":{\"@id\":\"https:\\\/\\\/inoar.no\\\/product\\\/anti-yellow-mask\\\/#breadcrumb\"},\"inLanguage\":\"en-US\",\"potentialAction\":[{\"@type\":\"ReadAction\",\"target\":[\"https:\\\/\\\/inoar.no\\\/product\\\/anti-yellow-mask\\\/\"]}]},{\"@type\":\"ImageObject\",\"inLanguage\":\"en-US\",\"@id\":\"https:\\\/\\\/inoar.no\\\/product\\\/anti-yellow-mask\\\/#primaryimage\",\"url\":\"https:\\\/\\\/inoar.no\\\/wp-content\\\/uploads\\\/2022\\\/04\\\/Inoar_Absolut_SpeedBlond_Mascara_500g_FRONT-16128238208771.png\",\"contentUrl\":\"https:\\\/\\\/inoar.no\\\/wp-content\\\/uploads\\\/2022\\\/04\\\/Inoar_Absolut_SpeedBlond_Mascara_500g_FRONT-16128238208771.png\",\"width\":1500,\"height\":1500},{\"@type\":\"BreadcrumbList\",\"@id\":\"https:\\\/\\\/inoar.no\\\/product\\\/anti-yellow-mask\\\/#breadcrumb\",\"itemListElement\":[{\"@type\":\"ListItem\",\"position\":1,\"name\":\"Home\",\"item\":\"https:\\\/\\\/inoar.no\\\/\"},{\"@type\":\"ListItem\",\"position\":2,\"name\":\"Butikk\",\"item\":\"https:\\\/\\\/inoar.no\\\/butikk\\\/\"},{\"@type\":\"ListItem\",\"position\":3,\"name\":\"INOAR Speed Blond Mask &#8211; h\u00e5rmaske for blondt h\u00e5r 500 g\"}]},{\"@type\":\"WebSite\",\"@id\":\"https:\\\/\\\/inoar.no\\\/#website\",\"url\":\"https:\\\/\\\/inoar.no\\\/\",\"name\":\"INOAR - H\u00e5rpleiespesialist\",\"description\":\"H\u00e5rpleiespesialist\",\"publisher\":{\"@id\":\"https:\\\/\\\/inoar.no\\\/#organization\"},\"potentialAction\":[{\"@type\":\"SearchAction\",\"target\":{\"@type\":\"EntryPoint\",\"urlTemplate\":\"https:\\\/\\\/inoar.no\\\/?s={search_term_string}\"},\"query-input\":{\"@type\":\"PropertyValueSpecification\",\"valueRequired\":true,\"valueName\":\"search_term_string\"}}],\"inLanguage\":\"en-US\"},{\"@type\":\"Organization\",\"@id\":\"https:\\\/\\\/inoar.no\\\/#organization\",\"name\":\"INOAR - H\u00e5rpleiespesialist\",\"url\":\"https:\\\/\\\/inoar.no\\\/\",\"logo\":{\"@type\":\"ImageObject\",\"inLanguage\":\"en-US\",\"@id\":\"https:\\\/\\\/inoar.no\\\/#\\\/schema\\\/logo\\\/image\\\/\",\"url\":\"https:\\\/\\\/inoar.no\\\/wp-content\\\/uploads\\\/2022\\\/03\\\/favicon.png\",\"contentUrl\":\"https:\\\/\\\/inoar.no\\\/wp-content\\\/uploads\\\/2022\\\/03\\\/favicon.png\",\"width\":512,\"height\":512,\"caption\":\"INOAR - H\u00e5rpleiespesialist\"},\"image\":{\"@id\":\"https:\\\/\\\/inoar.no\\\/#\\\/schema\\\/logo\\\/image\\\/\"}}]}<\/script>\n<!-- \/ Yoast SEO plugin. -->","yoast_head_json":{"title":"INOAR Speed Blond Mask - h\u00e5rmaske for blondt h\u00e5r 500 g - INOAR - H\u00e5rpleiespesialist","robots":{"index":"index","follow":"follow","max-snippet":"max-snippet:-1","max-image-preview":"max-image-preview:large","max-video-preview":"max-video-preview:-1"},"canonical":"https:\/\/inoar.no\/en\/product\/anti-yellow-mask\/","og_locale":"en_US","og_type":"article","og_title":"INOAR Speed Blond Mask - h\u00e5rmaske for blondt h\u00e5r 500 g - INOAR - H\u00e5rpleiespesialist","og_description":"Speed Blond-h\u00e5rkur er egnet til \u00e5 f\u00e5 frem platina- og gr\u00e5toner for lyst, bleket eller stripet h\u00e5r. Det anbefales \u00e5 bruke h\u00e5rkuren for \u00e5 redusere eller fullstendig kvitte seg med gulskj\u00e6r, beskytte h\u00e5rfargen mot falming og fremheve gr\u00e5toner. Produktet gir rikelig med fuktighet, lyse toner og tilf\u00f8rer h\u00e5ret mykhet og glans. Indikasjoner: for alle h\u00e5rtyper med u\u00f8nsket gulskj\u00e6r. Aktive ingredienser: arganolje, ekstrakt fra kornblomst, azulene og rosmarin. Resultat: h\u00e5ret f\u00e5r en kald platina-tone og gulskj\u00e6ret blir fjernet. Bruk: p\u00e5f\u00f8r p\u00e5 rent, h\u00e5ndklet\u00f8rket h\u00e5r og fordel jevnt. La det trekke inn i 10-15 min og skyll deretter grundig av med vann.","og_url":"https:\/\/inoar.no\/en\/product\/anti-yellow-mask\/","og_site_name":"INOAR - H\u00e5rpleiespesialist","article_modified_time":"2023-10-30T13:27:15+00:00","og_image":[{"width":1500,"height":1500,"url":"https:\/\/inoar.no\/wp-content\/uploads\/2022\/04\/Inoar_Absolut_SpeedBlond_Mascara_500g_FRONT-16128238208771.png","type":"image\/png"}],"twitter_card":"summary_large_image","schema":{"@context":"https:\/\/schema.org","@graph":[{"@type":"WebPage","@id":"https:\/\/inoar.no\/product\/anti-yellow-mask\/","url":"https:\/\/inoar.no\/product\/anti-yellow-mask\/","name":"INOAR Speed Blond Mask - h\u00e5rmaske for blondt h\u00e5r 500 g - INOAR - H\u00e5rpleiespesialist","isPartOf":{"@id":"https:\/\/inoar.no\/#website"},"primaryImageOfPage":{"@id":"https:\/\/inoar.no\/product\/anti-yellow-mask\/#primaryimage"},"image":{"@id":"https:\/\/inoar.no\/product\/anti-yellow-mask\/#primaryimage"},"thumbnailUrl":"https:\/\/inoar.no\/wp-content\/uploads\/2022\/04\/Inoar_Absolut_SpeedBlond_Mascara_500g_FRONT-16128238208771.png","datePublished":"2022-04-21T17:11:46+00:00","dateModified":"2023-10-30T13:27:15+00:00","breadcrumb":{"@id":"https:\/\/inoar.no\/product\/anti-yellow-mask\/#breadcrumb"},"inLanguage":"en-US","potentialAction":[{"@type":"ReadAction","target":["https:\/\/inoar.no\/product\/anti-yellow-mask\/"]}]},{"@type":"ImageObject","inLanguage":"en-US","@id":"https:\/\/inoar.no\/product\/anti-yellow-mask\/#primaryimage","url":"https:\/\/inoar.no\/wp-content\/uploads\/2022\/04\/Inoar_Absolut_SpeedBlond_Mascara_500g_FRONT-16128238208771.png","contentUrl":"https:\/\/inoar.no\/wp-content\/uploads\/2022\/04\/Inoar_Absolut_SpeedBlond_Mascara_500g_FRONT-16128238208771.png","width":1500,"height":1500},{"@type":"BreadcrumbList","@id":"https:\/\/inoar.no\/product\/anti-yellow-mask\/#breadcrumb","itemListElement":[{"@type":"ListItem","position":1,"name":"Home","item":"https:\/\/inoar.no\/"},{"@type":"ListItem","position":2,"name":"Butikk","item":"https:\/\/inoar.no\/butikk\/"},{"@type":"ListItem","position":3,"name":"INOAR Speed Blond Mask &#8211; h\u00e5rmaske for blondt h\u00e5r 500 g"}]},{"@type":"WebSite","@id":"https:\/\/inoar.no\/#website","url":"https:\/\/inoar.no\/","name":"INOAR - H\u00e5rpleiespesialist","description":"H\u00e5rpleiespesialist","publisher":{"@id":"https:\/\/inoar.no\/#organization"},"potentialAction":[{"@type":"SearchAction","target":{"@type":"EntryPoint","urlTemplate":"https:\/\/inoar.no\/?s={search_term_string}"},"query-input":{"@type":"PropertyValueSpecification","valueRequired":true,"valueName":"search_term_string"}}],"inLanguage":"en-US"},{"@type":"Organization","@id":"https:\/\/inoar.no\/#organization","name":"INOAR - H\u00e5rpleiespesialist","url":"https:\/\/inoar.no\/","logo":{"@type":"ImageObject","inLanguage":"en-US","@id":"https:\/\/inoar.no\/#\/schema\/logo\/image\/","url":"https:\/\/inoar.no\/wp-content\/uploads\/2022\/03\/favicon.png","contentUrl":"https:\/\/inoar.no\/wp-content\/uploads\/2022\/03\/favicon.png","width":512,"height":512,"caption":"INOAR - H\u00e5rpleiespesialist"},"image":{"@id":"https:\/\/inoar.no\/#\/schema\/logo\/image\/"}}]}},"_links":{"self":[{"href":"https:\/\/inoar.no\/en\/wp-json\/wp\/v2\/product\/987958","targetHints":{"allow":["GET"]}}],"collection":[{"href":"https:\/\/inoar.no\/en\/wp-json\/wp\/v2\/product"}],"about":[{"href":"https:\/\/inoar.no\/en\/wp-json\/wp\/v2\/types\/product"}],"replies":[{"embeddable":true,"href":"https:\/\/inoar.no\/en\/wp-json\/wp\/v2\/comments?post=987958"}],"version-history":[{"count":5,"href":"https:\/\/inoar.no\/en\/wp-json\/wp\/v2\/product\/987958\/revisions"}],"predecessor-version":[{"id":989338,"href":"https:\/\/inoar.no\/en\/wp-json\/wp\/v2\/product\/987958\/revisions\/989338"}],"wp:featuredmedia":[{"embeddable":true,"href":"https:\/\/inoar.no\/en\/wp-json\/wp\/v2\/media\/988955"}],"wp:attachment":[{"href":"https:\/\/inoar.no\/en\/wp-json\/wp\/v2\/media?parent=987958"}],"wp:term":[{"taxonomy":"product_brand","embeddable":true,"href":"https:\/\/inoar.no\/en\/wp-json\/wp\/v2\/product_brand?post=987958"},{"taxonomy":"product_cat","embeddable":true,"href":"https:\/\/inoar.no\/en\/wp-json\/wp\/v2\/product_cat?post=987958"},{"taxonomy":"product_tag","embeddable":true,"href":"https:\/\/inoar.no\/en\/wp-json\/wp\/v2\/product_tag?post=987958"}],"curies":[{"name":"wp","href":"https:\/\/api.w.org\/{rel}","templated":true}]}}