{"id":987954,"date":"2022-04-21T18:58:25","date_gmt":"2022-04-21T16:58:25","guid":{"rendered":"https:\/\/inoar.no\/?post_type=product&#038;p=987954"},"modified":"2025-01-21T15:14:17","modified_gmt":"2025-01-21T14:14:17","slug":"argan-oil","status":"publish","type":"product","link":"https:\/\/inoar.no\/en\/product\/argan-oil\/","title":{"rendered":"Argan oil &#8211; 7ml"},"content":{"rendered":"","protected":false},"excerpt":{"rendered":"<p>De verdenskjente aktive ingrediensene i arganoljen skaper eksepsjonell glans, gjenoppretter h\u00e5rets naturlige skj\u00f8nnhet og beskytter h\u00e5ret mot skader. Det er en eliksir for gjenoppretting av h\u00e5r og for \u00e5 f\u00e5 h\u00e5ret til \u00e5 se sunt ut. Arganolje er et flott alternativ til saks for \u00e5 bekjempe t\u00f8rre h\u00e5rtupper. Arganolje skaper en beskyttende barriere som: * Gir n\u00e6ring og fuktighet til t\u00f8rt, por\u00f8st og slitt h\u00e5r; * Raskt og effektivt gjenoppretter skadede omr\u00e5der ved \u00e5 tilf\u00f8re vitaminer i h\u00e5rsprekkene (pga. rikelige mengder med vitamin E); * Gjenoppretter naturlig elastisitet, motstandsdyktighet og tilf\u00f8rer eksepsjonell glans; * Beskytter mot varmen og varmeskader; * Oljen tynger ikke h\u00e5ret ned, etterlater ikke en fet hinne, men absorberes \u00f8yeblikkelig; * Egnet til vanlig bruk; * Oljen er hovedsakelig egnet til gjenoppretting av h\u00e5ret, men kan ogs\u00e5 brukes som et forebyggende tiltak for normalt h\u00e5r; * Oljen kan brukes ved h\u00e5rfarging: noen dr\u00e5per, tilsatt i fargemiddelet, vil beskytte h\u00e5ret mot utt\u00f8rking. H\u00e5ret skal f\u00e5 ekstra fuktighet og et sunt utseende. Aktive ingredienser: arganolje. Indikasjoner: for alle h\u00e5rtyper. Resultat: mykt, glansfullt og beskyttet h\u00e5r. Bruk: p\u00e5f\u00f8r p\u00e5 v\u00e5te og h\u00e5ndklet\u00f8rkede h\u00e5rtupper eller utover hele h\u00e5ret. La produktet trekke inn og bruk h\u00e5rf\u00f8ner deretter.<\/p>","protected":false},"featured_media":988945,"comment_status":"closed","ping_status":"closed","template":"","meta":[],"product_brand":[],"product_cat":[106,156,152,155],"product_tag":[],"class_list":{"0":"post-987954","1":"product","2":"type-product","3":"status-publish","4":"has-post-thumbnail","6":"product_cat-argan-oil","7":"product_cat-for-normalt-har","8":"product_cat-for-skadet-har","9":"product_cat-haret-skinner","11":"first","12":"instock","13":"sale","14":"shipping-taxable","15":"purchasable","16":"product-type-simple"},"yoast_head":"<!-- This site is optimized with the Yoast SEO plugin v27.1.1 - https:\/\/yoast.com\/product\/yoast-seo-wordpress\/ -->\n<title>Argan oil - 7ml - INOAR - H\u00e5rpleiespesialist<\/title>\n<meta name=\"robots\" content=\"index, follow, max-snippet:-1, max-image-preview:large, max-video-preview:-1\" \/>\n<link rel=\"canonical\" href=\"https:\/\/inoar.no\/en\/product\/argan-oil\/\" \/>\n<meta property=\"og:locale\" content=\"en_US\" \/>\n<meta property=\"og:type\" content=\"article\" \/>\n<meta property=\"og:title\" content=\"Argan oil - 7ml - INOAR - H\u00e5rpleiespesialist\" \/>\n<meta property=\"og:description\" content=\"De verdenskjente aktive ingrediensene i arganoljen skaper eksepsjonell glans, gjenoppretter h\u00e5rets naturlige skj\u00f8nnhet og beskytter h\u00e5ret mot skader. Det er en eliksir for gjenoppretting av h\u00e5r og for \u00e5 f\u00e5 h\u00e5ret til \u00e5 se sunt ut. Arganolje er et flott alternativ til saks for \u00e5 bekjempe t\u00f8rre h\u00e5rtupper. Arganolje skaper en beskyttende barriere som: * Gir n\u00e6ring og fuktighet til t\u00f8rt, por\u00f8st og slitt h\u00e5r; * Raskt og effektivt gjenoppretter skadede omr\u00e5der ved \u00e5 tilf\u00f8re vitaminer i h\u00e5rsprekkene (pga. rikelige mengder med vitamin E); * Gjenoppretter naturlig elastisitet, motstandsdyktighet og tilf\u00f8rer eksepsjonell glans; * Beskytter mot varmen og varmeskader; * Oljen tynger ikke h\u00e5ret ned, etterlater ikke en fet hinne, men absorberes \u00f8yeblikkelig; * Egnet til vanlig bruk; * Oljen er hovedsakelig egnet til gjenoppretting av h\u00e5ret, men kan ogs\u00e5 brukes som et forebyggende tiltak for normalt h\u00e5r; * Oljen kan brukes ved h\u00e5rfarging: noen dr\u00e5per, tilsatt i fargemiddelet, vil beskytte h\u00e5ret mot utt\u00f8rking. H\u00e5ret skal f\u00e5 ekstra fuktighet og et sunt utseende. Aktive ingredienser: arganolje. Indikasjoner: for alle h\u00e5rtyper. Resultat: mykt, glansfullt og beskyttet h\u00e5r. Bruk: p\u00e5f\u00f8r p\u00e5 v\u00e5te og h\u00e5ndklet\u00f8rkede h\u00e5rtupper eller utover hele h\u00e5ret. La produktet trekke inn og bruk h\u00e5rf\u00f8ner deretter.\" \/>\n<meta property=\"og:url\" content=\"https:\/\/inoar.no\/en\/product\/argan-oil\/\" \/>\n<meta property=\"og:site_name\" content=\"INOAR - H\u00e5rpleiespesialist\" \/>\n<meta property=\"article:modified_time\" content=\"2025-01-21T14:14:17+00:00\" \/>\n<meta property=\"og:image\" content=\"https:\/\/inoar.no\/wp-content\/uploads\/2022\/04\/Argan_Oleo_7ml_1000x-1612815763668.png\" \/>\n\t<meta property=\"og:image:width\" content=\"480\" \/>\n\t<meta property=\"og:image:height\" content=\"480\" \/>\n\t<meta property=\"og:image:type\" content=\"image\/png\" \/>\n<meta name=\"twitter:card\" content=\"summary_large_image\" \/>\n<meta name=\"twitter:label1\" content=\"Est. reading time\" \/>\n\t<meta name=\"twitter:data1\" content=\"1 minute\" \/>\n<script type=\"application\/ld+json\" class=\"yoast-schema-graph\">{\"@context\":\"https:\/\/schema.org\",\"@graph\":[{\"@type\":\"WebPage\",\"@id\":\"https:\/\/inoar.no\/product\/argan-oil\/\",\"url\":\"https:\/\/inoar.no\/product\/argan-oil\/\",\"name\":\"Argan oil - 7ml - INOAR - H\u00e5rpleiespesialist\",\"isPartOf\":{\"@id\":\"https:\/\/inoar.no\/#website\"},\"primaryImageOfPage\":{\"@id\":\"https:\/\/inoar.no\/product\/argan-oil\/#primaryimage\"},\"image\":{\"@id\":\"https:\/\/inoar.no\/product\/argan-oil\/#primaryimage\"},\"thumbnailUrl\":\"https:\/\/inoar.no\/wp-content\/uploads\/2022\/04\/Argan_Oleo_7ml_1000x-1612815763668.png\",\"datePublished\":\"2022-04-21T16:58:25+00:00\",\"dateModified\":\"2025-01-21T14:14:17+00:00\",\"breadcrumb\":{\"@id\":\"https:\/\/inoar.no\/product\/argan-oil\/#breadcrumb\"},\"inLanguage\":\"en-US\",\"potentialAction\":[{\"@type\":\"ReadAction\",\"target\":[\"https:\/\/inoar.no\/product\/argan-oil\/\"]}]},{\"@type\":\"ImageObject\",\"inLanguage\":\"en-US\",\"@id\":\"https:\/\/inoar.no\/product\/argan-oil\/#primaryimage\",\"url\":\"https:\/\/inoar.no\/wp-content\/uploads\/2022\/04\/Argan_Oleo_7ml_1000x-1612815763668.png\",\"contentUrl\":\"https:\/\/inoar.no\/wp-content\/uploads\/2022\/04\/Argan_Oleo_7ml_1000x-1612815763668.png\",\"width\":480,\"height\":480},{\"@type\":\"BreadcrumbList\",\"@id\":\"https:\/\/inoar.no\/product\/argan-oil\/#breadcrumb\",\"itemListElement\":[{\"@type\":\"ListItem\",\"position\":1,\"name\":\"Home\",\"item\":\"https:\/\/inoar.no\/\"},{\"@type\":\"ListItem\",\"position\":2,\"name\":\"Butikk\",\"item\":\"https:\/\/inoar.no\/butikk\/\"},{\"@type\":\"ListItem\",\"position\":3,\"name\":\"Argan oil &#8211; 7ml\"}]},{\"@type\":\"WebSite\",\"@id\":\"https:\/\/inoar.no\/#website\",\"url\":\"https:\/\/inoar.no\/\",\"name\":\"INOAR - H\u00e5rpleiespesialist\",\"description\":\"H\u00e5rpleiespesialist\",\"publisher\":{\"@id\":\"https:\/\/inoar.no\/#organization\"},\"potentialAction\":[{\"@type\":\"SearchAction\",\"target\":{\"@type\":\"EntryPoint\",\"urlTemplate\":\"https:\/\/inoar.no\/?s={search_term_string}\"},\"query-input\":{\"@type\":\"PropertyValueSpecification\",\"valueRequired\":true,\"valueName\":\"search_term_string\"}}],\"inLanguage\":\"en-US\"},{\"@type\":\"Organization\",\"@id\":\"https:\/\/inoar.no\/#organization\",\"name\":\"INOAR - H\u00e5rpleiespesialist\",\"url\":\"https:\/\/inoar.no\/\",\"logo\":{\"@type\":\"ImageObject\",\"inLanguage\":\"en-US\",\"@id\":\"https:\/\/inoar.no\/#\/schema\/logo\/image\/\",\"url\":\"https:\/\/inoar.no\/wp-content\/uploads\/2022\/03\/favicon.png\",\"contentUrl\":\"https:\/\/inoar.no\/wp-content\/uploads\/2022\/03\/favicon.png\",\"width\":512,\"height\":512,\"caption\":\"INOAR - H\u00e5rpleiespesialist\"},\"image\":{\"@id\":\"https:\/\/inoar.no\/#\/schema\/logo\/image\/\"}}]}<\/script>\n<!-- \/ Yoast SEO plugin. -->","yoast_head_json":{"title":"Argan oil - 7ml - INOAR - H\u00e5rpleiespesialist","robots":{"index":"index","follow":"follow","max-snippet":"max-snippet:-1","max-image-preview":"max-image-preview:large","max-video-preview":"max-video-preview:-1"},"canonical":"https:\/\/inoar.no\/en\/product\/argan-oil\/","og_locale":"en_US","og_type":"article","og_title":"Argan oil - 7ml - INOAR - H\u00e5rpleiespesialist","og_description":"De verdenskjente aktive ingrediensene i arganoljen skaper eksepsjonell glans, gjenoppretter h\u00e5rets naturlige skj\u00f8nnhet og beskytter h\u00e5ret mot skader. Det er en eliksir for gjenoppretting av h\u00e5r og for \u00e5 f\u00e5 h\u00e5ret til \u00e5 se sunt ut. Arganolje er et flott alternativ til saks for \u00e5 bekjempe t\u00f8rre h\u00e5rtupper. Arganolje skaper en beskyttende barriere som: * Gir n\u00e6ring og fuktighet til t\u00f8rt, por\u00f8st og slitt h\u00e5r; * Raskt og effektivt gjenoppretter skadede omr\u00e5der ved \u00e5 tilf\u00f8re vitaminer i h\u00e5rsprekkene (pga. rikelige mengder med vitamin E); * Gjenoppretter naturlig elastisitet, motstandsdyktighet og tilf\u00f8rer eksepsjonell glans; * Beskytter mot varmen og varmeskader; * Oljen tynger ikke h\u00e5ret ned, etterlater ikke en fet hinne, men absorberes \u00f8yeblikkelig; * Egnet til vanlig bruk; * Oljen er hovedsakelig egnet til gjenoppretting av h\u00e5ret, men kan ogs\u00e5 brukes som et forebyggende tiltak for normalt h\u00e5r; * Oljen kan brukes ved h\u00e5rfarging: noen dr\u00e5per, tilsatt i fargemiddelet, vil beskytte h\u00e5ret mot utt\u00f8rking. H\u00e5ret skal f\u00e5 ekstra fuktighet og et sunt utseende. Aktive ingredienser: arganolje. Indikasjoner: for alle h\u00e5rtyper. Resultat: mykt, glansfullt og beskyttet h\u00e5r. Bruk: p\u00e5f\u00f8r p\u00e5 v\u00e5te og h\u00e5ndklet\u00f8rkede h\u00e5rtupper eller utover hele h\u00e5ret. La produktet trekke inn og bruk h\u00e5rf\u00f8ner deretter.","og_url":"https:\/\/inoar.no\/en\/product\/argan-oil\/","og_site_name":"INOAR - H\u00e5rpleiespesialist","article_modified_time":"2025-01-21T14:14:17+00:00","og_image":[{"width":480,"height":480,"url":"https:\/\/inoar.no\/wp-content\/uploads\/2022\/04\/Argan_Oleo_7ml_1000x-1612815763668.png","type":"image\/png"}],"twitter_card":"summary_large_image","twitter_misc":{"Est. reading time":"1 minute"},"schema":{"@context":"https:\/\/schema.org","@graph":[{"@type":"WebPage","@id":"https:\/\/inoar.no\/product\/argan-oil\/","url":"https:\/\/inoar.no\/product\/argan-oil\/","name":"Argan oil - 7ml - INOAR - H\u00e5rpleiespesialist","isPartOf":{"@id":"https:\/\/inoar.no\/#website"},"primaryImageOfPage":{"@id":"https:\/\/inoar.no\/product\/argan-oil\/#primaryimage"},"image":{"@id":"https:\/\/inoar.no\/product\/argan-oil\/#primaryimage"},"thumbnailUrl":"https:\/\/inoar.no\/wp-content\/uploads\/2022\/04\/Argan_Oleo_7ml_1000x-1612815763668.png","datePublished":"2022-04-21T16:58:25+00:00","dateModified":"2025-01-21T14:14:17+00:00","breadcrumb":{"@id":"https:\/\/inoar.no\/product\/argan-oil\/#breadcrumb"},"inLanguage":"en-US","potentialAction":[{"@type":"ReadAction","target":["https:\/\/inoar.no\/product\/argan-oil\/"]}]},{"@type":"ImageObject","inLanguage":"en-US","@id":"https:\/\/inoar.no\/product\/argan-oil\/#primaryimage","url":"https:\/\/inoar.no\/wp-content\/uploads\/2022\/04\/Argan_Oleo_7ml_1000x-1612815763668.png","contentUrl":"https:\/\/inoar.no\/wp-content\/uploads\/2022\/04\/Argan_Oleo_7ml_1000x-1612815763668.png","width":480,"height":480},{"@type":"BreadcrumbList","@id":"https:\/\/inoar.no\/product\/argan-oil\/#breadcrumb","itemListElement":[{"@type":"ListItem","position":1,"name":"Home","item":"https:\/\/inoar.no\/"},{"@type":"ListItem","position":2,"name":"Butikk","item":"https:\/\/inoar.no\/butikk\/"},{"@type":"ListItem","position":3,"name":"Argan oil &#8211; 7ml"}]},{"@type":"WebSite","@id":"https:\/\/inoar.no\/#website","url":"https:\/\/inoar.no\/","name":"INOAR - H\u00e5rpleiespesialist","description":"H\u00e5rpleiespesialist","publisher":{"@id":"https:\/\/inoar.no\/#organization"},"potentialAction":[{"@type":"SearchAction","target":{"@type":"EntryPoint","urlTemplate":"https:\/\/inoar.no\/?s={search_term_string}"},"query-input":{"@type":"PropertyValueSpecification","valueRequired":true,"valueName":"search_term_string"}}],"inLanguage":"en-US"},{"@type":"Organization","@id":"https:\/\/inoar.no\/#organization","name":"INOAR - H\u00e5rpleiespesialist","url":"https:\/\/inoar.no\/","logo":{"@type":"ImageObject","inLanguage":"en-US","@id":"https:\/\/inoar.no\/#\/schema\/logo\/image\/","url":"https:\/\/inoar.no\/wp-content\/uploads\/2022\/03\/favicon.png","contentUrl":"https:\/\/inoar.no\/wp-content\/uploads\/2022\/03\/favicon.png","width":512,"height":512,"caption":"INOAR - H\u00e5rpleiespesialist"},"image":{"@id":"https:\/\/inoar.no\/#\/schema\/logo\/image\/"}}]}},"_links":{"self":[{"href":"https:\/\/inoar.no\/en\/wp-json\/wp\/v2\/product\/987954","targetHints":{"allow":["GET"]}}],"collection":[{"href":"https:\/\/inoar.no\/en\/wp-json\/wp\/v2\/product"}],"about":[{"href":"https:\/\/inoar.no\/en\/wp-json\/wp\/v2\/types\/product"}],"replies":[{"embeddable":true,"href":"https:\/\/inoar.no\/en\/wp-json\/wp\/v2\/comments?post=987954"}],"version-history":[{"count":5,"href":"https:\/\/inoar.no\/en\/wp-json\/wp\/v2\/product\/987954\/revisions"}],"predecessor-version":[{"id":989339,"href":"https:\/\/inoar.no\/en\/wp-json\/wp\/v2\/product\/987954\/revisions\/989339"}],"wp:featuredmedia":[{"embeddable":true,"href":"https:\/\/inoar.no\/en\/wp-json\/wp\/v2\/media\/988945"}],"wp:attachment":[{"href":"https:\/\/inoar.no\/en\/wp-json\/wp\/v2\/media?parent=987954"}],"wp:term":[{"taxonomy":"product_brand","embeddable":true,"href":"https:\/\/inoar.no\/en\/wp-json\/wp\/v2\/product_brand?post=987954"},{"taxonomy":"product_cat","embeddable":true,"href":"https:\/\/inoar.no\/en\/wp-json\/wp\/v2\/product_cat?post=987954"},{"taxonomy":"product_tag","embeddable":true,"href":"https:\/\/inoar.no\/en\/wp-json\/wp\/v2\/product_tag?post=987954"}],"curies":[{"name":"wp","href":"https:\/\/api.w.org\/{rel}","templated":true}]}}