{"id":987951,"date":"2022-04-21T18:55:26","date_gmt":"2022-04-21T16:55:26","guid":{"rendered":"https:\/\/inoar.no\/?post_type=product&#038;p=987951"},"modified":"2025-11-24T10:21:03","modified_gmt":"2025-11-24T09:21:03","slug":"sprayvaeske-magic-liss","status":"publish","type":"product","link":"https:\/\/inoar.no\/en\/product\/sprayvaeske-magic-liss\/","title":{"rendered":"Sprayv\u00e6ske Magic Liss"},"content":{"rendered":"","protected":false},"excerpt":{"rendered":"<p>INOAR har utviklet en sprayv\u00e6ske Magic Liss for naturlig og kjemisk behandlet h\u00e5r. Den plantebaserte formelen i produktet er beriket med jasmineekstrakt, som tilf\u00f8rer intens fuktighet og glatter ut brusete h\u00e5r. Produktet har s\u00e5 mange som 15 funksjoner:<br \/>\n1. Plantebaserte og veganske ingredienser<br \/>\n2. Fremmende effekt<br \/>\n3. Fuktighetsgivende effekt<br \/>\n4. Glans-effekt<br \/>\n5. Varmbeskyttelse<br \/>\n6. Lukker h\u00e5rets skjellaget<br \/>\n7. Glatter ut brusete h\u00e5r<br \/>\n8. Beskytter fargen<br \/>\n9. Beskytter mot fuktighet i luften<br \/>\n10. Langvarig effekt<br \/>\n11. N\u00e6ring og gjenoppretting av h\u00e5ret<br \/>\n12. Mykere kr\u00f8ller<br \/>\n13. Glatthet<br \/>\n14. Fri for fargestoffer og parabener<br \/>\n15. Forhindrer splitting av h\u00e5rtuppene<br \/>\nAktive ingredienser: jasmin- og arganoljeekstrakt. Indikasjoner: for alle h\u00e5rtyper. Bruk: spray p\u00e5 v\u00e5tt eller t\u00f8rt h\u00e5r. Style h\u00e5ret som vanlig.<\/p>","protected":false},"featured_media":987952,"comment_status":"closed","ping_status":"closed","template":"","meta":[],"product_brand":[],"product_cat":[162,112,153],"product_tag":[],"class_list":{"0":"post-987951","1":"product","2":"type-product","3":"status-publish","4":"has-post-thumbnail","6":"product_cat-leave-in","7":"product_cat-magic-liss","8":"product_cat-uregjerlig-krusete-har","10":"first","11":"instock","12":"sale","13":"shipping-taxable","14":"purchasable","15":"product-type-simple"},"yoast_head":"<!-- This site is optimized with the Yoast SEO plugin v27.1.1 - https:\/\/yoast.com\/product\/yoast-seo-wordpress\/ -->\n<title>Sprayv\u00e6ske Magic Liss - INOAR - H\u00e5rpleiespesialist<\/title>\n<meta name=\"robots\" content=\"index, follow, max-snippet:-1, max-image-preview:large, max-video-preview:-1\" \/>\n<link rel=\"canonical\" href=\"https:\/\/inoar.no\/en\/product\/sprayvaeske-magic-liss\/\" \/>\n<meta property=\"og:locale\" content=\"en_US\" \/>\n<meta property=\"og:type\" content=\"article\" \/>\n<meta property=\"og:title\" content=\"Sprayv\u00e6ske Magic Liss - INOAR - H\u00e5rpleiespesialist\" \/>\n<meta property=\"og:description\" content=\"INOAR har utviklet en sprayv\u00e6ske Magic Liss for naturlig og kjemisk behandlet h\u00e5r. Den plantebaserte formelen i produktet er beriket med jasmineekstrakt, som tilf\u00f8rer intens fuktighet og glatter ut brusete h\u00e5r. Produktet har s\u00e5 mange som 15 funksjoner: 1. Plantebaserte og veganske ingredienser 2. Fremmende effekt 3. Fuktighetsgivende effekt 4. Glans-effekt 5. Varmbeskyttelse 6. Lukker h\u00e5rets skjellaget 7. Glatter ut brusete h\u00e5r 8. Beskytter fargen 9. Beskytter mot fuktighet i luften 10. Langvarig effekt 11. N\u00e6ring og gjenoppretting av h\u00e5ret 12. Mykere kr\u00f8ller 13. Glatthet 14. Fri for fargestoffer og parabener 15. Forhindrer splitting av h\u00e5rtuppene Aktive ingredienser: jasmin- og arganoljeekstrakt. Indikasjoner: for alle h\u00e5rtyper. Bruk: spray p\u00e5 v\u00e5tt eller t\u00f8rt h\u00e5r. Style h\u00e5ret som vanlig.\" \/>\n<meta property=\"og:url\" content=\"https:\/\/inoar.no\/en\/product\/sprayvaeske-magic-liss\/\" \/>\n<meta property=\"og:site_name\" content=\"INOAR - H\u00e5rpleiespesialist\" \/>\n<meta property=\"article:modified_time\" content=\"2025-11-24T09:21:03+00:00\" \/>\n<meta property=\"og:image\" content=\"https:\/\/inoar.no\/wp-content\/uploads\/2022\/04\/Sprayvaeske-Magic-Liss.jpg\" \/>\n\t<meta property=\"og:image:width\" content=\"1242\" \/>\n\t<meta property=\"og:image:height\" content=\"1172\" \/>\n\t<meta property=\"og:image:type\" content=\"image\/jpeg\" \/>\n<meta name=\"twitter:card\" content=\"summary_large_image\" \/>\n<meta name=\"twitter:label1\" content=\"Est. reading time\" \/>\n\t<meta name=\"twitter:data1\" content=\"1 minute\" \/>\n<script type=\"application\/ld+json\" class=\"yoast-schema-graph\">{\"@context\":\"https:\/\/schema.org\",\"@graph\":[{\"@type\":\"WebPage\",\"@id\":\"https:\/\/inoar.no\/product\/sprayvaeske-magic-liss\/\",\"url\":\"https:\/\/inoar.no\/product\/sprayvaeske-magic-liss\/\",\"name\":\"Sprayv\u00e6ske Magic Liss - INOAR - H\u00e5rpleiespesialist\",\"isPartOf\":{\"@id\":\"https:\/\/inoar.no\/#website\"},\"primaryImageOfPage\":{\"@id\":\"https:\/\/inoar.no\/product\/sprayvaeske-magic-liss\/#primaryimage\"},\"image\":{\"@id\":\"https:\/\/inoar.no\/product\/sprayvaeske-magic-liss\/#primaryimage\"},\"thumbnailUrl\":\"https:\/\/inoar.no\/wp-content\/uploads\/2022\/04\/Sprayvaeske-Magic-Liss.jpg\",\"datePublished\":\"2022-04-21T16:55:26+00:00\",\"dateModified\":\"2025-11-24T09:21:03+00:00\",\"breadcrumb\":{\"@id\":\"https:\/\/inoar.no\/product\/sprayvaeske-magic-liss\/#breadcrumb\"},\"inLanguage\":\"en-US\",\"potentialAction\":[{\"@type\":\"ReadAction\",\"target\":[\"https:\/\/inoar.no\/product\/sprayvaeske-magic-liss\/\"]}]},{\"@type\":\"ImageObject\",\"inLanguage\":\"en-US\",\"@id\":\"https:\/\/inoar.no\/product\/sprayvaeske-magic-liss\/#primaryimage\",\"url\":\"https:\/\/inoar.no\/wp-content\/uploads\/2022\/04\/Sprayvaeske-Magic-Liss.jpg\",\"contentUrl\":\"https:\/\/inoar.no\/wp-content\/uploads\/2022\/04\/Sprayvaeske-Magic-Liss.jpg\",\"width\":1242,\"height\":1172},{\"@type\":\"BreadcrumbList\",\"@id\":\"https:\/\/inoar.no\/product\/sprayvaeske-magic-liss\/#breadcrumb\",\"itemListElement\":[{\"@type\":\"ListItem\",\"position\":1,\"name\":\"Home\",\"item\":\"https:\/\/inoar.no\/\"},{\"@type\":\"ListItem\",\"position\":2,\"name\":\"Butikk\",\"item\":\"https:\/\/inoar.no\/butikk\/\"},{\"@type\":\"ListItem\",\"position\":3,\"name\":\"Sprayv\u00e6ske Magic Liss\"}]},{\"@type\":\"WebSite\",\"@id\":\"https:\/\/inoar.no\/#website\",\"url\":\"https:\/\/inoar.no\/\",\"name\":\"INOAR - H\u00e5rpleiespesialist\",\"description\":\"H\u00e5rpleiespesialist\",\"publisher\":{\"@id\":\"https:\/\/inoar.no\/#organization\"},\"potentialAction\":[{\"@type\":\"SearchAction\",\"target\":{\"@type\":\"EntryPoint\",\"urlTemplate\":\"https:\/\/inoar.no\/?s={search_term_string}\"},\"query-input\":{\"@type\":\"PropertyValueSpecification\",\"valueRequired\":true,\"valueName\":\"search_term_string\"}}],\"inLanguage\":\"en-US\"},{\"@type\":\"Organization\",\"@id\":\"https:\/\/inoar.no\/#organization\",\"name\":\"INOAR - H\u00e5rpleiespesialist\",\"url\":\"https:\/\/inoar.no\/\",\"logo\":{\"@type\":\"ImageObject\",\"inLanguage\":\"en-US\",\"@id\":\"https:\/\/inoar.no\/#\/schema\/logo\/image\/\",\"url\":\"https:\/\/inoar.no\/wp-content\/uploads\/2022\/03\/favicon.png\",\"contentUrl\":\"https:\/\/inoar.no\/wp-content\/uploads\/2022\/03\/favicon.png\",\"width\":512,\"height\":512,\"caption\":\"INOAR - H\u00e5rpleiespesialist\"},\"image\":{\"@id\":\"https:\/\/inoar.no\/#\/schema\/logo\/image\/\"}}]}<\/script>\n<!-- \/ Yoast SEO plugin. -->","yoast_head_json":{"title":"Sprayv\u00e6ske Magic Liss - INOAR - H\u00e5rpleiespesialist","robots":{"index":"index","follow":"follow","max-snippet":"max-snippet:-1","max-image-preview":"max-image-preview:large","max-video-preview":"max-video-preview:-1"},"canonical":"https:\/\/inoar.no\/en\/product\/sprayvaeske-magic-liss\/","og_locale":"en_US","og_type":"article","og_title":"Sprayv\u00e6ske Magic Liss - INOAR - H\u00e5rpleiespesialist","og_description":"INOAR har utviklet en sprayv\u00e6ske Magic Liss for naturlig og kjemisk behandlet h\u00e5r. Den plantebaserte formelen i produktet er beriket med jasmineekstrakt, som tilf\u00f8rer intens fuktighet og glatter ut brusete h\u00e5r. Produktet har s\u00e5 mange som 15 funksjoner: 1. Plantebaserte og veganske ingredienser 2. Fremmende effekt 3. Fuktighetsgivende effekt 4. Glans-effekt 5. Varmbeskyttelse 6. Lukker h\u00e5rets skjellaget 7. Glatter ut brusete h\u00e5r 8. Beskytter fargen 9. Beskytter mot fuktighet i luften 10. Langvarig effekt 11. N\u00e6ring og gjenoppretting av h\u00e5ret 12. Mykere kr\u00f8ller 13. Glatthet 14. Fri for fargestoffer og parabener 15. Forhindrer splitting av h\u00e5rtuppene Aktive ingredienser: jasmin- og arganoljeekstrakt. Indikasjoner: for alle h\u00e5rtyper. Bruk: spray p\u00e5 v\u00e5tt eller t\u00f8rt h\u00e5r. Style h\u00e5ret som vanlig.","og_url":"https:\/\/inoar.no\/en\/product\/sprayvaeske-magic-liss\/","og_site_name":"INOAR - H\u00e5rpleiespesialist","article_modified_time":"2025-11-24T09:21:03+00:00","og_image":[{"width":1242,"height":1172,"url":"https:\/\/inoar.no\/wp-content\/uploads\/2022\/04\/Sprayvaeske-Magic-Liss.jpg","type":"image\/jpeg"}],"twitter_card":"summary_large_image","twitter_misc":{"Est. reading time":"1 minute"},"schema":{"@context":"https:\/\/schema.org","@graph":[{"@type":"WebPage","@id":"https:\/\/inoar.no\/product\/sprayvaeske-magic-liss\/","url":"https:\/\/inoar.no\/product\/sprayvaeske-magic-liss\/","name":"Sprayv\u00e6ske Magic Liss - INOAR - H\u00e5rpleiespesialist","isPartOf":{"@id":"https:\/\/inoar.no\/#website"},"primaryImageOfPage":{"@id":"https:\/\/inoar.no\/product\/sprayvaeske-magic-liss\/#primaryimage"},"image":{"@id":"https:\/\/inoar.no\/product\/sprayvaeske-magic-liss\/#primaryimage"},"thumbnailUrl":"https:\/\/inoar.no\/wp-content\/uploads\/2022\/04\/Sprayvaeske-Magic-Liss.jpg","datePublished":"2022-04-21T16:55:26+00:00","dateModified":"2025-11-24T09:21:03+00:00","breadcrumb":{"@id":"https:\/\/inoar.no\/product\/sprayvaeske-magic-liss\/#breadcrumb"},"inLanguage":"en-US","potentialAction":[{"@type":"ReadAction","target":["https:\/\/inoar.no\/product\/sprayvaeske-magic-liss\/"]}]},{"@type":"ImageObject","inLanguage":"en-US","@id":"https:\/\/inoar.no\/product\/sprayvaeske-magic-liss\/#primaryimage","url":"https:\/\/inoar.no\/wp-content\/uploads\/2022\/04\/Sprayvaeske-Magic-Liss.jpg","contentUrl":"https:\/\/inoar.no\/wp-content\/uploads\/2022\/04\/Sprayvaeske-Magic-Liss.jpg","width":1242,"height":1172},{"@type":"BreadcrumbList","@id":"https:\/\/inoar.no\/product\/sprayvaeske-magic-liss\/#breadcrumb","itemListElement":[{"@type":"ListItem","position":1,"name":"Home","item":"https:\/\/inoar.no\/"},{"@type":"ListItem","position":2,"name":"Butikk","item":"https:\/\/inoar.no\/butikk\/"},{"@type":"ListItem","position":3,"name":"Sprayv\u00e6ske Magic Liss"}]},{"@type":"WebSite","@id":"https:\/\/inoar.no\/#website","url":"https:\/\/inoar.no\/","name":"INOAR - H\u00e5rpleiespesialist","description":"H\u00e5rpleiespesialist","publisher":{"@id":"https:\/\/inoar.no\/#organization"},"potentialAction":[{"@type":"SearchAction","target":{"@type":"EntryPoint","urlTemplate":"https:\/\/inoar.no\/?s={search_term_string}"},"query-input":{"@type":"PropertyValueSpecification","valueRequired":true,"valueName":"search_term_string"}}],"inLanguage":"en-US"},{"@type":"Organization","@id":"https:\/\/inoar.no\/#organization","name":"INOAR - H\u00e5rpleiespesialist","url":"https:\/\/inoar.no\/","logo":{"@type":"ImageObject","inLanguage":"en-US","@id":"https:\/\/inoar.no\/#\/schema\/logo\/image\/","url":"https:\/\/inoar.no\/wp-content\/uploads\/2022\/03\/favicon.png","contentUrl":"https:\/\/inoar.no\/wp-content\/uploads\/2022\/03\/favicon.png","width":512,"height":512,"caption":"INOAR - H\u00e5rpleiespesialist"},"image":{"@id":"https:\/\/inoar.no\/#\/schema\/logo\/image\/"}}]}},"_links":{"self":[{"href":"https:\/\/inoar.no\/en\/wp-json\/wp\/v2\/product\/987951","targetHints":{"allow":["GET"]}}],"collection":[{"href":"https:\/\/inoar.no\/en\/wp-json\/wp\/v2\/product"}],"about":[{"href":"https:\/\/inoar.no\/en\/wp-json\/wp\/v2\/types\/product"}],"replies":[{"embeddable":true,"href":"https:\/\/inoar.no\/en\/wp-json\/wp\/v2\/comments?post=987951"}],"version-history":[{"count":2,"href":"https:\/\/inoar.no\/en\/wp-json\/wp\/v2\/product\/987951\/revisions"}],"predecessor-version":[{"id":989336,"href":"https:\/\/inoar.no\/en\/wp-json\/wp\/v2\/product\/987951\/revisions\/989336"}],"wp:featuredmedia":[{"embeddable":true,"href":"https:\/\/inoar.no\/en\/wp-json\/wp\/v2\/media\/987952"}],"wp:attachment":[{"href":"https:\/\/inoar.no\/en\/wp-json\/wp\/v2\/media?parent=987951"}],"wp:term":[{"taxonomy":"product_brand","embeddable":true,"href":"https:\/\/inoar.no\/en\/wp-json\/wp\/v2\/product_brand?post=987951"},{"taxonomy":"product_cat","embeddable":true,"href":"https:\/\/inoar.no\/en\/wp-json\/wp\/v2\/product_cat?post=987951"},{"taxonomy":"product_tag","embeddable":true,"href":"https:\/\/inoar.no\/en\/wp-json\/wp\/v2\/product_tag?post=987951"}],"curies":[{"name":"wp","href":"https:\/\/api.w.org\/{rel}","templated":true}]}}