{"id":3,"date":"2021-06-01T14:09:14","date_gmt":"2021-06-01T14:09:14","guid":{"rendered":"https:\/\/jolie.vamtam.com\/?page_id=3"},"modified":"2022-10-29T13:23:04","modified_gmt":"2022-10-29T11:23:04","slug":"personvern","status":"publish","type":"page","link":"https:\/\/inoar.no\/en\/personvern\/","title":{"rendered":"Personvern"},"content":{"rendered":"\t\t<div data-elementor-type=\"wp-page\" data-elementor-id=\"3\" class=\"elementor elementor-3\">\n\t\t\t\t\t\t<section class=\"elementor-section elementor-top-section elementor-element elementor-element-4bf2cba elementor-section-boxed elementor-section-height-default elementor-section-height-default\" data-id=\"4bf2cba\" data-element_type=\"section\" data-e-type=\"section\">\n\t\t\t\t\t\t<div class=\"elementor-container elementor-column-gap-no\">\n\t\t\t\t\t<div class=\"elementor-column elementor-col-100 elementor-top-column elementor-element elementor-element-5dd1a03\" data-id=\"5dd1a03\" data-element_type=\"column\" data-e-type=\"column\" data-settings=\"{&quot;motion_fx_motion_fx_scrolling&quot;:&quot;yes&quot;,&quot;motion_fx_translateY_effect&quot;:&quot;yes&quot;,&quot;motion_fx_translateY_speed&quot;:{&quot;unit&quot;:&quot;px&quot;,&quot;size&quot;:2,&quot;sizes&quot;:[]},&quot;motion_fx_devices&quot;:[&quot;desktop&quot;],&quot;motion_fx_translateY_affectedRange&quot;:{&quot;unit&quot;:&quot;%&quot;,&quot;size&quot;:&quot;&quot;,&quot;sizes&quot;:{&quot;start&quot;:0,&quot;end&quot;:100}}}\">\n\t\t\t<div class=\"elementor-widget-wrap elementor-element-populated\">\n\t\t\t\t\t\t<div class=\"elementor-element elementor-element-1b08461 elementor-invisible elementor-widget elementor-widget-text-editor\" data-id=\"1b08461\" data-element_type=\"widget\" data-e-type=\"widget\" data-settings=\"{&quot;_animation&quot;:&quot;fadeInDown&quot;,&quot;_animation_tablet&quot;:&quot;none&quot;,&quot;_animation_delay&quot;:300}\" data-widget_type=\"text-editor.default\">\n\t\t\t\t<div class=\"elementor-widget-container\">\n\t\t\t\t\t\t\t\t\t<h1>PERSONVERN<span style=\"color: #ff6a00;\">~<\/span><\/h1>\t\t\t\t\t\t\t\t<\/div>\n\t\t\t\t<\/div>\n\t\t\t\t\t<\/div>\n\t\t<\/div>\n\t\t\t\t\t<\/div>\n\t\t<\/section>\n\t\t\t\t<section class=\"elementor-section elementor-top-section elementor-element elementor-element-27590fcf elementor-section-boxed elementor-section-height-default elementor-section-height-default\" data-id=\"27590fcf\" data-element_type=\"section\" data-e-type=\"section\">\n\t\t\t\t\t\t<div class=\"elementor-container elementor-column-gap-no\">\n\t\t\t\t\t<div class=\"elementor-column elementor-col-100 elementor-top-column elementor-element elementor-element-9287207\" data-id=\"9287207\" data-element_type=\"column\" data-e-type=\"column\">\n\t\t\t<div class=\"elementor-widget-wrap elementor-element-populated\">\n\t\t\t\t\t\t<div class=\"elementor-element elementor-element-768a6ca6 elementor-widget elementor-widget-text-editor\" data-id=\"768a6ca6\" data-element_type=\"widget\" data-e-type=\"widget\" data-widget_type=\"text-editor.default\">\n\t\t\t\t<div class=\"elementor-widget-container\">\n\t\t\t\t\t\t\t\t\t<p><strong>Vedtagelse av vilk\u00e5r<\/strong><br \/><br \/><br \/>Ved \u00e5 bes\u00f8ke og bruke dette nettstedet godtar du vilk\u00e5rene som er gitt nedenfor.<br \/><br \/><br \/>Inoar.no har elle rettigheter til dette nettstedet og innholdet. Innholdet kan ikke endres, reproduseres, offentliggj\u00f8res, distribueres eller for \u00f8vrig anvendes for offentlige eller kommersielle forhold uten tillatelse.<br \/><br \/><br \/><\/p><p><strong>Personvernpolicy<\/strong><br \/><br \/><br \/>Inoar.no er opptatt av \u00e5 h\u00e5ndtere dine personopplysninger p\u00e5 en trygg og sikker m\u00e5te. Nedenfor finner du informasjon om personopplysninger som samles inn og hvordan behandles, samt dine rettigheter knyttet til behandlingen av personopplysningene.<br \/><br \/><br \/><strong>Personopplysninger som samles inn og behandles<\/strong><br \/><br \/><br \/>Dersom du velger \u00e5 handle hos oss vil vi samle inn og lagre informasjonen du gir oss for \u00e5 gjennomf\u00f8re et kj\u00f8p p\u00e5 inoar.no (Navn, adresse, mobilnummer og e-post).<br \/><br \/><br \/>Dette er n\u00f8dvendig for \u00e5 sende din bestilling til riktig adresse, holde deg oppdatert samt kontakte deg i henhold til din bestilling. Vi er p\u00e5lagt \u00e5 oppbevare ordreinformasjon i forbindelse med regnskapsf\u00f8ring, garanti-\/returh\u00e5ndtering. Denne historikken slettes etter 5 \u00e5r. Vi oppbevarer ogs\u00e5 IP-adressen som var benyttet ved bestilling.<br \/><br \/><br \/><strong>Dine rettigheter<\/strong><br \/><br \/><br \/>Du kan v\u00e6re trygg p\u00e5 at dufty.no lagrer dine personopplysninger p\u00e5 en sikker m\u00e5te.<br \/><br \/><br \/>Hvis du \u00f8nsker at personopplysninger om deg skal rettes eller slettes fra v\u00e5re arkiver kan du ta kontakt for \u00e5 be om retting eller sletting. Har du registrert deg som kunde i nettbutikken og \u00f8nsker \u00e5 vite hvilke personopplysninger vi har lagret om deg, kan du logge deg inn p\u00e5 \u201cMin side\u201d. Noen endringer kan du foreta der og hvis det gjelder andre forhold kan du ta kontakt. Vi lagrer ikke flere opplysninger om deg enn det som er n\u00f8dvendig for ditt kundeforhold og v\u00e5r etterlevelse av regnskapslovgivningen, og benytter ikke opplysningene til andre forhold enn \u00e5 ivareta v\u00e5re forpliktelser overfor deg som kunde.<br \/><br \/><br \/>N\u00e5r vi ber deg om \u00e5 registrere personopplysninger vil de ikke bli brukt til annet enn det du samtykker til n\u00e5r du registrerer opplysningene. F\u00f8r du samtykker skal du v\u00e6re informert om hva opplysningene skal brukes til (forhold knyttet til nettbutikk, nyhetsbrev m.m.).<br \/><br \/><br \/>I den grad vi vil dele personopplysninger med andre vil dette skje innenfor lovens krav, og bare med de som utf\u00f8rer tjenester for oss som databehandlere, for eksempel i forbindelse med elektronisk betalingsformidling. Slik tilgang gis bare der det er n\u00f8dvendig, og ikke for noe annet form\u00e5l enn \u00e5 gi deg den behandling som er avtalt.<br \/><br \/><br \/>Vi kan i tillegg utlevere personopplysninger dersom vi er p\u00e5lagt slik utlevering med hjemmel i lov eller rettslig kjennelse.<br \/><br \/><br \/>Vi har for \u00f8vrig rett til \u00e5 overf\u00f8re v\u00e5r kundedatabase, herunder personopplysninger, til en tredjepart som helt eller delvis overtar v\u00e5r virksomhet i et oppkj\u00f8p eller en delvis overdragelse.<br \/><br \/><br \/><strong>Klage<\/strong><br \/><br \/><br \/>Du har rett til \u00e5 klage dersom du opplever at dine personopplysninger ikke blir behandlet i henhold til denne erkl\u00e6ringen.<br \/><br \/><br \/>Ta selvsagt gjerne kontakt med oss dersom du har sp\u00f8rsm\u00e5l eller bekymringer til hvordan vi behandler dine personopplysninger. Dersom du mener at v\u00e5r behandling av personopplysninger bryter med disse reglene eller personvernlovgivningen, s\u00e5 kan du ogs\u00e5 klage til Datatilsynet.<br \/><br \/><br \/><strong>Cookies<\/strong><br \/><br \/><br \/>Cookies er sm\u00e5 tekstfiler som kan brukes av nettsteder for \u00e5 gj\u00f8re en brukers opplevelse mer effektiv. Loven sier at vi kan lagre informasjonskapsler p\u00e5 enheten hvis de er strengt n\u00f8dvendig for driften av dette omr\u00e5det. For alle andre typer informasjonskapsler trenger vi din tillatelse. Dette nettstedet bruker forskjellige typer cookies. Du kan endre eller oppheve ditt samtykke via Informasjonskapselerk\u00e6ring p\u00e5 nettstedet v\u00e5rt.<br \/><br \/><br \/>Om du \u00f8nsker \u00e5 unng\u00e5 bruk av informasjonskapsler kan du stille inn din nettleser til \u00e5 ikke akseptere disse. Se nettleserens hjelpesider for innstillinger. V\u00e6r oppmerksom p\u00e5 at dersom du velger \u00e5 utelukke informasjonskapsler, vil flere av funksjonene p\u00e5 farmasiet.no ikke fungere.<br \/><br \/><br \/><strong>Kontakinformasjon<\/strong><br \/><br \/><br \/>Vedr\u00f8rende sp\u00f8rsm\u00e5l om innhold og bruk, sp\u00f8rsm\u00e5l tilknytning til innhold og bruk av nettbutikken samt personvern, retting og sletting av personopplysninger kontakt oss p\u00e5 post@inoar.no.<\/p>\t\t\t\t\t\t\t\t<\/div>\n\t\t\t\t<\/div>\n\t\t\t\t\t<\/div>\n\t\t<\/div>\n\t\t\t\t\t<\/div>\n\t\t<\/section>\n\t\t\t\t<\/div>\n\t\t","protected":false},"excerpt":{"rendered":"<p>PERSONVERN~ Vedtagelse av vilk\u00e5r Ved \u00e5 bes\u00f8ke og bruke dette nettstedet godtar du vilk\u00e5rene som er gitt nedenfor. Inoar.no har elle rettigheter til dette nettstedet og innholdet. Innholdet kan ikke endres, reproduseres, offentliggj\u00f8res, distribueres eller for \u00f8vrig anvendes for offentlige eller kommersielle forhold uten tillatelse. Personvernpolicy Inoar.no er opptatt av \u00e5 h\u00e5ndtere dine personopplysninger p\u00e5&#8230;<\/p>","protected":false},"author":2,"featured_media":987654,"parent":0,"menu_order":0,"comment_status":"closed","ping_status":"open","template":"","meta":{"footnotes":""},"class_list":["post-3","page","type-page","status-publish","has-post-thumbnail","hentry"],"yoast_head":"<!-- This site is optimized with the Yoast SEO plugin v27.1.1 - https:\/\/yoast.com\/product\/yoast-seo-wordpress\/ -->\n<title>Personvern - INOAR - H\u00e5rpleiespesialist<\/title>\n<meta name=\"robots\" content=\"index, follow, max-snippet:-1, max-image-preview:large, max-video-preview:-1\" \/>\n<link rel=\"canonical\" href=\"https:\/\/inoar.no\/en\/personvern\/\" \/>\n<meta property=\"og:locale\" content=\"en_US\" \/>\n<meta property=\"og:type\" content=\"article\" \/>\n<meta property=\"og:title\" content=\"Personvern - INOAR - H\u00e5rpleiespesialist\" \/>\n<meta property=\"og:description\" content=\"PERSONVERN~ Vedtagelse av vilk\u00e5r Ved \u00e5 bes\u00f8ke og bruke dette nettstedet godtar du vilk\u00e5rene som er gitt nedenfor. Inoar.no har elle rettigheter til dette nettstedet og innholdet. Innholdet kan ikke endres, reproduseres, offentliggj\u00f8res, distribueres eller for \u00f8vrig anvendes for offentlige eller kommersielle forhold uten tillatelse. Personvernpolicy Inoar.no er opptatt av \u00e5 h\u00e5ndtere dine personopplysninger p\u00e5...\" \/>\n<meta property=\"og:url\" content=\"https:\/\/inoar.no\/en\/personvern\/\" \/>\n<meta property=\"og:site_name\" content=\"INOAR - H\u00e5rpleiespesialist\" \/>\n<meta property=\"article:modified_time\" content=\"2022-10-29T11:23:04+00:00\" \/>\n<meta property=\"og:image\" content=\"https:\/\/inoar.no\/wp-content\/uploads\/2013\/04\/large.jpg\" \/>\n\t<meta property=\"og:image:width\" content=\"968\" \/>\n\t<meta property=\"og:image:height\" content=\"1314\" \/>\n\t<meta property=\"og:image:type\" content=\"image\/jpeg\" \/>\n<meta name=\"twitter:card\" content=\"summary_large_image\" \/>\n<meta name=\"twitter:label1\" content=\"Est. reading time\" \/>\n\t<meta name=\"twitter:data1\" content=\"3 minutes\" \/>\n<script type=\"application\/ld+json\" class=\"yoast-schema-graph\">{\"@context\":\"https:\/\/schema.org\",\"@graph\":[{\"@type\":\"WebPage\",\"@id\":\"https:\/\/inoar.no\/personvern\/\",\"url\":\"https:\/\/inoar.no\/personvern\/\",\"name\":\"Personvern - INOAR - H\u00e5rpleiespesialist\",\"isPartOf\":{\"@id\":\"https:\/\/inoar.no\/#website\"},\"primaryImageOfPage\":{\"@id\":\"https:\/\/inoar.no\/personvern\/#primaryimage\"},\"image\":{\"@id\":\"https:\/\/inoar.no\/personvern\/#primaryimage\"},\"thumbnailUrl\":\"https:\/\/inoar.no\/wp-content\/uploads\/2013\/04\/large.jpg\",\"datePublished\":\"2021-06-01T14:09:14+00:00\",\"dateModified\":\"2022-10-29T11:23:04+00:00\",\"breadcrumb\":{\"@id\":\"https:\/\/inoar.no\/personvern\/#breadcrumb\"},\"inLanguage\":\"en-US\",\"potentialAction\":[{\"@type\":\"ReadAction\",\"target\":[\"https:\/\/inoar.no\/personvern\/\"]}]},{\"@type\":\"ImageObject\",\"inLanguage\":\"en-US\",\"@id\":\"https:\/\/inoar.no\/personvern\/#primaryimage\",\"url\":\"https:\/\/inoar.no\/wp-content\/uploads\/2013\/04\/large.jpg\",\"contentUrl\":\"https:\/\/inoar.no\/wp-content\/uploads\/2013\/04\/large.jpg\",\"width\":968,\"height\":1314},{\"@type\":\"BreadcrumbList\",\"@id\":\"https:\/\/inoar.no\/personvern\/#breadcrumb\",\"itemListElement\":[{\"@type\":\"ListItem\",\"position\":1,\"name\":\"Home\",\"item\":\"https:\/\/inoar.no\/\"},{\"@type\":\"ListItem\",\"position\":2,\"name\":\"Personvern\"}]},{\"@type\":\"WebSite\",\"@id\":\"https:\/\/inoar.no\/#website\",\"url\":\"https:\/\/inoar.no\/\",\"name\":\"INOAR - H\u00e5rpleiespesialist\",\"description\":\"H\u00e5rpleiespesialist\",\"publisher\":{\"@id\":\"https:\/\/inoar.no\/#organization\"},\"potentialAction\":[{\"@type\":\"SearchAction\",\"target\":{\"@type\":\"EntryPoint\",\"urlTemplate\":\"https:\/\/inoar.no\/?s={search_term_string}\"},\"query-input\":{\"@type\":\"PropertyValueSpecification\",\"valueRequired\":true,\"valueName\":\"search_term_string\"}}],\"inLanguage\":\"en-US\"},{\"@type\":\"Organization\",\"@id\":\"https:\/\/inoar.no\/#organization\",\"name\":\"INOAR - H\u00e5rpleiespesialist\",\"url\":\"https:\/\/inoar.no\/\",\"logo\":{\"@type\":\"ImageObject\",\"inLanguage\":\"en-US\",\"@id\":\"https:\/\/inoar.no\/#\/schema\/logo\/image\/\",\"url\":\"https:\/\/inoar.no\/wp-content\/uploads\/2022\/03\/favicon.png\",\"contentUrl\":\"https:\/\/inoar.no\/wp-content\/uploads\/2022\/03\/favicon.png\",\"width\":512,\"height\":512,\"caption\":\"INOAR - H\u00e5rpleiespesialist\"},\"image\":{\"@id\":\"https:\/\/inoar.no\/#\/schema\/logo\/image\/\"}}]}<\/script>\n<!-- \/ Yoast SEO plugin. -->","yoast_head_json":{"title":"Personvern - INOAR - H\u00e5rpleiespesialist","robots":{"index":"index","follow":"follow","max-snippet":"max-snippet:-1","max-image-preview":"max-image-preview:large","max-video-preview":"max-video-preview:-1"},"canonical":"https:\/\/inoar.no\/en\/personvern\/","og_locale":"en_US","og_type":"article","og_title":"Personvern - INOAR - H\u00e5rpleiespesialist","og_description":"PERSONVERN~ Vedtagelse av vilk\u00e5r Ved \u00e5 bes\u00f8ke og bruke dette nettstedet godtar du vilk\u00e5rene som er gitt nedenfor. Inoar.no har elle rettigheter til dette nettstedet og innholdet. Innholdet kan ikke endres, reproduseres, offentliggj\u00f8res, distribueres eller for \u00f8vrig anvendes for offentlige eller kommersielle forhold uten tillatelse. Personvernpolicy Inoar.no er opptatt av \u00e5 h\u00e5ndtere dine personopplysninger p\u00e5...","og_url":"https:\/\/inoar.no\/en\/personvern\/","og_site_name":"INOAR - H\u00e5rpleiespesialist","article_modified_time":"2022-10-29T11:23:04+00:00","og_image":[{"width":968,"height":1314,"url":"https:\/\/inoar.no\/wp-content\/uploads\/2013\/04\/large.jpg","type":"image\/jpeg"}],"twitter_card":"summary_large_image","twitter_misc":{"Est. reading time":"3 minutes"},"schema":{"@context":"https:\/\/schema.org","@graph":[{"@type":"WebPage","@id":"https:\/\/inoar.no\/personvern\/","url":"https:\/\/inoar.no\/personvern\/","name":"Personvern - INOAR - H\u00e5rpleiespesialist","isPartOf":{"@id":"https:\/\/inoar.no\/#website"},"primaryImageOfPage":{"@id":"https:\/\/inoar.no\/personvern\/#primaryimage"},"image":{"@id":"https:\/\/inoar.no\/personvern\/#primaryimage"},"thumbnailUrl":"https:\/\/inoar.no\/wp-content\/uploads\/2013\/04\/large.jpg","datePublished":"2021-06-01T14:09:14+00:00","dateModified":"2022-10-29T11:23:04+00:00","breadcrumb":{"@id":"https:\/\/inoar.no\/personvern\/#breadcrumb"},"inLanguage":"en-US","potentialAction":[{"@type":"ReadAction","target":["https:\/\/inoar.no\/personvern\/"]}]},{"@type":"ImageObject","inLanguage":"en-US","@id":"https:\/\/inoar.no\/personvern\/#primaryimage","url":"https:\/\/inoar.no\/wp-content\/uploads\/2013\/04\/large.jpg","contentUrl":"https:\/\/inoar.no\/wp-content\/uploads\/2013\/04\/large.jpg","width":968,"height":1314},{"@type":"BreadcrumbList","@id":"https:\/\/inoar.no\/personvern\/#breadcrumb","itemListElement":[{"@type":"ListItem","position":1,"name":"Home","item":"https:\/\/inoar.no\/"},{"@type":"ListItem","position":2,"name":"Personvern"}]},{"@type":"WebSite","@id":"https:\/\/inoar.no\/#website","url":"https:\/\/inoar.no\/","name":"INOAR - H\u00e5rpleiespesialist","description":"H\u00e5rpleiespesialist","publisher":{"@id":"https:\/\/inoar.no\/#organization"},"potentialAction":[{"@type":"SearchAction","target":{"@type":"EntryPoint","urlTemplate":"https:\/\/inoar.no\/?s={search_term_string}"},"query-input":{"@type":"PropertyValueSpecification","valueRequired":true,"valueName":"search_term_string"}}],"inLanguage":"en-US"},{"@type":"Organization","@id":"https:\/\/inoar.no\/#organization","name":"INOAR - H\u00e5rpleiespesialist","url":"https:\/\/inoar.no\/","logo":{"@type":"ImageObject","inLanguage":"en-US","@id":"https:\/\/inoar.no\/#\/schema\/logo\/image\/","url":"https:\/\/inoar.no\/wp-content\/uploads\/2022\/03\/favicon.png","contentUrl":"https:\/\/inoar.no\/wp-content\/uploads\/2022\/03\/favicon.png","width":512,"height":512,"caption":"INOAR - H\u00e5rpleiespesialist"},"image":{"@id":"https:\/\/inoar.no\/#\/schema\/logo\/image\/"}}]}},"_links":{"self":[{"href":"https:\/\/inoar.no\/en\/wp-json\/wp\/v2\/pages\/3","targetHints":{"allow":["GET"]}}],"collection":[{"href":"https:\/\/inoar.no\/en\/wp-json\/wp\/v2\/pages"}],"about":[{"href":"https:\/\/inoar.no\/en\/wp-json\/wp\/v2\/types\/page"}],"author":[{"embeddable":true,"href":"https:\/\/inoar.no\/en\/wp-json\/wp\/v2\/users\/2"}],"replies":[{"embeddable":true,"href":"https:\/\/inoar.no\/en\/wp-json\/wp\/v2\/comments?post=3"}],"version-history":[{"count":0,"href":"https:\/\/inoar.no\/en\/wp-json\/wp\/v2\/pages\/3\/revisions"}],"wp:featuredmedia":[{"embeddable":true,"href":"https:\/\/inoar.no\/en\/wp-json\/wp\/v2\/media\/987654"}],"wp:attachment":[{"href":"https:\/\/inoar.no\/en\/wp-json\/wp\/v2\/media?parent=3"}],"curies":[{"name":"wp","href":"https:\/\/api.w.org\/{rel}","templated":true}]}}